{"id":4318,"date":"2025-10-31T16:06:41","date_gmt":"2025-10-31T15:06:41","guid":{"rendered":"https:\/\/moto-pawmar.pl\/?product=trackday-short-black"},"modified":"2025-11-22T11:00:21","modified_gmt":"2025-11-22T10:00:21","slug":"trackday-short-black","status":"publish","type":"product","link":"https:\/\/moto-pawmar.pl\/?product=trackday-short-black","title":{"rendered":"TRACKDAY SHORT BLACK"},"content":{"rendered":"<p>Materia\u0142: d\u0142on\u0301 wykonana ze specjalnie wyprawionej mocnej i mie\u0328kkiej sko\u0301ry koziej, go\u0301rna cze\u0328s\u0301c\u0301 re\u0328kawicy z niebarwia\u0328cej sko\u0301ry bydle\u0328cej<br \/>\nDo uszycia re\u0328kawicy wykorzystano prze\u0328dze\u0328 DuPontTM Kevlar\u00ae<br \/>\nWzmocnienia d\u0142oni ze sko\u0301ry Digital\u00ae zapobiegaja\u0328cej przetarciu i pos\u0301lizgowi<br \/>\nWst\u0119pnie wyprofilowana d\u0142o\u0144 r\u0119kawicy<br \/>\nNajnowoczes\u0301niejsza technologia D3O\u00ae dla maksymalnej ochrony d\u0142oni<br \/>\nPodwo\u0301jna warstwa sko\u0301ry w miejscach szczego\u0301lnie naraz\u0307onych na przetarcie<br \/>\nSlider na d\u0142oni<br \/>\nTwarde ochraniacze palco\u0301w z w\u0142o\u0301kien we\u0328glowych CarbonFiber<br \/>\nTwardy ochraniacz kostek z w\u0142o\u0301kien we\u0328glowych CarbonFiber<br \/>\nZewne\u0328trzne szwy poprawiaja\u0328ce dopasowanie, zwie\u0328kszaja\u0328ce czucie i pewnos\u0301c\u0301 chwytu<br \/>\nPanel D3O\u00ae chronia\u0328cy szczego\u0301lnie naraz\u0307ona\u0328 boczna\u0328 cze\u0328s\u0301c\u0301 nadgarstka<br \/>\nMa\u0142y palec do\u0142a\u0328czony mostkiem S-Bridge<br \/>\nPanele elastyczne zwie\u0328kszaja\u0328ce komfort uz\u0307ytkowania<br \/>\nPanel do ekran\u00f3w dotykowych na palcu wskazuj\u0105cym<br \/>\nZapie\u0328cie Velcro mankietu<\/p>\n","protected":false},"excerpt":{"rendered":"<p>Materia\u0142: d\u0142on\u0301 wykonana ze specjalnie wyprawionej mocnej i mie\u0328kkiej sko\u0301ry koziej, go\u0301rna cze\u0328s\u0301c\u0301 re\u0328kawicy z niebarwia\u0328cej sko\u0301ry bydle\u0328cej Do uszycia re\u0328kawicy wykorzystano prze\u0328dze\u0328 DuPontTM Kevlar\u00ae Wzmocnienia d\u0142oni ze sko\u0301ry Digital\u00ae zapobiegaja\u0328cej przetarciu i pos\u0301lizgowi Wst\u0119pnie wyprofilowana d\u0142o\u0144 r\u0119kawicy Najnowoczes\u0301niejsza technologia D3O\u00ae dla maksymalnej ochrony d\u0142oni Podwo\u0301jna warstwa sko\u0301ry w miejscach szczego\u0301lnie naraz\u0307onych na przetarcie Slider [&hellip;]<\/p>\n","protected":false},"featured_media":4320,"template":"","meta":[],"product_brand":[348],"product_cat":[281,320],"product_tag":[],"class_list":{"0":"post-4318","1":"product","2":"type-product","3":"status-publish","4":"has-post-thumbnail","6":"product_brand-seca","7":"product_cat-rekawice-meska","8":"product_cat-rekawice-sportowe","10":"first","11":"instock","12":"taxable","13":"shipping-taxable","14":"purchasable","15":"product-type-variable"},"yoast_head":"<!-- This site is optimized with the Yoast SEO plugin v26.9 - https:\/\/yoast.com\/product\/yoast-seo-wordpress\/ -->\n<title>TRACKDAY SHORT BLACK - MOTO-PAWMAR<\/title>\n<meta name=\"robots\" content=\"index, follow, max-snippet:-1, max-image-preview:large, max-video-preview:-1\" \/>\n<link rel=\"canonical\" href=\"https:\/\/moto-pawmar.pl\/?product=trackday-short-black\" \/>\n<meta property=\"og:locale\" content=\"pl_PL\" \/>\n<meta property=\"og:type\" content=\"article\" \/>\n<meta property=\"og:title\" content=\"TRACKDAY SHORT BLACK - MOTO-PAWMAR\" \/>\n<meta property=\"og:description\" content=\"Materia\u0142: d\u0142on\u0301 wykonana ze specjalnie wyprawionej mocnej i mie\u0328kkiej sko\u0301ry koziej, go\u0301rna cze\u0328s\u0301c\u0301 re\u0328kawicy z niebarwia\u0328cej sko\u0301ry bydle\u0328cej Do uszycia re\u0328kawicy wykorzystano prze\u0328dze\u0328 DuPontTM Kevlar\u00ae Wzmocnienia d\u0142oni ze sko\u0301ry Digital\u00ae zapobiegaja\u0328cej przetarciu i pos\u0301lizgowi Wst\u0119pnie wyprofilowana d\u0142o\u0144 r\u0119kawicy Najnowoczes\u0301niejsza technologia D3O\u00ae dla maksymalnej ochrony d\u0142oni Podwo\u0301jna warstwa sko\u0301ry w miejscach szczego\u0301lnie naraz\u0307onych na przetarcie Slider [&hellip;]\" \/>\n<meta property=\"og:url\" content=\"https:\/\/moto-pawmar.pl\/?product=trackday-short-black\" \/>\n<meta property=\"og:site_name\" content=\"MOTO-PAWMAR\" \/>\n<meta property=\"article:publisher\" content=\"https:\/\/www.facebook.com\/motopawmar\/?locale=pl_PL\" \/>\n<meta property=\"article:modified_time\" content=\"2025-11-22T10:00:21+00:00\" \/>\n<meta property=\"og:image\" content=\"https:\/\/moto-pawmar.pl\/wp-content\/uploads\/2025\/10\/trackday-short-black-2.jpg\" \/>\n\t<meta property=\"og:image:width\" content=\"1100\" \/>\n\t<meta property=\"og:image:height\" content=\"1422\" \/>\n\t<meta property=\"og:image:type\" content=\"image\/jpeg\" \/>\n<meta name=\"twitter:card\" content=\"summary_large_image\" \/>\n<meta name=\"twitter:label1\" content=\"Szacowany czas czytania\" \/>\n\t<meta name=\"twitter:data1\" content=\"1 minuta\" \/>\n<script type=\"application\/ld+json\" class=\"yoast-schema-graph\">{\"@context\":\"https:\/\/schema.org\",\"@graph\":[{\"@type\":\"WebPage\",\"@id\":\"https:\/\/moto-pawmar.pl\/?product=trackday-short-black\",\"url\":\"https:\/\/moto-pawmar.pl\/?product=trackday-short-black\",\"name\":\"TRACKDAY SHORT BLACK - MOTO-PAWMAR\",\"isPartOf\":{\"@id\":\"https:\/\/moto-pawmar.pl\/#website\"},\"primaryImageOfPage\":{\"@id\":\"https:\/\/moto-pawmar.pl\/?product=trackday-short-black#primaryimage\"},\"image\":{\"@id\":\"https:\/\/moto-pawmar.pl\/?product=trackday-short-black#primaryimage\"},\"thumbnailUrl\":\"https:\/\/moto-pawmar.pl\/wp-content\/uploads\/2025\/10\/trackday-short-black-2.jpg\",\"datePublished\":\"2025-10-31T15:06:41+00:00\",\"dateModified\":\"2025-11-22T10:00:21+00:00\",\"breadcrumb\":{\"@id\":\"https:\/\/moto-pawmar.pl\/?product=trackday-short-black#breadcrumb\"},\"inLanguage\":\"pl-PL\",\"potentialAction\":[{\"@type\":\"ReadAction\",\"target\":[\"https:\/\/moto-pawmar.pl\/?product=trackday-short-black\"]}]},{\"@type\":\"ImageObject\",\"inLanguage\":\"pl-PL\",\"@id\":\"https:\/\/moto-pawmar.pl\/?product=trackday-short-black#primaryimage\",\"url\":\"https:\/\/moto-pawmar.pl\/wp-content\/uploads\/2025\/10\/trackday-short-black-2.jpg\",\"contentUrl\":\"https:\/\/moto-pawmar.pl\/wp-content\/uploads\/2025\/10\/trackday-short-black-2.jpg\",\"width\":1100,\"height\":1422},{\"@type\":\"BreadcrumbList\",\"@id\":\"https:\/\/moto-pawmar.pl\/?product=trackday-short-black#breadcrumb\",\"itemListElement\":[{\"@type\":\"ListItem\",\"position\":1,\"name\":\"Strona g\u0142\u00f3wna\",\"item\":\"https:\/\/moto-pawmar.pl\/\"},{\"@type\":\"ListItem\",\"position\":2,\"name\":\"Sklep Internetowy\",\"item\":\"https:\/\/moto-pawmar.pl\/?page_id=367\"},{\"@type\":\"ListItem\",\"position\":3,\"name\":\"TRACKDAY SHORT BLACK\"}]},{\"@type\":\"WebSite\",\"@id\":\"https:\/\/moto-pawmar.pl\/#website\",\"url\":\"https:\/\/moto-pawmar.pl\/\",\"name\":\"MOTO-PAWMAR\",\"description\":\"MOTO\u2011PAWMAR \u2013 Tw\u00f3j sklep z cz\u0119\u015bciami i akcesoriami do motocykli, skuter\u00f3w i quad\u00f3w.\",\"publisher\":{\"@id\":\"https:\/\/moto-pawmar.pl\/#organization\"},\"potentialAction\":[{\"@type\":\"SearchAction\",\"target\":{\"@type\":\"EntryPoint\",\"urlTemplate\":\"https:\/\/moto-pawmar.pl\/?s={search_term_string}\"},\"query-input\":{\"@type\":\"PropertyValueSpecification\",\"valueRequired\":true,\"valueName\":\"search_term_string\"}}],\"inLanguage\":\"pl-PL\"},{\"@type\":\"Organization\",\"@id\":\"https:\/\/moto-pawmar.pl\/#organization\",\"name\":\"MOTO-PAWMAR\",\"url\":\"https:\/\/moto-pawmar.pl\/\",\"logo\":{\"@type\":\"ImageObject\",\"inLanguage\":\"pl-PL\",\"@id\":\"https:\/\/moto-pawmar.pl\/#\/schema\/logo\/image\/\",\"url\":\"https:\/\/moto-pawmar.pl\/wp-content\/uploads\/2025\/10\/LOGO-SKLEP.png\",\"contentUrl\":\"https:\/\/moto-pawmar.pl\/wp-content\/uploads\/2025\/10\/LOGO-SKLEP.png\",\"width\":2480,\"height\":2053,\"caption\":\"MOTO-PAWMAR\"},\"image\":{\"@id\":\"https:\/\/moto-pawmar.pl\/#\/schema\/logo\/image\/\"},\"sameAs\":[\"https:\/\/www.facebook.com\/motopawmar\/?locale=pl_PL\"]}]}<\/script>\n<!-- \/ Yoast SEO plugin. -->","yoast_head_json":{"title":"TRACKDAY SHORT BLACK - MOTO-PAWMAR","robots":{"index":"index","follow":"follow","max-snippet":"max-snippet:-1","max-image-preview":"max-image-preview:large","max-video-preview":"max-video-preview:-1"},"canonical":"https:\/\/moto-pawmar.pl\/?product=trackday-short-black","og_locale":"pl_PL","og_type":"article","og_title":"TRACKDAY SHORT BLACK - MOTO-PAWMAR","og_description":"Materia\u0142: d\u0142on\u0301 wykonana ze specjalnie wyprawionej mocnej i mie\u0328kkiej sko\u0301ry koziej, go\u0301rna cze\u0328s\u0301c\u0301 re\u0328kawicy z niebarwia\u0328cej sko\u0301ry bydle\u0328cej Do uszycia re\u0328kawicy wykorzystano prze\u0328dze\u0328 DuPontTM Kevlar\u00ae Wzmocnienia d\u0142oni ze sko\u0301ry Digital\u00ae zapobiegaja\u0328cej przetarciu i pos\u0301lizgowi Wst\u0119pnie wyprofilowana d\u0142o\u0144 r\u0119kawicy Najnowoczes\u0301niejsza technologia D3O\u00ae dla maksymalnej ochrony d\u0142oni Podwo\u0301jna warstwa sko\u0301ry w miejscach szczego\u0301lnie naraz\u0307onych na przetarcie Slider [&hellip;]","og_url":"https:\/\/moto-pawmar.pl\/?product=trackday-short-black","og_site_name":"MOTO-PAWMAR","article_publisher":"https:\/\/www.facebook.com\/motopawmar\/?locale=pl_PL","article_modified_time":"2025-11-22T10:00:21+00:00","og_image":[{"width":1100,"height":1422,"url":"https:\/\/moto-pawmar.pl\/wp-content\/uploads\/2025\/10\/trackday-short-black-2.jpg","type":"image\/jpeg"}],"twitter_card":"summary_large_image","twitter_misc":{"Szacowany czas czytania":"1 minuta"},"schema":{"@context":"https:\/\/schema.org","@graph":[{"@type":"WebPage","@id":"https:\/\/moto-pawmar.pl\/?product=trackday-short-black","url":"https:\/\/moto-pawmar.pl\/?product=trackday-short-black","name":"TRACKDAY SHORT BLACK - MOTO-PAWMAR","isPartOf":{"@id":"https:\/\/moto-pawmar.pl\/#website"},"primaryImageOfPage":{"@id":"https:\/\/moto-pawmar.pl\/?product=trackday-short-black#primaryimage"},"image":{"@id":"https:\/\/moto-pawmar.pl\/?product=trackday-short-black#primaryimage"},"thumbnailUrl":"https:\/\/moto-pawmar.pl\/wp-content\/uploads\/2025\/10\/trackday-short-black-2.jpg","datePublished":"2025-10-31T15:06:41+00:00","dateModified":"2025-11-22T10:00:21+00:00","breadcrumb":{"@id":"https:\/\/moto-pawmar.pl\/?product=trackday-short-black#breadcrumb"},"inLanguage":"pl-PL","potentialAction":[{"@type":"ReadAction","target":["https:\/\/moto-pawmar.pl\/?product=trackday-short-black"]}]},{"@type":"ImageObject","inLanguage":"pl-PL","@id":"https:\/\/moto-pawmar.pl\/?product=trackday-short-black#primaryimage","url":"https:\/\/moto-pawmar.pl\/wp-content\/uploads\/2025\/10\/trackday-short-black-2.jpg","contentUrl":"https:\/\/moto-pawmar.pl\/wp-content\/uploads\/2025\/10\/trackday-short-black-2.jpg","width":1100,"height":1422},{"@type":"BreadcrumbList","@id":"https:\/\/moto-pawmar.pl\/?product=trackday-short-black#breadcrumb","itemListElement":[{"@type":"ListItem","position":1,"name":"Strona g\u0142\u00f3wna","item":"https:\/\/moto-pawmar.pl\/"},{"@type":"ListItem","position":2,"name":"Sklep Internetowy","item":"https:\/\/moto-pawmar.pl\/?page_id=367"},{"@type":"ListItem","position":3,"name":"TRACKDAY SHORT BLACK"}]},{"@type":"WebSite","@id":"https:\/\/moto-pawmar.pl\/#website","url":"https:\/\/moto-pawmar.pl\/","name":"MOTO-PAWMAR","description":"MOTO\u2011PAWMAR \u2013 Tw\u00f3j sklep z cz\u0119\u015bciami i akcesoriami do motocykli, skuter\u00f3w i quad\u00f3w.","publisher":{"@id":"https:\/\/moto-pawmar.pl\/#organization"},"potentialAction":[{"@type":"SearchAction","target":{"@type":"EntryPoint","urlTemplate":"https:\/\/moto-pawmar.pl\/?s={search_term_string}"},"query-input":{"@type":"PropertyValueSpecification","valueRequired":true,"valueName":"search_term_string"}}],"inLanguage":"pl-PL"},{"@type":"Organization","@id":"https:\/\/moto-pawmar.pl\/#organization","name":"MOTO-PAWMAR","url":"https:\/\/moto-pawmar.pl\/","logo":{"@type":"ImageObject","inLanguage":"pl-PL","@id":"https:\/\/moto-pawmar.pl\/#\/schema\/logo\/image\/","url":"https:\/\/moto-pawmar.pl\/wp-content\/uploads\/2025\/10\/LOGO-SKLEP.png","contentUrl":"https:\/\/moto-pawmar.pl\/wp-content\/uploads\/2025\/10\/LOGO-SKLEP.png","width":2480,"height":2053,"caption":"MOTO-PAWMAR"},"image":{"@id":"https:\/\/moto-pawmar.pl\/#\/schema\/logo\/image\/"},"sameAs":["https:\/\/www.facebook.com\/motopawmar\/?locale=pl_PL"]}]}},"_links":{"self":[{"href":"https:\/\/moto-pawmar.pl\/index.php?rest_route=\/wp\/v2\/product\/4318","targetHints":{"allow":["GET"]}}],"collection":[{"href":"https:\/\/moto-pawmar.pl\/index.php?rest_route=\/wp\/v2\/product"}],"about":[{"href":"https:\/\/moto-pawmar.pl\/index.php?rest_route=\/wp\/v2\/types\/product"}],"wp:featuredmedia":[{"embeddable":true,"href":"https:\/\/moto-pawmar.pl\/index.php?rest_route=\/wp\/v2\/media\/4320"}],"wp:attachment":[{"href":"https:\/\/moto-pawmar.pl\/index.php?rest_route=%2Fwp%2Fv2%2Fmedia&parent=4318"}],"wp:term":[{"taxonomy":"product_brand","embeddable":true,"href":"https:\/\/moto-pawmar.pl\/index.php?rest_route=%2Fwp%2Fv2%2Fproduct_brand&post=4318"},{"taxonomy":"product_cat","embeddable":true,"href":"https:\/\/moto-pawmar.pl\/index.php?rest_route=%2Fwp%2Fv2%2Fproduct_cat&post=4318"},{"taxonomy":"product_tag","embeddable":true,"href":"https:\/\/moto-pawmar.pl\/index.php?rest_route=%2Fwp%2Fv2%2Fproduct_tag&post=4318"}],"curies":[{"name":"wp","href":"https:\/\/api.w.org\/{rel}","templated":true}]}}