{"id":3946,"date":"2025-10-31T16:04:53","date_gmt":"2025-10-31T15:04:53","guid":{"rendered":"https:\/\/moto-pawmar.pl\/?product=compass-htx"},"modified":"2025-11-22T09:56:16","modified_gmt":"2025-11-22T08:56:16","slug":"compass-htx","status":"publish","type":"product","link":"https:\/\/moto-pawmar.pl\/?product=compass-htx","title":{"rendered":"COMPASS HTX"},"content":{"rendered":"<p>Mi\u0119kka sk\u00f3ra kozia w po\u0142\u0105czeniu z materia\u0142em tekstylnym<br \/>\nWodoodporna i oddychaj\u0105ca membrana Hipora\u00ae<br \/>\nTwardy ochraniacz kostek<br \/>\nWzmocnienia d\u0142oni ze sk\u00f3ry Digital\u00ae<br \/>\nMateria\u0142 Superfabric\u00ae w miejscach newralgicznych<br \/>\nPanele elastyczne<br \/>\nPanel zabezpieczaj\u0105cy przed odpi\u0119ciem rzepu<br \/>\nPanele do obs\u0142ugi ekran\u00f3w dotykowych<br \/>\nFunkcjonalna wycieraczka<br \/>\nElementy odblaskowe ReflexLite\u00ae<br \/>\nCertyfikat bezpiecze\u0144stwa CE<\/p>\n","protected":false},"excerpt":{"rendered":"<p>Mi\u0119kka sk\u00f3ra kozia w po\u0142\u0105czeniu z materia\u0142em tekstylnym Wodoodporna i oddychaj\u0105ca membrana Hipora\u00ae Twardy ochraniacz kostek Wzmocnienia d\u0142oni ze sk\u00f3ry Digital\u00ae Materia\u0142 Superfabric\u00ae w miejscach newralgicznych Panele elastyczne Panel zabezpieczaj\u0105cy przed odpi\u0119ciem rzepu Panele do obs\u0142ugi ekran\u00f3w dotykowych Funkcjonalna wycieraczka Elementy odblaskowe ReflexLite\u00ae Certyfikat bezpiecze\u0144stwa CE<\/p>\n","protected":false},"featured_media":3948,"template":"","meta":[],"product_brand":[348],"product_cat":[281,293],"product_tag":[],"class_list":{"0":"post-3946","1":"product","2":"type-product","3":"status-publish","4":"has-post-thumbnail","6":"product_brand-seca","7":"product_cat-rekawice-meska","8":"product_cat-rekawice-turystyczne","10":"first","11":"instock","12":"taxable","13":"shipping-taxable","14":"purchasable","15":"product-type-variable"},"yoast_head":"<!-- This site is optimized with the Yoast SEO plugin v26.9 - https:\/\/yoast.com\/product\/yoast-seo-wordpress\/ -->\n<title>COMPASS HTX - MOTO-PAWMAR<\/title>\n<meta name=\"robots\" content=\"index, follow, max-snippet:-1, max-image-preview:large, max-video-preview:-1\" \/>\n<link rel=\"canonical\" href=\"https:\/\/moto-pawmar.pl\/?product=compass-htx\" \/>\n<meta property=\"og:locale\" content=\"pl_PL\" \/>\n<meta property=\"og:type\" content=\"article\" \/>\n<meta property=\"og:title\" content=\"COMPASS HTX - MOTO-PAWMAR\" \/>\n<meta property=\"og:description\" content=\"Mi\u0119kka sk\u00f3ra kozia w po\u0142\u0105czeniu z materia\u0142em tekstylnym Wodoodporna i oddychaj\u0105ca membrana Hipora\u00ae Twardy ochraniacz kostek Wzmocnienia d\u0142oni ze sk\u00f3ry Digital\u00ae Materia\u0142 Superfabric\u00ae w miejscach newralgicznych Panele elastyczne Panel zabezpieczaj\u0105cy przed odpi\u0119ciem rzepu Panele do obs\u0142ugi ekran\u00f3w dotykowych Funkcjonalna wycieraczka Elementy odblaskowe ReflexLite\u00ae Certyfikat bezpiecze\u0144stwa CE\" \/>\n<meta property=\"og:url\" content=\"https:\/\/moto-pawmar.pl\/?product=compass-htx\" \/>\n<meta property=\"og:site_name\" content=\"MOTO-PAWMAR\" \/>\n<meta property=\"article:publisher\" content=\"https:\/\/www.facebook.com\/motopawmar\/?locale=pl_PL\" \/>\n<meta property=\"article:modified_time\" content=\"2025-11-22T08:56:16+00:00\" \/>\n<meta property=\"og:image\" content=\"https:\/\/moto-pawmar.pl\/wp-content\/uploads\/2025\/10\/compass-htx-2.jpg\" \/>\n\t<meta property=\"og:image:width\" content=\"1100\" \/>\n\t<meta property=\"og:image:height\" content=\"1422\" \/>\n\t<meta property=\"og:image:type\" content=\"image\/jpeg\" \/>\n<meta name=\"twitter:card\" content=\"summary_large_image\" \/>\n<script type=\"application\/ld+json\" class=\"yoast-schema-graph\">{\"@context\":\"https:\/\/schema.org\",\"@graph\":[{\"@type\":\"WebPage\",\"@id\":\"https:\/\/moto-pawmar.pl\/?product=compass-htx\",\"url\":\"https:\/\/moto-pawmar.pl\/?product=compass-htx\",\"name\":\"COMPASS HTX - MOTO-PAWMAR\",\"isPartOf\":{\"@id\":\"https:\/\/moto-pawmar.pl\/#website\"},\"primaryImageOfPage\":{\"@id\":\"https:\/\/moto-pawmar.pl\/?product=compass-htx#primaryimage\"},\"image\":{\"@id\":\"https:\/\/moto-pawmar.pl\/?product=compass-htx#primaryimage\"},\"thumbnailUrl\":\"https:\/\/moto-pawmar.pl\/wp-content\/uploads\/2025\/10\/compass-htx-2.jpg\",\"datePublished\":\"2025-10-31T15:04:53+00:00\",\"dateModified\":\"2025-11-22T08:56:16+00:00\",\"breadcrumb\":{\"@id\":\"https:\/\/moto-pawmar.pl\/?product=compass-htx#breadcrumb\"},\"inLanguage\":\"pl-PL\",\"potentialAction\":[{\"@type\":\"ReadAction\",\"target\":[\"https:\/\/moto-pawmar.pl\/?product=compass-htx\"]}]},{\"@type\":\"ImageObject\",\"inLanguage\":\"pl-PL\",\"@id\":\"https:\/\/moto-pawmar.pl\/?product=compass-htx#primaryimage\",\"url\":\"https:\/\/moto-pawmar.pl\/wp-content\/uploads\/2025\/10\/compass-htx-2.jpg\",\"contentUrl\":\"https:\/\/moto-pawmar.pl\/wp-content\/uploads\/2025\/10\/compass-htx-2.jpg\",\"width\":1100,\"height\":1422},{\"@type\":\"BreadcrumbList\",\"@id\":\"https:\/\/moto-pawmar.pl\/?product=compass-htx#breadcrumb\",\"itemListElement\":[{\"@type\":\"ListItem\",\"position\":1,\"name\":\"Strona g\u0142\u00f3wna\",\"item\":\"https:\/\/moto-pawmar.pl\/\"},{\"@type\":\"ListItem\",\"position\":2,\"name\":\"Sklep Internetowy\",\"item\":\"https:\/\/moto-pawmar.pl\/?page_id=367\"},{\"@type\":\"ListItem\",\"position\":3,\"name\":\"COMPASS HTX\"}]},{\"@type\":\"WebSite\",\"@id\":\"https:\/\/moto-pawmar.pl\/#website\",\"url\":\"https:\/\/moto-pawmar.pl\/\",\"name\":\"MOTO-PAWMAR\",\"description\":\"MOTO\u2011PAWMAR \u2013 Tw\u00f3j sklep z cz\u0119\u015bciami i akcesoriami do motocykli, skuter\u00f3w i quad\u00f3w.\",\"publisher\":{\"@id\":\"https:\/\/moto-pawmar.pl\/#organization\"},\"potentialAction\":[{\"@type\":\"SearchAction\",\"target\":{\"@type\":\"EntryPoint\",\"urlTemplate\":\"https:\/\/moto-pawmar.pl\/?s={search_term_string}\"},\"query-input\":{\"@type\":\"PropertyValueSpecification\",\"valueRequired\":true,\"valueName\":\"search_term_string\"}}],\"inLanguage\":\"pl-PL\"},{\"@type\":\"Organization\",\"@id\":\"https:\/\/moto-pawmar.pl\/#organization\",\"name\":\"MOTO-PAWMAR\",\"url\":\"https:\/\/moto-pawmar.pl\/\",\"logo\":{\"@type\":\"ImageObject\",\"inLanguage\":\"pl-PL\",\"@id\":\"https:\/\/moto-pawmar.pl\/#\/schema\/logo\/image\/\",\"url\":\"https:\/\/moto-pawmar.pl\/wp-content\/uploads\/2025\/10\/LOGO-SKLEP.png\",\"contentUrl\":\"https:\/\/moto-pawmar.pl\/wp-content\/uploads\/2025\/10\/LOGO-SKLEP.png\",\"width\":2480,\"height\":2053,\"caption\":\"MOTO-PAWMAR\"},\"image\":{\"@id\":\"https:\/\/moto-pawmar.pl\/#\/schema\/logo\/image\/\"},\"sameAs\":[\"https:\/\/www.facebook.com\/motopawmar\/?locale=pl_PL\"]}]}<\/script>\n<!-- \/ Yoast SEO plugin. -->","yoast_head_json":{"title":"COMPASS HTX - MOTO-PAWMAR","robots":{"index":"index","follow":"follow","max-snippet":"max-snippet:-1","max-image-preview":"max-image-preview:large","max-video-preview":"max-video-preview:-1"},"canonical":"https:\/\/moto-pawmar.pl\/?product=compass-htx","og_locale":"pl_PL","og_type":"article","og_title":"COMPASS HTX - MOTO-PAWMAR","og_description":"Mi\u0119kka sk\u00f3ra kozia w po\u0142\u0105czeniu z materia\u0142em tekstylnym Wodoodporna i oddychaj\u0105ca membrana Hipora\u00ae Twardy ochraniacz kostek Wzmocnienia d\u0142oni ze sk\u00f3ry Digital\u00ae Materia\u0142 Superfabric\u00ae w miejscach newralgicznych Panele elastyczne Panel zabezpieczaj\u0105cy przed odpi\u0119ciem rzepu Panele do obs\u0142ugi ekran\u00f3w dotykowych Funkcjonalna wycieraczka Elementy odblaskowe ReflexLite\u00ae Certyfikat bezpiecze\u0144stwa CE","og_url":"https:\/\/moto-pawmar.pl\/?product=compass-htx","og_site_name":"MOTO-PAWMAR","article_publisher":"https:\/\/www.facebook.com\/motopawmar\/?locale=pl_PL","article_modified_time":"2025-11-22T08:56:16+00:00","og_image":[{"width":1100,"height":1422,"url":"https:\/\/moto-pawmar.pl\/wp-content\/uploads\/2025\/10\/compass-htx-2.jpg","type":"image\/jpeg"}],"twitter_card":"summary_large_image","schema":{"@context":"https:\/\/schema.org","@graph":[{"@type":"WebPage","@id":"https:\/\/moto-pawmar.pl\/?product=compass-htx","url":"https:\/\/moto-pawmar.pl\/?product=compass-htx","name":"COMPASS HTX - MOTO-PAWMAR","isPartOf":{"@id":"https:\/\/moto-pawmar.pl\/#website"},"primaryImageOfPage":{"@id":"https:\/\/moto-pawmar.pl\/?product=compass-htx#primaryimage"},"image":{"@id":"https:\/\/moto-pawmar.pl\/?product=compass-htx#primaryimage"},"thumbnailUrl":"https:\/\/moto-pawmar.pl\/wp-content\/uploads\/2025\/10\/compass-htx-2.jpg","datePublished":"2025-10-31T15:04:53+00:00","dateModified":"2025-11-22T08:56:16+00:00","breadcrumb":{"@id":"https:\/\/moto-pawmar.pl\/?product=compass-htx#breadcrumb"},"inLanguage":"pl-PL","potentialAction":[{"@type":"ReadAction","target":["https:\/\/moto-pawmar.pl\/?product=compass-htx"]}]},{"@type":"ImageObject","inLanguage":"pl-PL","@id":"https:\/\/moto-pawmar.pl\/?product=compass-htx#primaryimage","url":"https:\/\/moto-pawmar.pl\/wp-content\/uploads\/2025\/10\/compass-htx-2.jpg","contentUrl":"https:\/\/moto-pawmar.pl\/wp-content\/uploads\/2025\/10\/compass-htx-2.jpg","width":1100,"height":1422},{"@type":"BreadcrumbList","@id":"https:\/\/moto-pawmar.pl\/?product=compass-htx#breadcrumb","itemListElement":[{"@type":"ListItem","position":1,"name":"Strona g\u0142\u00f3wna","item":"https:\/\/moto-pawmar.pl\/"},{"@type":"ListItem","position":2,"name":"Sklep Internetowy","item":"https:\/\/moto-pawmar.pl\/?page_id=367"},{"@type":"ListItem","position":3,"name":"COMPASS HTX"}]},{"@type":"WebSite","@id":"https:\/\/moto-pawmar.pl\/#website","url":"https:\/\/moto-pawmar.pl\/","name":"MOTO-PAWMAR","description":"MOTO\u2011PAWMAR \u2013 Tw\u00f3j sklep z cz\u0119\u015bciami i akcesoriami do motocykli, skuter\u00f3w i quad\u00f3w.","publisher":{"@id":"https:\/\/moto-pawmar.pl\/#organization"},"potentialAction":[{"@type":"SearchAction","target":{"@type":"EntryPoint","urlTemplate":"https:\/\/moto-pawmar.pl\/?s={search_term_string}"},"query-input":{"@type":"PropertyValueSpecification","valueRequired":true,"valueName":"search_term_string"}}],"inLanguage":"pl-PL"},{"@type":"Organization","@id":"https:\/\/moto-pawmar.pl\/#organization","name":"MOTO-PAWMAR","url":"https:\/\/moto-pawmar.pl\/","logo":{"@type":"ImageObject","inLanguage":"pl-PL","@id":"https:\/\/moto-pawmar.pl\/#\/schema\/logo\/image\/","url":"https:\/\/moto-pawmar.pl\/wp-content\/uploads\/2025\/10\/LOGO-SKLEP.png","contentUrl":"https:\/\/moto-pawmar.pl\/wp-content\/uploads\/2025\/10\/LOGO-SKLEP.png","width":2480,"height":2053,"caption":"MOTO-PAWMAR"},"image":{"@id":"https:\/\/moto-pawmar.pl\/#\/schema\/logo\/image\/"},"sameAs":["https:\/\/www.facebook.com\/motopawmar\/?locale=pl_PL"]}]}},"_links":{"self":[{"href":"https:\/\/moto-pawmar.pl\/index.php?rest_route=\/wp\/v2\/product\/3946","targetHints":{"allow":["GET"]}}],"collection":[{"href":"https:\/\/moto-pawmar.pl\/index.php?rest_route=\/wp\/v2\/product"}],"about":[{"href":"https:\/\/moto-pawmar.pl\/index.php?rest_route=\/wp\/v2\/types\/product"}],"wp:featuredmedia":[{"embeddable":true,"href":"https:\/\/moto-pawmar.pl\/index.php?rest_route=\/wp\/v2\/media\/3948"}],"wp:attachment":[{"href":"https:\/\/moto-pawmar.pl\/index.php?rest_route=%2Fwp%2Fv2%2Fmedia&parent=3946"}],"wp:term":[{"taxonomy":"product_brand","embeddable":true,"href":"https:\/\/moto-pawmar.pl\/index.php?rest_route=%2Fwp%2Fv2%2Fproduct_brand&post=3946"},{"taxonomy":"product_cat","embeddable":true,"href":"https:\/\/moto-pawmar.pl\/index.php?rest_route=%2Fwp%2Fv2%2Fproduct_cat&post=3946"},{"taxonomy":"product_tag","embeddable":true,"href":"https:\/\/moto-pawmar.pl\/index.php?rest_route=%2Fwp%2Fv2%2Fproduct_tag&post=3946"}],"curies":[{"name":"wp","href":"https:\/\/api.w.org\/{rel}","templated":true}]}}