{"id":3052,"date":"2025-10-28T12:24:40","date_gmt":"2025-10-28T11:24:40","guid":{"rendered":"https:\/\/moto-pawmar.pl\/?product=kask-hjc-i71-simo-black-red"},"modified":"2025-10-28T12:46:30","modified_gmt":"2025-10-28T11:46:30","slug":"kask-hjc-i71-simo-black-red","status":"publish","type":"product","link":"https:\/\/moto-pawmar.pl\/?product=kask-hjc-i71-simo-black-red","title":{"rendered":"Kask Hjc I71 Simo Black Red"},"content":{"rendered":"<p><strong>Kask motocyklowy HJC i71<\/strong> to rozwini\u0119cie koncepcji kasku sportowo-turystycznego o elegancki design skorupy. Model ten zaprojektowany dla u\u017cytkownik\u00f3w preferuj\u0105cych <strong>d\u0142u\u017csze podr\u00f3\u017ce<\/strong>, jak i dla tych, kt\u00f3rzy <strong>chc\u0105 si\u0119 sprawdzi\u0107 na torze<\/strong>. Producent wyposa\u017cy\u0142 go w <strong>ulepszony system wentylacji<\/strong>, <strong>blend\u0119 przeciws\u0142oneczn\u0105<\/strong> i <strong>mechanizm blokowania wizjera<\/strong>. Kask i71 jest przystosowany do monta\u017cu interkomu Smart HJC drugiej generacji.<\/p>\n<p><strong>PRZEZNACZENIE <\/strong>Turystyka, sport<\/p>\n<p><strong>MATERIA\u0141<\/strong> Policarbon<\/p>\n<p><strong>RODZAJ ZAPI\u0118CIA<\/strong> Mikrometryczne<\/p>\n<p><strong>BEZPIECZE\u0143STWO<\/strong><\/p>\n<ul>\n<li><strong>kask spe\u0142nia rygorystyczn\u0105 norm\u0119 ECE R22.06<\/strong>, obejmuj\u0105c\u0105 rozszerzone testy t\u0142umienia energii uderzenia, odporno\u015bci na penetracj\u0119 skorupy i integralno\u015b\u0107 strukturaln\u0105 paska i zapi\u0119cia, co zapewnia <strong>najwy\u017cszy poziom bezpiecze\u0144stwa<\/strong><\/li>\n<li>wykonana z materia\u0142u <strong>Advanced Polycarbonate Composite w technologii CAD<\/strong> skorupa o oryginalnym designie oferuje <strong>wysoki poziom bezpiecze\u0144stwa<\/strong><\/li>\n<li>wygodne<strong> zapi\u0119cie mikrometryczne<\/strong> mo\u017cna obs\u0142ugiwa\u0107 nawet w r\u0119kawicy, a jego konstrukcja zapobiega samoczynnemu rozpinaniu si\u0119<\/li>\n<li><strong>powi\u0119kszony o 10 mm wizjer <\/strong>oferuje poszerzone pole widzenia, dzi\u0119ki czemu wzrasta Twoje bezpiecze\u0144stwo<\/li>\n<li>wizjer jest wyposa\u017cony w nowy system blokowania (Push &amp; Release System), kt\u00f3ry zwi\u0119ksza bezpiecze\u0144stwo, a jednocze\u015bnie jest \u0142atwy w u\u017cyciu w r\u0119kawicach<\/li>\n<\/ul>\n<p><strong>KOMFORT<\/strong><\/p>\n<ul>\n<li><strong>blenda przeciws\u0142oneczna<\/strong> zapewnia 99-procentow\u0105 ochron\u0119 przed promieniowaniem UV-A i B, dzi\u0119ki czemu twoje oczy s\u0105 dobrze chronione<\/li>\n<li><strong>blend\u0119 mo\u017cna ustawi\u0107 w jednej z trzech pozycji i w ten spos\u00f3b perfekcyjnie dopasowa\u0107 j\u0105 do w\u0142asnych potrzeb<\/strong><\/li>\n<li>wizjer jest przygotowany pod Pinlock, kt\u00f3ry zapobiega parowaniu wizjera, a wk\u0142adka Pinlock jest do\u0142\u0105czona w komplecie<\/li>\n<li>zaprojektowana w technologii CAD <strong>skorupa jest bardzo wytrzyma\u0142a, a jednocze\u015bnie lekka<\/strong><\/li>\n<li><strong>3 rozmiary skorupy<\/strong> umo\u017cliwiaj\u0105 dopasowanie kasku do niemal ka\u017cdego kszta\u0142tu g\u0142owy<\/li>\n<li>wyjmowane wn\u0119trze mo\u017cna pra\u0107, co pozwala zachowa\u0107 jego \u015bwie\u017co\u015b\u0107 nawet podczas intensywnego u\u017cytkowania<\/li>\n<li><strong>wymienne wk\u0142adki policzkowe<\/strong> umo\u017cliwiaj\u0105 dostosowanie wn\u0119trza kasku do kszta\u0142tu szcz\u0119ki<\/li>\n<li><strong>wn\u0119trze kasku przystosowane jest do u\u017cywania w okularach<\/strong><\/li>\n<li>kask przystosowany jest do monta\u017cu <strong>interkomu Smart HJC<\/strong> drugiej generacji<\/li>\n<\/ul>\n<p><strong>WENTYLACJA<\/strong><\/p>\n<ul>\n<li><strong>ulepszony system wentylacji ACS (Advanced Channeling Ventilation System),<\/strong> zaprojektowany z wykorzystaniem do\u015bwiadcze\u0144 z MotoGP, pozwala na nieskr\u0119powany przep\u0142yw powietrza, a tym samym redukcj\u0119 wilgoci i utrzymanie optymalnej temperatury wewn\u0105trz kasku<\/li>\n<li><strong>du\u017cy kana\u0142 wlotowy nad wizjerem oraz w regulowany w dw\u00f3ch pozycjach kana\u0142 w cz\u0119\u015bci szcz\u0119kowej zapewniaj\u0105 bardzo wydajny przep\u0142yw powietrza <\/strong>nawet podczas najwi\u0119kszych upa\u0142\u00f3w<\/li>\n<li><strong>rozszczelnienie wizjera przy u\u017cyciu specjalnego zatrzasku pozwala odparowa\u0107 jego wewn\u0119trzn\u0105 stron\u0119<\/strong> przy wykorzystaniu przep\u0142ywu powietrza<\/li>\n<\/ul>\n<p><a style=\"color: red;\" href=\"https:\/\/powerlink.powerbike.pl\/Img\/inne\/dopobrania\/TabeleRozmiarow\/HJC_size_chart_i71.png\" target=\"_blank\" rel=\"noopener\">Tabela Rozmiar\u00f3w<\/a><\/p>\n","protected":false},"excerpt":{"rendered":"<p>Kask motocyklowy HJC i71 to rozwini\u0119cie koncepcji kasku sportowo-turystycznego o elegancki design skorupy. Model ten zaprojektowany dla u\u017cytkownik\u00f3w preferuj\u0105cych d\u0142u\u017csze podr\u00f3\u017ce, jak i dla tych, kt\u00f3rzy chc\u0105 si\u0119 sprawdzi\u0107 na torze. Producent wyposa\u017cy\u0142 go w ulepszony system wentylacji, blend\u0119 przeciws\u0142oneczn\u0105 i mechanizm blokowania wizjera. Kask i71 jest przystosowany do monta\u017cu interkomu Smart HJC drugiej generacji. [&hellip;]<\/p>\n","protected":false},"featured_media":3051,"template":"","meta":[],"product_brand":[339],"product_cat":[297,272],"product_tag":[],"class_list":{"0":"post-3052","1":"product","2":"type-product","3":"status-publish","4":"has-post-thumbnail","6":"product_brand-hjc","7":"product_cat-kaski-integralne","8":"product_cat-kaski","10":"first","11":"instock","12":"taxable","13":"shipping-taxable","14":"purchasable","15":"product-type-variable"},"yoast_head":"<!-- This site is optimized with the Yoast SEO plugin v26.9 - https:\/\/yoast.com\/product\/yoast-seo-wordpress\/ -->\n<title>Kask Hjc I71 Simo Black Red - MOTO-PAWMAR<\/title>\n<meta name=\"robots\" content=\"index, follow, max-snippet:-1, max-image-preview:large, max-video-preview:-1\" \/>\n<link rel=\"canonical\" href=\"https:\/\/moto-pawmar.pl\/?product=kask-hjc-i71-simo-black-red\" \/>\n<meta property=\"og:locale\" content=\"pl_PL\" \/>\n<meta property=\"og:type\" content=\"article\" \/>\n<meta property=\"og:title\" content=\"Kask Hjc I71 Simo Black Red - MOTO-PAWMAR\" \/>\n<meta property=\"og:description\" content=\"Kask motocyklowy HJC i71 to rozwini\u0119cie koncepcji kasku sportowo-turystycznego o elegancki design skorupy. Model ten zaprojektowany dla u\u017cytkownik\u00f3w preferuj\u0105cych d\u0142u\u017csze podr\u00f3\u017ce, jak i dla tych, kt\u00f3rzy chc\u0105 si\u0119 sprawdzi\u0107 na torze. Producent wyposa\u017cy\u0142 go w ulepszony system wentylacji, blend\u0119 przeciws\u0142oneczn\u0105 i mechanizm blokowania wizjera. Kask i71 jest przystosowany do monta\u017cu interkomu Smart HJC drugiej generacji. [&hellip;]\" \/>\n<meta property=\"og:url\" content=\"https:\/\/moto-pawmar.pl\/?product=kask-hjc-i71-simo-black-red\" \/>\n<meta property=\"og:site_name\" content=\"MOTO-PAWMAR\" \/>\n<meta property=\"article:publisher\" content=\"https:\/\/www.facebook.com\/motopawmar\/?locale=pl_PL\" \/>\n<meta property=\"article:modified_time\" content=\"2025-10-28T11:46:30+00:00\" \/>\n<meta property=\"og:image\" content=\"https:\/\/moto-pawmar.pl\/wp-content\/uploads\/2025\/10\/280620_ZAL573773.jpg\" \/>\n\t<meta property=\"og:image:width\" content=\"800\" \/>\n\t<meta property=\"og:image:height\" content=\"800\" \/>\n\t<meta property=\"og:image:type\" content=\"image\/jpeg\" \/>\n<meta name=\"twitter:card\" content=\"summary_large_image\" \/>\n<meta name=\"twitter:label1\" content=\"Szacowany czas czytania\" \/>\n\t<meta name=\"twitter:data1\" content=\"2 minuty\" \/>\n<script type=\"application\/ld+json\" class=\"yoast-schema-graph\">{\"@context\":\"https:\/\/schema.org\",\"@graph\":[{\"@type\":\"WebPage\",\"@id\":\"https:\/\/moto-pawmar.pl\/?product=kask-hjc-i71-simo-black-red\",\"url\":\"https:\/\/moto-pawmar.pl\/?product=kask-hjc-i71-simo-black-red\",\"name\":\"Kask Hjc I71 Simo Black Red - MOTO-PAWMAR\",\"isPartOf\":{\"@id\":\"https:\/\/moto-pawmar.pl\/#website\"},\"primaryImageOfPage\":{\"@id\":\"https:\/\/moto-pawmar.pl\/?product=kask-hjc-i71-simo-black-red#primaryimage\"},\"image\":{\"@id\":\"https:\/\/moto-pawmar.pl\/?product=kask-hjc-i71-simo-black-red#primaryimage\"},\"thumbnailUrl\":\"https:\/\/moto-pawmar.pl\/wp-content\/uploads\/2025\/10\/280620_ZAL573773.jpg\",\"datePublished\":\"2025-10-28T11:24:40+00:00\",\"dateModified\":\"2025-10-28T11:46:30+00:00\",\"breadcrumb\":{\"@id\":\"https:\/\/moto-pawmar.pl\/?product=kask-hjc-i71-simo-black-red#breadcrumb\"},\"inLanguage\":\"pl-PL\",\"potentialAction\":[{\"@type\":\"ReadAction\",\"target\":[\"https:\/\/moto-pawmar.pl\/?product=kask-hjc-i71-simo-black-red\"]}]},{\"@type\":\"ImageObject\",\"inLanguage\":\"pl-PL\",\"@id\":\"https:\/\/moto-pawmar.pl\/?product=kask-hjc-i71-simo-black-red#primaryimage\",\"url\":\"https:\/\/moto-pawmar.pl\/wp-content\/uploads\/2025\/10\/280620_ZAL573773.jpg\",\"contentUrl\":\"https:\/\/moto-pawmar.pl\/wp-content\/uploads\/2025\/10\/280620_ZAL573773.jpg\",\"width\":800,\"height\":800},{\"@type\":\"BreadcrumbList\",\"@id\":\"https:\/\/moto-pawmar.pl\/?product=kask-hjc-i71-simo-black-red#breadcrumb\",\"itemListElement\":[{\"@type\":\"ListItem\",\"position\":1,\"name\":\"Strona g\u0142\u00f3wna\",\"item\":\"https:\/\/moto-pawmar.pl\/\"},{\"@type\":\"ListItem\",\"position\":2,\"name\":\"Sklep Internetowy\",\"item\":\"https:\/\/moto-pawmar.pl\/?page_id=367\"},{\"@type\":\"ListItem\",\"position\":3,\"name\":\"Kask Hjc I71 Simo Black Red\"}]},{\"@type\":\"WebSite\",\"@id\":\"https:\/\/moto-pawmar.pl\/#website\",\"url\":\"https:\/\/moto-pawmar.pl\/\",\"name\":\"MOTO-PAWMAR\",\"description\":\"MOTO\u2011PAWMAR \u2013 Tw\u00f3j sklep z cz\u0119\u015bciami i akcesoriami do motocykli, skuter\u00f3w i quad\u00f3w.\",\"publisher\":{\"@id\":\"https:\/\/moto-pawmar.pl\/#organization\"},\"potentialAction\":[{\"@type\":\"SearchAction\",\"target\":{\"@type\":\"EntryPoint\",\"urlTemplate\":\"https:\/\/moto-pawmar.pl\/?s={search_term_string}\"},\"query-input\":{\"@type\":\"PropertyValueSpecification\",\"valueRequired\":true,\"valueName\":\"search_term_string\"}}],\"inLanguage\":\"pl-PL\"},{\"@type\":\"Organization\",\"@id\":\"https:\/\/moto-pawmar.pl\/#organization\",\"name\":\"MOTO-PAWMAR\",\"url\":\"https:\/\/moto-pawmar.pl\/\",\"logo\":{\"@type\":\"ImageObject\",\"inLanguage\":\"pl-PL\",\"@id\":\"https:\/\/moto-pawmar.pl\/#\/schema\/logo\/image\/\",\"url\":\"https:\/\/moto-pawmar.pl\/wp-content\/uploads\/2025\/10\/LOGO-SKLEP.png\",\"contentUrl\":\"https:\/\/moto-pawmar.pl\/wp-content\/uploads\/2025\/10\/LOGO-SKLEP.png\",\"width\":2480,\"height\":2053,\"caption\":\"MOTO-PAWMAR\"},\"image\":{\"@id\":\"https:\/\/moto-pawmar.pl\/#\/schema\/logo\/image\/\"},\"sameAs\":[\"https:\/\/www.facebook.com\/motopawmar\/?locale=pl_PL\"]}]}<\/script>\n<!-- \/ Yoast SEO plugin. -->","yoast_head_json":{"title":"Kask Hjc I71 Simo Black Red - MOTO-PAWMAR","robots":{"index":"index","follow":"follow","max-snippet":"max-snippet:-1","max-image-preview":"max-image-preview:large","max-video-preview":"max-video-preview:-1"},"canonical":"https:\/\/moto-pawmar.pl\/?product=kask-hjc-i71-simo-black-red","og_locale":"pl_PL","og_type":"article","og_title":"Kask Hjc I71 Simo Black Red - MOTO-PAWMAR","og_description":"Kask motocyklowy HJC i71 to rozwini\u0119cie koncepcji kasku sportowo-turystycznego o elegancki design skorupy. Model ten zaprojektowany dla u\u017cytkownik\u00f3w preferuj\u0105cych d\u0142u\u017csze podr\u00f3\u017ce, jak i dla tych, kt\u00f3rzy chc\u0105 si\u0119 sprawdzi\u0107 na torze. Producent wyposa\u017cy\u0142 go w ulepszony system wentylacji, blend\u0119 przeciws\u0142oneczn\u0105 i mechanizm blokowania wizjera. Kask i71 jest przystosowany do monta\u017cu interkomu Smart HJC drugiej generacji. [&hellip;]","og_url":"https:\/\/moto-pawmar.pl\/?product=kask-hjc-i71-simo-black-red","og_site_name":"MOTO-PAWMAR","article_publisher":"https:\/\/www.facebook.com\/motopawmar\/?locale=pl_PL","article_modified_time":"2025-10-28T11:46:30+00:00","og_image":[{"width":800,"height":800,"url":"https:\/\/moto-pawmar.pl\/wp-content\/uploads\/2025\/10\/280620_ZAL573773.jpg","type":"image\/jpeg"}],"twitter_card":"summary_large_image","twitter_misc":{"Szacowany czas czytania":"2 minuty"},"schema":{"@context":"https:\/\/schema.org","@graph":[{"@type":"WebPage","@id":"https:\/\/moto-pawmar.pl\/?product=kask-hjc-i71-simo-black-red","url":"https:\/\/moto-pawmar.pl\/?product=kask-hjc-i71-simo-black-red","name":"Kask Hjc I71 Simo Black Red - MOTO-PAWMAR","isPartOf":{"@id":"https:\/\/moto-pawmar.pl\/#website"},"primaryImageOfPage":{"@id":"https:\/\/moto-pawmar.pl\/?product=kask-hjc-i71-simo-black-red#primaryimage"},"image":{"@id":"https:\/\/moto-pawmar.pl\/?product=kask-hjc-i71-simo-black-red#primaryimage"},"thumbnailUrl":"https:\/\/moto-pawmar.pl\/wp-content\/uploads\/2025\/10\/280620_ZAL573773.jpg","datePublished":"2025-10-28T11:24:40+00:00","dateModified":"2025-10-28T11:46:30+00:00","breadcrumb":{"@id":"https:\/\/moto-pawmar.pl\/?product=kask-hjc-i71-simo-black-red#breadcrumb"},"inLanguage":"pl-PL","potentialAction":[{"@type":"ReadAction","target":["https:\/\/moto-pawmar.pl\/?product=kask-hjc-i71-simo-black-red"]}]},{"@type":"ImageObject","inLanguage":"pl-PL","@id":"https:\/\/moto-pawmar.pl\/?product=kask-hjc-i71-simo-black-red#primaryimage","url":"https:\/\/moto-pawmar.pl\/wp-content\/uploads\/2025\/10\/280620_ZAL573773.jpg","contentUrl":"https:\/\/moto-pawmar.pl\/wp-content\/uploads\/2025\/10\/280620_ZAL573773.jpg","width":800,"height":800},{"@type":"BreadcrumbList","@id":"https:\/\/moto-pawmar.pl\/?product=kask-hjc-i71-simo-black-red#breadcrumb","itemListElement":[{"@type":"ListItem","position":1,"name":"Strona g\u0142\u00f3wna","item":"https:\/\/moto-pawmar.pl\/"},{"@type":"ListItem","position":2,"name":"Sklep Internetowy","item":"https:\/\/moto-pawmar.pl\/?page_id=367"},{"@type":"ListItem","position":3,"name":"Kask Hjc I71 Simo Black Red"}]},{"@type":"WebSite","@id":"https:\/\/moto-pawmar.pl\/#website","url":"https:\/\/moto-pawmar.pl\/","name":"MOTO-PAWMAR","description":"MOTO\u2011PAWMAR \u2013 Tw\u00f3j sklep z cz\u0119\u015bciami i akcesoriami do motocykli, skuter\u00f3w i quad\u00f3w.","publisher":{"@id":"https:\/\/moto-pawmar.pl\/#organization"},"potentialAction":[{"@type":"SearchAction","target":{"@type":"EntryPoint","urlTemplate":"https:\/\/moto-pawmar.pl\/?s={search_term_string}"},"query-input":{"@type":"PropertyValueSpecification","valueRequired":true,"valueName":"search_term_string"}}],"inLanguage":"pl-PL"},{"@type":"Organization","@id":"https:\/\/moto-pawmar.pl\/#organization","name":"MOTO-PAWMAR","url":"https:\/\/moto-pawmar.pl\/","logo":{"@type":"ImageObject","inLanguage":"pl-PL","@id":"https:\/\/moto-pawmar.pl\/#\/schema\/logo\/image\/","url":"https:\/\/moto-pawmar.pl\/wp-content\/uploads\/2025\/10\/LOGO-SKLEP.png","contentUrl":"https:\/\/moto-pawmar.pl\/wp-content\/uploads\/2025\/10\/LOGO-SKLEP.png","width":2480,"height":2053,"caption":"MOTO-PAWMAR"},"image":{"@id":"https:\/\/moto-pawmar.pl\/#\/schema\/logo\/image\/"},"sameAs":["https:\/\/www.facebook.com\/motopawmar\/?locale=pl_PL"]}]}},"_links":{"self":[{"href":"https:\/\/moto-pawmar.pl\/index.php?rest_route=\/wp\/v2\/product\/3052","targetHints":{"allow":["GET"]}}],"collection":[{"href":"https:\/\/moto-pawmar.pl\/index.php?rest_route=\/wp\/v2\/product"}],"about":[{"href":"https:\/\/moto-pawmar.pl\/index.php?rest_route=\/wp\/v2\/types\/product"}],"wp:featuredmedia":[{"embeddable":true,"href":"https:\/\/moto-pawmar.pl\/index.php?rest_route=\/wp\/v2\/media\/3051"}],"wp:attachment":[{"href":"https:\/\/moto-pawmar.pl\/index.php?rest_route=%2Fwp%2Fv2%2Fmedia&parent=3052"}],"wp:term":[{"taxonomy":"product_brand","embeddable":true,"href":"https:\/\/moto-pawmar.pl\/index.php?rest_route=%2Fwp%2Fv2%2Fproduct_brand&post=3052"},{"taxonomy":"product_cat","embeddable":true,"href":"https:\/\/moto-pawmar.pl\/index.php?rest_route=%2Fwp%2Fv2%2Fproduct_cat&post=3052"},{"taxonomy":"product_tag","embeddable":true,"href":"https:\/\/moto-pawmar.pl\/index.php?rest_route=%2Fwp%2Fv2%2Fproduct_tag&post=3052"}],"curies":[{"name":"wp","href":"https:\/\/api.w.org\/{rel}","templated":true}]}}