{"id":2834,"date":"2025-10-27T10:17:47","date_gmt":"2025-10-27T09:17:47","guid":{"rendered":"https:\/\/moto-pawmar.pl\/?product=%ef%bf%bdadowarka-sp-connect-30w-eu-spc-spc"},"modified":"2025-10-27T10:27:33","modified_gmt":"2025-10-27T09:27:33","slug":"%ef%bf%bdadowarka-sp-connect-30w-eu-spc-spc","status":"publish","type":"product","link":"https:\/\/moto-pawmar.pl\/?product=%ef%bf%bdadowarka-sp-connect-30w-eu-spc-spc","title":{"rendered":"\u0141adowarka Sp Connect 30W Eu Spc\/Spc+"},"content":{"rendered":"<p>\u0141adowarka sieciowa SP-Connect 30W &#8211; Kompaktowa \u0142adowarka sieciowa z portami USB-C i USB-A. Doskona\u0142e uzupe\u0142nienie Twojego zestawu do \u0142adowania.<\/p>\n<p>&nbsp;<\/p>\n<ul>\n<li>Dwa porty USB-C\/USB-A<\/li>\n<li>Standard QC 3.0 i PD 3.0 (Szybkie \u0141adowanie)<\/li>\n<li>Ma\u0142a i kompaktowa<\/li>\n<\/ul>\n<p>Ta \u0142adowarka sieciowa posiada dwa porty USB (USB-C i USB-A), co pozwala na jednoczesne \u0142adowanie wielu urz\u0105dze\u0144. Jej kompaktowa konstrukcja oszcz\u0119dza miejsce i sprawia, \u017ce jest idealna do u\u017cytku w domu lub biurze. \u0141adowarka wyposa\u017cona jest w inteligentny chip IC, kt\u00f3ry automatycznie wykrywa wymagania \u0142adowania Twoich urz\u0105dze\u0144 i dostarcza optymaln\u0105 ilo\u015b\u0107 energii, zapewniaj\u0105c szybkie i wydajne \u0142adowanie.<\/p>\n<p>&nbsp;<\/p>\n","protected":false},"excerpt":{"rendered":"<p>\u0141adowarka sieciowa SP-Connect 30W &#8211; Kompaktowa \u0142adowarka sieciowa z portami USB-C i USB-A. Doskona\u0142e uzupe\u0142nienie Twojego zestawu do \u0142adowania. &nbsp; Dwa porty USB-C\/USB-A Standard QC 3.0 i PD 3.0 (Szybkie \u0141adowanie) Ma\u0142a i kompaktowa Ta \u0142adowarka sieciowa posiada dwa porty USB (USB-C i USB-A), co pozwala na jednoczesne \u0142adowanie wielu urz\u0105dze\u0144. Jej kompaktowa konstrukcja oszcz\u0119dza [&hellip;]<\/p>\n","protected":false},"featured_media":2833,"template":"","meta":[],"product_brand":[345],"product_cat":[306,309],"product_tag":[],"class_list":{"0":"post-2834","1":"product","2":"type-product","3":"status-publish","4":"has-post-thumbnail","6":"product_brand-sp-connect","7":"product_cat-elektronika-interkomy","8":"product_cat-uchwyty-ladowarki","10":"first","11":"instock","12":"taxable","13":"shipping-taxable","14":"purchasable","15":"product-type-simple"},"yoast_head":"<!-- This site is optimized with the Yoast SEO plugin v26.9 - https:\/\/yoast.com\/product\/yoast-seo-wordpress\/ -->\n<title>\u0141adowarka Sp Connect 30W Eu Spc\/Spc+ - MOTO-PAWMAR<\/title>\n<meta name=\"robots\" content=\"index, follow, max-snippet:-1, max-image-preview:large, max-video-preview:-1\" \/>\n<link rel=\"canonical\" href=\"https:\/\/moto-pawmar.pl\/?product=\ufffdadowarka-sp-connect-30w-eu-spc-spc\" \/>\n<meta property=\"og:locale\" content=\"pl_PL\" \/>\n<meta property=\"og:type\" content=\"article\" \/>\n<meta property=\"og:title\" content=\"\u0141adowarka Sp Connect 30W Eu Spc\/Spc+ - MOTO-PAWMAR\" \/>\n<meta property=\"og:description\" content=\"\u0141adowarka sieciowa SP-Connect 30W &#8211; Kompaktowa \u0142adowarka sieciowa z portami USB-C i USB-A. Doskona\u0142e uzupe\u0142nienie Twojego zestawu do \u0142adowania. &nbsp; Dwa porty USB-C\/USB-A Standard QC 3.0 i PD 3.0 (Szybkie \u0141adowanie) Ma\u0142a i kompaktowa Ta \u0142adowarka sieciowa posiada dwa porty USB (USB-C i USB-A), co pozwala na jednoczesne \u0142adowanie wielu urz\u0105dze\u0144. Jej kompaktowa konstrukcja oszcz\u0119dza [&hellip;]\" \/>\n<meta property=\"og:url\" content=\"https:\/\/moto-pawmar.pl\/?product=\ufffdadowarka-sp-connect-30w-eu-spc-spc\" \/>\n<meta property=\"og:site_name\" content=\"MOTO-PAWMAR\" \/>\n<meta property=\"article:publisher\" content=\"https:\/\/www.facebook.com\/motopawmar\/?locale=pl_PL\" \/>\n<meta property=\"article:modified_time\" content=\"2025-10-27T09:27:33+00:00\" \/>\n<meta property=\"og:image\" content=\"https:\/\/moto-pawmar.pl\/wp-content\/uploads\/2025\/10\/301571_ZAL643911.jpg\" \/>\n\t<meta property=\"og:image:width\" content=\"800\" \/>\n\t<meta property=\"og:image:height\" content=\"800\" \/>\n\t<meta property=\"og:image:type\" content=\"image\/jpeg\" \/>\n<meta name=\"twitter:card\" content=\"summary_large_image\" \/>\n<meta name=\"twitter:label1\" content=\"Szacowany czas czytania\" \/>\n\t<meta name=\"twitter:data1\" content=\"1 minuta\" \/>\n<script type=\"application\/ld+json\" class=\"yoast-schema-graph\">{\"@context\":\"https:\/\/schema.org\",\"@graph\":[{\"@type\":\"WebPage\",\"@id\":\"https:\/\/moto-pawmar.pl\/?product=%ef%bf%bdadowarka-sp-connect-30w-eu-spc-spc\",\"url\":\"https:\/\/moto-pawmar.pl\/?product=%ef%bf%bdadowarka-sp-connect-30w-eu-spc-spc\",\"name\":\"\u0141adowarka Sp Connect 30W Eu Spc\/Spc+ - MOTO-PAWMAR\",\"isPartOf\":{\"@id\":\"https:\/\/moto-pawmar.pl\/#website\"},\"primaryImageOfPage\":{\"@id\":\"https:\/\/moto-pawmar.pl\/?product=%ef%bf%bdadowarka-sp-connect-30w-eu-spc-spc#primaryimage\"},\"image\":{\"@id\":\"https:\/\/moto-pawmar.pl\/?product=%ef%bf%bdadowarka-sp-connect-30w-eu-spc-spc#primaryimage\"},\"thumbnailUrl\":\"https:\/\/moto-pawmar.pl\/wp-content\/uploads\/2025\/10\/301571_ZAL643911.jpg\",\"datePublished\":\"2025-10-27T09:17:47+00:00\",\"dateModified\":\"2025-10-27T09:27:33+00:00\",\"breadcrumb\":{\"@id\":\"https:\/\/moto-pawmar.pl\/?product=%ef%bf%bdadowarka-sp-connect-30w-eu-spc-spc#breadcrumb\"},\"inLanguage\":\"pl-PL\",\"potentialAction\":[{\"@type\":\"ReadAction\",\"target\":[\"https:\/\/moto-pawmar.pl\/?product=%ef%bf%bdadowarka-sp-connect-30w-eu-spc-spc\"]}]},{\"@type\":\"ImageObject\",\"inLanguage\":\"pl-PL\",\"@id\":\"https:\/\/moto-pawmar.pl\/?product=%ef%bf%bdadowarka-sp-connect-30w-eu-spc-spc#primaryimage\",\"url\":\"https:\/\/moto-pawmar.pl\/wp-content\/uploads\/2025\/10\/301571_ZAL643911.jpg\",\"contentUrl\":\"https:\/\/moto-pawmar.pl\/wp-content\/uploads\/2025\/10\/301571_ZAL643911.jpg\",\"width\":800,\"height\":800},{\"@type\":\"BreadcrumbList\",\"@id\":\"https:\/\/moto-pawmar.pl\/?product=%ef%bf%bdadowarka-sp-connect-30w-eu-spc-spc#breadcrumb\",\"itemListElement\":[{\"@type\":\"ListItem\",\"position\":1,\"name\":\"Strona g\u0142\u00f3wna\",\"item\":\"https:\/\/moto-pawmar.pl\/\"},{\"@type\":\"ListItem\",\"position\":2,\"name\":\"Sklep Internetowy\",\"item\":\"https:\/\/moto-pawmar.pl\/?page_id=367\"},{\"@type\":\"ListItem\",\"position\":3,\"name\":\"\u0141adowarka Sp Connect 30W Eu Spc\/Spc+\"}]},{\"@type\":\"WebSite\",\"@id\":\"https:\/\/moto-pawmar.pl\/#website\",\"url\":\"https:\/\/moto-pawmar.pl\/\",\"name\":\"MOTO-PAWMAR\",\"description\":\"MOTO\u2011PAWMAR \u2013 Tw\u00f3j sklep z cz\u0119\u015bciami i akcesoriami do motocykli, skuter\u00f3w i quad\u00f3w.\",\"publisher\":{\"@id\":\"https:\/\/moto-pawmar.pl\/#organization\"},\"potentialAction\":[{\"@type\":\"SearchAction\",\"target\":{\"@type\":\"EntryPoint\",\"urlTemplate\":\"https:\/\/moto-pawmar.pl\/?s={search_term_string}\"},\"query-input\":{\"@type\":\"PropertyValueSpecification\",\"valueRequired\":true,\"valueName\":\"search_term_string\"}}],\"inLanguage\":\"pl-PL\"},{\"@type\":\"Organization\",\"@id\":\"https:\/\/moto-pawmar.pl\/#organization\",\"name\":\"MOTO-PAWMAR\",\"url\":\"https:\/\/moto-pawmar.pl\/\",\"logo\":{\"@type\":\"ImageObject\",\"inLanguage\":\"pl-PL\",\"@id\":\"https:\/\/moto-pawmar.pl\/#\/schema\/logo\/image\/\",\"url\":\"https:\/\/moto-pawmar.pl\/wp-content\/uploads\/2025\/10\/LOGO-SKLEP.png\",\"contentUrl\":\"https:\/\/moto-pawmar.pl\/wp-content\/uploads\/2025\/10\/LOGO-SKLEP.png\",\"width\":2480,\"height\":2053,\"caption\":\"MOTO-PAWMAR\"},\"image\":{\"@id\":\"https:\/\/moto-pawmar.pl\/#\/schema\/logo\/image\/\"},\"sameAs\":[\"https:\/\/www.facebook.com\/motopawmar\/?locale=pl_PL\"]}]}<\/script>\n<!-- \/ Yoast SEO plugin. -->","yoast_head_json":{"title":"\u0141adowarka Sp Connect 30W Eu Spc\/Spc+ - MOTO-PAWMAR","robots":{"index":"index","follow":"follow","max-snippet":"max-snippet:-1","max-image-preview":"max-image-preview:large","max-video-preview":"max-video-preview:-1"},"canonical":"https:\/\/moto-pawmar.pl\/?product=\ufffdadowarka-sp-connect-30w-eu-spc-spc","og_locale":"pl_PL","og_type":"article","og_title":"\u0141adowarka Sp Connect 30W Eu Spc\/Spc+ - MOTO-PAWMAR","og_description":"\u0141adowarka sieciowa SP-Connect 30W &#8211; Kompaktowa \u0142adowarka sieciowa z portami USB-C i USB-A. Doskona\u0142e uzupe\u0142nienie Twojego zestawu do \u0142adowania. &nbsp; Dwa porty USB-C\/USB-A Standard QC 3.0 i PD 3.0 (Szybkie \u0141adowanie) Ma\u0142a i kompaktowa Ta \u0142adowarka sieciowa posiada dwa porty USB (USB-C i USB-A), co pozwala na jednoczesne \u0142adowanie wielu urz\u0105dze\u0144. Jej kompaktowa konstrukcja oszcz\u0119dza [&hellip;]","og_url":"https:\/\/moto-pawmar.pl\/?product=\ufffdadowarka-sp-connect-30w-eu-spc-spc","og_site_name":"MOTO-PAWMAR","article_publisher":"https:\/\/www.facebook.com\/motopawmar\/?locale=pl_PL","article_modified_time":"2025-10-27T09:27:33+00:00","og_image":[{"width":800,"height":800,"url":"https:\/\/moto-pawmar.pl\/wp-content\/uploads\/2025\/10\/301571_ZAL643911.jpg","type":"image\/jpeg"}],"twitter_card":"summary_large_image","twitter_misc":{"Szacowany czas czytania":"1 minuta"},"schema":{"@context":"https:\/\/schema.org","@graph":[{"@type":"WebPage","@id":"https:\/\/moto-pawmar.pl\/?product=%ef%bf%bdadowarka-sp-connect-30w-eu-spc-spc","url":"https:\/\/moto-pawmar.pl\/?product=%ef%bf%bdadowarka-sp-connect-30w-eu-spc-spc","name":"\u0141adowarka Sp Connect 30W Eu Spc\/Spc+ - MOTO-PAWMAR","isPartOf":{"@id":"https:\/\/moto-pawmar.pl\/#website"},"primaryImageOfPage":{"@id":"https:\/\/moto-pawmar.pl\/?product=%ef%bf%bdadowarka-sp-connect-30w-eu-spc-spc#primaryimage"},"image":{"@id":"https:\/\/moto-pawmar.pl\/?product=%ef%bf%bdadowarka-sp-connect-30w-eu-spc-spc#primaryimage"},"thumbnailUrl":"https:\/\/moto-pawmar.pl\/wp-content\/uploads\/2025\/10\/301571_ZAL643911.jpg","datePublished":"2025-10-27T09:17:47+00:00","dateModified":"2025-10-27T09:27:33+00:00","breadcrumb":{"@id":"https:\/\/moto-pawmar.pl\/?product=%ef%bf%bdadowarka-sp-connect-30w-eu-spc-spc#breadcrumb"},"inLanguage":"pl-PL","potentialAction":[{"@type":"ReadAction","target":["https:\/\/moto-pawmar.pl\/?product=%ef%bf%bdadowarka-sp-connect-30w-eu-spc-spc"]}]},{"@type":"ImageObject","inLanguage":"pl-PL","@id":"https:\/\/moto-pawmar.pl\/?product=%ef%bf%bdadowarka-sp-connect-30w-eu-spc-spc#primaryimage","url":"https:\/\/moto-pawmar.pl\/wp-content\/uploads\/2025\/10\/301571_ZAL643911.jpg","contentUrl":"https:\/\/moto-pawmar.pl\/wp-content\/uploads\/2025\/10\/301571_ZAL643911.jpg","width":800,"height":800},{"@type":"BreadcrumbList","@id":"https:\/\/moto-pawmar.pl\/?product=%ef%bf%bdadowarka-sp-connect-30w-eu-spc-spc#breadcrumb","itemListElement":[{"@type":"ListItem","position":1,"name":"Strona g\u0142\u00f3wna","item":"https:\/\/moto-pawmar.pl\/"},{"@type":"ListItem","position":2,"name":"Sklep Internetowy","item":"https:\/\/moto-pawmar.pl\/?page_id=367"},{"@type":"ListItem","position":3,"name":"\u0141adowarka Sp Connect 30W Eu Spc\/Spc+"}]},{"@type":"WebSite","@id":"https:\/\/moto-pawmar.pl\/#website","url":"https:\/\/moto-pawmar.pl\/","name":"MOTO-PAWMAR","description":"MOTO\u2011PAWMAR \u2013 Tw\u00f3j sklep z cz\u0119\u015bciami i akcesoriami do motocykli, skuter\u00f3w i quad\u00f3w.","publisher":{"@id":"https:\/\/moto-pawmar.pl\/#organization"},"potentialAction":[{"@type":"SearchAction","target":{"@type":"EntryPoint","urlTemplate":"https:\/\/moto-pawmar.pl\/?s={search_term_string}"},"query-input":{"@type":"PropertyValueSpecification","valueRequired":true,"valueName":"search_term_string"}}],"inLanguage":"pl-PL"},{"@type":"Organization","@id":"https:\/\/moto-pawmar.pl\/#organization","name":"MOTO-PAWMAR","url":"https:\/\/moto-pawmar.pl\/","logo":{"@type":"ImageObject","inLanguage":"pl-PL","@id":"https:\/\/moto-pawmar.pl\/#\/schema\/logo\/image\/","url":"https:\/\/moto-pawmar.pl\/wp-content\/uploads\/2025\/10\/LOGO-SKLEP.png","contentUrl":"https:\/\/moto-pawmar.pl\/wp-content\/uploads\/2025\/10\/LOGO-SKLEP.png","width":2480,"height":2053,"caption":"MOTO-PAWMAR"},"image":{"@id":"https:\/\/moto-pawmar.pl\/#\/schema\/logo\/image\/"},"sameAs":["https:\/\/www.facebook.com\/motopawmar\/?locale=pl_PL"]}]}},"_links":{"self":[{"href":"https:\/\/moto-pawmar.pl\/index.php?rest_route=\/wp\/v2\/product\/2834","targetHints":{"allow":["GET"]}}],"collection":[{"href":"https:\/\/moto-pawmar.pl\/index.php?rest_route=\/wp\/v2\/product"}],"about":[{"href":"https:\/\/moto-pawmar.pl\/index.php?rest_route=\/wp\/v2\/types\/product"}],"wp:featuredmedia":[{"embeddable":true,"href":"https:\/\/moto-pawmar.pl\/index.php?rest_route=\/wp\/v2\/media\/2833"}],"wp:attachment":[{"href":"https:\/\/moto-pawmar.pl\/index.php?rest_route=%2Fwp%2Fv2%2Fmedia&parent=2834"}],"wp:term":[{"taxonomy":"product_brand","embeddable":true,"href":"https:\/\/moto-pawmar.pl\/index.php?rest_route=%2Fwp%2Fv2%2Fproduct_brand&post=2834"},{"taxonomy":"product_cat","embeddable":true,"href":"https:\/\/moto-pawmar.pl\/index.php?rest_route=%2Fwp%2Fv2%2Fproduct_cat&post=2834"},{"taxonomy":"product_tag","embeddable":true,"href":"https:\/\/moto-pawmar.pl\/index.php?rest_route=%2Fwp%2Fv2%2Fproduct_tag&post=2834"}],"curies":[{"name":"wp","href":"https:\/\/api.w.org\/{rel}","templated":true}]}}