{"id":2820,"date":"2025-10-27T10:17:45","date_gmt":"2025-10-27T09:17:45","guid":{"rendered":"https:\/\/moto-pawmar.pl\/?product=%ef%bf%bdadowarka-sp-connect-charging-module-spc"},"modified":"2025-10-27T10:31:34","modified_gmt":"2025-10-27T09:31:34","slug":"%ef%bf%bdadowarka-sp-connect-charging-module-spc","status":"publish","type":"product","link":"https:\/\/moto-pawmar.pl\/?product=%ef%bf%bdadowarka-sp-connect-charging-module-spc","title":{"rendered":"\u0141adowarka Sp Connect Charging Module Spc+"},"content":{"rendered":"<p>\u0141adowarka SP CONNECT Charging Module SPC+ zapewnia \u0142adowanie telefonu przez indukcj\u0119 w trakcie jazdy. U\u017cywaj w po\u0142\u0105czeniu z etui na telefon SPC+.<\/p>\n<p>&nbsp;<\/p>\n<ul>\n<li>Szybkie \u0142adowanie indukcyjne z etui na telefon SPC+<\/li>\n<li>Wszechstronne zastosowania (motocykl, e-rower, &#8230;)<\/li>\n<li>Monta\u017c na wszystkich g\u0142owicach monta\u017cowych SPC+<\/li>\n<li>100% odporno\u015bci na warunki atmosferyczne, w tym wodoodporny kabel USB<\/li>\n<li>Kompatybilna z technologi\u0105 indukcyjnego \u0142adowania MagSafe<\/li>\n<\/ul>\n<p>Czy to jazda na motocyklu przez wiejskie drogi, czy na e-rowerze: Im d\u0142u\u017csza podr\u00f3\u017c, tym bardziej roz\u0142adowuje si\u0119 bateria Twojego smartfona. Z \u0142adowark\u0105 SP Connect, im d\u0142u\u017csza podr\u00f3\u017c, tym d\u0142u\u017cej utrzymuje si\u0119 poziom na\u0142adowania Twojego telefonu.<\/p>\n<p>Modu\u0142 \u0141adowania to \u0142adowarka indukcyjna, kt\u00f3ra pozwala na bezprzewodowe \u0142adowanie telefonu w po\u0142\u0105czeniu z etui SPC+ Phone Case. Po prostu pod\u0142\u0105cz w 100% odporny na warunki atmosferyczne modu\u0142 do \u017ar\u00f3d\u0142a zasilania (bateria, gniazdo USB, powerbank&#8230;), zamontuj swoje etui SPC+ Phone Case i \u0142aduj urz\u0105dzenie przez indukcj\u0119.<\/p>\n<p>&nbsp;<\/p>\n","protected":false},"excerpt":{"rendered":"<p>\u0141adowarka SP CONNECT Charging Module SPC+ zapewnia \u0142adowanie telefonu przez indukcj\u0119 w trakcie jazdy. U\u017cywaj w po\u0142\u0105czeniu z etui na telefon SPC+. &nbsp; Szybkie \u0142adowanie indukcyjne z etui na telefon SPC+ Wszechstronne zastosowania (motocykl, e-rower, &#8230;) Monta\u017c na wszystkich g\u0142owicach monta\u017cowych SPC+ 100% odporno\u015bci na warunki atmosferyczne, w tym wodoodporny kabel USB Kompatybilna z technologi\u0105 [&hellip;]<\/p>\n","protected":false},"featured_media":2819,"template":"","meta":[],"product_brand":[345],"product_cat":[306,309],"product_tag":[],"class_list":{"0":"post-2820","1":"product","2":"type-product","3":"status-publish","4":"has-post-thumbnail","6":"product_brand-sp-connect","7":"product_cat-elektronika-interkomy","8":"product_cat-uchwyty-ladowarki","10":"first","11":"instock","12":"taxable","13":"shipping-taxable","14":"purchasable","15":"product-type-simple"},"yoast_head":"<!-- This site is optimized with the Yoast SEO plugin v26.9 - https:\/\/yoast.com\/product\/yoast-seo-wordpress\/ -->\n<title>\u0141adowarka Sp Connect Charging Module Spc+ - MOTO-PAWMAR<\/title>\n<meta name=\"robots\" content=\"index, follow, max-snippet:-1, max-image-preview:large, max-video-preview:-1\" \/>\n<link rel=\"canonical\" href=\"https:\/\/moto-pawmar.pl\/?product=\ufffdadowarka-sp-connect-charging-module-spc\" \/>\n<meta property=\"og:locale\" content=\"pl_PL\" \/>\n<meta property=\"og:type\" content=\"article\" \/>\n<meta property=\"og:title\" content=\"\u0141adowarka Sp Connect Charging Module Spc+ - MOTO-PAWMAR\" \/>\n<meta property=\"og:description\" content=\"\u0141adowarka SP CONNECT Charging Module SPC+ zapewnia \u0142adowanie telefonu przez indukcj\u0119 w trakcie jazdy. U\u017cywaj w po\u0142\u0105czeniu z etui na telefon SPC+. &nbsp; Szybkie \u0142adowanie indukcyjne z etui na telefon SPC+ Wszechstronne zastosowania (motocykl, e-rower, &#8230;) Monta\u017c na wszystkich g\u0142owicach monta\u017cowych SPC+ 100% odporno\u015bci na warunki atmosferyczne, w tym wodoodporny kabel USB Kompatybilna z technologi\u0105 [&hellip;]\" \/>\n<meta property=\"og:url\" content=\"https:\/\/moto-pawmar.pl\/?product=\ufffdadowarka-sp-connect-charging-module-spc\" \/>\n<meta property=\"og:site_name\" content=\"MOTO-PAWMAR\" \/>\n<meta property=\"article:publisher\" content=\"https:\/\/www.facebook.com\/motopawmar\/?locale=pl_PL\" \/>\n<meta property=\"article:modified_time\" content=\"2025-10-27T09:31:34+00:00\" \/>\n<meta property=\"og:image\" content=\"https:\/\/moto-pawmar.pl\/wp-content\/uploads\/2025\/10\/282209_ZAL569818.jpg\" \/>\n\t<meta property=\"og:image:width\" content=\"800\" \/>\n\t<meta property=\"og:image:height\" content=\"800\" \/>\n\t<meta property=\"og:image:type\" content=\"image\/jpeg\" \/>\n<meta name=\"twitter:card\" content=\"summary_large_image\" \/>\n<meta name=\"twitter:label1\" content=\"Szacowany czas czytania\" \/>\n\t<meta name=\"twitter:data1\" content=\"1 minuta\" \/>\n<script type=\"application\/ld+json\" class=\"yoast-schema-graph\">{\"@context\":\"https:\/\/schema.org\",\"@graph\":[{\"@type\":\"WebPage\",\"@id\":\"https:\/\/moto-pawmar.pl\/?product=%ef%bf%bdadowarka-sp-connect-charging-module-spc\",\"url\":\"https:\/\/moto-pawmar.pl\/?product=%ef%bf%bdadowarka-sp-connect-charging-module-spc\",\"name\":\"\u0141adowarka Sp Connect Charging Module Spc+ - MOTO-PAWMAR\",\"isPartOf\":{\"@id\":\"https:\/\/moto-pawmar.pl\/#website\"},\"primaryImageOfPage\":{\"@id\":\"https:\/\/moto-pawmar.pl\/?product=%ef%bf%bdadowarka-sp-connect-charging-module-spc#primaryimage\"},\"image\":{\"@id\":\"https:\/\/moto-pawmar.pl\/?product=%ef%bf%bdadowarka-sp-connect-charging-module-spc#primaryimage\"},\"thumbnailUrl\":\"https:\/\/moto-pawmar.pl\/wp-content\/uploads\/2025\/10\/282209_ZAL569818.jpg\",\"datePublished\":\"2025-10-27T09:17:45+00:00\",\"dateModified\":\"2025-10-27T09:31:34+00:00\",\"breadcrumb\":{\"@id\":\"https:\/\/moto-pawmar.pl\/?product=%ef%bf%bdadowarka-sp-connect-charging-module-spc#breadcrumb\"},\"inLanguage\":\"pl-PL\",\"potentialAction\":[{\"@type\":\"ReadAction\",\"target\":[\"https:\/\/moto-pawmar.pl\/?product=%ef%bf%bdadowarka-sp-connect-charging-module-spc\"]}]},{\"@type\":\"ImageObject\",\"inLanguage\":\"pl-PL\",\"@id\":\"https:\/\/moto-pawmar.pl\/?product=%ef%bf%bdadowarka-sp-connect-charging-module-spc#primaryimage\",\"url\":\"https:\/\/moto-pawmar.pl\/wp-content\/uploads\/2025\/10\/282209_ZAL569818.jpg\",\"contentUrl\":\"https:\/\/moto-pawmar.pl\/wp-content\/uploads\/2025\/10\/282209_ZAL569818.jpg\",\"width\":800,\"height\":800},{\"@type\":\"BreadcrumbList\",\"@id\":\"https:\/\/moto-pawmar.pl\/?product=%ef%bf%bdadowarka-sp-connect-charging-module-spc#breadcrumb\",\"itemListElement\":[{\"@type\":\"ListItem\",\"position\":1,\"name\":\"Strona g\u0142\u00f3wna\",\"item\":\"https:\/\/moto-pawmar.pl\/\"},{\"@type\":\"ListItem\",\"position\":2,\"name\":\"Sklep Internetowy\",\"item\":\"https:\/\/moto-pawmar.pl\/?page_id=367\"},{\"@type\":\"ListItem\",\"position\":3,\"name\":\"\u0141adowarka Sp Connect Charging Module Spc+\"}]},{\"@type\":\"WebSite\",\"@id\":\"https:\/\/moto-pawmar.pl\/#website\",\"url\":\"https:\/\/moto-pawmar.pl\/\",\"name\":\"MOTO-PAWMAR\",\"description\":\"MOTO\u2011PAWMAR \u2013 Tw\u00f3j sklep z cz\u0119\u015bciami i akcesoriami do motocykli, skuter\u00f3w i quad\u00f3w.\",\"publisher\":{\"@id\":\"https:\/\/moto-pawmar.pl\/#organization\"},\"potentialAction\":[{\"@type\":\"SearchAction\",\"target\":{\"@type\":\"EntryPoint\",\"urlTemplate\":\"https:\/\/moto-pawmar.pl\/?s={search_term_string}\"},\"query-input\":{\"@type\":\"PropertyValueSpecification\",\"valueRequired\":true,\"valueName\":\"search_term_string\"}}],\"inLanguage\":\"pl-PL\"},{\"@type\":\"Organization\",\"@id\":\"https:\/\/moto-pawmar.pl\/#organization\",\"name\":\"MOTO-PAWMAR\",\"url\":\"https:\/\/moto-pawmar.pl\/\",\"logo\":{\"@type\":\"ImageObject\",\"inLanguage\":\"pl-PL\",\"@id\":\"https:\/\/moto-pawmar.pl\/#\/schema\/logo\/image\/\",\"url\":\"https:\/\/moto-pawmar.pl\/wp-content\/uploads\/2025\/10\/LOGO-SKLEP.png\",\"contentUrl\":\"https:\/\/moto-pawmar.pl\/wp-content\/uploads\/2025\/10\/LOGO-SKLEP.png\",\"width\":2480,\"height\":2053,\"caption\":\"MOTO-PAWMAR\"},\"image\":{\"@id\":\"https:\/\/moto-pawmar.pl\/#\/schema\/logo\/image\/\"},\"sameAs\":[\"https:\/\/www.facebook.com\/motopawmar\/?locale=pl_PL\"]}]}<\/script>\n<!-- \/ Yoast SEO plugin. -->","yoast_head_json":{"title":"\u0141adowarka Sp Connect Charging Module Spc+ - MOTO-PAWMAR","robots":{"index":"index","follow":"follow","max-snippet":"max-snippet:-1","max-image-preview":"max-image-preview:large","max-video-preview":"max-video-preview:-1"},"canonical":"https:\/\/moto-pawmar.pl\/?product=\ufffdadowarka-sp-connect-charging-module-spc","og_locale":"pl_PL","og_type":"article","og_title":"\u0141adowarka Sp Connect Charging Module Spc+ - MOTO-PAWMAR","og_description":"\u0141adowarka SP CONNECT Charging Module SPC+ zapewnia \u0142adowanie telefonu przez indukcj\u0119 w trakcie jazdy. U\u017cywaj w po\u0142\u0105czeniu z etui na telefon SPC+. &nbsp; Szybkie \u0142adowanie indukcyjne z etui na telefon SPC+ Wszechstronne zastosowania (motocykl, e-rower, &#8230;) Monta\u017c na wszystkich g\u0142owicach monta\u017cowych SPC+ 100% odporno\u015bci na warunki atmosferyczne, w tym wodoodporny kabel USB Kompatybilna z technologi\u0105 [&hellip;]","og_url":"https:\/\/moto-pawmar.pl\/?product=\ufffdadowarka-sp-connect-charging-module-spc","og_site_name":"MOTO-PAWMAR","article_publisher":"https:\/\/www.facebook.com\/motopawmar\/?locale=pl_PL","article_modified_time":"2025-10-27T09:31:34+00:00","og_image":[{"width":800,"height":800,"url":"https:\/\/moto-pawmar.pl\/wp-content\/uploads\/2025\/10\/282209_ZAL569818.jpg","type":"image\/jpeg"}],"twitter_card":"summary_large_image","twitter_misc":{"Szacowany czas czytania":"1 minuta"},"schema":{"@context":"https:\/\/schema.org","@graph":[{"@type":"WebPage","@id":"https:\/\/moto-pawmar.pl\/?product=%ef%bf%bdadowarka-sp-connect-charging-module-spc","url":"https:\/\/moto-pawmar.pl\/?product=%ef%bf%bdadowarka-sp-connect-charging-module-spc","name":"\u0141adowarka Sp Connect Charging Module Spc+ - MOTO-PAWMAR","isPartOf":{"@id":"https:\/\/moto-pawmar.pl\/#website"},"primaryImageOfPage":{"@id":"https:\/\/moto-pawmar.pl\/?product=%ef%bf%bdadowarka-sp-connect-charging-module-spc#primaryimage"},"image":{"@id":"https:\/\/moto-pawmar.pl\/?product=%ef%bf%bdadowarka-sp-connect-charging-module-spc#primaryimage"},"thumbnailUrl":"https:\/\/moto-pawmar.pl\/wp-content\/uploads\/2025\/10\/282209_ZAL569818.jpg","datePublished":"2025-10-27T09:17:45+00:00","dateModified":"2025-10-27T09:31:34+00:00","breadcrumb":{"@id":"https:\/\/moto-pawmar.pl\/?product=%ef%bf%bdadowarka-sp-connect-charging-module-spc#breadcrumb"},"inLanguage":"pl-PL","potentialAction":[{"@type":"ReadAction","target":["https:\/\/moto-pawmar.pl\/?product=%ef%bf%bdadowarka-sp-connect-charging-module-spc"]}]},{"@type":"ImageObject","inLanguage":"pl-PL","@id":"https:\/\/moto-pawmar.pl\/?product=%ef%bf%bdadowarka-sp-connect-charging-module-spc#primaryimage","url":"https:\/\/moto-pawmar.pl\/wp-content\/uploads\/2025\/10\/282209_ZAL569818.jpg","contentUrl":"https:\/\/moto-pawmar.pl\/wp-content\/uploads\/2025\/10\/282209_ZAL569818.jpg","width":800,"height":800},{"@type":"BreadcrumbList","@id":"https:\/\/moto-pawmar.pl\/?product=%ef%bf%bdadowarka-sp-connect-charging-module-spc#breadcrumb","itemListElement":[{"@type":"ListItem","position":1,"name":"Strona g\u0142\u00f3wna","item":"https:\/\/moto-pawmar.pl\/"},{"@type":"ListItem","position":2,"name":"Sklep Internetowy","item":"https:\/\/moto-pawmar.pl\/?page_id=367"},{"@type":"ListItem","position":3,"name":"\u0141adowarka Sp Connect Charging Module Spc+"}]},{"@type":"WebSite","@id":"https:\/\/moto-pawmar.pl\/#website","url":"https:\/\/moto-pawmar.pl\/","name":"MOTO-PAWMAR","description":"MOTO\u2011PAWMAR \u2013 Tw\u00f3j sklep z cz\u0119\u015bciami i akcesoriami do motocykli, skuter\u00f3w i quad\u00f3w.","publisher":{"@id":"https:\/\/moto-pawmar.pl\/#organization"},"potentialAction":[{"@type":"SearchAction","target":{"@type":"EntryPoint","urlTemplate":"https:\/\/moto-pawmar.pl\/?s={search_term_string}"},"query-input":{"@type":"PropertyValueSpecification","valueRequired":true,"valueName":"search_term_string"}}],"inLanguage":"pl-PL"},{"@type":"Organization","@id":"https:\/\/moto-pawmar.pl\/#organization","name":"MOTO-PAWMAR","url":"https:\/\/moto-pawmar.pl\/","logo":{"@type":"ImageObject","inLanguage":"pl-PL","@id":"https:\/\/moto-pawmar.pl\/#\/schema\/logo\/image\/","url":"https:\/\/moto-pawmar.pl\/wp-content\/uploads\/2025\/10\/LOGO-SKLEP.png","contentUrl":"https:\/\/moto-pawmar.pl\/wp-content\/uploads\/2025\/10\/LOGO-SKLEP.png","width":2480,"height":2053,"caption":"MOTO-PAWMAR"},"image":{"@id":"https:\/\/moto-pawmar.pl\/#\/schema\/logo\/image\/"},"sameAs":["https:\/\/www.facebook.com\/motopawmar\/?locale=pl_PL"]}]}},"_links":{"self":[{"href":"https:\/\/moto-pawmar.pl\/index.php?rest_route=\/wp\/v2\/product\/2820","targetHints":{"allow":["GET"]}}],"collection":[{"href":"https:\/\/moto-pawmar.pl\/index.php?rest_route=\/wp\/v2\/product"}],"about":[{"href":"https:\/\/moto-pawmar.pl\/index.php?rest_route=\/wp\/v2\/types\/product"}],"wp:featuredmedia":[{"embeddable":true,"href":"https:\/\/moto-pawmar.pl\/index.php?rest_route=\/wp\/v2\/media\/2819"}],"wp:attachment":[{"href":"https:\/\/moto-pawmar.pl\/index.php?rest_route=%2Fwp%2Fv2%2Fmedia&parent=2820"}],"wp:term":[{"taxonomy":"product_brand","embeddable":true,"href":"https:\/\/moto-pawmar.pl\/index.php?rest_route=%2Fwp%2Fv2%2Fproduct_brand&post=2820"},{"taxonomy":"product_cat","embeddable":true,"href":"https:\/\/moto-pawmar.pl\/index.php?rest_route=%2Fwp%2Fv2%2Fproduct_cat&post=2820"},{"taxonomy":"product_tag","embeddable":true,"href":"https:\/\/moto-pawmar.pl\/index.php?rest_route=%2Fwp%2Fv2%2Fproduct_tag&post=2820"}],"curies":[{"name":"wp","href":"https:\/\/api.w.org\/{rel}","templated":true}]}}