{"id":2816,"date":"2025-10-27T10:17:44","date_gmt":"2025-10-27T09:17:44","guid":{"rendered":"https:\/\/moto-pawmar.pl\/?product=powerbank-bezprzewodowy-sp-connect-wireless-powerbank-5000ma-spc"},"modified":"2025-10-27T13:34:33","modified_gmt":"2025-10-27T12:34:33","slug":"powerbank-bezprzewodowy-sp-connect-wireless-powerbank-5000ma-spc","status":"publish","type":"product","link":"https:\/\/moto-pawmar.pl\/?product=powerbank-bezprzewodowy-sp-connect-wireless-powerbank-5000ma-spc","title":{"rendered":"Powerbank Bezprzewodowy Sp Connect Wireless Powerbank 5000Ma Spc+"},"content":{"rendered":"<p>Niezale\u017cnie od tego, czy jedziesz przez wie\u015b na motocyklu, czy na e-bike&#8217;u: im d\u0142u\u017csza podr\u00f3\u017c, tym bardziej roz\u0142adowana bateria twojego smartfona. Bezprzewodowy powerbank od SP Connect to zmienia! Wystarczy zamontowa\u0107 etui na telefon SP Connect na odporny na warunki atmosferyczne powerbank, by na\u0142adowa\u0107 urz\u0105dzenie indukcyjnie.<\/p>\n<p><b>CECHY<\/b><\/p>\n<ul>\n<li>Szybkie \u0142adowanie indukcyjne w w podr\u00f3\u017cy: 5000mA, 18,5Wh. 10W<\/li>\n<li>Wygodny i por\u0119czny<\/li>\n<li>Mie\u015bci si\u0119 w ka\u017cdej kieszeni<\/li>\n<\/ul>\n<p><strong>BEZPIECZNE WPI\u0118CIE TELEFONU W CI\u0104GU ZALEDWIE 1 SEKUNDY<\/strong><\/p>\n<p>&nbsp;<\/p>\n<p>Opatentowany mechanizm Twist-to-Lock jest odporny nawet na najwi\u0119ksze wstrz\u0105sy. Wystarczy zamontowa\u0107 smartfon w etui od SP Connect bezpo\u015brednio na powerbanku i obr\u00f3ci\u0107 go o 90\u00b0 zgodnie z ruchem wskaz\u00f3wek zegara.<\/p>\n<p><strong>BEZPRZEWODOWE \u0141ADOWANIE<\/strong><\/p>\n<p>Uwolnij sw\u00f3j telefon od kabli, dzi\u0119ki prostemu i skutecznemu \u0142adowaniu indukcyjnemu w po\u0142\u0105czeniu z etui na telefon SPC+. Masz gwarancj\u0119, w twoim telefonie nie zabraknie energii.<\/p>\n<p><strong>ZESTAW ZAWIERA<\/strong><\/p>\n<ul>\n<li>Modu\u0142 \u0142aduj\u0105cy SPC+<\/li>\n<li>Kabel USB-A\/USB-C (QC 3.0)<\/li>\n<\/ul>\n<p>Produkt zgodny z technologi\u0105 indukcyjnego \u0142adowania MagSafe<\/p>\n","protected":false},"excerpt":{"rendered":"<p>Niezale\u017cnie od tego, czy jedziesz przez wie\u015b na motocyklu, czy na e-bike&#8217;u: im d\u0142u\u017csza podr\u00f3\u017c, tym bardziej roz\u0142adowana bateria twojego smartfona. Bezprzewodowy powerbank od SP Connect to zmienia! Wystarczy zamontowa\u0107 etui na telefon SP Connect na odporny na warunki atmosferyczne powerbank, by na\u0142adowa\u0107 urz\u0105dzenie indukcyjnie. CECHY Szybkie \u0142adowanie indukcyjne w w podr\u00f3\u017cy: 5000mA, 18,5Wh. 10W [&hellip;]<\/p>\n","protected":false},"featured_media":2815,"template":"","meta":[],"product_brand":[345],"product_cat":[306,309],"product_tag":[],"class_list":{"0":"post-2816","1":"product","2":"type-product","3":"status-publish","4":"has-post-thumbnail","6":"product_brand-sp-connect","7":"product_cat-elektronika-interkomy","8":"product_cat-uchwyty-ladowarki","10":"first","11":"instock","12":"taxable","13":"shipping-taxable","14":"purchasable","15":"product-type-simple"},"yoast_head":"<!-- This site is optimized with the Yoast SEO plugin v26.9 - https:\/\/yoast.com\/product\/yoast-seo-wordpress\/ -->\n<title>Powerbank Bezprzewodowy Sp Connect Wireless Powerbank 5000Ma Spc+ - MOTO-PAWMAR<\/title>\n<meta name=\"robots\" content=\"index, follow, max-snippet:-1, max-image-preview:large, max-video-preview:-1\" \/>\n<link rel=\"canonical\" href=\"https:\/\/moto-pawmar.pl\/?product=powerbank-bezprzewodowy-sp-connect-wireless-powerbank-5000ma-spc\" \/>\n<meta property=\"og:locale\" content=\"pl_PL\" \/>\n<meta property=\"og:type\" content=\"article\" \/>\n<meta property=\"og:title\" content=\"Powerbank Bezprzewodowy Sp Connect Wireless Powerbank 5000Ma Spc+ - MOTO-PAWMAR\" \/>\n<meta property=\"og:description\" content=\"Niezale\u017cnie od tego, czy jedziesz przez wie\u015b na motocyklu, czy na e-bike&#8217;u: im d\u0142u\u017csza podr\u00f3\u017c, tym bardziej roz\u0142adowana bateria twojego smartfona. Bezprzewodowy powerbank od SP Connect to zmienia! Wystarczy zamontowa\u0107 etui na telefon SP Connect na odporny na warunki atmosferyczne powerbank, by na\u0142adowa\u0107 urz\u0105dzenie indukcyjnie. CECHY Szybkie \u0142adowanie indukcyjne w w podr\u00f3\u017cy: 5000mA, 18,5Wh. 10W [&hellip;]\" \/>\n<meta property=\"og:url\" content=\"https:\/\/moto-pawmar.pl\/?product=powerbank-bezprzewodowy-sp-connect-wireless-powerbank-5000ma-spc\" \/>\n<meta property=\"og:site_name\" content=\"MOTO-PAWMAR\" \/>\n<meta property=\"article:publisher\" content=\"https:\/\/www.facebook.com\/motopawmar\/?locale=pl_PL\" \/>\n<meta property=\"article:modified_time\" content=\"2025-10-27T12:34:33+00:00\" \/>\n<meta property=\"og:image\" content=\"https:\/\/moto-pawmar.pl\/wp-content\/uploads\/2025\/10\/278452_ZAL567152.jpg\" \/>\n\t<meta property=\"og:image:width\" content=\"800\" \/>\n\t<meta property=\"og:image:height\" content=\"800\" \/>\n\t<meta property=\"og:image:type\" content=\"image\/jpeg\" \/>\n<meta name=\"twitter:card\" content=\"summary_large_image\" \/>\n<meta name=\"twitter:label1\" content=\"Szacowany czas czytania\" \/>\n\t<meta name=\"twitter:data1\" content=\"1 minuta\" \/>\n<script type=\"application\/ld+json\" class=\"yoast-schema-graph\">{\"@context\":\"https:\/\/schema.org\",\"@graph\":[{\"@type\":\"WebPage\",\"@id\":\"https:\/\/moto-pawmar.pl\/?product=powerbank-bezprzewodowy-sp-connect-wireless-powerbank-5000ma-spc\",\"url\":\"https:\/\/moto-pawmar.pl\/?product=powerbank-bezprzewodowy-sp-connect-wireless-powerbank-5000ma-spc\",\"name\":\"Powerbank Bezprzewodowy Sp Connect Wireless Powerbank 5000Ma Spc+ - MOTO-PAWMAR\",\"isPartOf\":{\"@id\":\"https:\/\/moto-pawmar.pl\/#website\"},\"primaryImageOfPage\":{\"@id\":\"https:\/\/moto-pawmar.pl\/?product=powerbank-bezprzewodowy-sp-connect-wireless-powerbank-5000ma-spc#primaryimage\"},\"image\":{\"@id\":\"https:\/\/moto-pawmar.pl\/?product=powerbank-bezprzewodowy-sp-connect-wireless-powerbank-5000ma-spc#primaryimage\"},\"thumbnailUrl\":\"https:\/\/moto-pawmar.pl\/wp-content\/uploads\/2025\/10\/278452_ZAL567152.jpg\",\"datePublished\":\"2025-10-27T09:17:44+00:00\",\"dateModified\":\"2025-10-27T12:34:33+00:00\",\"breadcrumb\":{\"@id\":\"https:\/\/moto-pawmar.pl\/?product=powerbank-bezprzewodowy-sp-connect-wireless-powerbank-5000ma-spc#breadcrumb\"},\"inLanguage\":\"pl-PL\",\"potentialAction\":[{\"@type\":\"ReadAction\",\"target\":[\"https:\/\/moto-pawmar.pl\/?product=powerbank-bezprzewodowy-sp-connect-wireless-powerbank-5000ma-spc\"]}]},{\"@type\":\"ImageObject\",\"inLanguage\":\"pl-PL\",\"@id\":\"https:\/\/moto-pawmar.pl\/?product=powerbank-bezprzewodowy-sp-connect-wireless-powerbank-5000ma-spc#primaryimage\",\"url\":\"https:\/\/moto-pawmar.pl\/wp-content\/uploads\/2025\/10\/278452_ZAL567152.jpg\",\"contentUrl\":\"https:\/\/moto-pawmar.pl\/wp-content\/uploads\/2025\/10\/278452_ZAL567152.jpg\",\"width\":800,\"height\":800},{\"@type\":\"BreadcrumbList\",\"@id\":\"https:\/\/moto-pawmar.pl\/?product=powerbank-bezprzewodowy-sp-connect-wireless-powerbank-5000ma-spc#breadcrumb\",\"itemListElement\":[{\"@type\":\"ListItem\",\"position\":1,\"name\":\"Strona g\u0142\u00f3wna\",\"item\":\"https:\/\/moto-pawmar.pl\/\"},{\"@type\":\"ListItem\",\"position\":2,\"name\":\"Sklep Internetowy\",\"item\":\"https:\/\/moto-pawmar.pl\/?page_id=367\"},{\"@type\":\"ListItem\",\"position\":3,\"name\":\"Powerbank Bezprzewodowy Sp Connect Wireless Powerbank 5000Ma Spc+\"}]},{\"@type\":\"WebSite\",\"@id\":\"https:\/\/moto-pawmar.pl\/#website\",\"url\":\"https:\/\/moto-pawmar.pl\/\",\"name\":\"MOTO-PAWMAR\",\"description\":\"MOTO\u2011PAWMAR \u2013 Tw\u00f3j sklep z cz\u0119\u015bciami i akcesoriami do motocykli, skuter\u00f3w i quad\u00f3w.\",\"publisher\":{\"@id\":\"https:\/\/moto-pawmar.pl\/#organization\"},\"potentialAction\":[{\"@type\":\"SearchAction\",\"target\":{\"@type\":\"EntryPoint\",\"urlTemplate\":\"https:\/\/moto-pawmar.pl\/?s={search_term_string}\"},\"query-input\":{\"@type\":\"PropertyValueSpecification\",\"valueRequired\":true,\"valueName\":\"search_term_string\"}}],\"inLanguage\":\"pl-PL\"},{\"@type\":\"Organization\",\"@id\":\"https:\/\/moto-pawmar.pl\/#organization\",\"name\":\"MOTO-PAWMAR\",\"url\":\"https:\/\/moto-pawmar.pl\/\",\"logo\":{\"@type\":\"ImageObject\",\"inLanguage\":\"pl-PL\",\"@id\":\"https:\/\/moto-pawmar.pl\/#\/schema\/logo\/image\/\",\"url\":\"https:\/\/moto-pawmar.pl\/wp-content\/uploads\/2025\/10\/LOGO-SKLEP.png\",\"contentUrl\":\"https:\/\/moto-pawmar.pl\/wp-content\/uploads\/2025\/10\/LOGO-SKLEP.png\",\"width\":2480,\"height\":2053,\"caption\":\"MOTO-PAWMAR\"},\"image\":{\"@id\":\"https:\/\/moto-pawmar.pl\/#\/schema\/logo\/image\/\"},\"sameAs\":[\"https:\/\/www.facebook.com\/motopawmar\/?locale=pl_PL\"]}]}<\/script>\n<!-- \/ Yoast SEO plugin. -->","yoast_head_json":{"title":"Powerbank Bezprzewodowy Sp Connect Wireless Powerbank 5000Ma Spc+ - MOTO-PAWMAR","robots":{"index":"index","follow":"follow","max-snippet":"max-snippet:-1","max-image-preview":"max-image-preview:large","max-video-preview":"max-video-preview:-1"},"canonical":"https:\/\/moto-pawmar.pl\/?product=powerbank-bezprzewodowy-sp-connect-wireless-powerbank-5000ma-spc","og_locale":"pl_PL","og_type":"article","og_title":"Powerbank Bezprzewodowy Sp Connect Wireless Powerbank 5000Ma Spc+ - MOTO-PAWMAR","og_description":"Niezale\u017cnie od tego, czy jedziesz przez wie\u015b na motocyklu, czy na e-bike&#8217;u: im d\u0142u\u017csza podr\u00f3\u017c, tym bardziej roz\u0142adowana bateria twojego smartfona. Bezprzewodowy powerbank od SP Connect to zmienia! Wystarczy zamontowa\u0107 etui na telefon SP Connect na odporny na warunki atmosferyczne powerbank, by na\u0142adowa\u0107 urz\u0105dzenie indukcyjnie. CECHY Szybkie \u0142adowanie indukcyjne w w podr\u00f3\u017cy: 5000mA, 18,5Wh. 10W [&hellip;]","og_url":"https:\/\/moto-pawmar.pl\/?product=powerbank-bezprzewodowy-sp-connect-wireless-powerbank-5000ma-spc","og_site_name":"MOTO-PAWMAR","article_publisher":"https:\/\/www.facebook.com\/motopawmar\/?locale=pl_PL","article_modified_time":"2025-10-27T12:34:33+00:00","og_image":[{"width":800,"height":800,"url":"https:\/\/moto-pawmar.pl\/wp-content\/uploads\/2025\/10\/278452_ZAL567152.jpg","type":"image\/jpeg"}],"twitter_card":"summary_large_image","twitter_misc":{"Szacowany czas czytania":"1 minuta"},"schema":{"@context":"https:\/\/schema.org","@graph":[{"@type":"WebPage","@id":"https:\/\/moto-pawmar.pl\/?product=powerbank-bezprzewodowy-sp-connect-wireless-powerbank-5000ma-spc","url":"https:\/\/moto-pawmar.pl\/?product=powerbank-bezprzewodowy-sp-connect-wireless-powerbank-5000ma-spc","name":"Powerbank Bezprzewodowy Sp Connect Wireless Powerbank 5000Ma Spc+ - MOTO-PAWMAR","isPartOf":{"@id":"https:\/\/moto-pawmar.pl\/#website"},"primaryImageOfPage":{"@id":"https:\/\/moto-pawmar.pl\/?product=powerbank-bezprzewodowy-sp-connect-wireless-powerbank-5000ma-spc#primaryimage"},"image":{"@id":"https:\/\/moto-pawmar.pl\/?product=powerbank-bezprzewodowy-sp-connect-wireless-powerbank-5000ma-spc#primaryimage"},"thumbnailUrl":"https:\/\/moto-pawmar.pl\/wp-content\/uploads\/2025\/10\/278452_ZAL567152.jpg","datePublished":"2025-10-27T09:17:44+00:00","dateModified":"2025-10-27T12:34:33+00:00","breadcrumb":{"@id":"https:\/\/moto-pawmar.pl\/?product=powerbank-bezprzewodowy-sp-connect-wireless-powerbank-5000ma-spc#breadcrumb"},"inLanguage":"pl-PL","potentialAction":[{"@type":"ReadAction","target":["https:\/\/moto-pawmar.pl\/?product=powerbank-bezprzewodowy-sp-connect-wireless-powerbank-5000ma-spc"]}]},{"@type":"ImageObject","inLanguage":"pl-PL","@id":"https:\/\/moto-pawmar.pl\/?product=powerbank-bezprzewodowy-sp-connect-wireless-powerbank-5000ma-spc#primaryimage","url":"https:\/\/moto-pawmar.pl\/wp-content\/uploads\/2025\/10\/278452_ZAL567152.jpg","contentUrl":"https:\/\/moto-pawmar.pl\/wp-content\/uploads\/2025\/10\/278452_ZAL567152.jpg","width":800,"height":800},{"@type":"BreadcrumbList","@id":"https:\/\/moto-pawmar.pl\/?product=powerbank-bezprzewodowy-sp-connect-wireless-powerbank-5000ma-spc#breadcrumb","itemListElement":[{"@type":"ListItem","position":1,"name":"Strona g\u0142\u00f3wna","item":"https:\/\/moto-pawmar.pl\/"},{"@type":"ListItem","position":2,"name":"Sklep Internetowy","item":"https:\/\/moto-pawmar.pl\/?page_id=367"},{"@type":"ListItem","position":3,"name":"Powerbank Bezprzewodowy Sp Connect Wireless Powerbank 5000Ma Spc+"}]},{"@type":"WebSite","@id":"https:\/\/moto-pawmar.pl\/#website","url":"https:\/\/moto-pawmar.pl\/","name":"MOTO-PAWMAR","description":"MOTO\u2011PAWMAR \u2013 Tw\u00f3j sklep z cz\u0119\u015bciami i akcesoriami do motocykli, skuter\u00f3w i quad\u00f3w.","publisher":{"@id":"https:\/\/moto-pawmar.pl\/#organization"},"potentialAction":[{"@type":"SearchAction","target":{"@type":"EntryPoint","urlTemplate":"https:\/\/moto-pawmar.pl\/?s={search_term_string}"},"query-input":{"@type":"PropertyValueSpecification","valueRequired":true,"valueName":"search_term_string"}}],"inLanguage":"pl-PL"},{"@type":"Organization","@id":"https:\/\/moto-pawmar.pl\/#organization","name":"MOTO-PAWMAR","url":"https:\/\/moto-pawmar.pl\/","logo":{"@type":"ImageObject","inLanguage":"pl-PL","@id":"https:\/\/moto-pawmar.pl\/#\/schema\/logo\/image\/","url":"https:\/\/moto-pawmar.pl\/wp-content\/uploads\/2025\/10\/LOGO-SKLEP.png","contentUrl":"https:\/\/moto-pawmar.pl\/wp-content\/uploads\/2025\/10\/LOGO-SKLEP.png","width":2480,"height":2053,"caption":"MOTO-PAWMAR"},"image":{"@id":"https:\/\/moto-pawmar.pl\/#\/schema\/logo\/image\/"},"sameAs":["https:\/\/www.facebook.com\/motopawmar\/?locale=pl_PL"]}]}},"_links":{"self":[{"href":"https:\/\/moto-pawmar.pl\/index.php?rest_route=\/wp\/v2\/product\/2816","targetHints":{"allow":["GET"]}}],"collection":[{"href":"https:\/\/moto-pawmar.pl\/index.php?rest_route=\/wp\/v2\/product"}],"about":[{"href":"https:\/\/moto-pawmar.pl\/index.php?rest_route=\/wp\/v2\/types\/product"}],"wp:featuredmedia":[{"embeddable":true,"href":"https:\/\/moto-pawmar.pl\/index.php?rest_route=\/wp\/v2\/media\/2815"}],"wp:attachment":[{"href":"https:\/\/moto-pawmar.pl\/index.php?rest_route=%2Fwp%2Fv2%2Fmedia&parent=2816"}],"wp:term":[{"taxonomy":"product_brand","embeddable":true,"href":"https:\/\/moto-pawmar.pl\/index.php?rest_route=%2Fwp%2Fv2%2Fproduct_brand&post=2816"},{"taxonomy":"product_cat","embeddable":true,"href":"https:\/\/moto-pawmar.pl\/index.php?rest_route=%2Fwp%2Fv2%2Fproduct_cat&post=2816"},{"taxonomy":"product_tag","embeddable":true,"href":"https:\/\/moto-pawmar.pl\/index.php?rest_route=%2Fwp%2Fv2%2Fproduct_tag&post=2816"}],"curies":[{"name":"wp","href":"https:\/\/api.w.org\/{rel}","templated":true}]}}