{"id":2808,"date":"2025-10-27T10:17:43","date_gmt":"2025-10-27T09:17:43","guid":{"rendered":"https:\/\/moto-pawmar.pl\/?product=przew%ef%bf%bdd-do-%ef%bf%bdadowarki-sp-connect-cable-12v-dc-spc-black"},"modified":"2025-10-27T13:35:29","modified_gmt":"2025-10-27T12:35:29","slug":"przew%ef%bf%bdd-do-%ef%bf%bdadowarki-sp-connect-cable-12v-dc-spc-black","status":"publish","type":"product","link":"https:\/\/moto-pawmar.pl\/?product=przew%ef%bf%bdd-do-%ef%bf%bdadowarki-sp-connect-cable-12v-dc-spc-black","title":{"rendered":"Przew\u00f3d Do \u0141adowarki Sp Connect Cable 12V Dc Spc+"},"content":{"rendered":"<p>Roz\u0142adowana bateria to ju\u017c przesz\u0142o\u015b\u0107.\u00a0<strong>Dzi\u0119ki przewodowi 12V DC SPC+ twoja \u0142adowarka indukcyjna na motocyklu mo\u017ce by\u0107 zasilana bezpo\u015brednio z akumulatora<\/strong>, aby Tw\u00f3j telefon kom\u00f3rkowy mia\u0142 wystarczaj\u0105co du\u017co mocy, by obs\u0142u\u017cy\u0107 nawigacj\u0119 czy odtwarzanie muzyki nawet podczas d\u0142u\u017cszych tras. Wystarczy pod\u0142\u0105czy\u0107 wolne ko\u0144ce kabla do akumulatora motocykla i pod\u0142\u0105czy\u0107 z\u0142\u0105cze USB-C do modu\u0142u \u0142adowania lub modu\u0142u antywibracyjnego \u0142adowania.\u00a0<strong>Kabel ma a\u017c 150 cm i jest wyposa\u017cony w zintegrowany konwerter napi\u0119cia. Jest te\u017c w 100% odporny na warunki atmosferyczne<\/strong>.<\/p>\n<p>Wolna ko\u0144c\u00f3wka kabla jest bezpo\u015brednio montowana do motocykla<\/p>\n<p>Kabel jest kompatybilny z modu\u0142em bezprzewodowego \u0142adowania SPC+<\/p>\n<p>Konwerter napi\u0119cia z odporno\u015bci\u0105 IP65 na warunki atmosferyczne, dzi\u0119ki czemu z kabla mo\u017cesz korzysta\u0107 w ka\u017cdych warunkach<\/p>\n<p><strong>ZESTAW ZAWIERA<\/strong><\/p>\n<ul>\n<li>Kabel USB-C<\/li>\n<li>Wej\u015bcie: DC 12-15V \/ maks. 2A<\/li>\n<li>Wyj\u015bcie: DC 12V \/ 2A (USB 3.1 C)<\/li>\n<\/ul>\n<p><strong>O MARCE SP CONNECT<\/strong><\/p>\n<p>Produkty SP Connect wyr\u00f3\u017cniaj\u0105 si\u0119 najwy\u017csz\u0105 jako\u015bci\u0105 wykonania i praktycznymi rozwi\u0105zaniami. Wszystkie elementy system\u00f3w mocowania pasuj\u0105 do siebie niczym klocki, a ich monta\u017c jest \u0142atwy i intuicyjny. Wygodny w obs\u0142udze system Twist to Lock pewnie trzyma urz\u0105dzenie, a jednocze\u015bnie pozwala szybko je wpi\u0105\u0107 lub wypi\u0105\u0107. Dzi\u0119ki systemom SP Connect przymocowanie telefonu do motocykla, roweru lub w samochodzie zajmie ci zaledwie kilka sekund.<\/p>\n","protected":false},"excerpt":{"rendered":"<p>Roz\u0142adowana bateria to ju\u017c przesz\u0142o\u015b\u0107.\u00a0Dzi\u0119ki przewodowi 12V DC SPC+ twoja \u0142adowarka indukcyjna na motocyklu mo\u017ce by\u0107 zasilana bezpo\u015brednio z akumulatora, aby Tw\u00f3j telefon kom\u00f3rkowy mia\u0142 wystarczaj\u0105co du\u017co mocy, by obs\u0142u\u017cy\u0107 nawigacj\u0119 czy odtwarzanie muzyki nawet podczas d\u0142u\u017cszych tras. Wystarczy pod\u0142\u0105czy\u0107 wolne ko\u0144ce kabla do akumulatora motocykla i pod\u0142\u0105czy\u0107 z\u0142\u0105cze USB-C do modu\u0142u \u0142adowania lub modu\u0142u [&hellip;]<\/p>\n","protected":false},"featured_media":2807,"template":"","meta":[],"product_brand":[345],"product_cat":[306,309],"product_tag":[],"class_list":{"0":"post-2808","1":"product","2":"type-product","3":"status-publish","4":"has-post-thumbnail","6":"product_brand-sp-connect","7":"product_cat-elektronika-interkomy","8":"product_cat-uchwyty-ladowarki","10":"first","11":"instock","12":"taxable","13":"shipping-taxable","14":"purchasable","15":"product-type-simple"},"yoast_head":"<!-- This site is optimized with the Yoast SEO plugin v26.9 - https:\/\/yoast.com\/product\/yoast-seo-wordpress\/ -->\n<title>Przew\u00f3d Do \u0141adowarki Sp Connect Cable 12V Dc Spc+ - MOTO-PAWMAR<\/title>\n<meta name=\"robots\" content=\"index, follow, max-snippet:-1, max-image-preview:large, max-video-preview:-1\" \/>\n<link rel=\"canonical\" href=\"https:\/\/moto-pawmar.pl\/?product=przew\ufffdd-do-\ufffdadowarki-sp-connect-cable-12v-dc-spc-black\" \/>\n<meta property=\"og:locale\" content=\"pl_PL\" \/>\n<meta property=\"og:type\" content=\"article\" \/>\n<meta property=\"og:title\" content=\"Przew\u00f3d Do \u0141adowarki Sp Connect Cable 12V Dc Spc+ - MOTO-PAWMAR\" \/>\n<meta property=\"og:description\" content=\"Roz\u0142adowana bateria to ju\u017c przesz\u0142o\u015b\u0107.\u00a0Dzi\u0119ki przewodowi 12V DC SPC+ twoja \u0142adowarka indukcyjna na motocyklu mo\u017ce by\u0107 zasilana bezpo\u015brednio z akumulatora, aby Tw\u00f3j telefon kom\u00f3rkowy mia\u0142 wystarczaj\u0105co du\u017co mocy, by obs\u0142u\u017cy\u0107 nawigacj\u0119 czy odtwarzanie muzyki nawet podczas d\u0142u\u017cszych tras. Wystarczy pod\u0142\u0105czy\u0107 wolne ko\u0144ce kabla do akumulatora motocykla i pod\u0142\u0105czy\u0107 z\u0142\u0105cze USB-C do modu\u0142u \u0142adowania lub modu\u0142u [&hellip;]\" \/>\n<meta property=\"og:url\" content=\"https:\/\/moto-pawmar.pl\/?product=przew\ufffdd-do-\ufffdadowarki-sp-connect-cable-12v-dc-spc-black\" \/>\n<meta property=\"og:site_name\" content=\"MOTO-PAWMAR\" \/>\n<meta property=\"article:publisher\" content=\"https:\/\/www.facebook.com\/motopawmar\/?locale=pl_PL\" \/>\n<meta property=\"article:modified_time\" content=\"2025-10-27T12:35:29+00:00\" \/>\n<meta property=\"og:image\" content=\"https:\/\/moto-pawmar.pl\/wp-content\/uploads\/2025\/10\/278447_ZAL567154.jpg\" \/>\n\t<meta property=\"og:image:width\" content=\"800\" \/>\n\t<meta property=\"og:image:height\" content=\"800\" \/>\n\t<meta property=\"og:image:type\" content=\"image\/jpeg\" \/>\n<meta name=\"twitter:card\" content=\"summary_large_image\" \/>\n<meta name=\"twitter:label1\" content=\"Szacowany czas czytania\" \/>\n\t<meta name=\"twitter:data1\" content=\"1 minuta\" \/>\n<script type=\"application\/ld+json\" class=\"yoast-schema-graph\">{\"@context\":\"https:\/\/schema.org\",\"@graph\":[{\"@type\":\"WebPage\",\"@id\":\"https:\/\/moto-pawmar.pl\/?product=przew%ef%bf%bdd-do-%ef%bf%bdadowarki-sp-connect-cable-12v-dc-spc-black\",\"url\":\"https:\/\/moto-pawmar.pl\/?product=przew%ef%bf%bdd-do-%ef%bf%bdadowarki-sp-connect-cable-12v-dc-spc-black\",\"name\":\"Przew\u00f3d Do \u0141adowarki Sp Connect Cable 12V Dc Spc+ - MOTO-PAWMAR\",\"isPartOf\":{\"@id\":\"https:\/\/moto-pawmar.pl\/#website\"},\"primaryImageOfPage\":{\"@id\":\"https:\/\/moto-pawmar.pl\/?product=przew%ef%bf%bdd-do-%ef%bf%bdadowarki-sp-connect-cable-12v-dc-spc-black#primaryimage\"},\"image\":{\"@id\":\"https:\/\/moto-pawmar.pl\/?product=przew%ef%bf%bdd-do-%ef%bf%bdadowarki-sp-connect-cable-12v-dc-spc-black#primaryimage\"},\"thumbnailUrl\":\"https:\/\/moto-pawmar.pl\/wp-content\/uploads\/2025\/10\/278447_ZAL567154.jpg\",\"datePublished\":\"2025-10-27T09:17:43+00:00\",\"dateModified\":\"2025-10-27T12:35:29+00:00\",\"breadcrumb\":{\"@id\":\"https:\/\/moto-pawmar.pl\/?product=przew%ef%bf%bdd-do-%ef%bf%bdadowarki-sp-connect-cable-12v-dc-spc-black#breadcrumb\"},\"inLanguage\":\"pl-PL\",\"potentialAction\":[{\"@type\":\"ReadAction\",\"target\":[\"https:\/\/moto-pawmar.pl\/?product=przew%ef%bf%bdd-do-%ef%bf%bdadowarki-sp-connect-cable-12v-dc-spc-black\"]}]},{\"@type\":\"ImageObject\",\"inLanguage\":\"pl-PL\",\"@id\":\"https:\/\/moto-pawmar.pl\/?product=przew%ef%bf%bdd-do-%ef%bf%bdadowarki-sp-connect-cable-12v-dc-spc-black#primaryimage\",\"url\":\"https:\/\/moto-pawmar.pl\/wp-content\/uploads\/2025\/10\/278447_ZAL567154.jpg\",\"contentUrl\":\"https:\/\/moto-pawmar.pl\/wp-content\/uploads\/2025\/10\/278447_ZAL567154.jpg\",\"width\":800,\"height\":800},{\"@type\":\"BreadcrumbList\",\"@id\":\"https:\/\/moto-pawmar.pl\/?product=przew%ef%bf%bdd-do-%ef%bf%bdadowarki-sp-connect-cable-12v-dc-spc-black#breadcrumb\",\"itemListElement\":[{\"@type\":\"ListItem\",\"position\":1,\"name\":\"Strona g\u0142\u00f3wna\",\"item\":\"https:\/\/moto-pawmar.pl\/\"},{\"@type\":\"ListItem\",\"position\":2,\"name\":\"Sklep Internetowy\",\"item\":\"https:\/\/moto-pawmar.pl\/?page_id=367\"},{\"@type\":\"ListItem\",\"position\":3,\"name\":\"Przew\u00f3d Do \u0141adowarki Sp Connect Cable 12V Dc Spc+\"}]},{\"@type\":\"WebSite\",\"@id\":\"https:\/\/moto-pawmar.pl\/#website\",\"url\":\"https:\/\/moto-pawmar.pl\/\",\"name\":\"MOTO-PAWMAR\",\"description\":\"MOTO\u2011PAWMAR \u2013 Tw\u00f3j sklep z cz\u0119\u015bciami i akcesoriami do motocykli, skuter\u00f3w i quad\u00f3w.\",\"publisher\":{\"@id\":\"https:\/\/moto-pawmar.pl\/#organization\"},\"potentialAction\":[{\"@type\":\"SearchAction\",\"target\":{\"@type\":\"EntryPoint\",\"urlTemplate\":\"https:\/\/moto-pawmar.pl\/?s={search_term_string}\"},\"query-input\":{\"@type\":\"PropertyValueSpecification\",\"valueRequired\":true,\"valueName\":\"search_term_string\"}}],\"inLanguage\":\"pl-PL\"},{\"@type\":\"Organization\",\"@id\":\"https:\/\/moto-pawmar.pl\/#organization\",\"name\":\"MOTO-PAWMAR\",\"url\":\"https:\/\/moto-pawmar.pl\/\",\"logo\":{\"@type\":\"ImageObject\",\"inLanguage\":\"pl-PL\",\"@id\":\"https:\/\/moto-pawmar.pl\/#\/schema\/logo\/image\/\",\"url\":\"https:\/\/moto-pawmar.pl\/wp-content\/uploads\/2025\/10\/LOGO-SKLEP.png\",\"contentUrl\":\"https:\/\/moto-pawmar.pl\/wp-content\/uploads\/2025\/10\/LOGO-SKLEP.png\",\"width\":2480,\"height\":2053,\"caption\":\"MOTO-PAWMAR\"},\"image\":{\"@id\":\"https:\/\/moto-pawmar.pl\/#\/schema\/logo\/image\/\"},\"sameAs\":[\"https:\/\/www.facebook.com\/motopawmar\/?locale=pl_PL\"]}]}<\/script>\n<!-- \/ Yoast SEO plugin. -->","yoast_head_json":{"title":"Przew\u00f3d Do \u0141adowarki Sp Connect Cable 12V Dc Spc+ - MOTO-PAWMAR","robots":{"index":"index","follow":"follow","max-snippet":"max-snippet:-1","max-image-preview":"max-image-preview:large","max-video-preview":"max-video-preview:-1"},"canonical":"https:\/\/moto-pawmar.pl\/?product=przew\ufffdd-do-\ufffdadowarki-sp-connect-cable-12v-dc-spc-black","og_locale":"pl_PL","og_type":"article","og_title":"Przew\u00f3d Do \u0141adowarki Sp Connect Cable 12V Dc Spc+ - MOTO-PAWMAR","og_description":"Roz\u0142adowana bateria to ju\u017c przesz\u0142o\u015b\u0107.\u00a0Dzi\u0119ki przewodowi 12V DC SPC+ twoja \u0142adowarka indukcyjna na motocyklu mo\u017ce by\u0107 zasilana bezpo\u015brednio z akumulatora, aby Tw\u00f3j telefon kom\u00f3rkowy mia\u0142 wystarczaj\u0105co du\u017co mocy, by obs\u0142u\u017cy\u0107 nawigacj\u0119 czy odtwarzanie muzyki nawet podczas d\u0142u\u017cszych tras. Wystarczy pod\u0142\u0105czy\u0107 wolne ko\u0144ce kabla do akumulatora motocykla i pod\u0142\u0105czy\u0107 z\u0142\u0105cze USB-C do modu\u0142u \u0142adowania lub modu\u0142u [&hellip;]","og_url":"https:\/\/moto-pawmar.pl\/?product=przew\ufffdd-do-\ufffdadowarki-sp-connect-cable-12v-dc-spc-black","og_site_name":"MOTO-PAWMAR","article_publisher":"https:\/\/www.facebook.com\/motopawmar\/?locale=pl_PL","article_modified_time":"2025-10-27T12:35:29+00:00","og_image":[{"width":800,"height":800,"url":"https:\/\/moto-pawmar.pl\/wp-content\/uploads\/2025\/10\/278447_ZAL567154.jpg","type":"image\/jpeg"}],"twitter_card":"summary_large_image","twitter_misc":{"Szacowany czas czytania":"1 minuta"},"schema":{"@context":"https:\/\/schema.org","@graph":[{"@type":"WebPage","@id":"https:\/\/moto-pawmar.pl\/?product=przew%ef%bf%bdd-do-%ef%bf%bdadowarki-sp-connect-cable-12v-dc-spc-black","url":"https:\/\/moto-pawmar.pl\/?product=przew%ef%bf%bdd-do-%ef%bf%bdadowarki-sp-connect-cable-12v-dc-spc-black","name":"Przew\u00f3d Do \u0141adowarki Sp Connect Cable 12V Dc Spc+ - MOTO-PAWMAR","isPartOf":{"@id":"https:\/\/moto-pawmar.pl\/#website"},"primaryImageOfPage":{"@id":"https:\/\/moto-pawmar.pl\/?product=przew%ef%bf%bdd-do-%ef%bf%bdadowarki-sp-connect-cable-12v-dc-spc-black#primaryimage"},"image":{"@id":"https:\/\/moto-pawmar.pl\/?product=przew%ef%bf%bdd-do-%ef%bf%bdadowarki-sp-connect-cable-12v-dc-spc-black#primaryimage"},"thumbnailUrl":"https:\/\/moto-pawmar.pl\/wp-content\/uploads\/2025\/10\/278447_ZAL567154.jpg","datePublished":"2025-10-27T09:17:43+00:00","dateModified":"2025-10-27T12:35:29+00:00","breadcrumb":{"@id":"https:\/\/moto-pawmar.pl\/?product=przew%ef%bf%bdd-do-%ef%bf%bdadowarki-sp-connect-cable-12v-dc-spc-black#breadcrumb"},"inLanguage":"pl-PL","potentialAction":[{"@type":"ReadAction","target":["https:\/\/moto-pawmar.pl\/?product=przew%ef%bf%bdd-do-%ef%bf%bdadowarki-sp-connect-cable-12v-dc-spc-black"]}]},{"@type":"ImageObject","inLanguage":"pl-PL","@id":"https:\/\/moto-pawmar.pl\/?product=przew%ef%bf%bdd-do-%ef%bf%bdadowarki-sp-connect-cable-12v-dc-spc-black#primaryimage","url":"https:\/\/moto-pawmar.pl\/wp-content\/uploads\/2025\/10\/278447_ZAL567154.jpg","contentUrl":"https:\/\/moto-pawmar.pl\/wp-content\/uploads\/2025\/10\/278447_ZAL567154.jpg","width":800,"height":800},{"@type":"BreadcrumbList","@id":"https:\/\/moto-pawmar.pl\/?product=przew%ef%bf%bdd-do-%ef%bf%bdadowarki-sp-connect-cable-12v-dc-spc-black#breadcrumb","itemListElement":[{"@type":"ListItem","position":1,"name":"Strona g\u0142\u00f3wna","item":"https:\/\/moto-pawmar.pl\/"},{"@type":"ListItem","position":2,"name":"Sklep Internetowy","item":"https:\/\/moto-pawmar.pl\/?page_id=367"},{"@type":"ListItem","position":3,"name":"Przew\u00f3d Do \u0141adowarki Sp Connect Cable 12V Dc Spc+"}]},{"@type":"WebSite","@id":"https:\/\/moto-pawmar.pl\/#website","url":"https:\/\/moto-pawmar.pl\/","name":"MOTO-PAWMAR","description":"MOTO\u2011PAWMAR \u2013 Tw\u00f3j sklep z cz\u0119\u015bciami i akcesoriami do motocykli, skuter\u00f3w i quad\u00f3w.","publisher":{"@id":"https:\/\/moto-pawmar.pl\/#organization"},"potentialAction":[{"@type":"SearchAction","target":{"@type":"EntryPoint","urlTemplate":"https:\/\/moto-pawmar.pl\/?s={search_term_string}"},"query-input":{"@type":"PropertyValueSpecification","valueRequired":true,"valueName":"search_term_string"}}],"inLanguage":"pl-PL"},{"@type":"Organization","@id":"https:\/\/moto-pawmar.pl\/#organization","name":"MOTO-PAWMAR","url":"https:\/\/moto-pawmar.pl\/","logo":{"@type":"ImageObject","inLanguage":"pl-PL","@id":"https:\/\/moto-pawmar.pl\/#\/schema\/logo\/image\/","url":"https:\/\/moto-pawmar.pl\/wp-content\/uploads\/2025\/10\/LOGO-SKLEP.png","contentUrl":"https:\/\/moto-pawmar.pl\/wp-content\/uploads\/2025\/10\/LOGO-SKLEP.png","width":2480,"height":2053,"caption":"MOTO-PAWMAR"},"image":{"@id":"https:\/\/moto-pawmar.pl\/#\/schema\/logo\/image\/"},"sameAs":["https:\/\/www.facebook.com\/motopawmar\/?locale=pl_PL"]}]}},"_links":{"self":[{"href":"https:\/\/moto-pawmar.pl\/index.php?rest_route=\/wp\/v2\/product\/2808","targetHints":{"allow":["GET"]}}],"collection":[{"href":"https:\/\/moto-pawmar.pl\/index.php?rest_route=\/wp\/v2\/product"}],"about":[{"href":"https:\/\/moto-pawmar.pl\/index.php?rest_route=\/wp\/v2\/types\/product"}],"wp:featuredmedia":[{"embeddable":true,"href":"https:\/\/moto-pawmar.pl\/index.php?rest_route=\/wp\/v2\/media\/2807"}],"wp:attachment":[{"href":"https:\/\/moto-pawmar.pl\/index.php?rest_route=%2Fwp%2Fv2%2Fmedia&parent=2808"}],"wp:term":[{"taxonomy":"product_brand","embeddable":true,"href":"https:\/\/moto-pawmar.pl\/index.php?rest_route=%2Fwp%2Fv2%2Fproduct_brand&post=2808"},{"taxonomy":"product_cat","embeddable":true,"href":"https:\/\/moto-pawmar.pl\/index.php?rest_route=%2Fwp%2Fv2%2Fproduct_cat&post=2808"},{"taxonomy":"product_tag","embeddable":true,"href":"https:\/\/moto-pawmar.pl\/index.php?rest_route=%2Fwp%2Fv2%2Fproduct_tag&post=2808"}],"curies":[{"name":"wp","href":"https:\/\/api.w.org\/{rel}","templated":true}]}}