{"id":2804,"date":"2025-10-27T10:17:39","date_gmt":"2025-10-27T09:17:39","guid":{"rendered":"https:\/\/moto-pawmar.pl\/?product=zestaw-uchywt%ef%bf%bdw-samoprzylepnych-sp-connect-adhesive-kit-spc"},"modified":"2025-10-27T13:36:49","modified_gmt":"2025-10-27T12:36:49","slug":"zestaw-uchywt%ef%bf%bdw-samoprzylepnych-sp-connect-adhesive-kit-spc","status":"publish","type":"product","link":"https:\/\/moto-pawmar.pl\/?product=zestaw-uchywt%ef%bf%bdw-samoprzylepnych-sp-connect-adhesive-kit-spc","title":{"rendered":"Zestaw Uchywt\u00f3w Samoprzylepnych Sp Connect Adhesive Kit Spc+"},"content":{"rendered":"<p><strong>Zestaw uchwyt\u00f3w samoprzylepnych na telefon SPC+<\/strong>\u00a0mo\u017cna swobodnie przymocowa\u0107 do prawie ka\u017cdej g\u0142adkiej, p\u0142askiej i nieporowatej powierzchni. Dzi\u0119ki temu masz zawsze\u00a0<strong>telefon pod r\u0119k\u0105 i widocznym miejscu<\/strong>. Zestaw zawiera trzy praktyczne uchwyty samoprzylepne, kt\u00f3re dzi\u0119ki\u00a0<strong>mocnemu klejowi 3M VHBTM<\/strong>, bardzo dobrze przylegaj\u0105 do powierzchni. Zamontuj sw\u00f3j telefon kom\u00f3rkowy w domu, biurze, w warsztacie.<\/p>\n<p><strong>PASUJE DO KA\u017bDEGO URZ\u0104DZENIA<\/strong><\/p>\n<p>Uchwyt pasuje do ka\u017cdego elementu posiadaj\u0105cego uniwersalne mocowanie SPC+. Mo\u017cesz wpi\u0105\u0107 urz\u0105dzenie bezpo\u015brednio (poprzez przytwierdzony do telefonu uniwersalny adapter) lub skorzysta\u0107 z etui SP Connect.<\/p>\n<p><strong>\u0141ATWY MONTA\u017b I OBS\u0141UGA<\/strong><\/p>\n<p>Monta\u017c uchwytu jest bardzo \u0142atwy i szybki. Uchwyt jest wyposa\u017cony w\u00a0<strong>nowe, o 25% mocniejsze, opatentowane mocowanie Twist to Lock<\/strong>. Wystarczy umie\u015bci\u0107 obudow\u0119 telefonu w uchwycie, obr\u00f3ci\u0107 o 90\u00b0 w prawo i gotowe.<\/p>\n<p>Dzi\u0119ki przej\u015bci\u00f3wce nowe mocowanie pasuje do wszystkich uchwyt\u00f3w SP Connect oraz akcesori\u00f3w marki. Tak\u017ce nawet, je\u015bli masz wcze\u015bniejszy model SP Connect \u2013 to \u017caden problem!<\/p>\n<p><strong>DOWOLNE USTAWIENIE<\/strong><\/p>\n<p>Uchwyt umo\u017cliwia rotacj\u0119 o 360\u00b0 \u2013 mo\u017cesz wpi\u0105\u0107 do niego telefon w pozycji pionowej lub poziomej.<\/p>\n<p><strong>O MARCE SP CONNECT<\/strong><\/p>\n<p>Produkty SP Connect wyr\u00f3\u017cniaj\u0105 si\u0119 najwy\u017csz\u0105 jako\u015bci\u0105 wykonania i praktycznymi rozwi\u0105zaniami. Wszystkie elementy system\u00f3w mocowania pasuj\u0105 do siebie niczym klocki, a ich monta\u017c jest \u0142atwy i intuicyjny. Wygodny w obs\u0142udze system Twist to Lock pewnie trzyma urz\u0105dzenie, a jednocze\u015bnie pozwala szybko je wpi\u0105\u0107 lub wypi\u0105\u0107. Dzi\u0119ki systemom SP Connect przymocowanie telefonu do motocykla, roweru lub w samochodzie zajmie ci zaledwie kilka sekund.<\/p>\n","protected":false},"excerpt":{"rendered":"<p>Zestaw uchwyt\u00f3w samoprzylepnych na telefon SPC+\u00a0mo\u017cna swobodnie przymocowa\u0107 do prawie ka\u017cdej g\u0142adkiej, p\u0142askiej i nieporowatej powierzchni. Dzi\u0119ki temu masz zawsze\u00a0telefon pod r\u0119k\u0105 i widocznym miejscu. Zestaw zawiera trzy praktyczne uchwyty samoprzylepne, kt\u00f3re dzi\u0119ki\u00a0mocnemu klejowi 3M VHBTM, bardzo dobrze przylegaj\u0105 do powierzchni. Zamontuj sw\u00f3j telefon kom\u00f3rkowy w domu, biurze, w warsztacie. PASUJE DO KA\u017bDEGO URZ\u0104DZENIA Uchwyt [&hellip;]<\/p>\n","protected":false},"featured_media":2803,"template":"","meta":[],"product_brand":[345],"product_cat":[306,309],"product_tag":[],"class_list":{"0":"post-2804","1":"product","2":"type-product","3":"status-publish","4":"has-post-thumbnail","6":"product_brand-sp-connect","7":"product_cat-elektronika-interkomy","8":"product_cat-uchwyty-ladowarki","10":"first","11":"instock","12":"taxable","13":"shipping-taxable","14":"purchasable","15":"product-type-simple"},"yoast_head":"<!-- This site is optimized with the Yoast SEO plugin v26.9 - https:\/\/yoast.com\/product\/yoast-seo-wordpress\/ -->\n<title>Zestaw Uchywt\u00f3w Samoprzylepnych Sp Connect Adhesive Kit Spc+ - MOTO-PAWMAR<\/title>\n<meta name=\"robots\" content=\"index, follow, max-snippet:-1, max-image-preview:large, max-video-preview:-1\" \/>\n<link rel=\"canonical\" href=\"https:\/\/moto-pawmar.pl\/?product=zestaw-uchywt\ufffdw-samoprzylepnych-sp-connect-adhesive-kit-spc\" \/>\n<meta property=\"og:locale\" content=\"pl_PL\" \/>\n<meta property=\"og:type\" content=\"article\" \/>\n<meta property=\"og:title\" content=\"Zestaw Uchywt\u00f3w Samoprzylepnych Sp Connect Adhesive Kit Spc+ - MOTO-PAWMAR\" \/>\n<meta property=\"og:description\" content=\"Zestaw uchwyt\u00f3w samoprzylepnych na telefon SPC+\u00a0mo\u017cna swobodnie przymocowa\u0107 do prawie ka\u017cdej g\u0142adkiej, p\u0142askiej i nieporowatej powierzchni. Dzi\u0119ki temu masz zawsze\u00a0telefon pod r\u0119k\u0105 i widocznym miejscu. Zestaw zawiera trzy praktyczne uchwyty samoprzylepne, kt\u00f3re dzi\u0119ki\u00a0mocnemu klejowi 3M VHBTM, bardzo dobrze przylegaj\u0105 do powierzchni. Zamontuj sw\u00f3j telefon kom\u00f3rkowy w domu, biurze, w warsztacie. PASUJE DO KA\u017bDEGO URZ\u0104DZENIA Uchwyt [&hellip;]\" \/>\n<meta property=\"og:url\" content=\"https:\/\/moto-pawmar.pl\/?product=zestaw-uchywt\ufffdw-samoprzylepnych-sp-connect-adhesive-kit-spc\" \/>\n<meta property=\"og:site_name\" content=\"MOTO-PAWMAR\" \/>\n<meta property=\"article:publisher\" content=\"https:\/\/www.facebook.com\/motopawmar\/?locale=pl_PL\" \/>\n<meta property=\"article:modified_time\" content=\"2025-10-27T12:36:49+00:00\" \/>\n<meta property=\"og:image\" content=\"https:\/\/moto-pawmar.pl\/wp-content\/uploads\/2025\/10\/278445_ZAL567201.jpg\" \/>\n\t<meta property=\"og:image:width\" content=\"800\" \/>\n\t<meta property=\"og:image:height\" content=\"800\" \/>\n\t<meta property=\"og:image:type\" content=\"image\/jpeg\" \/>\n<meta name=\"twitter:card\" content=\"summary_large_image\" \/>\n<meta name=\"twitter:label1\" content=\"Szacowany czas czytania\" \/>\n\t<meta name=\"twitter:data1\" content=\"1 minuta\" \/>\n<script type=\"application\/ld+json\" class=\"yoast-schema-graph\">{\"@context\":\"https:\/\/schema.org\",\"@graph\":[{\"@type\":\"WebPage\",\"@id\":\"https:\/\/moto-pawmar.pl\/?product=zestaw-uchywt%ef%bf%bdw-samoprzylepnych-sp-connect-adhesive-kit-spc\",\"url\":\"https:\/\/moto-pawmar.pl\/?product=zestaw-uchywt%ef%bf%bdw-samoprzylepnych-sp-connect-adhesive-kit-spc\",\"name\":\"Zestaw Uchywt\u00f3w Samoprzylepnych Sp Connect Adhesive Kit Spc+ - MOTO-PAWMAR\",\"isPartOf\":{\"@id\":\"https:\/\/moto-pawmar.pl\/#website\"},\"primaryImageOfPage\":{\"@id\":\"https:\/\/moto-pawmar.pl\/?product=zestaw-uchywt%ef%bf%bdw-samoprzylepnych-sp-connect-adhesive-kit-spc#primaryimage\"},\"image\":{\"@id\":\"https:\/\/moto-pawmar.pl\/?product=zestaw-uchywt%ef%bf%bdw-samoprzylepnych-sp-connect-adhesive-kit-spc#primaryimage\"},\"thumbnailUrl\":\"https:\/\/moto-pawmar.pl\/wp-content\/uploads\/2025\/10\/278445_ZAL567201.jpg\",\"datePublished\":\"2025-10-27T09:17:39+00:00\",\"dateModified\":\"2025-10-27T12:36:49+00:00\",\"breadcrumb\":{\"@id\":\"https:\/\/moto-pawmar.pl\/?product=zestaw-uchywt%ef%bf%bdw-samoprzylepnych-sp-connect-adhesive-kit-spc#breadcrumb\"},\"inLanguage\":\"pl-PL\",\"potentialAction\":[{\"@type\":\"ReadAction\",\"target\":[\"https:\/\/moto-pawmar.pl\/?product=zestaw-uchywt%ef%bf%bdw-samoprzylepnych-sp-connect-adhesive-kit-spc\"]}]},{\"@type\":\"ImageObject\",\"inLanguage\":\"pl-PL\",\"@id\":\"https:\/\/moto-pawmar.pl\/?product=zestaw-uchywt%ef%bf%bdw-samoprzylepnych-sp-connect-adhesive-kit-spc#primaryimage\",\"url\":\"https:\/\/moto-pawmar.pl\/wp-content\/uploads\/2025\/10\/278445_ZAL567201.jpg\",\"contentUrl\":\"https:\/\/moto-pawmar.pl\/wp-content\/uploads\/2025\/10\/278445_ZAL567201.jpg\",\"width\":800,\"height\":800},{\"@type\":\"BreadcrumbList\",\"@id\":\"https:\/\/moto-pawmar.pl\/?product=zestaw-uchywt%ef%bf%bdw-samoprzylepnych-sp-connect-adhesive-kit-spc#breadcrumb\",\"itemListElement\":[{\"@type\":\"ListItem\",\"position\":1,\"name\":\"Strona g\u0142\u00f3wna\",\"item\":\"https:\/\/moto-pawmar.pl\/\"},{\"@type\":\"ListItem\",\"position\":2,\"name\":\"Sklep Internetowy\",\"item\":\"https:\/\/moto-pawmar.pl\/?page_id=367\"},{\"@type\":\"ListItem\",\"position\":3,\"name\":\"Zestaw Uchywt\u00f3w Samoprzylepnych Sp Connect Adhesive Kit Spc+\"}]},{\"@type\":\"WebSite\",\"@id\":\"https:\/\/moto-pawmar.pl\/#website\",\"url\":\"https:\/\/moto-pawmar.pl\/\",\"name\":\"MOTO-PAWMAR\",\"description\":\"MOTO\u2011PAWMAR \u2013 Tw\u00f3j sklep z cz\u0119\u015bciami i akcesoriami do motocykli, skuter\u00f3w i quad\u00f3w.\",\"publisher\":{\"@id\":\"https:\/\/moto-pawmar.pl\/#organization\"},\"potentialAction\":[{\"@type\":\"SearchAction\",\"target\":{\"@type\":\"EntryPoint\",\"urlTemplate\":\"https:\/\/moto-pawmar.pl\/?s={search_term_string}\"},\"query-input\":{\"@type\":\"PropertyValueSpecification\",\"valueRequired\":true,\"valueName\":\"search_term_string\"}}],\"inLanguage\":\"pl-PL\"},{\"@type\":\"Organization\",\"@id\":\"https:\/\/moto-pawmar.pl\/#organization\",\"name\":\"MOTO-PAWMAR\",\"url\":\"https:\/\/moto-pawmar.pl\/\",\"logo\":{\"@type\":\"ImageObject\",\"inLanguage\":\"pl-PL\",\"@id\":\"https:\/\/moto-pawmar.pl\/#\/schema\/logo\/image\/\",\"url\":\"https:\/\/moto-pawmar.pl\/wp-content\/uploads\/2025\/10\/LOGO-SKLEP.png\",\"contentUrl\":\"https:\/\/moto-pawmar.pl\/wp-content\/uploads\/2025\/10\/LOGO-SKLEP.png\",\"width\":2480,\"height\":2053,\"caption\":\"MOTO-PAWMAR\"},\"image\":{\"@id\":\"https:\/\/moto-pawmar.pl\/#\/schema\/logo\/image\/\"},\"sameAs\":[\"https:\/\/www.facebook.com\/motopawmar\/?locale=pl_PL\"]}]}<\/script>\n<!-- \/ Yoast SEO plugin. -->","yoast_head_json":{"title":"Zestaw Uchywt\u00f3w Samoprzylepnych Sp Connect Adhesive Kit Spc+ - MOTO-PAWMAR","robots":{"index":"index","follow":"follow","max-snippet":"max-snippet:-1","max-image-preview":"max-image-preview:large","max-video-preview":"max-video-preview:-1"},"canonical":"https:\/\/moto-pawmar.pl\/?product=zestaw-uchywt\ufffdw-samoprzylepnych-sp-connect-adhesive-kit-spc","og_locale":"pl_PL","og_type":"article","og_title":"Zestaw Uchywt\u00f3w Samoprzylepnych Sp Connect Adhesive Kit Spc+ - MOTO-PAWMAR","og_description":"Zestaw uchwyt\u00f3w samoprzylepnych na telefon SPC+\u00a0mo\u017cna swobodnie przymocowa\u0107 do prawie ka\u017cdej g\u0142adkiej, p\u0142askiej i nieporowatej powierzchni. Dzi\u0119ki temu masz zawsze\u00a0telefon pod r\u0119k\u0105 i widocznym miejscu. Zestaw zawiera trzy praktyczne uchwyty samoprzylepne, kt\u00f3re dzi\u0119ki\u00a0mocnemu klejowi 3M VHBTM, bardzo dobrze przylegaj\u0105 do powierzchni. Zamontuj sw\u00f3j telefon kom\u00f3rkowy w domu, biurze, w warsztacie. PASUJE DO KA\u017bDEGO URZ\u0104DZENIA Uchwyt [&hellip;]","og_url":"https:\/\/moto-pawmar.pl\/?product=zestaw-uchywt\ufffdw-samoprzylepnych-sp-connect-adhesive-kit-spc","og_site_name":"MOTO-PAWMAR","article_publisher":"https:\/\/www.facebook.com\/motopawmar\/?locale=pl_PL","article_modified_time":"2025-10-27T12:36:49+00:00","og_image":[{"width":800,"height":800,"url":"https:\/\/moto-pawmar.pl\/wp-content\/uploads\/2025\/10\/278445_ZAL567201.jpg","type":"image\/jpeg"}],"twitter_card":"summary_large_image","twitter_misc":{"Szacowany czas czytania":"1 minuta"},"schema":{"@context":"https:\/\/schema.org","@graph":[{"@type":"WebPage","@id":"https:\/\/moto-pawmar.pl\/?product=zestaw-uchywt%ef%bf%bdw-samoprzylepnych-sp-connect-adhesive-kit-spc","url":"https:\/\/moto-pawmar.pl\/?product=zestaw-uchywt%ef%bf%bdw-samoprzylepnych-sp-connect-adhesive-kit-spc","name":"Zestaw Uchywt\u00f3w Samoprzylepnych Sp Connect Adhesive Kit Spc+ - MOTO-PAWMAR","isPartOf":{"@id":"https:\/\/moto-pawmar.pl\/#website"},"primaryImageOfPage":{"@id":"https:\/\/moto-pawmar.pl\/?product=zestaw-uchywt%ef%bf%bdw-samoprzylepnych-sp-connect-adhesive-kit-spc#primaryimage"},"image":{"@id":"https:\/\/moto-pawmar.pl\/?product=zestaw-uchywt%ef%bf%bdw-samoprzylepnych-sp-connect-adhesive-kit-spc#primaryimage"},"thumbnailUrl":"https:\/\/moto-pawmar.pl\/wp-content\/uploads\/2025\/10\/278445_ZAL567201.jpg","datePublished":"2025-10-27T09:17:39+00:00","dateModified":"2025-10-27T12:36:49+00:00","breadcrumb":{"@id":"https:\/\/moto-pawmar.pl\/?product=zestaw-uchywt%ef%bf%bdw-samoprzylepnych-sp-connect-adhesive-kit-spc#breadcrumb"},"inLanguage":"pl-PL","potentialAction":[{"@type":"ReadAction","target":["https:\/\/moto-pawmar.pl\/?product=zestaw-uchywt%ef%bf%bdw-samoprzylepnych-sp-connect-adhesive-kit-spc"]}]},{"@type":"ImageObject","inLanguage":"pl-PL","@id":"https:\/\/moto-pawmar.pl\/?product=zestaw-uchywt%ef%bf%bdw-samoprzylepnych-sp-connect-adhesive-kit-spc#primaryimage","url":"https:\/\/moto-pawmar.pl\/wp-content\/uploads\/2025\/10\/278445_ZAL567201.jpg","contentUrl":"https:\/\/moto-pawmar.pl\/wp-content\/uploads\/2025\/10\/278445_ZAL567201.jpg","width":800,"height":800},{"@type":"BreadcrumbList","@id":"https:\/\/moto-pawmar.pl\/?product=zestaw-uchywt%ef%bf%bdw-samoprzylepnych-sp-connect-adhesive-kit-spc#breadcrumb","itemListElement":[{"@type":"ListItem","position":1,"name":"Strona g\u0142\u00f3wna","item":"https:\/\/moto-pawmar.pl\/"},{"@type":"ListItem","position":2,"name":"Sklep Internetowy","item":"https:\/\/moto-pawmar.pl\/?page_id=367"},{"@type":"ListItem","position":3,"name":"Zestaw Uchywt\u00f3w Samoprzylepnych Sp Connect Adhesive Kit Spc+"}]},{"@type":"WebSite","@id":"https:\/\/moto-pawmar.pl\/#website","url":"https:\/\/moto-pawmar.pl\/","name":"MOTO-PAWMAR","description":"MOTO\u2011PAWMAR \u2013 Tw\u00f3j sklep z cz\u0119\u015bciami i akcesoriami do motocykli, skuter\u00f3w i quad\u00f3w.","publisher":{"@id":"https:\/\/moto-pawmar.pl\/#organization"},"potentialAction":[{"@type":"SearchAction","target":{"@type":"EntryPoint","urlTemplate":"https:\/\/moto-pawmar.pl\/?s={search_term_string}"},"query-input":{"@type":"PropertyValueSpecification","valueRequired":true,"valueName":"search_term_string"}}],"inLanguage":"pl-PL"},{"@type":"Organization","@id":"https:\/\/moto-pawmar.pl\/#organization","name":"MOTO-PAWMAR","url":"https:\/\/moto-pawmar.pl\/","logo":{"@type":"ImageObject","inLanguage":"pl-PL","@id":"https:\/\/moto-pawmar.pl\/#\/schema\/logo\/image\/","url":"https:\/\/moto-pawmar.pl\/wp-content\/uploads\/2025\/10\/LOGO-SKLEP.png","contentUrl":"https:\/\/moto-pawmar.pl\/wp-content\/uploads\/2025\/10\/LOGO-SKLEP.png","width":2480,"height":2053,"caption":"MOTO-PAWMAR"},"image":{"@id":"https:\/\/moto-pawmar.pl\/#\/schema\/logo\/image\/"},"sameAs":["https:\/\/www.facebook.com\/motopawmar\/?locale=pl_PL"]}]}},"_links":{"self":[{"href":"https:\/\/moto-pawmar.pl\/index.php?rest_route=\/wp\/v2\/product\/2804","targetHints":{"allow":["GET"]}}],"collection":[{"href":"https:\/\/moto-pawmar.pl\/index.php?rest_route=\/wp\/v2\/product"}],"about":[{"href":"https:\/\/moto-pawmar.pl\/index.php?rest_route=\/wp\/v2\/types\/product"}],"wp:featuredmedia":[{"embeddable":true,"href":"https:\/\/moto-pawmar.pl\/index.php?rest_route=\/wp\/v2\/media\/2803"}],"wp:attachment":[{"href":"https:\/\/moto-pawmar.pl\/index.php?rest_route=%2Fwp%2Fv2%2Fmedia&parent=2804"}],"wp:term":[{"taxonomy":"product_brand","embeddable":true,"href":"https:\/\/moto-pawmar.pl\/index.php?rest_route=%2Fwp%2Fv2%2Fproduct_brand&post=2804"},{"taxonomy":"product_cat","embeddable":true,"href":"https:\/\/moto-pawmar.pl\/index.php?rest_route=%2Fwp%2Fv2%2Fproduct_cat&post=2804"},{"taxonomy":"product_tag","embeddable":true,"href":"https:\/\/moto-pawmar.pl\/index.php?rest_route=%2Fwp%2Fv2%2Fproduct_tag&post=2804"}],"curies":[{"name":"wp","href":"https:\/\/api.w.org\/{rel}","templated":true}]}}