{"id":2792,"date":"2025-10-27T10:17:38","date_gmt":"2025-10-27T09:17:38","guid":{"rendered":"https:\/\/moto-pawmar.pl\/?product=uchwyt-na-telefon-sp-connect-universal-mount-spc-black"},"modified":"2025-10-27T13:41:18","modified_gmt":"2025-10-27T12:41:18","slug":"uchwyt-na-telefon-sp-connect-universal-mount-spc-black","status":"publish","type":"product","link":"https:\/\/moto-pawmar.pl\/?product=uchwyt-na-telefon-sp-connect-universal-mount-spc-black","title":{"rendered":"UCHWYT NA TELEFON SP CONNECT UNIVERSAL MOUNT SPC+ BLACK"},"content":{"rendered":"<p><strong>Uniwersalny uchwyt na rzep SPC+<\/strong>\u00a0pozwoli ci bezpiecznie i wygodnie przymocowa\u0107 tw\u00f3j smartfon do kierownicy motocykla, ramy roweru lub innego elementu o \u015brednicy mieszcz\u0105cej si\u0119 pomi\u0119dzy 20 a 90 mm. Uchwyt pasuje do wszystkich urz\u0105dze\u0144 z mocowaniem SPC+ Twist to Lock. Uniwersalny uchwyt na rzep SPC+ pozwala wpi\u0105\u0107 telefon bezpo\u015brednio, w etui lub pokrowcu przeciwdeszczowym.<\/p>\n<p><strong>PASUJE DO KA\u017bDEGO URZ\u0104DZENIA<\/strong><\/p>\n<p><strong>Uchwyt pasuje do ka\u017cdego elementu posiadaj\u0105cego uniwersalne mocowanie SPC+<\/strong>. Mo\u017cesz wpi\u0105\u0107 urz\u0105dzenie (telefon, tablet, powerbank itp.) bezpo\u015brednio (poprzez przytwierdzony do niego uniwersalny adapter) lub skorzysta\u0107 z etui lub pokrowca przeciwdeszczowego SP Connect SPC+.<\/p>\n<p>Dzi\u0119ki przej\u015bci\u00f3wce nowe mocowanie pasuje do wszystkich uchwyt\u00f3w SP Connect oraz akcesori\u00f3w marki, takich jak: \u0142adowarka bezprzewodowa czy opaska treningowa. Tak\u017ce nawet, je\u015bli masz wcze\u015bniejszy model SP Connect \u2013 to \u017caden problem!<\/p>\n<p><strong>KORZYSTAJ Z NAWIGACJI I ULUBIONYCH APLIKACJI PODCZAS JAZDY<\/strong><\/p>\n<p>Dzi\u0119ki uchwytowi na rzep SPC+ mo\u017cesz wygodnie korzysta\u0107 z telefonu podczas jazdy rowerem, motocyklem lub podczas treningu.<\/p>\n<p><strong>NA KIEROWNIC\u0118 MOTOCYKLA, RAM\u0118 ROWERU LUB INNY ELEMENT<\/strong><\/p>\n<p><strong>Dzi\u0119ki regulowanemu rzepowi uchwyt mo\u017cesz zamontowa\u0107 na kierownicy motocykla, ramie roweru, dowolnym elemencie sprz\u0119tu do \u0107wicze\u0144, w\u00f3zku dzieci\u0119cym<\/strong>\u00a0etc. Pasuje do wszystkich element\u00f3w o \u015brednicy od 20 do 90 mm. W zestawie znajdziesz 2 paski, umo\u017cliwiaj\u0105ce dostosowanie uchwytu do wybranej \u015brednicy.<\/p>\n<p><strong>\u0141ATWY MONTA\u017b I OBS\u0141UGA<\/strong><\/p>\n<p>Monta\u017c uniwersalnego uchwytu SPC+ jest bardzo \u0142atwy i szybki. Nie potrzebujesz do niego \u017cadnych narz\u0119dzi. Telefon do uchwytu wpinasz i wypinasz przekr\u0119caj\u0105c go o 90\u00b0.<\/p>\n<p><strong>DOWOLNE USTAWIENIE<\/strong><\/p>\n<p>Uchwyt umo\u017cliwia ustawienie telefonu poziomo lub pionowo oraz rotacj\u0119 o 360\u00b0.<\/p>\n<p><strong>WYTRZYMA\u0141O\u015a\u0106 I PEWNE MOCOWANIE<\/strong><\/p>\n<p>Uchwyt wykonany z solidnych, wytrzyma\u0142ych materia\u0142\u00f3w. Pewnie zabezpieczy tw\u00f3j telefon przed upadkiem.<\/p>\n<p><strong>ZAWARTO\u015a\u0106 ZESTAWU:<\/strong><\/p>\n<ul>\n<li>Uchwyt na rzep SPC+<\/li>\n<li>2 rzepy o r\u00f3\u017cnej d\u0142ugo\u015bci paska<\/li>\n<\/ul>\n<p><strong>O MARCE SP CONNECT<\/strong><\/p>\n<p>Produkty SP Connect wyr\u00f3\u017cniaj\u0105 si\u0119 najwy\u017csz\u0105 jako\u015bci\u0105 wykonania i praktycznymi rozwi\u0105zaniami. Wszystkie elementy system\u00f3w mocowania pasuj\u0105 do siebie niczym klocki, a ich monta\u017c jest \u0142atwy i intuicyjny. Wygodny w obs\u0142udze system Twist to Lock pewnie trzyma urz\u0105dzenie, a jednocze\u015bnie pozwala szybko je wpi\u0105\u0107 lub wypi\u0105\u0107. Dzi\u0119ki systemom SP Connect przymocowanie telefonu do motocykla, roweru lub w samochodzie zajmie ci zaledwie kilka sekund.<\/p>\n","protected":false},"excerpt":{"rendered":"<p>Uniwersalny uchwyt na rzep SPC+\u00a0pozwoli ci bezpiecznie i wygodnie przymocowa\u0107 tw\u00f3j smartfon do kierownicy motocykla, ramy roweru lub innego elementu o \u015brednicy mieszcz\u0105cej si\u0119 pomi\u0119dzy 20 a 90 mm. Uchwyt pasuje do wszystkich urz\u0105dze\u0144 z mocowaniem SPC+ Twist to Lock. Uniwersalny uchwyt na rzep SPC+ pozwala wpi\u0105\u0107 telefon bezpo\u015brednio, w etui lub pokrowcu przeciwdeszczowym. PASUJE [&hellip;]<\/p>\n","protected":false},"featured_media":2791,"template":"","meta":[],"product_brand":[345],"product_cat":[306,309],"product_tag":[],"class_list":{"0":"post-2792","1":"product","2":"type-product","3":"status-publish","4":"has-post-thumbnail","6":"product_brand-sp-connect","7":"product_cat-elektronika-interkomy","8":"product_cat-uchwyty-ladowarki","10":"first","11":"instock","12":"taxable","13":"shipping-taxable","14":"purchasable","15":"product-type-simple"},"yoast_head":"<!-- This site is optimized with the Yoast SEO plugin v26.9 - https:\/\/yoast.com\/product\/yoast-seo-wordpress\/ -->\n<title>UCHWYT NA TELEFON SP CONNECT UNIVERSAL MOUNT SPC+ BLACK - MOTO-PAWMAR<\/title>\n<meta name=\"robots\" content=\"index, follow, max-snippet:-1, max-image-preview:large, max-video-preview:-1\" \/>\n<link rel=\"canonical\" href=\"https:\/\/moto-pawmar.pl\/?product=uchwyt-na-telefon-sp-connect-universal-mount-spc-black\" \/>\n<meta property=\"og:locale\" content=\"pl_PL\" \/>\n<meta property=\"og:type\" content=\"article\" \/>\n<meta property=\"og:title\" content=\"UCHWYT NA TELEFON SP CONNECT UNIVERSAL MOUNT SPC+ BLACK - MOTO-PAWMAR\" \/>\n<meta property=\"og:description\" content=\"Uniwersalny uchwyt na rzep SPC+\u00a0pozwoli ci bezpiecznie i wygodnie przymocowa\u0107 tw\u00f3j smartfon do kierownicy motocykla, ramy roweru lub innego elementu o \u015brednicy mieszcz\u0105cej si\u0119 pomi\u0119dzy 20 a 90 mm. Uchwyt pasuje do wszystkich urz\u0105dze\u0144 z mocowaniem SPC+ Twist to Lock. Uniwersalny uchwyt na rzep SPC+ pozwala wpi\u0105\u0107 telefon bezpo\u015brednio, w etui lub pokrowcu przeciwdeszczowym. PASUJE [&hellip;]\" \/>\n<meta property=\"og:url\" content=\"https:\/\/moto-pawmar.pl\/?product=uchwyt-na-telefon-sp-connect-universal-mount-spc-black\" \/>\n<meta property=\"og:site_name\" content=\"MOTO-PAWMAR\" \/>\n<meta property=\"article:publisher\" content=\"https:\/\/www.facebook.com\/motopawmar\/?locale=pl_PL\" \/>\n<meta property=\"article:modified_time\" content=\"2025-10-27T12:41:18+00:00\" \/>\n<meta property=\"og:image\" content=\"https:\/\/moto-pawmar.pl\/wp-content\/uploads\/2025\/10\/278437_ZAL567173.jpg\" \/>\n\t<meta property=\"og:image:width\" content=\"800\" \/>\n\t<meta property=\"og:image:height\" content=\"800\" \/>\n\t<meta property=\"og:image:type\" content=\"image\/jpeg\" \/>\n<meta name=\"twitter:card\" content=\"summary_large_image\" \/>\n<meta name=\"twitter:label1\" content=\"Szacowany czas czytania\" \/>\n\t<meta name=\"twitter:data1\" content=\"2 minuty\" \/>\n<script type=\"application\/ld+json\" class=\"yoast-schema-graph\">{\"@context\":\"https:\/\/schema.org\",\"@graph\":[{\"@type\":\"WebPage\",\"@id\":\"https:\/\/moto-pawmar.pl\/?product=uchwyt-na-telefon-sp-connect-universal-mount-spc-black\",\"url\":\"https:\/\/moto-pawmar.pl\/?product=uchwyt-na-telefon-sp-connect-universal-mount-spc-black\",\"name\":\"UCHWYT NA TELEFON SP CONNECT UNIVERSAL MOUNT SPC+ BLACK - MOTO-PAWMAR\",\"isPartOf\":{\"@id\":\"https:\/\/moto-pawmar.pl\/#website\"},\"primaryImageOfPage\":{\"@id\":\"https:\/\/moto-pawmar.pl\/?product=uchwyt-na-telefon-sp-connect-universal-mount-spc-black#primaryimage\"},\"image\":{\"@id\":\"https:\/\/moto-pawmar.pl\/?product=uchwyt-na-telefon-sp-connect-universal-mount-spc-black#primaryimage\"},\"thumbnailUrl\":\"https:\/\/moto-pawmar.pl\/wp-content\/uploads\/2025\/10\/278437_ZAL567173.jpg\",\"datePublished\":\"2025-10-27T09:17:38+00:00\",\"dateModified\":\"2025-10-27T12:41:18+00:00\",\"breadcrumb\":{\"@id\":\"https:\/\/moto-pawmar.pl\/?product=uchwyt-na-telefon-sp-connect-universal-mount-spc-black#breadcrumb\"},\"inLanguage\":\"pl-PL\",\"potentialAction\":[{\"@type\":\"ReadAction\",\"target\":[\"https:\/\/moto-pawmar.pl\/?product=uchwyt-na-telefon-sp-connect-universal-mount-spc-black\"]}]},{\"@type\":\"ImageObject\",\"inLanguage\":\"pl-PL\",\"@id\":\"https:\/\/moto-pawmar.pl\/?product=uchwyt-na-telefon-sp-connect-universal-mount-spc-black#primaryimage\",\"url\":\"https:\/\/moto-pawmar.pl\/wp-content\/uploads\/2025\/10\/278437_ZAL567173.jpg\",\"contentUrl\":\"https:\/\/moto-pawmar.pl\/wp-content\/uploads\/2025\/10\/278437_ZAL567173.jpg\",\"width\":800,\"height\":800},{\"@type\":\"BreadcrumbList\",\"@id\":\"https:\/\/moto-pawmar.pl\/?product=uchwyt-na-telefon-sp-connect-universal-mount-spc-black#breadcrumb\",\"itemListElement\":[{\"@type\":\"ListItem\",\"position\":1,\"name\":\"Strona g\u0142\u00f3wna\",\"item\":\"https:\/\/moto-pawmar.pl\/\"},{\"@type\":\"ListItem\",\"position\":2,\"name\":\"Sklep Internetowy\",\"item\":\"https:\/\/moto-pawmar.pl\/?page_id=367\"},{\"@type\":\"ListItem\",\"position\":3,\"name\":\"UCHWYT NA TELEFON SP CONNECT UNIVERSAL MOUNT SPC+ BLACK\"}]},{\"@type\":\"WebSite\",\"@id\":\"https:\/\/moto-pawmar.pl\/#website\",\"url\":\"https:\/\/moto-pawmar.pl\/\",\"name\":\"MOTO-PAWMAR\",\"description\":\"MOTO\u2011PAWMAR \u2013 Tw\u00f3j sklep z cz\u0119\u015bciami i akcesoriami do motocykli, skuter\u00f3w i quad\u00f3w.\",\"publisher\":{\"@id\":\"https:\/\/moto-pawmar.pl\/#organization\"},\"potentialAction\":[{\"@type\":\"SearchAction\",\"target\":{\"@type\":\"EntryPoint\",\"urlTemplate\":\"https:\/\/moto-pawmar.pl\/?s={search_term_string}\"},\"query-input\":{\"@type\":\"PropertyValueSpecification\",\"valueRequired\":true,\"valueName\":\"search_term_string\"}}],\"inLanguage\":\"pl-PL\"},{\"@type\":\"Organization\",\"@id\":\"https:\/\/moto-pawmar.pl\/#organization\",\"name\":\"MOTO-PAWMAR\",\"url\":\"https:\/\/moto-pawmar.pl\/\",\"logo\":{\"@type\":\"ImageObject\",\"inLanguage\":\"pl-PL\",\"@id\":\"https:\/\/moto-pawmar.pl\/#\/schema\/logo\/image\/\",\"url\":\"https:\/\/moto-pawmar.pl\/wp-content\/uploads\/2025\/10\/LOGO-SKLEP.png\",\"contentUrl\":\"https:\/\/moto-pawmar.pl\/wp-content\/uploads\/2025\/10\/LOGO-SKLEP.png\",\"width\":2480,\"height\":2053,\"caption\":\"MOTO-PAWMAR\"},\"image\":{\"@id\":\"https:\/\/moto-pawmar.pl\/#\/schema\/logo\/image\/\"},\"sameAs\":[\"https:\/\/www.facebook.com\/motopawmar\/?locale=pl_PL\"]}]}<\/script>\n<!-- \/ Yoast SEO plugin. -->","yoast_head_json":{"title":"UCHWYT NA TELEFON SP CONNECT UNIVERSAL MOUNT SPC+ BLACK - MOTO-PAWMAR","robots":{"index":"index","follow":"follow","max-snippet":"max-snippet:-1","max-image-preview":"max-image-preview:large","max-video-preview":"max-video-preview:-1"},"canonical":"https:\/\/moto-pawmar.pl\/?product=uchwyt-na-telefon-sp-connect-universal-mount-spc-black","og_locale":"pl_PL","og_type":"article","og_title":"UCHWYT NA TELEFON SP CONNECT UNIVERSAL MOUNT SPC+ BLACK - MOTO-PAWMAR","og_description":"Uniwersalny uchwyt na rzep SPC+\u00a0pozwoli ci bezpiecznie i wygodnie przymocowa\u0107 tw\u00f3j smartfon do kierownicy motocykla, ramy roweru lub innego elementu o \u015brednicy mieszcz\u0105cej si\u0119 pomi\u0119dzy 20 a 90 mm. Uchwyt pasuje do wszystkich urz\u0105dze\u0144 z mocowaniem SPC+ Twist to Lock. Uniwersalny uchwyt na rzep SPC+ pozwala wpi\u0105\u0107 telefon bezpo\u015brednio, w etui lub pokrowcu przeciwdeszczowym. PASUJE [&hellip;]","og_url":"https:\/\/moto-pawmar.pl\/?product=uchwyt-na-telefon-sp-connect-universal-mount-spc-black","og_site_name":"MOTO-PAWMAR","article_publisher":"https:\/\/www.facebook.com\/motopawmar\/?locale=pl_PL","article_modified_time":"2025-10-27T12:41:18+00:00","og_image":[{"width":800,"height":800,"url":"https:\/\/moto-pawmar.pl\/wp-content\/uploads\/2025\/10\/278437_ZAL567173.jpg","type":"image\/jpeg"}],"twitter_card":"summary_large_image","twitter_misc":{"Szacowany czas czytania":"2 minuty"},"schema":{"@context":"https:\/\/schema.org","@graph":[{"@type":"WebPage","@id":"https:\/\/moto-pawmar.pl\/?product=uchwyt-na-telefon-sp-connect-universal-mount-spc-black","url":"https:\/\/moto-pawmar.pl\/?product=uchwyt-na-telefon-sp-connect-universal-mount-spc-black","name":"UCHWYT NA TELEFON SP CONNECT UNIVERSAL MOUNT SPC+ BLACK - MOTO-PAWMAR","isPartOf":{"@id":"https:\/\/moto-pawmar.pl\/#website"},"primaryImageOfPage":{"@id":"https:\/\/moto-pawmar.pl\/?product=uchwyt-na-telefon-sp-connect-universal-mount-spc-black#primaryimage"},"image":{"@id":"https:\/\/moto-pawmar.pl\/?product=uchwyt-na-telefon-sp-connect-universal-mount-spc-black#primaryimage"},"thumbnailUrl":"https:\/\/moto-pawmar.pl\/wp-content\/uploads\/2025\/10\/278437_ZAL567173.jpg","datePublished":"2025-10-27T09:17:38+00:00","dateModified":"2025-10-27T12:41:18+00:00","breadcrumb":{"@id":"https:\/\/moto-pawmar.pl\/?product=uchwyt-na-telefon-sp-connect-universal-mount-spc-black#breadcrumb"},"inLanguage":"pl-PL","potentialAction":[{"@type":"ReadAction","target":["https:\/\/moto-pawmar.pl\/?product=uchwyt-na-telefon-sp-connect-universal-mount-spc-black"]}]},{"@type":"ImageObject","inLanguage":"pl-PL","@id":"https:\/\/moto-pawmar.pl\/?product=uchwyt-na-telefon-sp-connect-universal-mount-spc-black#primaryimage","url":"https:\/\/moto-pawmar.pl\/wp-content\/uploads\/2025\/10\/278437_ZAL567173.jpg","contentUrl":"https:\/\/moto-pawmar.pl\/wp-content\/uploads\/2025\/10\/278437_ZAL567173.jpg","width":800,"height":800},{"@type":"BreadcrumbList","@id":"https:\/\/moto-pawmar.pl\/?product=uchwyt-na-telefon-sp-connect-universal-mount-spc-black#breadcrumb","itemListElement":[{"@type":"ListItem","position":1,"name":"Strona g\u0142\u00f3wna","item":"https:\/\/moto-pawmar.pl\/"},{"@type":"ListItem","position":2,"name":"Sklep Internetowy","item":"https:\/\/moto-pawmar.pl\/?page_id=367"},{"@type":"ListItem","position":3,"name":"UCHWYT NA TELEFON SP CONNECT UNIVERSAL MOUNT SPC+ BLACK"}]},{"@type":"WebSite","@id":"https:\/\/moto-pawmar.pl\/#website","url":"https:\/\/moto-pawmar.pl\/","name":"MOTO-PAWMAR","description":"MOTO\u2011PAWMAR \u2013 Tw\u00f3j sklep z cz\u0119\u015bciami i akcesoriami do motocykli, skuter\u00f3w i quad\u00f3w.","publisher":{"@id":"https:\/\/moto-pawmar.pl\/#organization"},"potentialAction":[{"@type":"SearchAction","target":{"@type":"EntryPoint","urlTemplate":"https:\/\/moto-pawmar.pl\/?s={search_term_string}"},"query-input":{"@type":"PropertyValueSpecification","valueRequired":true,"valueName":"search_term_string"}}],"inLanguage":"pl-PL"},{"@type":"Organization","@id":"https:\/\/moto-pawmar.pl\/#organization","name":"MOTO-PAWMAR","url":"https:\/\/moto-pawmar.pl\/","logo":{"@type":"ImageObject","inLanguage":"pl-PL","@id":"https:\/\/moto-pawmar.pl\/#\/schema\/logo\/image\/","url":"https:\/\/moto-pawmar.pl\/wp-content\/uploads\/2025\/10\/LOGO-SKLEP.png","contentUrl":"https:\/\/moto-pawmar.pl\/wp-content\/uploads\/2025\/10\/LOGO-SKLEP.png","width":2480,"height":2053,"caption":"MOTO-PAWMAR"},"image":{"@id":"https:\/\/moto-pawmar.pl\/#\/schema\/logo\/image\/"},"sameAs":["https:\/\/www.facebook.com\/motopawmar\/?locale=pl_PL"]}]}},"_links":{"self":[{"href":"https:\/\/moto-pawmar.pl\/index.php?rest_route=\/wp\/v2\/product\/2792","targetHints":{"allow":["GET"]}}],"collection":[{"href":"https:\/\/moto-pawmar.pl\/index.php?rest_route=\/wp\/v2\/product"}],"about":[{"href":"https:\/\/moto-pawmar.pl\/index.php?rest_route=\/wp\/v2\/types\/product"}],"wp:featuredmedia":[{"embeddable":true,"href":"https:\/\/moto-pawmar.pl\/index.php?rest_route=\/wp\/v2\/media\/2791"}],"wp:attachment":[{"href":"https:\/\/moto-pawmar.pl\/index.php?rest_route=%2Fwp%2Fv2%2Fmedia&parent=2792"}],"wp:term":[{"taxonomy":"product_brand","embeddable":true,"href":"https:\/\/moto-pawmar.pl\/index.php?rest_route=%2Fwp%2Fv2%2Fproduct_brand&post=2792"},{"taxonomy":"product_cat","embeddable":true,"href":"https:\/\/moto-pawmar.pl\/index.php?rest_route=%2Fwp%2Fv2%2Fproduct_cat&post=2792"},{"taxonomy":"product_tag","embeddable":true,"href":"https:\/\/moto-pawmar.pl\/index.php?rest_route=%2Fwp%2Fv2%2Fproduct_tag&post=2792"}],"curies":[{"name":"wp","href":"https:\/\/api.w.org\/{rel}","templated":true}]}}