{"id":2790,"date":"2025-10-27T10:17:37","date_gmt":"2025-10-27T09:17:37","guid":{"rendered":"https:\/\/moto-pawmar.pl\/?product=uchwyt-na-palec-do-telefonu-sp-connect-ring-mount-spc"},"modified":"2025-10-27T13:41:57","modified_gmt":"2025-10-27T12:41:57","slug":"uchwyt-na-palec-do-telefonu-sp-connect-ring-mount-spc","status":"publish","type":"product","link":"https:\/\/moto-pawmar.pl\/?product=uchwyt-na-palec-do-telefonu-sp-connect-ring-mount-spc","title":{"rendered":"UCHWYT NA PALEC DO TELEFONU SP CONNECT RING MOUNT SPC+"},"content":{"rendered":"<p>Dzi\u0119ki\u00a0<strong>uchwytowi na palec do telefonu SPC+<\/strong>\u00a0tw\u00f3j telefon jest jeszcze bezpieczniejszy. Uchwyt mo\u017ce by\u0107 u\u017cywany tak\u017ce jako\u00a0<strong>podstawka lub zawieszka do telefonu<\/strong>. P\u0142aski i kompaktowy uchwyt na palec\u00a0<strong>pasuje do wszystkich etui i pokrowc\u00f3w SP Connect<\/strong>\u00a0oraz do uniwersalnego adaptera SP Connect. Jest\u00a0<strong>na tyle kompaktowy, \u017ce zmie\u015bci si\u0119 w ka\u017cdej kieszeni spodni.<\/strong><\/p>\n<p><strong>PASUJE DO KA\u017bDEGO ETUI, POKROWC\u00d3W I ADAPTER\u00d3W SP CONNECT<\/strong><\/p>\n<p><strong>Uchwyt na palec do telefonu SPC+ mo\u017cesz zamocowa\u0107 do telefonu wyposa\u017conego w uniwersalny adapter SPC+ oraz do ka\u017cdego etui i pokrowca przeciwdeszczowego marki<\/strong>.<\/p>\n<p>Dzi\u0119ki przej\u015bci\u00f3wce nowe mocowanie pasuje do wszystkich uchwyt\u00f3w SP Connect oraz akcesori\u00f3w marki, takich jak: \u0142adowarka bezprzewodowa czy opaska treningowa. Tak\u017ce nawet, je\u015bli masz wcze\u015bniejszy model SP Connect \u2013 to \u017caden problem!<\/p>\n<p><strong>\u0141ATWY MONTA\u017b I OBS\u0141UGA<\/strong><\/p>\n<p>Uchwyt \u0142atwo wepniesz do ka\u017cdego mocowania SP Connect. Wystarczy przekr\u0119ci\u0107 go o 90\u00b0.<\/p>\n<p><strong>WYTRZYMA\u0141O\u015a\u0106 I PEWNE MOCOWANIE<\/strong><\/p>\n<p>Uchwyt pewnie i solidnie trzyma si\u0119 mocowania SP Connect, zabezpieczaj\u0105c tw\u00f3j telefon przed upadkiem.<\/p>\n<p><strong>P\u0141ASKI KSZTA\u0141T I ESTETYCZNY WYGL\u0104D<\/strong><\/p>\n<p>Uchwyt zajmuje bardzo niewiele miejsca i z\u0142o\u017cony nie odstaje od telefonu.<\/p>\n<p><strong>O MARCE SP CONNECT<\/strong><\/p>\n<p>Produkty SP Connect wyr\u00f3\u017cniaj\u0105 si\u0119 najwy\u017csz\u0105 jako\u015bci\u0105 wykonania i praktycznymi rozwi\u0105zaniami. Wszystkie elementy system\u00f3w mocowania pasuj\u0105 do siebie niczym klocki, a ich monta\u017c jest \u0142atwy i intuicyjny. Wygodny w obs\u0142udze system Twist to Lock pewnie trzyma urz\u0105dzenie, a jednocze\u015bnie pozwala szybko je wpi\u0105\u0107 lub wypi\u0105\u0107. Dzi\u0119ki systemom SP Connect przymocowanie telefonu do motocykla, roweru lub w samochodzie zajmie ci zaledwie kilka sekund.<\/p>\n","protected":false},"excerpt":{"rendered":"<p>Dzi\u0119ki\u00a0uchwytowi na palec do telefonu SPC+\u00a0tw\u00f3j telefon jest jeszcze bezpieczniejszy. Uchwyt mo\u017ce by\u0107 u\u017cywany tak\u017ce jako\u00a0podstawka lub zawieszka do telefonu. P\u0142aski i kompaktowy uchwyt na palec\u00a0pasuje do wszystkich etui i pokrowc\u00f3w SP Connect\u00a0oraz do uniwersalnego adaptera SP Connect. Jest\u00a0na tyle kompaktowy, \u017ce zmie\u015bci si\u0119 w ka\u017cdej kieszeni spodni. PASUJE DO KA\u017bDEGO ETUI, POKROWC\u00d3W I ADAPTER\u00d3W [&hellip;]<\/p>\n","protected":false},"featured_media":2789,"template":"","meta":[],"product_brand":[345],"product_cat":[306,309],"product_tag":[],"class_list":{"0":"post-2790","1":"product","2":"type-product","3":"status-publish","4":"has-post-thumbnail","6":"product_brand-sp-connect","7":"product_cat-elektronika-interkomy","8":"product_cat-uchwyty-ladowarki","10":"first","11":"instock","12":"taxable","13":"shipping-taxable","14":"purchasable","15":"product-type-simple"},"yoast_head":"<!-- This site is optimized with the Yoast SEO plugin v26.9 - https:\/\/yoast.com\/product\/yoast-seo-wordpress\/ -->\n<title>UCHWYT NA PALEC DO TELEFONU SP CONNECT RING MOUNT SPC+ - MOTO-PAWMAR<\/title>\n<meta name=\"robots\" content=\"index, follow, max-snippet:-1, max-image-preview:large, max-video-preview:-1\" \/>\n<link rel=\"canonical\" href=\"https:\/\/moto-pawmar.pl\/?product=uchwyt-na-palec-do-telefonu-sp-connect-ring-mount-spc\" \/>\n<meta property=\"og:locale\" content=\"pl_PL\" \/>\n<meta property=\"og:type\" content=\"article\" \/>\n<meta property=\"og:title\" content=\"UCHWYT NA PALEC DO TELEFONU SP CONNECT RING MOUNT SPC+ - MOTO-PAWMAR\" \/>\n<meta property=\"og:description\" content=\"Dzi\u0119ki\u00a0uchwytowi na palec do telefonu SPC+\u00a0tw\u00f3j telefon jest jeszcze bezpieczniejszy. Uchwyt mo\u017ce by\u0107 u\u017cywany tak\u017ce jako\u00a0podstawka lub zawieszka do telefonu. P\u0142aski i kompaktowy uchwyt na palec\u00a0pasuje do wszystkich etui i pokrowc\u00f3w SP Connect\u00a0oraz do uniwersalnego adaptera SP Connect. Jest\u00a0na tyle kompaktowy, \u017ce zmie\u015bci si\u0119 w ka\u017cdej kieszeni spodni. PASUJE DO KA\u017bDEGO ETUI, POKROWC\u00d3W I ADAPTER\u00d3W [&hellip;]\" \/>\n<meta property=\"og:url\" content=\"https:\/\/moto-pawmar.pl\/?product=uchwyt-na-palec-do-telefonu-sp-connect-ring-mount-spc\" \/>\n<meta property=\"og:site_name\" content=\"MOTO-PAWMAR\" \/>\n<meta property=\"article:publisher\" content=\"https:\/\/www.facebook.com\/motopawmar\/?locale=pl_PL\" \/>\n<meta property=\"article:modified_time\" content=\"2025-10-27T12:41:57+00:00\" \/>\n<meta property=\"og:image\" content=\"https:\/\/moto-pawmar.pl\/wp-content\/uploads\/2025\/10\/278436_ZAL567171.jpg\" \/>\n\t<meta property=\"og:image:width\" content=\"800\" \/>\n\t<meta property=\"og:image:height\" content=\"800\" \/>\n\t<meta property=\"og:image:type\" content=\"image\/jpeg\" \/>\n<meta name=\"twitter:card\" content=\"summary_large_image\" \/>\n<meta name=\"twitter:label1\" content=\"Szacowany czas czytania\" \/>\n\t<meta name=\"twitter:data1\" content=\"1 minuta\" \/>\n<script type=\"application\/ld+json\" class=\"yoast-schema-graph\">{\"@context\":\"https:\/\/schema.org\",\"@graph\":[{\"@type\":\"WebPage\",\"@id\":\"https:\/\/moto-pawmar.pl\/?product=uchwyt-na-palec-do-telefonu-sp-connect-ring-mount-spc\",\"url\":\"https:\/\/moto-pawmar.pl\/?product=uchwyt-na-palec-do-telefonu-sp-connect-ring-mount-spc\",\"name\":\"UCHWYT NA PALEC DO TELEFONU SP CONNECT RING MOUNT SPC+ - MOTO-PAWMAR\",\"isPartOf\":{\"@id\":\"https:\/\/moto-pawmar.pl\/#website\"},\"primaryImageOfPage\":{\"@id\":\"https:\/\/moto-pawmar.pl\/?product=uchwyt-na-palec-do-telefonu-sp-connect-ring-mount-spc#primaryimage\"},\"image\":{\"@id\":\"https:\/\/moto-pawmar.pl\/?product=uchwyt-na-palec-do-telefonu-sp-connect-ring-mount-spc#primaryimage\"},\"thumbnailUrl\":\"https:\/\/moto-pawmar.pl\/wp-content\/uploads\/2025\/10\/278436_ZAL567171.jpg\",\"datePublished\":\"2025-10-27T09:17:37+00:00\",\"dateModified\":\"2025-10-27T12:41:57+00:00\",\"breadcrumb\":{\"@id\":\"https:\/\/moto-pawmar.pl\/?product=uchwyt-na-palec-do-telefonu-sp-connect-ring-mount-spc#breadcrumb\"},\"inLanguage\":\"pl-PL\",\"potentialAction\":[{\"@type\":\"ReadAction\",\"target\":[\"https:\/\/moto-pawmar.pl\/?product=uchwyt-na-palec-do-telefonu-sp-connect-ring-mount-spc\"]}]},{\"@type\":\"ImageObject\",\"inLanguage\":\"pl-PL\",\"@id\":\"https:\/\/moto-pawmar.pl\/?product=uchwyt-na-palec-do-telefonu-sp-connect-ring-mount-spc#primaryimage\",\"url\":\"https:\/\/moto-pawmar.pl\/wp-content\/uploads\/2025\/10\/278436_ZAL567171.jpg\",\"contentUrl\":\"https:\/\/moto-pawmar.pl\/wp-content\/uploads\/2025\/10\/278436_ZAL567171.jpg\",\"width\":800,\"height\":800},{\"@type\":\"BreadcrumbList\",\"@id\":\"https:\/\/moto-pawmar.pl\/?product=uchwyt-na-palec-do-telefonu-sp-connect-ring-mount-spc#breadcrumb\",\"itemListElement\":[{\"@type\":\"ListItem\",\"position\":1,\"name\":\"Strona g\u0142\u00f3wna\",\"item\":\"https:\/\/moto-pawmar.pl\/\"},{\"@type\":\"ListItem\",\"position\":2,\"name\":\"Sklep Internetowy\",\"item\":\"https:\/\/moto-pawmar.pl\/?page_id=367\"},{\"@type\":\"ListItem\",\"position\":3,\"name\":\"UCHWYT NA PALEC DO TELEFONU SP CONNECT RING MOUNT SPC+\"}]},{\"@type\":\"WebSite\",\"@id\":\"https:\/\/moto-pawmar.pl\/#website\",\"url\":\"https:\/\/moto-pawmar.pl\/\",\"name\":\"MOTO-PAWMAR\",\"description\":\"MOTO\u2011PAWMAR \u2013 Tw\u00f3j sklep z cz\u0119\u015bciami i akcesoriami do motocykli, skuter\u00f3w i quad\u00f3w.\",\"publisher\":{\"@id\":\"https:\/\/moto-pawmar.pl\/#organization\"},\"potentialAction\":[{\"@type\":\"SearchAction\",\"target\":{\"@type\":\"EntryPoint\",\"urlTemplate\":\"https:\/\/moto-pawmar.pl\/?s={search_term_string}\"},\"query-input\":{\"@type\":\"PropertyValueSpecification\",\"valueRequired\":true,\"valueName\":\"search_term_string\"}}],\"inLanguage\":\"pl-PL\"},{\"@type\":\"Organization\",\"@id\":\"https:\/\/moto-pawmar.pl\/#organization\",\"name\":\"MOTO-PAWMAR\",\"url\":\"https:\/\/moto-pawmar.pl\/\",\"logo\":{\"@type\":\"ImageObject\",\"inLanguage\":\"pl-PL\",\"@id\":\"https:\/\/moto-pawmar.pl\/#\/schema\/logo\/image\/\",\"url\":\"https:\/\/moto-pawmar.pl\/wp-content\/uploads\/2025\/10\/LOGO-SKLEP.png\",\"contentUrl\":\"https:\/\/moto-pawmar.pl\/wp-content\/uploads\/2025\/10\/LOGO-SKLEP.png\",\"width\":2480,\"height\":2053,\"caption\":\"MOTO-PAWMAR\"},\"image\":{\"@id\":\"https:\/\/moto-pawmar.pl\/#\/schema\/logo\/image\/\"},\"sameAs\":[\"https:\/\/www.facebook.com\/motopawmar\/?locale=pl_PL\"]}]}<\/script>\n<!-- \/ Yoast SEO plugin. -->","yoast_head_json":{"title":"UCHWYT NA PALEC DO TELEFONU SP CONNECT RING MOUNT SPC+ - MOTO-PAWMAR","robots":{"index":"index","follow":"follow","max-snippet":"max-snippet:-1","max-image-preview":"max-image-preview:large","max-video-preview":"max-video-preview:-1"},"canonical":"https:\/\/moto-pawmar.pl\/?product=uchwyt-na-palec-do-telefonu-sp-connect-ring-mount-spc","og_locale":"pl_PL","og_type":"article","og_title":"UCHWYT NA PALEC DO TELEFONU SP CONNECT RING MOUNT SPC+ - MOTO-PAWMAR","og_description":"Dzi\u0119ki\u00a0uchwytowi na palec do telefonu SPC+\u00a0tw\u00f3j telefon jest jeszcze bezpieczniejszy. Uchwyt mo\u017ce by\u0107 u\u017cywany tak\u017ce jako\u00a0podstawka lub zawieszka do telefonu. P\u0142aski i kompaktowy uchwyt na palec\u00a0pasuje do wszystkich etui i pokrowc\u00f3w SP Connect\u00a0oraz do uniwersalnego adaptera SP Connect. Jest\u00a0na tyle kompaktowy, \u017ce zmie\u015bci si\u0119 w ka\u017cdej kieszeni spodni. PASUJE DO KA\u017bDEGO ETUI, POKROWC\u00d3W I ADAPTER\u00d3W [&hellip;]","og_url":"https:\/\/moto-pawmar.pl\/?product=uchwyt-na-palec-do-telefonu-sp-connect-ring-mount-spc","og_site_name":"MOTO-PAWMAR","article_publisher":"https:\/\/www.facebook.com\/motopawmar\/?locale=pl_PL","article_modified_time":"2025-10-27T12:41:57+00:00","og_image":[{"width":800,"height":800,"url":"https:\/\/moto-pawmar.pl\/wp-content\/uploads\/2025\/10\/278436_ZAL567171.jpg","type":"image\/jpeg"}],"twitter_card":"summary_large_image","twitter_misc":{"Szacowany czas czytania":"1 minuta"},"schema":{"@context":"https:\/\/schema.org","@graph":[{"@type":"WebPage","@id":"https:\/\/moto-pawmar.pl\/?product=uchwyt-na-palec-do-telefonu-sp-connect-ring-mount-spc","url":"https:\/\/moto-pawmar.pl\/?product=uchwyt-na-palec-do-telefonu-sp-connect-ring-mount-spc","name":"UCHWYT NA PALEC DO TELEFONU SP CONNECT RING MOUNT SPC+ - MOTO-PAWMAR","isPartOf":{"@id":"https:\/\/moto-pawmar.pl\/#website"},"primaryImageOfPage":{"@id":"https:\/\/moto-pawmar.pl\/?product=uchwyt-na-palec-do-telefonu-sp-connect-ring-mount-spc#primaryimage"},"image":{"@id":"https:\/\/moto-pawmar.pl\/?product=uchwyt-na-palec-do-telefonu-sp-connect-ring-mount-spc#primaryimage"},"thumbnailUrl":"https:\/\/moto-pawmar.pl\/wp-content\/uploads\/2025\/10\/278436_ZAL567171.jpg","datePublished":"2025-10-27T09:17:37+00:00","dateModified":"2025-10-27T12:41:57+00:00","breadcrumb":{"@id":"https:\/\/moto-pawmar.pl\/?product=uchwyt-na-palec-do-telefonu-sp-connect-ring-mount-spc#breadcrumb"},"inLanguage":"pl-PL","potentialAction":[{"@type":"ReadAction","target":["https:\/\/moto-pawmar.pl\/?product=uchwyt-na-palec-do-telefonu-sp-connect-ring-mount-spc"]}]},{"@type":"ImageObject","inLanguage":"pl-PL","@id":"https:\/\/moto-pawmar.pl\/?product=uchwyt-na-palec-do-telefonu-sp-connect-ring-mount-spc#primaryimage","url":"https:\/\/moto-pawmar.pl\/wp-content\/uploads\/2025\/10\/278436_ZAL567171.jpg","contentUrl":"https:\/\/moto-pawmar.pl\/wp-content\/uploads\/2025\/10\/278436_ZAL567171.jpg","width":800,"height":800},{"@type":"BreadcrumbList","@id":"https:\/\/moto-pawmar.pl\/?product=uchwyt-na-palec-do-telefonu-sp-connect-ring-mount-spc#breadcrumb","itemListElement":[{"@type":"ListItem","position":1,"name":"Strona g\u0142\u00f3wna","item":"https:\/\/moto-pawmar.pl\/"},{"@type":"ListItem","position":2,"name":"Sklep Internetowy","item":"https:\/\/moto-pawmar.pl\/?page_id=367"},{"@type":"ListItem","position":3,"name":"UCHWYT NA PALEC DO TELEFONU SP CONNECT RING MOUNT SPC+"}]},{"@type":"WebSite","@id":"https:\/\/moto-pawmar.pl\/#website","url":"https:\/\/moto-pawmar.pl\/","name":"MOTO-PAWMAR","description":"MOTO\u2011PAWMAR \u2013 Tw\u00f3j sklep z cz\u0119\u015bciami i akcesoriami do motocykli, skuter\u00f3w i quad\u00f3w.","publisher":{"@id":"https:\/\/moto-pawmar.pl\/#organization"},"potentialAction":[{"@type":"SearchAction","target":{"@type":"EntryPoint","urlTemplate":"https:\/\/moto-pawmar.pl\/?s={search_term_string}"},"query-input":{"@type":"PropertyValueSpecification","valueRequired":true,"valueName":"search_term_string"}}],"inLanguage":"pl-PL"},{"@type":"Organization","@id":"https:\/\/moto-pawmar.pl\/#organization","name":"MOTO-PAWMAR","url":"https:\/\/moto-pawmar.pl\/","logo":{"@type":"ImageObject","inLanguage":"pl-PL","@id":"https:\/\/moto-pawmar.pl\/#\/schema\/logo\/image\/","url":"https:\/\/moto-pawmar.pl\/wp-content\/uploads\/2025\/10\/LOGO-SKLEP.png","contentUrl":"https:\/\/moto-pawmar.pl\/wp-content\/uploads\/2025\/10\/LOGO-SKLEP.png","width":2480,"height":2053,"caption":"MOTO-PAWMAR"},"image":{"@id":"https:\/\/moto-pawmar.pl\/#\/schema\/logo\/image\/"},"sameAs":["https:\/\/www.facebook.com\/motopawmar\/?locale=pl_PL"]}]}},"_links":{"self":[{"href":"https:\/\/moto-pawmar.pl\/index.php?rest_route=\/wp\/v2\/product\/2790","targetHints":{"allow":["GET"]}}],"collection":[{"href":"https:\/\/moto-pawmar.pl\/index.php?rest_route=\/wp\/v2\/product"}],"about":[{"href":"https:\/\/moto-pawmar.pl\/index.php?rest_route=\/wp\/v2\/types\/product"}],"wp:featuredmedia":[{"embeddable":true,"href":"https:\/\/moto-pawmar.pl\/index.php?rest_route=\/wp\/v2\/media\/2789"}],"wp:attachment":[{"href":"https:\/\/moto-pawmar.pl\/index.php?rest_route=%2Fwp%2Fv2%2Fmedia&parent=2790"}],"wp:term":[{"taxonomy":"product_brand","embeddable":true,"href":"https:\/\/moto-pawmar.pl\/index.php?rest_route=%2Fwp%2Fv2%2Fproduct_brand&post=2790"},{"taxonomy":"product_cat","embeddable":true,"href":"https:\/\/moto-pawmar.pl\/index.php?rest_route=%2Fwp%2Fv2%2Fproduct_cat&post=2790"},{"taxonomy":"product_tag","embeddable":true,"href":"https:\/\/moto-pawmar.pl\/index.php?rest_route=%2Fwp%2Fv2%2Fproduct_tag&post=2790"}],"curies":[{"name":"wp","href":"https:\/\/api.w.org\/{rel}","templated":true}]}}