{"id":2770,"date":"2025-10-27T10:17:34","date_gmt":"2025-10-27T09:17:34","guid":{"rendered":"https:\/\/moto-pawmar.pl\/?product=adapter-do-modu%ef%bf%bdu-antywibracyjnego-sp-connect-spc-sprocket-adapter-black"},"modified":"2025-10-27T14:20:13","modified_gmt":"2025-10-27T13:20:13","slug":"adapter-do-modu%ef%bf%bdu-antywibracyjnego-sp-connect-spc-sprocket-adapter-black","status":"publish","type":"product","link":"https:\/\/moto-pawmar.pl\/?product=adapter-do-modu%ef%bf%bdu-antywibracyjnego-sp-connect-spc-sprocket-adapter-black","title":{"rendered":"ADAPTER DO MODU\u0141U ANTYWIBRACYJNEGO SP CONNECT SPC+ SPROCKET ADAPTER BLACK"},"content":{"rendered":"<p><b>Adapter Sp Connect Sprocket<\/b>\u00a0to uniwersalne rozwi\u0105zanie, umo\u017cliwiaj\u0105ce monta\u017c modu\u0142u antywibracyjnego do szerszego zakresu mocowa\u0144, m.in. do uchwytu lusterka lub hamulca.\u00a0<b>Sp Connect Sprocket<\/b>\u00a0sprawdzi si\u0119 tak\u017ce do przymocowania na uchwycie rowerowym Micro Bike Mount, Alu oraz na uchwycie zaciskowym.<\/p>\n<p><b>CECHY PRODUKTU<\/b><\/p>\n<ul>\n<li><b>W sk\u0142adzie zestawu<\/b>\u00a0adapter w kszta\u0142cie dysku oraz \u015bruby<\/li>\n<li><b>Poszerza zakres mo\u017cliwo\u015bci mocowa\u0144<\/b><\/li>\n<li><b>Umo\u017cliwia przymocowanie modu\u0142u antywibracyjnego do:\u00a0<\/b>53136 Uchwytu na Lusterko Motocykla SP Connect Mirror Moto Mount; 53235 Uchwytu na Zbiornik P\u0142ynu Hamulcowego Sp Connect Brake Moto Mount Pro Black<\/li>\n<\/ul>\n","protected":false},"excerpt":{"rendered":"<p>Adapter Sp Connect Sprocket\u00a0to uniwersalne rozwi\u0105zanie, umo\u017cliwiaj\u0105ce monta\u017c modu\u0142u antywibracyjnego do szerszego zakresu mocowa\u0144, m.in. do uchwytu lusterka lub hamulca.\u00a0Sp Connect Sprocket\u00a0sprawdzi si\u0119 tak\u017ce do przymocowania na uchwycie rowerowym Micro Bike Mount, Alu oraz na uchwycie zaciskowym. CECHY PRODUKTU W sk\u0142adzie zestawu\u00a0adapter w kszta\u0142cie dysku oraz \u015bruby Poszerza zakres mo\u017cliwo\u015bci mocowa\u0144 Umo\u017cliwia przymocowanie modu\u0142u antywibracyjnego [&hellip;]<\/p>\n","protected":false},"featured_media":2769,"template":"","meta":[],"product_brand":[345],"product_cat":[306,309],"product_tag":[],"class_list":{"0":"post-2770","1":"product","2":"type-product","3":"status-publish","4":"has-post-thumbnail","6":"product_brand-sp-connect","7":"product_cat-elektronika-interkomy","8":"product_cat-uchwyty-ladowarki","10":"first","11":"instock","12":"taxable","13":"shipping-taxable","14":"purchasable","15":"product-type-simple"},"yoast_head":"<!-- This site is optimized with the Yoast SEO plugin v26.9 - https:\/\/yoast.com\/product\/yoast-seo-wordpress\/ -->\n<title>ADAPTER DO MODU\u0141U ANTYWIBRACYJNEGO SP CONNECT SPC+ SPROCKET ADAPTER BLACK - MOTO-PAWMAR<\/title>\n<meta name=\"robots\" content=\"index, follow, max-snippet:-1, max-image-preview:large, max-video-preview:-1\" \/>\n<link rel=\"canonical\" href=\"https:\/\/moto-pawmar.pl\/?product=adapter-do-modu\ufffdu-antywibracyjnego-sp-connect-spc-sprocket-adapter-black\" \/>\n<meta property=\"og:locale\" content=\"pl_PL\" \/>\n<meta property=\"og:type\" content=\"article\" \/>\n<meta property=\"og:title\" content=\"ADAPTER DO MODU\u0141U ANTYWIBRACYJNEGO SP CONNECT SPC+ SPROCKET ADAPTER BLACK - MOTO-PAWMAR\" \/>\n<meta property=\"og:description\" content=\"Adapter Sp Connect Sprocket\u00a0to uniwersalne rozwi\u0105zanie, umo\u017cliwiaj\u0105ce monta\u017c modu\u0142u antywibracyjnego do szerszego zakresu mocowa\u0144, m.in. do uchwytu lusterka lub hamulca.\u00a0Sp Connect Sprocket\u00a0sprawdzi si\u0119 tak\u017ce do przymocowania na uchwycie rowerowym Micro Bike Mount, Alu oraz na uchwycie zaciskowym. CECHY PRODUKTU W sk\u0142adzie zestawu\u00a0adapter w kszta\u0142cie dysku oraz \u015bruby Poszerza zakres mo\u017cliwo\u015bci mocowa\u0144 Umo\u017cliwia przymocowanie modu\u0142u antywibracyjnego [&hellip;]\" \/>\n<meta property=\"og:url\" content=\"https:\/\/moto-pawmar.pl\/?product=adapter-do-modu\ufffdu-antywibracyjnego-sp-connect-spc-sprocket-adapter-black\" \/>\n<meta property=\"og:site_name\" content=\"MOTO-PAWMAR\" \/>\n<meta property=\"article:publisher\" content=\"https:\/\/www.facebook.com\/motopawmar\/?locale=pl_PL\" \/>\n<meta property=\"article:modified_time\" content=\"2025-10-27T13:20:13+00:00\" \/>\n<meta property=\"og:image\" content=\"https:\/\/moto-pawmar.pl\/wp-content\/uploads\/2025\/10\/265981_ZAL457026.jpg\" \/>\n\t<meta property=\"og:image:width\" content=\"800\" \/>\n\t<meta property=\"og:image:height\" content=\"800\" \/>\n\t<meta property=\"og:image:type\" content=\"image\/jpeg\" \/>\n<meta name=\"twitter:card\" content=\"summary_large_image\" \/>\n<script type=\"application\/ld+json\" class=\"yoast-schema-graph\">{\"@context\":\"https:\/\/schema.org\",\"@graph\":[{\"@type\":\"WebPage\",\"@id\":\"https:\/\/moto-pawmar.pl\/?product=adapter-do-modu%ef%bf%bdu-antywibracyjnego-sp-connect-spc-sprocket-adapter-black\",\"url\":\"https:\/\/moto-pawmar.pl\/?product=adapter-do-modu%ef%bf%bdu-antywibracyjnego-sp-connect-spc-sprocket-adapter-black\",\"name\":\"ADAPTER DO MODU\u0141U ANTYWIBRACYJNEGO SP CONNECT SPC+ SPROCKET ADAPTER BLACK - MOTO-PAWMAR\",\"isPartOf\":{\"@id\":\"https:\/\/moto-pawmar.pl\/#website\"},\"primaryImageOfPage\":{\"@id\":\"https:\/\/moto-pawmar.pl\/?product=adapter-do-modu%ef%bf%bdu-antywibracyjnego-sp-connect-spc-sprocket-adapter-black#primaryimage\"},\"image\":{\"@id\":\"https:\/\/moto-pawmar.pl\/?product=adapter-do-modu%ef%bf%bdu-antywibracyjnego-sp-connect-spc-sprocket-adapter-black#primaryimage\"},\"thumbnailUrl\":\"https:\/\/moto-pawmar.pl\/wp-content\/uploads\/2025\/10\/265981_ZAL457026.jpg\",\"datePublished\":\"2025-10-27T09:17:34+00:00\",\"dateModified\":\"2025-10-27T13:20:13+00:00\",\"breadcrumb\":{\"@id\":\"https:\/\/moto-pawmar.pl\/?product=adapter-do-modu%ef%bf%bdu-antywibracyjnego-sp-connect-spc-sprocket-adapter-black#breadcrumb\"},\"inLanguage\":\"pl-PL\",\"potentialAction\":[{\"@type\":\"ReadAction\",\"target\":[\"https:\/\/moto-pawmar.pl\/?product=adapter-do-modu%ef%bf%bdu-antywibracyjnego-sp-connect-spc-sprocket-adapter-black\"]}]},{\"@type\":\"ImageObject\",\"inLanguage\":\"pl-PL\",\"@id\":\"https:\/\/moto-pawmar.pl\/?product=adapter-do-modu%ef%bf%bdu-antywibracyjnego-sp-connect-spc-sprocket-adapter-black#primaryimage\",\"url\":\"https:\/\/moto-pawmar.pl\/wp-content\/uploads\/2025\/10\/265981_ZAL457026.jpg\",\"contentUrl\":\"https:\/\/moto-pawmar.pl\/wp-content\/uploads\/2025\/10\/265981_ZAL457026.jpg\",\"width\":800,\"height\":800},{\"@type\":\"BreadcrumbList\",\"@id\":\"https:\/\/moto-pawmar.pl\/?product=adapter-do-modu%ef%bf%bdu-antywibracyjnego-sp-connect-spc-sprocket-adapter-black#breadcrumb\",\"itemListElement\":[{\"@type\":\"ListItem\",\"position\":1,\"name\":\"Strona g\u0142\u00f3wna\",\"item\":\"https:\/\/moto-pawmar.pl\/\"},{\"@type\":\"ListItem\",\"position\":2,\"name\":\"Sklep Internetowy\",\"item\":\"https:\/\/moto-pawmar.pl\/?page_id=367\"},{\"@type\":\"ListItem\",\"position\":3,\"name\":\"ADAPTER DO MODU\u0141U ANTYWIBRACYJNEGO SP CONNECT SPC+ SPROCKET ADAPTER BLACK\"}]},{\"@type\":\"WebSite\",\"@id\":\"https:\/\/moto-pawmar.pl\/#website\",\"url\":\"https:\/\/moto-pawmar.pl\/\",\"name\":\"MOTO-PAWMAR\",\"description\":\"MOTO\u2011PAWMAR \u2013 Tw\u00f3j sklep z cz\u0119\u015bciami i akcesoriami do motocykli, skuter\u00f3w i quad\u00f3w.\",\"publisher\":{\"@id\":\"https:\/\/moto-pawmar.pl\/#organization\"},\"potentialAction\":[{\"@type\":\"SearchAction\",\"target\":{\"@type\":\"EntryPoint\",\"urlTemplate\":\"https:\/\/moto-pawmar.pl\/?s={search_term_string}\"},\"query-input\":{\"@type\":\"PropertyValueSpecification\",\"valueRequired\":true,\"valueName\":\"search_term_string\"}}],\"inLanguage\":\"pl-PL\"},{\"@type\":\"Organization\",\"@id\":\"https:\/\/moto-pawmar.pl\/#organization\",\"name\":\"MOTO-PAWMAR\",\"url\":\"https:\/\/moto-pawmar.pl\/\",\"logo\":{\"@type\":\"ImageObject\",\"inLanguage\":\"pl-PL\",\"@id\":\"https:\/\/moto-pawmar.pl\/#\/schema\/logo\/image\/\",\"url\":\"https:\/\/moto-pawmar.pl\/wp-content\/uploads\/2025\/10\/LOGO-SKLEP.png\",\"contentUrl\":\"https:\/\/moto-pawmar.pl\/wp-content\/uploads\/2025\/10\/LOGO-SKLEP.png\",\"width\":2480,\"height\":2053,\"caption\":\"MOTO-PAWMAR\"},\"image\":{\"@id\":\"https:\/\/moto-pawmar.pl\/#\/schema\/logo\/image\/\"},\"sameAs\":[\"https:\/\/www.facebook.com\/motopawmar\/?locale=pl_PL\"]}]}<\/script>\n<!-- \/ Yoast SEO plugin. -->","yoast_head_json":{"title":"ADAPTER DO MODU\u0141U ANTYWIBRACYJNEGO SP CONNECT SPC+ SPROCKET ADAPTER BLACK - MOTO-PAWMAR","robots":{"index":"index","follow":"follow","max-snippet":"max-snippet:-1","max-image-preview":"max-image-preview:large","max-video-preview":"max-video-preview:-1"},"canonical":"https:\/\/moto-pawmar.pl\/?product=adapter-do-modu\ufffdu-antywibracyjnego-sp-connect-spc-sprocket-adapter-black","og_locale":"pl_PL","og_type":"article","og_title":"ADAPTER DO MODU\u0141U ANTYWIBRACYJNEGO SP CONNECT SPC+ SPROCKET ADAPTER BLACK - MOTO-PAWMAR","og_description":"Adapter Sp Connect Sprocket\u00a0to uniwersalne rozwi\u0105zanie, umo\u017cliwiaj\u0105ce monta\u017c modu\u0142u antywibracyjnego do szerszego zakresu mocowa\u0144, m.in. do uchwytu lusterka lub hamulca.\u00a0Sp Connect Sprocket\u00a0sprawdzi si\u0119 tak\u017ce do przymocowania na uchwycie rowerowym Micro Bike Mount, Alu oraz na uchwycie zaciskowym. CECHY PRODUKTU W sk\u0142adzie zestawu\u00a0adapter w kszta\u0142cie dysku oraz \u015bruby Poszerza zakres mo\u017cliwo\u015bci mocowa\u0144 Umo\u017cliwia przymocowanie modu\u0142u antywibracyjnego [&hellip;]","og_url":"https:\/\/moto-pawmar.pl\/?product=adapter-do-modu\ufffdu-antywibracyjnego-sp-connect-spc-sprocket-adapter-black","og_site_name":"MOTO-PAWMAR","article_publisher":"https:\/\/www.facebook.com\/motopawmar\/?locale=pl_PL","article_modified_time":"2025-10-27T13:20:13+00:00","og_image":[{"width":800,"height":800,"url":"https:\/\/moto-pawmar.pl\/wp-content\/uploads\/2025\/10\/265981_ZAL457026.jpg","type":"image\/jpeg"}],"twitter_card":"summary_large_image","schema":{"@context":"https:\/\/schema.org","@graph":[{"@type":"WebPage","@id":"https:\/\/moto-pawmar.pl\/?product=adapter-do-modu%ef%bf%bdu-antywibracyjnego-sp-connect-spc-sprocket-adapter-black","url":"https:\/\/moto-pawmar.pl\/?product=adapter-do-modu%ef%bf%bdu-antywibracyjnego-sp-connect-spc-sprocket-adapter-black","name":"ADAPTER DO MODU\u0141U ANTYWIBRACYJNEGO SP CONNECT SPC+ SPROCKET ADAPTER BLACK - MOTO-PAWMAR","isPartOf":{"@id":"https:\/\/moto-pawmar.pl\/#website"},"primaryImageOfPage":{"@id":"https:\/\/moto-pawmar.pl\/?product=adapter-do-modu%ef%bf%bdu-antywibracyjnego-sp-connect-spc-sprocket-adapter-black#primaryimage"},"image":{"@id":"https:\/\/moto-pawmar.pl\/?product=adapter-do-modu%ef%bf%bdu-antywibracyjnego-sp-connect-spc-sprocket-adapter-black#primaryimage"},"thumbnailUrl":"https:\/\/moto-pawmar.pl\/wp-content\/uploads\/2025\/10\/265981_ZAL457026.jpg","datePublished":"2025-10-27T09:17:34+00:00","dateModified":"2025-10-27T13:20:13+00:00","breadcrumb":{"@id":"https:\/\/moto-pawmar.pl\/?product=adapter-do-modu%ef%bf%bdu-antywibracyjnego-sp-connect-spc-sprocket-adapter-black#breadcrumb"},"inLanguage":"pl-PL","potentialAction":[{"@type":"ReadAction","target":["https:\/\/moto-pawmar.pl\/?product=adapter-do-modu%ef%bf%bdu-antywibracyjnego-sp-connect-spc-sprocket-adapter-black"]}]},{"@type":"ImageObject","inLanguage":"pl-PL","@id":"https:\/\/moto-pawmar.pl\/?product=adapter-do-modu%ef%bf%bdu-antywibracyjnego-sp-connect-spc-sprocket-adapter-black#primaryimage","url":"https:\/\/moto-pawmar.pl\/wp-content\/uploads\/2025\/10\/265981_ZAL457026.jpg","contentUrl":"https:\/\/moto-pawmar.pl\/wp-content\/uploads\/2025\/10\/265981_ZAL457026.jpg","width":800,"height":800},{"@type":"BreadcrumbList","@id":"https:\/\/moto-pawmar.pl\/?product=adapter-do-modu%ef%bf%bdu-antywibracyjnego-sp-connect-spc-sprocket-adapter-black#breadcrumb","itemListElement":[{"@type":"ListItem","position":1,"name":"Strona g\u0142\u00f3wna","item":"https:\/\/moto-pawmar.pl\/"},{"@type":"ListItem","position":2,"name":"Sklep Internetowy","item":"https:\/\/moto-pawmar.pl\/?page_id=367"},{"@type":"ListItem","position":3,"name":"ADAPTER DO MODU\u0141U ANTYWIBRACYJNEGO SP CONNECT SPC+ SPROCKET ADAPTER BLACK"}]},{"@type":"WebSite","@id":"https:\/\/moto-pawmar.pl\/#website","url":"https:\/\/moto-pawmar.pl\/","name":"MOTO-PAWMAR","description":"MOTO\u2011PAWMAR \u2013 Tw\u00f3j sklep z cz\u0119\u015bciami i akcesoriami do motocykli, skuter\u00f3w i quad\u00f3w.","publisher":{"@id":"https:\/\/moto-pawmar.pl\/#organization"},"potentialAction":[{"@type":"SearchAction","target":{"@type":"EntryPoint","urlTemplate":"https:\/\/moto-pawmar.pl\/?s={search_term_string}"},"query-input":{"@type":"PropertyValueSpecification","valueRequired":true,"valueName":"search_term_string"}}],"inLanguage":"pl-PL"},{"@type":"Organization","@id":"https:\/\/moto-pawmar.pl\/#organization","name":"MOTO-PAWMAR","url":"https:\/\/moto-pawmar.pl\/","logo":{"@type":"ImageObject","inLanguage":"pl-PL","@id":"https:\/\/moto-pawmar.pl\/#\/schema\/logo\/image\/","url":"https:\/\/moto-pawmar.pl\/wp-content\/uploads\/2025\/10\/LOGO-SKLEP.png","contentUrl":"https:\/\/moto-pawmar.pl\/wp-content\/uploads\/2025\/10\/LOGO-SKLEP.png","width":2480,"height":2053,"caption":"MOTO-PAWMAR"},"image":{"@id":"https:\/\/moto-pawmar.pl\/#\/schema\/logo\/image\/"},"sameAs":["https:\/\/www.facebook.com\/motopawmar\/?locale=pl_PL"]}]}},"_links":{"self":[{"href":"https:\/\/moto-pawmar.pl\/index.php?rest_route=\/wp\/v2\/product\/2770","targetHints":{"allow":["GET"]}}],"collection":[{"href":"https:\/\/moto-pawmar.pl\/index.php?rest_route=\/wp\/v2\/product"}],"about":[{"href":"https:\/\/moto-pawmar.pl\/index.php?rest_route=\/wp\/v2\/types\/product"}],"wp:featuredmedia":[{"embeddable":true,"href":"https:\/\/moto-pawmar.pl\/index.php?rest_route=\/wp\/v2\/media\/2769"}],"wp:attachment":[{"href":"https:\/\/moto-pawmar.pl\/index.php?rest_route=%2Fwp%2Fv2%2Fmedia&parent=2770"}],"wp:term":[{"taxonomy":"product_brand","embeddable":true,"href":"https:\/\/moto-pawmar.pl\/index.php?rest_route=%2Fwp%2Fv2%2Fproduct_brand&post=2770"},{"taxonomy":"product_cat","embeddable":true,"href":"https:\/\/moto-pawmar.pl\/index.php?rest_route=%2Fwp%2Fv2%2Fproduct_cat&post=2770"},{"taxonomy":"product_tag","embeddable":true,"href":"https:\/\/moto-pawmar.pl\/index.php?rest_route=%2Fwp%2Fv2%2Fproduct_tag&post=2770"}],"curies":[{"name":"wp","href":"https:\/\/api.w.org\/{rel}","templated":true}]}}