{"id":2490,"date":"2025-10-24T12:12:39","date_gmt":"2025-10-24T10:12:39","guid":{"rendered":"https:\/\/moto-pawmar.pl\/?post_type=product&#038;p=2490"},"modified":"2025-10-24T12:12:39","modified_gmt":"2025-10-24T10:12:39","slug":"filtr-powietrza-obudowa-ksztalt-u-wklad-gabka-4t","status":"publish","type":"product","link":"https:\/\/moto-pawmar.pl\/?product=filtr-powietrza-obudowa-ksztalt-u-wklad-gabka-4t","title":{"rendered":"FILTR POWIETRZA OBUDOWA KSZTA\u0141T U WK\u0141AD G\u0104BKA 4T"},"content":{"rendered":"<p>wk\u0142ad filtra w zestawie<br \/>\nmateria\u0142 sk\u0142adowy wk\u0142adu\u00a0filtra: pianka<br \/>\npasuj\u0105cy wk\u0142ad: zd3044<\/p>\n<p>d\u0142ugo\u015b\u0107 ca\u0142kowita bez gumy: 300mm<\/p>\n<p>d\u0142ugo\u015b\u0107 ca\u0142kowita z gum: 430mm<\/p>\n<p>\u015brednica wylotu: 38mm<\/p>\n<p>rozstaw otworow mocujacych: 126,5mm<\/p>\n<p>\u015brednica otworow mocujacych: 7mm; M6<\/p>\n","protected":false},"excerpt":{"rendered":"<p>Aby unikn\u0105\u0107 pomy\u0142ek prosz\u0119 por\u00f3wna\u0107 zamawian\u0105 cz\u0119\u015b\u0107 ze star\u0105. Je\u015bli masz w\u0105tpliwo\u015bci skontaktuj si\u0119 z obs\u0142ug\u0105 sklepu.<\/p>\n","protected":false},"featured_media":2491,"template":"","meta":[],"product_brand":[],"product_cat":[340,341],"product_tag":[],"class_list":{"0":"post-2490","1":"product","2":"type-product","3":"status-publish","4":"has-post-thumbnail","6":"product_cat-czesci-motocyklowe","7":"product_cat-skuter-4t-50cc-chinczyk","9":"first","10":"instock","11":"taxable","12":"shipping-taxable","13":"purchasable","14":"product-type-simple"},"yoast_head":"<!-- This site is optimized with the Yoast SEO plugin v26.9 - https:\/\/yoast.com\/product\/yoast-seo-wordpress\/ -->\n<title>FILTR POWIETRZA OBUDOWA KSZTA\u0141T U WK\u0141AD G\u0104BKA 4T - MOTO-PAWMAR<\/title>\n<meta name=\"robots\" content=\"index, follow, max-snippet:-1, max-image-preview:large, max-video-preview:-1\" \/>\n<link rel=\"canonical\" href=\"https:\/\/moto-pawmar.pl\/?product=filtr-powietrza-obudowa-ksztalt-u-wklad-gabka-4t\" \/>\n<meta property=\"og:locale\" content=\"pl_PL\" \/>\n<meta property=\"og:type\" content=\"article\" \/>\n<meta property=\"og:title\" content=\"FILTR POWIETRZA OBUDOWA KSZTA\u0141T U WK\u0141AD G\u0104BKA 4T - MOTO-PAWMAR\" \/>\n<meta property=\"og:description\" content=\"Aby unikn\u0105\u0107 pomy\u0142ek prosz\u0119 por\u00f3wna\u0107 zamawian\u0105 cz\u0119\u015b\u0107 ze star\u0105. Je\u015bli masz w\u0105tpliwo\u015bci skontaktuj si\u0119 z obs\u0142ug\u0105 sklepu.\" \/>\n<meta property=\"og:url\" content=\"https:\/\/moto-pawmar.pl\/?product=filtr-powietrza-obudowa-ksztalt-u-wklad-gabka-4t\" \/>\n<meta property=\"og:site_name\" content=\"MOTO-PAWMAR\" \/>\n<meta property=\"article:publisher\" content=\"https:\/\/www.facebook.com\/motopawmar\/?locale=pl_PL\" \/>\n<meta property=\"og:image\" content=\"https:\/\/moto-pawmar.pl\/wp-content\/uploads\/2025\/10\/ZD3042_big.jpg\" \/>\n\t<meta property=\"og:image:width\" content=\"800\" \/>\n\t<meta property=\"og:image:height\" content=\"534\" \/>\n\t<meta property=\"og:image:type\" content=\"image\/jpeg\" \/>\n<meta name=\"twitter:card\" content=\"summary_large_image\" \/>\n<script type=\"application\/ld+json\" class=\"yoast-schema-graph\">{\"@context\":\"https:\/\/schema.org\",\"@graph\":[{\"@type\":\"WebPage\",\"@id\":\"https:\/\/moto-pawmar.pl\/?product=filtr-powietrza-obudowa-ksztalt-u-wklad-gabka-4t\",\"url\":\"https:\/\/moto-pawmar.pl\/?product=filtr-powietrza-obudowa-ksztalt-u-wklad-gabka-4t\",\"name\":\"FILTR POWIETRZA OBUDOWA KSZTA\u0141T U WK\u0141AD G\u0104BKA 4T - MOTO-PAWMAR\",\"isPartOf\":{\"@id\":\"https:\/\/moto-pawmar.pl\/#website\"},\"primaryImageOfPage\":{\"@id\":\"https:\/\/moto-pawmar.pl\/?product=filtr-powietrza-obudowa-ksztalt-u-wklad-gabka-4t#primaryimage\"},\"image\":{\"@id\":\"https:\/\/moto-pawmar.pl\/?product=filtr-powietrza-obudowa-ksztalt-u-wklad-gabka-4t#primaryimage\"},\"thumbnailUrl\":\"https:\/\/moto-pawmar.pl\/wp-content\/uploads\/2025\/10\/ZD3042_big.jpg\",\"datePublished\":\"2025-10-24T10:12:39+00:00\",\"breadcrumb\":{\"@id\":\"https:\/\/moto-pawmar.pl\/?product=filtr-powietrza-obudowa-ksztalt-u-wklad-gabka-4t#breadcrumb\"},\"inLanguage\":\"pl-PL\",\"potentialAction\":[{\"@type\":\"ReadAction\",\"target\":[\"https:\/\/moto-pawmar.pl\/?product=filtr-powietrza-obudowa-ksztalt-u-wklad-gabka-4t\"]}]},{\"@type\":\"ImageObject\",\"inLanguage\":\"pl-PL\",\"@id\":\"https:\/\/moto-pawmar.pl\/?product=filtr-powietrza-obudowa-ksztalt-u-wklad-gabka-4t#primaryimage\",\"url\":\"https:\/\/moto-pawmar.pl\/wp-content\/uploads\/2025\/10\/ZD3042_big.jpg\",\"contentUrl\":\"https:\/\/moto-pawmar.pl\/wp-content\/uploads\/2025\/10\/ZD3042_big.jpg\",\"width\":800,\"height\":534},{\"@type\":\"BreadcrumbList\",\"@id\":\"https:\/\/moto-pawmar.pl\/?product=filtr-powietrza-obudowa-ksztalt-u-wklad-gabka-4t#breadcrumb\",\"itemListElement\":[{\"@type\":\"ListItem\",\"position\":1,\"name\":\"Strona g\u0142\u00f3wna\",\"item\":\"https:\/\/moto-pawmar.pl\/\"},{\"@type\":\"ListItem\",\"position\":2,\"name\":\"Sklep Internetowy\",\"item\":\"https:\/\/moto-pawmar.pl\/?page_id=367\"},{\"@type\":\"ListItem\",\"position\":3,\"name\":\"FILTR POWIETRZA OBUDOWA KSZTA\u0141T U WK\u0141AD G\u0104BKA 4T\"}]},{\"@type\":\"WebSite\",\"@id\":\"https:\/\/moto-pawmar.pl\/#website\",\"url\":\"https:\/\/moto-pawmar.pl\/\",\"name\":\"MOTO-PAWMAR\",\"description\":\"MOTO\u2011PAWMAR \u2013 Tw\u00f3j sklep z cz\u0119\u015bciami i akcesoriami do motocykli, skuter\u00f3w i quad\u00f3w.\",\"publisher\":{\"@id\":\"https:\/\/moto-pawmar.pl\/#organization\"},\"potentialAction\":[{\"@type\":\"SearchAction\",\"target\":{\"@type\":\"EntryPoint\",\"urlTemplate\":\"https:\/\/moto-pawmar.pl\/?s={search_term_string}\"},\"query-input\":{\"@type\":\"PropertyValueSpecification\",\"valueRequired\":true,\"valueName\":\"search_term_string\"}}],\"inLanguage\":\"pl-PL\"},{\"@type\":\"Organization\",\"@id\":\"https:\/\/moto-pawmar.pl\/#organization\",\"name\":\"MOTO-PAWMAR\",\"url\":\"https:\/\/moto-pawmar.pl\/\",\"logo\":{\"@type\":\"ImageObject\",\"inLanguage\":\"pl-PL\",\"@id\":\"https:\/\/moto-pawmar.pl\/#\/schema\/logo\/image\/\",\"url\":\"https:\/\/moto-pawmar.pl\/wp-content\/uploads\/2025\/10\/LOGO-SKLEP.png\",\"contentUrl\":\"https:\/\/moto-pawmar.pl\/wp-content\/uploads\/2025\/10\/LOGO-SKLEP.png\",\"width\":2480,\"height\":2053,\"caption\":\"MOTO-PAWMAR\"},\"image\":{\"@id\":\"https:\/\/moto-pawmar.pl\/#\/schema\/logo\/image\/\"},\"sameAs\":[\"https:\/\/www.facebook.com\/motopawmar\/?locale=pl_PL\"]}]}<\/script>\n<!-- \/ Yoast SEO plugin. -->","yoast_head_json":{"title":"FILTR POWIETRZA OBUDOWA KSZTA\u0141T U WK\u0141AD G\u0104BKA 4T - MOTO-PAWMAR","robots":{"index":"index","follow":"follow","max-snippet":"max-snippet:-1","max-image-preview":"max-image-preview:large","max-video-preview":"max-video-preview:-1"},"canonical":"https:\/\/moto-pawmar.pl\/?product=filtr-powietrza-obudowa-ksztalt-u-wklad-gabka-4t","og_locale":"pl_PL","og_type":"article","og_title":"FILTR POWIETRZA OBUDOWA KSZTA\u0141T U WK\u0141AD G\u0104BKA 4T - MOTO-PAWMAR","og_description":"Aby unikn\u0105\u0107 pomy\u0142ek prosz\u0119 por\u00f3wna\u0107 zamawian\u0105 cz\u0119\u015b\u0107 ze star\u0105. Je\u015bli masz w\u0105tpliwo\u015bci skontaktuj si\u0119 z obs\u0142ug\u0105 sklepu.","og_url":"https:\/\/moto-pawmar.pl\/?product=filtr-powietrza-obudowa-ksztalt-u-wklad-gabka-4t","og_site_name":"MOTO-PAWMAR","article_publisher":"https:\/\/www.facebook.com\/motopawmar\/?locale=pl_PL","og_image":[{"width":800,"height":534,"url":"https:\/\/moto-pawmar.pl\/wp-content\/uploads\/2025\/10\/ZD3042_big.jpg","type":"image\/jpeg"}],"twitter_card":"summary_large_image","schema":{"@context":"https:\/\/schema.org","@graph":[{"@type":"WebPage","@id":"https:\/\/moto-pawmar.pl\/?product=filtr-powietrza-obudowa-ksztalt-u-wklad-gabka-4t","url":"https:\/\/moto-pawmar.pl\/?product=filtr-powietrza-obudowa-ksztalt-u-wklad-gabka-4t","name":"FILTR POWIETRZA OBUDOWA KSZTA\u0141T U WK\u0141AD G\u0104BKA 4T - MOTO-PAWMAR","isPartOf":{"@id":"https:\/\/moto-pawmar.pl\/#website"},"primaryImageOfPage":{"@id":"https:\/\/moto-pawmar.pl\/?product=filtr-powietrza-obudowa-ksztalt-u-wklad-gabka-4t#primaryimage"},"image":{"@id":"https:\/\/moto-pawmar.pl\/?product=filtr-powietrza-obudowa-ksztalt-u-wklad-gabka-4t#primaryimage"},"thumbnailUrl":"https:\/\/moto-pawmar.pl\/wp-content\/uploads\/2025\/10\/ZD3042_big.jpg","datePublished":"2025-10-24T10:12:39+00:00","breadcrumb":{"@id":"https:\/\/moto-pawmar.pl\/?product=filtr-powietrza-obudowa-ksztalt-u-wklad-gabka-4t#breadcrumb"},"inLanguage":"pl-PL","potentialAction":[{"@type":"ReadAction","target":["https:\/\/moto-pawmar.pl\/?product=filtr-powietrza-obudowa-ksztalt-u-wklad-gabka-4t"]}]},{"@type":"ImageObject","inLanguage":"pl-PL","@id":"https:\/\/moto-pawmar.pl\/?product=filtr-powietrza-obudowa-ksztalt-u-wklad-gabka-4t#primaryimage","url":"https:\/\/moto-pawmar.pl\/wp-content\/uploads\/2025\/10\/ZD3042_big.jpg","contentUrl":"https:\/\/moto-pawmar.pl\/wp-content\/uploads\/2025\/10\/ZD3042_big.jpg","width":800,"height":534},{"@type":"BreadcrumbList","@id":"https:\/\/moto-pawmar.pl\/?product=filtr-powietrza-obudowa-ksztalt-u-wklad-gabka-4t#breadcrumb","itemListElement":[{"@type":"ListItem","position":1,"name":"Strona g\u0142\u00f3wna","item":"https:\/\/moto-pawmar.pl\/"},{"@type":"ListItem","position":2,"name":"Sklep Internetowy","item":"https:\/\/moto-pawmar.pl\/?page_id=367"},{"@type":"ListItem","position":3,"name":"FILTR POWIETRZA OBUDOWA KSZTA\u0141T U WK\u0141AD G\u0104BKA 4T"}]},{"@type":"WebSite","@id":"https:\/\/moto-pawmar.pl\/#website","url":"https:\/\/moto-pawmar.pl\/","name":"MOTO-PAWMAR","description":"MOTO\u2011PAWMAR \u2013 Tw\u00f3j sklep z cz\u0119\u015bciami i akcesoriami do motocykli, skuter\u00f3w i quad\u00f3w.","publisher":{"@id":"https:\/\/moto-pawmar.pl\/#organization"},"potentialAction":[{"@type":"SearchAction","target":{"@type":"EntryPoint","urlTemplate":"https:\/\/moto-pawmar.pl\/?s={search_term_string}"},"query-input":{"@type":"PropertyValueSpecification","valueRequired":true,"valueName":"search_term_string"}}],"inLanguage":"pl-PL"},{"@type":"Organization","@id":"https:\/\/moto-pawmar.pl\/#organization","name":"MOTO-PAWMAR","url":"https:\/\/moto-pawmar.pl\/","logo":{"@type":"ImageObject","inLanguage":"pl-PL","@id":"https:\/\/moto-pawmar.pl\/#\/schema\/logo\/image\/","url":"https:\/\/moto-pawmar.pl\/wp-content\/uploads\/2025\/10\/LOGO-SKLEP.png","contentUrl":"https:\/\/moto-pawmar.pl\/wp-content\/uploads\/2025\/10\/LOGO-SKLEP.png","width":2480,"height":2053,"caption":"MOTO-PAWMAR"},"image":{"@id":"https:\/\/moto-pawmar.pl\/#\/schema\/logo\/image\/"},"sameAs":["https:\/\/www.facebook.com\/motopawmar\/?locale=pl_PL"]}]}},"_links":{"self":[{"href":"https:\/\/moto-pawmar.pl\/index.php?rest_route=\/wp\/v2\/product\/2490","targetHints":{"allow":["GET"]}}],"collection":[{"href":"https:\/\/moto-pawmar.pl\/index.php?rest_route=\/wp\/v2\/product"}],"about":[{"href":"https:\/\/moto-pawmar.pl\/index.php?rest_route=\/wp\/v2\/types\/product"}],"wp:featuredmedia":[{"embeddable":true,"href":"https:\/\/moto-pawmar.pl\/index.php?rest_route=\/wp\/v2\/media\/2491"}],"wp:attachment":[{"href":"https:\/\/moto-pawmar.pl\/index.php?rest_route=%2Fwp%2Fv2%2Fmedia&parent=2490"}],"wp:term":[{"taxonomy":"product_brand","embeddable":true,"href":"https:\/\/moto-pawmar.pl\/index.php?rest_route=%2Fwp%2Fv2%2Fproduct_brand&post=2490"},{"taxonomy":"product_cat","embeddable":true,"href":"https:\/\/moto-pawmar.pl\/index.php?rest_route=%2Fwp%2Fv2%2Fproduct_cat&post=2490"},{"taxonomy":"product_tag","embeddable":true,"href":"https:\/\/moto-pawmar.pl\/index.php?rest_route=%2Fwp%2Fv2%2Fproduct_tag&post=2490"}],"curies":[{"name":"wp","href":"https:\/\/api.w.org\/{rel}","templated":true}]}}