{"id":2389,"date":"2025-10-24T09:52:13","date_gmt":"2025-10-24T07:52:13","guid":{"rendered":"https:\/\/moto-pawmar.pl\/?post_type=product&#038;p=2389"},"modified":"2025-10-24T09:52:13","modified_gmt":"2025-10-24T07:52:13","slug":"wal-korbowy-4t-kolo-pompy-oleju-22z-gy6","status":"publish","type":"product","link":"https:\/\/moto-pawmar.pl\/?product=wal-korbowy-4t-kolo-pompy-oleju-22z-gy6","title":{"rendered":"WA\u0141 KORBOWY 4T ko\u0142o pompy oleju 22z GY6"},"content":{"rendered":"<p><span style=\"color: #000000; font-family: Arial Black; font-size: large;\">QUEST ,WILGA, THUNDER, VAPOR, VISON, SOLLATIO, KINROAD, KINGWEY, FUTONG, GATEWAY, GB MOTORS, GREEN BIKE, GULIVER, HOOLIGAN, IBIZZO, KINGWAY, KOYOT, MAXIMUS MAVER MOTO ZETA MOTO VENTUS, QUIZZAR, RALLY, ROMET 727, ROMET PONY, ROMET ROUTER XL, ROMET ROUTER XM, SUPREMO, TAURUS,TRIAD, YUKI SPEED<\/span><\/p>\n<p>DELFIN,\u00a0 Wa\u0142 z \u0142o\u017cyskami i ko\u0142em rozrz\u0105du<\/p>\n<p>\u015brednica przeciwwag: 85mm<\/p>\n<p>\u0142o\u017cyska: 6204 ; SC03A39CS10 (\u00a0\u015brednica zewnetrzna 42mm)<\/p>\n","protected":false},"excerpt":{"rendered":"<p>Aby unikn\u0105\u0107 pomy\u0142ek prosz\u0119 por\u00f3wna\u0107 zamawian\u0105 cz\u0119\u015b\u0107 ze star\u0105. Je\u015bli masz w\u0105tpliwo\u015bci skontaktuj si\u0119 z obs\u0142ug\u0105 sklepu.<\/p>\n","protected":false},"featured_media":2390,"template":"","meta":[],"product_brand":[],"product_cat":[340,341],"product_tag":[],"class_list":{"0":"post-2389","1":"product","2":"type-product","3":"status-publish","4":"has-post-thumbnail","6":"product_cat-czesci-motocyklowe","7":"product_cat-skuter-4t-50cc-chinczyk","9":"first","10":"instock","11":"taxable","12":"shipping-taxable","13":"purchasable","14":"product-type-simple"},"yoast_head":"<!-- This site is optimized with the Yoast SEO plugin v26.9 - https:\/\/yoast.com\/product\/yoast-seo-wordpress\/ -->\n<title>WA\u0141 KORBOWY 4T ko\u0142o pompy oleju 22z GY6 - MOTO-PAWMAR<\/title>\n<meta name=\"robots\" content=\"index, follow, max-snippet:-1, max-image-preview:large, max-video-preview:-1\" \/>\n<link rel=\"canonical\" href=\"https:\/\/moto-pawmar.pl\/?product=wal-korbowy-4t-kolo-pompy-oleju-22z-gy6\" \/>\n<meta property=\"og:locale\" content=\"pl_PL\" \/>\n<meta property=\"og:type\" content=\"article\" \/>\n<meta property=\"og:title\" content=\"WA\u0141 KORBOWY 4T ko\u0142o pompy oleju 22z GY6 - MOTO-PAWMAR\" \/>\n<meta property=\"og:description\" content=\"Aby unikn\u0105\u0107 pomy\u0142ek prosz\u0119 por\u00f3wna\u0107 zamawian\u0105 cz\u0119\u015b\u0107 ze star\u0105. Je\u015bli masz w\u0105tpliwo\u015bci skontaktuj si\u0119 z obs\u0142ug\u0105 sklepu.\" \/>\n<meta property=\"og:url\" content=\"https:\/\/moto-pawmar.pl\/?product=wal-korbowy-4t-kolo-pompy-oleju-22z-gy6\" \/>\n<meta property=\"og:site_name\" content=\"MOTO-PAWMAR\" \/>\n<meta property=\"article:publisher\" content=\"https:\/\/www.facebook.com\/motopawmar\/?locale=pl_PL\" \/>\n<meta property=\"og:image\" content=\"https:\/\/moto-pawmar.pl\/wp-content\/uploads\/2025\/10\/STD00012_big.jpg\" \/>\n\t<meta property=\"og:image:width\" content=\"800\" \/>\n\t<meta property=\"og:image:height\" content=\"505\" \/>\n\t<meta property=\"og:image:type\" content=\"image\/jpeg\" \/>\n<meta name=\"twitter:card\" content=\"summary_large_image\" \/>\n<script type=\"application\/ld+json\" class=\"yoast-schema-graph\">{\"@context\":\"https:\/\/schema.org\",\"@graph\":[{\"@type\":\"WebPage\",\"@id\":\"https:\/\/moto-pawmar.pl\/?product=wal-korbowy-4t-kolo-pompy-oleju-22z-gy6\",\"url\":\"https:\/\/moto-pawmar.pl\/?product=wal-korbowy-4t-kolo-pompy-oleju-22z-gy6\",\"name\":\"WA\u0141 KORBOWY 4T ko\u0142o pompy oleju 22z GY6 - MOTO-PAWMAR\",\"isPartOf\":{\"@id\":\"https:\/\/moto-pawmar.pl\/#website\"},\"primaryImageOfPage\":{\"@id\":\"https:\/\/moto-pawmar.pl\/?product=wal-korbowy-4t-kolo-pompy-oleju-22z-gy6#primaryimage\"},\"image\":{\"@id\":\"https:\/\/moto-pawmar.pl\/?product=wal-korbowy-4t-kolo-pompy-oleju-22z-gy6#primaryimage\"},\"thumbnailUrl\":\"https:\/\/moto-pawmar.pl\/wp-content\/uploads\/2025\/10\/STD00012_big.jpg\",\"datePublished\":\"2025-10-24T07:52:13+00:00\",\"breadcrumb\":{\"@id\":\"https:\/\/moto-pawmar.pl\/?product=wal-korbowy-4t-kolo-pompy-oleju-22z-gy6#breadcrumb\"},\"inLanguage\":\"pl-PL\",\"potentialAction\":[{\"@type\":\"ReadAction\",\"target\":[\"https:\/\/moto-pawmar.pl\/?product=wal-korbowy-4t-kolo-pompy-oleju-22z-gy6\"]}]},{\"@type\":\"ImageObject\",\"inLanguage\":\"pl-PL\",\"@id\":\"https:\/\/moto-pawmar.pl\/?product=wal-korbowy-4t-kolo-pompy-oleju-22z-gy6#primaryimage\",\"url\":\"https:\/\/moto-pawmar.pl\/wp-content\/uploads\/2025\/10\/STD00012_big.jpg\",\"contentUrl\":\"https:\/\/moto-pawmar.pl\/wp-content\/uploads\/2025\/10\/STD00012_big.jpg\",\"width\":800,\"height\":505},{\"@type\":\"BreadcrumbList\",\"@id\":\"https:\/\/moto-pawmar.pl\/?product=wal-korbowy-4t-kolo-pompy-oleju-22z-gy6#breadcrumb\",\"itemListElement\":[{\"@type\":\"ListItem\",\"position\":1,\"name\":\"Strona g\u0142\u00f3wna\",\"item\":\"https:\/\/moto-pawmar.pl\/\"},{\"@type\":\"ListItem\",\"position\":2,\"name\":\"Sklep Internetowy\",\"item\":\"https:\/\/moto-pawmar.pl\/?page_id=367\"},{\"@type\":\"ListItem\",\"position\":3,\"name\":\"WA\u0141 KORBOWY 4T ko\u0142o pompy oleju 22z GY6\"}]},{\"@type\":\"WebSite\",\"@id\":\"https:\/\/moto-pawmar.pl\/#website\",\"url\":\"https:\/\/moto-pawmar.pl\/\",\"name\":\"MOTO-PAWMAR\",\"description\":\"MOTO\u2011PAWMAR \u2013 Tw\u00f3j sklep z cz\u0119\u015bciami i akcesoriami do motocykli, skuter\u00f3w i quad\u00f3w.\",\"publisher\":{\"@id\":\"https:\/\/moto-pawmar.pl\/#organization\"},\"potentialAction\":[{\"@type\":\"SearchAction\",\"target\":{\"@type\":\"EntryPoint\",\"urlTemplate\":\"https:\/\/moto-pawmar.pl\/?s={search_term_string}\"},\"query-input\":{\"@type\":\"PropertyValueSpecification\",\"valueRequired\":true,\"valueName\":\"search_term_string\"}}],\"inLanguage\":\"pl-PL\"},{\"@type\":\"Organization\",\"@id\":\"https:\/\/moto-pawmar.pl\/#organization\",\"name\":\"MOTO-PAWMAR\",\"url\":\"https:\/\/moto-pawmar.pl\/\",\"logo\":{\"@type\":\"ImageObject\",\"inLanguage\":\"pl-PL\",\"@id\":\"https:\/\/moto-pawmar.pl\/#\/schema\/logo\/image\/\",\"url\":\"https:\/\/moto-pawmar.pl\/wp-content\/uploads\/2025\/10\/LOGO-SKLEP.png\",\"contentUrl\":\"https:\/\/moto-pawmar.pl\/wp-content\/uploads\/2025\/10\/LOGO-SKLEP.png\",\"width\":2480,\"height\":2053,\"caption\":\"MOTO-PAWMAR\"},\"image\":{\"@id\":\"https:\/\/moto-pawmar.pl\/#\/schema\/logo\/image\/\"},\"sameAs\":[\"https:\/\/www.facebook.com\/motopawmar\/?locale=pl_PL\"]}]}<\/script>\n<!-- \/ Yoast SEO plugin. -->","yoast_head_json":{"title":"WA\u0141 KORBOWY 4T ko\u0142o pompy oleju 22z GY6 - MOTO-PAWMAR","robots":{"index":"index","follow":"follow","max-snippet":"max-snippet:-1","max-image-preview":"max-image-preview:large","max-video-preview":"max-video-preview:-1"},"canonical":"https:\/\/moto-pawmar.pl\/?product=wal-korbowy-4t-kolo-pompy-oleju-22z-gy6","og_locale":"pl_PL","og_type":"article","og_title":"WA\u0141 KORBOWY 4T ko\u0142o pompy oleju 22z GY6 - MOTO-PAWMAR","og_description":"Aby unikn\u0105\u0107 pomy\u0142ek prosz\u0119 por\u00f3wna\u0107 zamawian\u0105 cz\u0119\u015b\u0107 ze star\u0105. Je\u015bli masz w\u0105tpliwo\u015bci skontaktuj si\u0119 z obs\u0142ug\u0105 sklepu.","og_url":"https:\/\/moto-pawmar.pl\/?product=wal-korbowy-4t-kolo-pompy-oleju-22z-gy6","og_site_name":"MOTO-PAWMAR","article_publisher":"https:\/\/www.facebook.com\/motopawmar\/?locale=pl_PL","og_image":[{"width":800,"height":505,"url":"https:\/\/moto-pawmar.pl\/wp-content\/uploads\/2025\/10\/STD00012_big.jpg","type":"image\/jpeg"}],"twitter_card":"summary_large_image","schema":{"@context":"https:\/\/schema.org","@graph":[{"@type":"WebPage","@id":"https:\/\/moto-pawmar.pl\/?product=wal-korbowy-4t-kolo-pompy-oleju-22z-gy6","url":"https:\/\/moto-pawmar.pl\/?product=wal-korbowy-4t-kolo-pompy-oleju-22z-gy6","name":"WA\u0141 KORBOWY 4T ko\u0142o pompy oleju 22z GY6 - MOTO-PAWMAR","isPartOf":{"@id":"https:\/\/moto-pawmar.pl\/#website"},"primaryImageOfPage":{"@id":"https:\/\/moto-pawmar.pl\/?product=wal-korbowy-4t-kolo-pompy-oleju-22z-gy6#primaryimage"},"image":{"@id":"https:\/\/moto-pawmar.pl\/?product=wal-korbowy-4t-kolo-pompy-oleju-22z-gy6#primaryimage"},"thumbnailUrl":"https:\/\/moto-pawmar.pl\/wp-content\/uploads\/2025\/10\/STD00012_big.jpg","datePublished":"2025-10-24T07:52:13+00:00","breadcrumb":{"@id":"https:\/\/moto-pawmar.pl\/?product=wal-korbowy-4t-kolo-pompy-oleju-22z-gy6#breadcrumb"},"inLanguage":"pl-PL","potentialAction":[{"@type":"ReadAction","target":["https:\/\/moto-pawmar.pl\/?product=wal-korbowy-4t-kolo-pompy-oleju-22z-gy6"]}]},{"@type":"ImageObject","inLanguage":"pl-PL","@id":"https:\/\/moto-pawmar.pl\/?product=wal-korbowy-4t-kolo-pompy-oleju-22z-gy6#primaryimage","url":"https:\/\/moto-pawmar.pl\/wp-content\/uploads\/2025\/10\/STD00012_big.jpg","contentUrl":"https:\/\/moto-pawmar.pl\/wp-content\/uploads\/2025\/10\/STD00012_big.jpg","width":800,"height":505},{"@type":"BreadcrumbList","@id":"https:\/\/moto-pawmar.pl\/?product=wal-korbowy-4t-kolo-pompy-oleju-22z-gy6#breadcrumb","itemListElement":[{"@type":"ListItem","position":1,"name":"Strona g\u0142\u00f3wna","item":"https:\/\/moto-pawmar.pl\/"},{"@type":"ListItem","position":2,"name":"Sklep Internetowy","item":"https:\/\/moto-pawmar.pl\/?page_id=367"},{"@type":"ListItem","position":3,"name":"WA\u0141 KORBOWY 4T ko\u0142o pompy oleju 22z GY6"}]},{"@type":"WebSite","@id":"https:\/\/moto-pawmar.pl\/#website","url":"https:\/\/moto-pawmar.pl\/","name":"MOTO-PAWMAR","description":"MOTO\u2011PAWMAR \u2013 Tw\u00f3j sklep z cz\u0119\u015bciami i akcesoriami do motocykli, skuter\u00f3w i quad\u00f3w.","publisher":{"@id":"https:\/\/moto-pawmar.pl\/#organization"},"potentialAction":[{"@type":"SearchAction","target":{"@type":"EntryPoint","urlTemplate":"https:\/\/moto-pawmar.pl\/?s={search_term_string}"},"query-input":{"@type":"PropertyValueSpecification","valueRequired":true,"valueName":"search_term_string"}}],"inLanguage":"pl-PL"},{"@type":"Organization","@id":"https:\/\/moto-pawmar.pl\/#organization","name":"MOTO-PAWMAR","url":"https:\/\/moto-pawmar.pl\/","logo":{"@type":"ImageObject","inLanguage":"pl-PL","@id":"https:\/\/moto-pawmar.pl\/#\/schema\/logo\/image\/","url":"https:\/\/moto-pawmar.pl\/wp-content\/uploads\/2025\/10\/LOGO-SKLEP.png","contentUrl":"https:\/\/moto-pawmar.pl\/wp-content\/uploads\/2025\/10\/LOGO-SKLEP.png","width":2480,"height":2053,"caption":"MOTO-PAWMAR"},"image":{"@id":"https:\/\/moto-pawmar.pl\/#\/schema\/logo\/image\/"},"sameAs":["https:\/\/www.facebook.com\/motopawmar\/?locale=pl_PL"]}]}},"_links":{"self":[{"href":"https:\/\/moto-pawmar.pl\/index.php?rest_route=\/wp\/v2\/product\/2389","targetHints":{"allow":["GET"]}}],"collection":[{"href":"https:\/\/moto-pawmar.pl\/index.php?rest_route=\/wp\/v2\/product"}],"about":[{"href":"https:\/\/moto-pawmar.pl\/index.php?rest_route=\/wp\/v2\/types\/product"}],"wp:featuredmedia":[{"embeddable":true,"href":"https:\/\/moto-pawmar.pl\/index.php?rest_route=\/wp\/v2\/media\/2390"}],"wp:attachment":[{"href":"https:\/\/moto-pawmar.pl\/index.php?rest_route=%2Fwp%2Fv2%2Fmedia&parent=2389"}],"wp:term":[{"taxonomy":"product_brand","embeddable":true,"href":"https:\/\/moto-pawmar.pl\/index.php?rest_route=%2Fwp%2Fv2%2Fproduct_brand&post=2389"},{"taxonomy":"product_cat","embeddable":true,"href":"https:\/\/moto-pawmar.pl\/index.php?rest_route=%2Fwp%2Fv2%2Fproduct_cat&post=2389"},{"taxonomy":"product_tag","embeddable":true,"href":"https:\/\/moto-pawmar.pl\/index.php?rest_route=%2Fwp%2Fv2%2Fproduct_tag&post=2389"}],"curies":[{"name":"wp","href":"https:\/\/api.w.org\/{rel}","templated":true}]}}