{"id":2366,"date":"2025-10-24T09:19:04","date_gmt":"2025-10-24T07:19:04","guid":{"rendered":"https:\/\/moto-pawmar.pl\/?post_type=product&#038;p=2366"},"modified":"2025-10-24T09:19:04","modified_gmt":"2025-10-24T07:19:04","slug":"cylinder-50-cc-4t-3900","status":"publish","type":"product","link":"https:\/\/moto-pawmar.pl\/?product=cylinder-50-cc-4t-3900","title":{"rendered":"CYLINDER 50 CC 4T 39,00"},"content":{"rendered":"<p>VISON, SOLLATIO, KINROAD, KINGWEY, FUTONG, GATEWAY, GB MOTORS, GREEN BIKE, GULIVER, HOOLIGAN, IBIZZO, KINGWAY, KOYOT, MAXIMUS MAVER MOTO ZETA MOTO VENTUS, QUIZZAR, RALLY, ROMET 727.<\/p>\n<p>wysokosc ca\u0142kowita: 70,5mm<\/p>\n<p>wysoko\u015b\u0107 bez tulei: 53mm<\/p>\n<p>\u015brednica zewnetrzna tulei: 45mm<\/p>\n<p>rozstaw otworow po przek\u0105tnej: 71mm<\/p>\n<p>sworze\u0144: 13mm<\/p>\n<p>rozstaw otwor\u00f3w mocowania napinacza: 40mm M6<\/p>\n<p>Silnik GY6 50<\/p>\n<p>Zastosowanie m.in.:<\/p>\n<p>Bella Retro 50 4T 2008 i p\u00f3\u017aniejsze (YY50QT-21)<br \/>\nBaotian BT49QT-11\/ BT50QT-11 Retro 50 4T<br \/>\nBaotian BT49QT-12\/ BT50QT-12 50 4T<br \/>\nBaotian BT49QT-7\/ BT50QT-7 50 4T<br \/>\nBaotian BT49QT-9\/ BT50QT-9 50 4T<br \/>\nFlex Tech Cityliner 50 4T (BT50QT-9)<br \/>\nFlex Tech Dolphin 50 4T (HY50T-11)<br \/>\nFlex Tech Firenze 50 4T (YY50QT-21)<br \/>\nFlex Tech Firenze 50 4T (ZN50QT-E)<br \/>\nFlex Tech Fun 50 4T (YY50QT-6A)<br \/>\nFlex Tech Hurrican X1 50 4T (JL50QT-4)<br \/>\nFlex Tech Hurrican X2 50 4T (YY50QT-26)<br \/>\nFlex Tech Jive 50 4T (BT50QT-11)<br \/>\nFlex Tech KVR 50 4T (YY50QT-7)<br \/>\nFlex Tech Napoli 50 4T (YY50QT-25)<br \/>\nFlex Tech Panter I 50 4T (JL50QT-4)<br \/>\nFlex Tech Piacenza 50 4T (YY50QT-31)<br \/>\nFlex Tech Speedy 50 4T (YY50QT-B)<br \/>\nFlex Tech Sprint 50 4T (BT49QT-9)<br \/>\nFlex Tech Topdrive 50 4T (YY50QT-14)<br \/>\nFlex Tech Topspeed 50 4T (YY50QT-7A)<br \/>\nFlex Tech TVZ 50 4T (YY50QT-C)<br \/>\nFlex Tech Venus II 50 4T (HY50QT-6)<br \/>\nFlex Tech VRR 50 4T (YY50QT-10)<br \/>\nGarelli Capri 50 4T 2006 i p\u00f3\u017aniejsze<br \/>\nGarelli Ciclone 50 4T 2006 i p\u00f3\u017aniejsze<br \/>\nGarelli Flexi 50 4T 2011 i p\u00f3\u017aniejsze<br \/>\nGarelli Tiesse 50 4T 2008 i p\u00f3\u017aniejsze<br \/>\nGarelli Tiesse L 50 4T 2011 i p\u00f3\u017aniejsze<br \/>\nGarelli Vip 50 4T 2007 i p\u00f3\u017aniejsze<br \/>\nGarelli X\u00f2 50 4T 2010 i p\u00f3\u017aniejsze<br \/>\nGiantco Cyrus I 50 4T 2007-2008 (HN50QT-7B)<br \/>\nGiantco Cyrus II 50 4T 2008 i p\u00f3\u017aniejsze<br \/>\nGiantco Dolphin I 50 4T 2007-2008 (JL50QT-4)<br \/>\nGiantco Dolphin-Twin 50 4T 2009 i p\u00f3\u017aniejsze (HY50QT-11)<br \/>\nGiantco G-Buddy R10 50 4T 2010 i p\u00f3\u017aniejsze<br \/>\nGiantco G-Buddy R12 50 4T 2010 i p\u00f3\u017aniejsze<br \/>\nGiantco Lambros 50 4T 2009 i p\u00f3\u017aniejsze<br \/>\nGiantco Sprint City 50 4T 2009 i p\u00f3\u017aniejsze (BT49QT-9)<br \/>\nGiantco Sprint Sport 50 4T 2009 i p\u00f3\u017aniejsze<br \/>\nGiantco Stealth 50 4T 2008 i p\u00f3\u017aniejsze<br \/>\nGiantco Stealth Naked 50 4T 2009 i p\u00f3\u017aniejsze<br \/>\nGiantco Venus I 50 4T 2007-2008 (HY50QT-6)<br \/>\nGiantco Venus II 50 4T 2008 i p\u00f3\u017aniejsze<br \/>\nGiantco Venus IID 50 4T 2010 i p\u00f3\u017aniejsze<br \/>\nKreidler Flory 50 4T 2005 i p\u00f3\u017aniejsze<br \/>\nKreidler Jigger City 50 4T 2010 i p\u00f3\u017aniejsze<br \/>\nKymco Agility City R16 25km\/h 4T 2008-2013<br \/>\nKymco Agility City R16 50 4T 2008-2013<br \/>\nKymco Agility City R16+ 25km\/h 4T 2014 i p\u00f3\u017aniejsze<br \/>\nKymco Agility City R16+ 50 4T 2014 i p\u00f3\u017aniejsze<br \/>\nKymco Agility MMC Limited R12 25km\/h 4T 2009 i p\u00f3\u017aniejsze<br \/>\nKymco Agility MMC Limited R12 50 4T 2009 i p\u00f3\u017aniejsze<br \/>\nKymco Agility MMC R10 25km\/h 4T 2009 i p\u00f3\u017aniejsze<br \/>\nKymco Agility MMC R10 50 4T 2009 i p\u00f3\u017aniejsze<br \/>\nKymco Agility MMC R12 25km\/h 4T 2009 i p\u00f3\u017aniejsze<br \/>\nKymco Agility MMC R12 50 4T 2009 i p\u00f3\u017aniejsze<br \/>\nKymco Agility Premium R10 50 4T 2005-2008<br \/>\nKymco Agility R10 25km\/h 4T 2005-2008<br \/>\nKymco Agility R10 50 4T 2005-2008<br \/>\nKymco Agility R12 25km\/h 4T 2005-2008<br \/>\nKymco Agility R12 50 4T 2005-2008<br \/>\nKymco Agility RS12 25km\/h 4T 2009 i p\u00f3\u017aniejsze<br \/>\nKymco Agility RS12 50 4T 2009 i p\u00f3\u017aniejsze<br \/>\nKymco Filly 50 4T 1998-2000<br \/>\nKymco Filly LX 50 4T 2000-2006<br \/>\nKymco Like 25km\/h 4T 2009 i p\u00f3\u017aniejsze<br \/>\nKymco Like 50 4T 2009 i p\u00f3\u017aniejsze<br \/>\nKymco New Dink 50 4T 2006-2011<br \/>\nKymco People S 25km\/h 4T 2006-2010<br \/>\nKymco People S 50 4T 2006-2007<br \/>\nKymco People S 50 4T 2008-2010<br \/>\nKymco Sento 25km\/h 4T 2008 i p\u00f3\u017aniejsze<br \/>\nKymco Sento 50 4T 2008 i p\u00f3\u017aniejsze<br \/>\nKymco Super 8 25km\/h 4T 2007-2008<br \/>\nKymco Super 8 25km\/h 4T 2009 i p\u00f3\u017aniejsze<br \/>\nKymco Super 8 50 4T 2007-2008<br \/>\nKymco Super 8 50 4T 2009 i p\u00f3\u017aniejsze<br \/>\nKymco Vitality 25km\/h 4T 2004-2009<br \/>\nKymco Vitality 50 4T 2004-2009<br \/>\nKymco VP 50 4T 2014 i p\u00f3\u017aniejsze<br \/>\nMalaguti DVD 50 4T 2010 i p\u00f3\u017aniejsze<br \/>\nPeugeot Kisbee 50 4T 2010 i p\u00f3\u017aniejsze<br \/>\nPeugeot V-Clic 50 4T 2007 i p\u00f3\u017aniejsze<br \/>\nRieju Pacific 50 4T 2008 i p\u00f3\u017aniejsze<br \/>\nRieju Toreo 50 4T 2007-2008<br \/>\nSachs 49ER R10 50 4T 2006 i p\u00f3\u017aniejsze<br \/>\nSachs 49ER R12 50 4T 2008 i p\u00f3\u017aniejsze<br \/>\nSachs Bee 50 4T 2006 i p\u00f3\u017aniejsze<br \/>\nTGB City4 50 4T 2007 i p\u00f3\u017aniejsze<\/p>\n","protected":false},"excerpt":{"rendered":"<p>Aby unikn\u0105\u0107 pomy\u0142ek prosz\u0119 por\u00f3wna\u0107 zamawian\u0105 cz\u0119\u015b\u0107 ze star\u0105. Je\u015bli masz w\u0105tpliwo\u015bci skontaktuj si\u0119 z obs\u0142ug\u0105 sklepu.<\/p>\n","protected":false},"featured_media":2367,"template":"","meta":[],"product_brand":[],"product_cat":[340,341],"product_tag":[],"class_list":{"0":"post-2366","1":"product","2":"type-product","3":"status-publish","4":"has-post-thumbnail","6":"product_cat-czesci-motocyklowe","7":"product_cat-skuter-4t-50cc-chinczyk","9":"first","10":"instock","11":"taxable","12":"shipping-taxable","13":"purchasable","14":"product-type-simple"},"yoast_head":"<!-- This site is optimized with the Yoast SEO plugin v26.9 - https:\/\/yoast.com\/product\/yoast-seo-wordpress\/ -->\n<title>CYLINDER 50 CC 4T 39,00 - MOTO-PAWMAR<\/title>\n<meta name=\"robots\" content=\"index, follow, max-snippet:-1, max-image-preview:large, max-video-preview:-1\" \/>\n<link rel=\"canonical\" href=\"https:\/\/moto-pawmar.pl\/?product=cylinder-50-cc-4t-3900\" \/>\n<meta property=\"og:locale\" content=\"pl_PL\" \/>\n<meta property=\"og:type\" content=\"article\" \/>\n<meta property=\"og:title\" content=\"CYLINDER 50 CC 4T 39,00 - MOTO-PAWMAR\" \/>\n<meta property=\"og:description\" content=\"Aby unikn\u0105\u0107 pomy\u0142ek prosz\u0119 por\u00f3wna\u0107 zamawian\u0105 cz\u0119\u015b\u0107 ze star\u0105. Je\u015bli masz w\u0105tpliwo\u015bci skontaktuj si\u0119 z obs\u0142ug\u0105 sklepu.\" \/>\n<meta property=\"og:url\" content=\"https:\/\/moto-pawmar.pl\/?product=cylinder-50-cc-4t-3900\" \/>\n<meta property=\"og:site_name\" content=\"MOTO-PAWMAR\" \/>\n<meta property=\"article:publisher\" content=\"https:\/\/www.facebook.com\/motopawmar\/?locale=pl_PL\" \/>\n<meta property=\"og:image\" content=\"https:\/\/moto-pawmar.pl\/wp-content\/uploads\/2025\/10\/AY3513_big.jpg\" \/>\n\t<meta property=\"og:image:width\" content=\"800\" \/>\n\t<meta property=\"og:image:height\" content=\"530\" \/>\n\t<meta property=\"og:image:type\" content=\"image\/jpeg\" \/>\n<meta name=\"twitter:card\" content=\"summary_large_image\" \/>\n<meta name=\"twitter:label1\" content=\"Szacowany czas czytania\" \/>\n\t<meta name=\"twitter:data1\" content=\"3 minuty\" \/>\n<script type=\"application\/ld+json\" class=\"yoast-schema-graph\">{\"@context\":\"https:\/\/schema.org\",\"@graph\":[{\"@type\":\"WebPage\",\"@id\":\"https:\/\/moto-pawmar.pl\/?product=cylinder-50-cc-4t-3900\",\"url\":\"https:\/\/moto-pawmar.pl\/?product=cylinder-50-cc-4t-3900\",\"name\":\"CYLINDER 50 CC 4T 39,00 - MOTO-PAWMAR\",\"isPartOf\":{\"@id\":\"https:\/\/moto-pawmar.pl\/#website\"},\"primaryImageOfPage\":{\"@id\":\"https:\/\/moto-pawmar.pl\/?product=cylinder-50-cc-4t-3900#primaryimage\"},\"image\":{\"@id\":\"https:\/\/moto-pawmar.pl\/?product=cylinder-50-cc-4t-3900#primaryimage\"},\"thumbnailUrl\":\"https:\/\/moto-pawmar.pl\/wp-content\/uploads\/2025\/10\/AY3513_big.jpg\",\"datePublished\":\"2025-10-24T07:19:04+00:00\",\"breadcrumb\":{\"@id\":\"https:\/\/moto-pawmar.pl\/?product=cylinder-50-cc-4t-3900#breadcrumb\"},\"inLanguage\":\"pl-PL\",\"potentialAction\":[{\"@type\":\"ReadAction\",\"target\":[\"https:\/\/moto-pawmar.pl\/?product=cylinder-50-cc-4t-3900\"]}]},{\"@type\":\"ImageObject\",\"inLanguage\":\"pl-PL\",\"@id\":\"https:\/\/moto-pawmar.pl\/?product=cylinder-50-cc-4t-3900#primaryimage\",\"url\":\"https:\/\/moto-pawmar.pl\/wp-content\/uploads\/2025\/10\/AY3513_big.jpg\",\"contentUrl\":\"https:\/\/moto-pawmar.pl\/wp-content\/uploads\/2025\/10\/AY3513_big.jpg\",\"width\":800,\"height\":530},{\"@type\":\"BreadcrumbList\",\"@id\":\"https:\/\/moto-pawmar.pl\/?product=cylinder-50-cc-4t-3900#breadcrumb\",\"itemListElement\":[{\"@type\":\"ListItem\",\"position\":1,\"name\":\"Strona g\u0142\u00f3wna\",\"item\":\"https:\/\/moto-pawmar.pl\/\"},{\"@type\":\"ListItem\",\"position\":2,\"name\":\"Sklep Internetowy\",\"item\":\"https:\/\/moto-pawmar.pl\/?page_id=367\"},{\"@type\":\"ListItem\",\"position\":3,\"name\":\"CYLINDER 50 CC 4T 39,00\"}]},{\"@type\":\"WebSite\",\"@id\":\"https:\/\/moto-pawmar.pl\/#website\",\"url\":\"https:\/\/moto-pawmar.pl\/\",\"name\":\"MOTO-PAWMAR\",\"description\":\"MOTO\u2011PAWMAR \u2013 Tw\u00f3j sklep z cz\u0119\u015bciami i akcesoriami do motocykli, skuter\u00f3w i quad\u00f3w.\",\"publisher\":{\"@id\":\"https:\/\/moto-pawmar.pl\/#organization\"},\"potentialAction\":[{\"@type\":\"SearchAction\",\"target\":{\"@type\":\"EntryPoint\",\"urlTemplate\":\"https:\/\/moto-pawmar.pl\/?s={search_term_string}\"},\"query-input\":{\"@type\":\"PropertyValueSpecification\",\"valueRequired\":true,\"valueName\":\"search_term_string\"}}],\"inLanguage\":\"pl-PL\"},{\"@type\":\"Organization\",\"@id\":\"https:\/\/moto-pawmar.pl\/#organization\",\"name\":\"MOTO-PAWMAR\",\"url\":\"https:\/\/moto-pawmar.pl\/\",\"logo\":{\"@type\":\"ImageObject\",\"inLanguage\":\"pl-PL\",\"@id\":\"https:\/\/moto-pawmar.pl\/#\/schema\/logo\/image\/\",\"url\":\"https:\/\/moto-pawmar.pl\/wp-content\/uploads\/2025\/10\/LOGO-SKLEP.png\",\"contentUrl\":\"https:\/\/moto-pawmar.pl\/wp-content\/uploads\/2025\/10\/LOGO-SKLEP.png\",\"width\":2480,\"height\":2053,\"caption\":\"MOTO-PAWMAR\"},\"image\":{\"@id\":\"https:\/\/moto-pawmar.pl\/#\/schema\/logo\/image\/\"},\"sameAs\":[\"https:\/\/www.facebook.com\/motopawmar\/?locale=pl_PL\"]}]}<\/script>\n<!-- \/ Yoast SEO plugin. -->","yoast_head_json":{"title":"CYLINDER 50 CC 4T 39,00 - MOTO-PAWMAR","robots":{"index":"index","follow":"follow","max-snippet":"max-snippet:-1","max-image-preview":"max-image-preview:large","max-video-preview":"max-video-preview:-1"},"canonical":"https:\/\/moto-pawmar.pl\/?product=cylinder-50-cc-4t-3900","og_locale":"pl_PL","og_type":"article","og_title":"CYLINDER 50 CC 4T 39,00 - MOTO-PAWMAR","og_description":"Aby unikn\u0105\u0107 pomy\u0142ek prosz\u0119 por\u00f3wna\u0107 zamawian\u0105 cz\u0119\u015b\u0107 ze star\u0105. Je\u015bli masz w\u0105tpliwo\u015bci skontaktuj si\u0119 z obs\u0142ug\u0105 sklepu.","og_url":"https:\/\/moto-pawmar.pl\/?product=cylinder-50-cc-4t-3900","og_site_name":"MOTO-PAWMAR","article_publisher":"https:\/\/www.facebook.com\/motopawmar\/?locale=pl_PL","og_image":[{"width":800,"height":530,"url":"https:\/\/moto-pawmar.pl\/wp-content\/uploads\/2025\/10\/AY3513_big.jpg","type":"image\/jpeg"}],"twitter_card":"summary_large_image","twitter_misc":{"Szacowany czas czytania":"3 minuty"},"schema":{"@context":"https:\/\/schema.org","@graph":[{"@type":"WebPage","@id":"https:\/\/moto-pawmar.pl\/?product=cylinder-50-cc-4t-3900","url":"https:\/\/moto-pawmar.pl\/?product=cylinder-50-cc-4t-3900","name":"CYLINDER 50 CC 4T 39,00 - MOTO-PAWMAR","isPartOf":{"@id":"https:\/\/moto-pawmar.pl\/#website"},"primaryImageOfPage":{"@id":"https:\/\/moto-pawmar.pl\/?product=cylinder-50-cc-4t-3900#primaryimage"},"image":{"@id":"https:\/\/moto-pawmar.pl\/?product=cylinder-50-cc-4t-3900#primaryimage"},"thumbnailUrl":"https:\/\/moto-pawmar.pl\/wp-content\/uploads\/2025\/10\/AY3513_big.jpg","datePublished":"2025-10-24T07:19:04+00:00","breadcrumb":{"@id":"https:\/\/moto-pawmar.pl\/?product=cylinder-50-cc-4t-3900#breadcrumb"},"inLanguage":"pl-PL","potentialAction":[{"@type":"ReadAction","target":["https:\/\/moto-pawmar.pl\/?product=cylinder-50-cc-4t-3900"]}]},{"@type":"ImageObject","inLanguage":"pl-PL","@id":"https:\/\/moto-pawmar.pl\/?product=cylinder-50-cc-4t-3900#primaryimage","url":"https:\/\/moto-pawmar.pl\/wp-content\/uploads\/2025\/10\/AY3513_big.jpg","contentUrl":"https:\/\/moto-pawmar.pl\/wp-content\/uploads\/2025\/10\/AY3513_big.jpg","width":800,"height":530},{"@type":"BreadcrumbList","@id":"https:\/\/moto-pawmar.pl\/?product=cylinder-50-cc-4t-3900#breadcrumb","itemListElement":[{"@type":"ListItem","position":1,"name":"Strona g\u0142\u00f3wna","item":"https:\/\/moto-pawmar.pl\/"},{"@type":"ListItem","position":2,"name":"Sklep Internetowy","item":"https:\/\/moto-pawmar.pl\/?page_id=367"},{"@type":"ListItem","position":3,"name":"CYLINDER 50 CC 4T 39,00"}]},{"@type":"WebSite","@id":"https:\/\/moto-pawmar.pl\/#website","url":"https:\/\/moto-pawmar.pl\/","name":"MOTO-PAWMAR","description":"MOTO\u2011PAWMAR \u2013 Tw\u00f3j sklep z cz\u0119\u015bciami i akcesoriami do motocykli, skuter\u00f3w i quad\u00f3w.","publisher":{"@id":"https:\/\/moto-pawmar.pl\/#organization"},"potentialAction":[{"@type":"SearchAction","target":{"@type":"EntryPoint","urlTemplate":"https:\/\/moto-pawmar.pl\/?s={search_term_string}"},"query-input":{"@type":"PropertyValueSpecification","valueRequired":true,"valueName":"search_term_string"}}],"inLanguage":"pl-PL"},{"@type":"Organization","@id":"https:\/\/moto-pawmar.pl\/#organization","name":"MOTO-PAWMAR","url":"https:\/\/moto-pawmar.pl\/","logo":{"@type":"ImageObject","inLanguage":"pl-PL","@id":"https:\/\/moto-pawmar.pl\/#\/schema\/logo\/image\/","url":"https:\/\/moto-pawmar.pl\/wp-content\/uploads\/2025\/10\/LOGO-SKLEP.png","contentUrl":"https:\/\/moto-pawmar.pl\/wp-content\/uploads\/2025\/10\/LOGO-SKLEP.png","width":2480,"height":2053,"caption":"MOTO-PAWMAR"},"image":{"@id":"https:\/\/moto-pawmar.pl\/#\/schema\/logo\/image\/"},"sameAs":["https:\/\/www.facebook.com\/motopawmar\/?locale=pl_PL"]}]}},"_links":{"self":[{"href":"https:\/\/moto-pawmar.pl\/index.php?rest_route=\/wp\/v2\/product\/2366","targetHints":{"allow":["GET"]}}],"collection":[{"href":"https:\/\/moto-pawmar.pl\/index.php?rest_route=\/wp\/v2\/product"}],"about":[{"href":"https:\/\/moto-pawmar.pl\/index.php?rest_route=\/wp\/v2\/types\/product"}],"wp:featuredmedia":[{"embeddable":true,"href":"https:\/\/moto-pawmar.pl\/index.php?rest_route=\/wp\/v2\/media\/2367"}],"wp:attachment":[{"href":"https:\/\/moto-pawmar.pl\/index.php?rest_route=%2Fwp%2Fv2%2Fmedia&parent=2366"}],"wp:term":[{"taxonomy":"product_brand","embeddable":true,"href":"https:\/\/moto-pawmar.pl\/index.php?rest_route=%2Fwp%2Fv2%2Fproduct_brand&post=2366"},{"taxonomy":"product_cat","embeddable":true,"href":"https:\/\/moto-pawmar.pl\/index.php?rest_route=%2Fwp%2Fv2%2Fproduct_cat&post=2366"},{"taxonomy":"product_tag","embeddable":true,"href":"https:\/\/moto-pawmar.pl\/index.php?rest_route=%2Fwp%2Fv2%2Fproduct_tag&post=2366"}],"curies":[{"name":"wp","href":"https:\/\/api.w.org\/{rel}","templated":true}]}}