{"id":2321,"date":"2025-10-22T16:36:39","date_gmt":"2025-10-22T14:36:39","guid":{"rendered":"https:\/\/serwer391440.lh.pl\/?post_type=product&#038;p=2321"},"modified":"2025-12-17T15:27:48","modified_gmt":"2025-12-17T14:27:48","slug":"hjc-c71","status":"publish","type":"product","link":"https:\/\/moto-pawmar.pl\/?product=hjc-c71","title":{"rendered":"Hjc C71 Solid Semi Flat Black"},"content":{"rendered":"<p>HJC C71 to nowoczesny kask integralny, kt\u00f3ry \u0142\u0105czy sportow\u0105 stylistyk\u0119 z wygod\u0105 codziennego u\u017cytkowania. Dzi\u0119ki aerodynamicznej skorupie, wydajnemu systemowi wentylacji oraz specjalnemu tylnemu spojlerowi zapewnia stabilno\u015b\u0107 i komfort podczas jazdy. Zosta\u0142 wyposa\u017cony w now\u0105 blend\u0119 przeciws\u0142oneczn\u0105 i ulepszony mechanizm wizjera, co podnosi funkcjonalno\u015b\u0107 i bezpiecze\u0144stwo.<\/p>\n<p>Cechy produktu:<\/p>\n<ul>\n<li>Skorupa wykonana z kompozytu poliw\u0119glanowego APC (Advanced Polycarbonate Compound)<\/li>\n<li>System wentylacji ACS z 2 wlotami i 1 wylotem powietrza<\/li>\n<li>Aerodynamiczny kszta\u0142t skorupy oraz specjalny tylny spojler poprawiaj\u0105cy stabilno\u015b\u0107<\/li>\n<li>Wizjer Pinlock Ready HJ-38 z ochron\u0105 UV 99% i pow\u0142ok\u0105 Anti-Scratch<\/li>\n<li>Nowy mechanizm blokady blendy przeciws\u0142onecznej i ulepszony system otwierania wizjera<\/li>\n<li>Wn\u0119trze z tkaniny antybakteryjnej, szybkoschn\u0105cej i odprowadzaj\u0105cej wilgo\u0107<\/li>\n<li>Wyjmowane i nadaj\u0105ce si\u0119 do prania poduszki policzkowe i wy\u015bci\u00f3\u0142ka<\/li>\n<li>Kieszonki na g\u0142o\u015bniki przygotowane pod systemy komunikacji Bluetooth<\/li>\n<\/ul>\n","protected":false},"excerpt":{"rendered":"<p>HJC C71 to nowoczesny kask integralny, kt\u00f3ry \u0142\u0105czy sportow\u0105 stylistyk\u0119 z wygod\u0105 codziennego u\u017cytkowania. Dzi\u0119ki aerodynamicznej skorupie, wydajnemu systemowi wentylacji oraz specjalnemu tylnemu spojlerowi zapewnia stabilno\u015b\u0107 i komfort podczas jazdy. Zosta\u0142 wyposa\u017cony w now\u0105 blend\u0119 przeciws\u0142oneczn\u0105 i ulepszony mechanizm wizjera, co podnosi funkcjonalno\u015b\u0107 i bezpiecze\u0144stwo. Cechy produktu: Skorupa wykonana z kompozytu poliw\u0119glanowego APC (Advanced Polycarbonate [&hellip;]<\/p>\n","protected":false},"featured_media":2322,"template":"","meta":[],"product_brand":[339],"product_cat":[297,272],"product_tag":[],"class_list":{"0":"post-2321","1":"product","2":"type-product","3":"status-publish","4":"has-post-thumbnail","6":"product_brand-hjc","7":"product_cat-kaski-integralne","8":"product_cat-kaski","10":"first","11":"instock","12":"taxable","13":"shipping-taxable","14":"purchasable","15":"product-type-variable"},"yoast_head":"<!-- This site is optimized with the Yoast SEO plugin v26.9 - https:\/\/yoast.com\/product\/yoast-seo-wordpress\/ -->\n<title>Hjc C71 Solid Semi Flat Black - MOTO-PAWMAR<\/title>\n<meta name=\"robots\" content=\"index, follow, max-snippet:-1, max-image-preview:large, max-video-preview:-1\" \/>\n<link rel=\"canonical\" href=\"https:\/\/moto-pawmar.pl\/?product=hjc-c71\" \/>\n<meta property=\"og:locale\" content=\"pl_PL\" \/>\n<meta property=\"og:type\" content=\"article\" \/>\n<meta property=\"og:title\" content=\"Hjc C71 Solid Semi Flat Black - MOTO-PAWMAR\" \/>\n<meta property=\"og:description\" content=\"HJC C71 to nowoczesny kask integralny, kt\u00f3ry \u0142\u0105czy sportow\u0105 stylistyk\u0119 z wygod\u0105 codziennego u\u017cytkowania. Dzi\u0119ki aerodynamicznej skorupie, wydajnemu systemowi wentylacji oraz specjalnemu tylnemu spojlerowi zapewnia stabilno\u015b\u0107 i komfort podczas jazdy. Zosta\u0142 wyposa\u017cony w now\u0105 blend\u0119 przeciws\u0142oneczn\u0105 i ulepszony mechanizm wizjera, co podnosi funkcjonalno\u015b\u0107 i bezpiecze\u0144stwo. Cechy produktu: Skorupa wykonana z kompozytu poliw\u0119glanowego APC (Advanced Polycarbonate [&hellip;]\" \/>\n<meta property=\"og:url\" content=\"https:\/\/moto-pawmar.pl\/?product=hjc-c71\" \/>\n<meta property=\"og:site_name\" content=\"MOTO-PAWMAR\" \/>\n<meta property=\"article:publisher\" content=\"https:\/\/www.facebook.com\/motopawmar\/?locale=pl_PL\" \/>\n<meta property=\"article:modified_time\" content=\"2025-12-17T14:27:48+00:00\" \/>\n<meta property=\"og:image\" content=\"https:\/\/moto-pawmar.pl\/wp-content\/uploads\/2025\/10\/354873_ZAL828791.jpg\" \/>\n\t<meta property=\"og:image:width\" content=\"800\" \/>\n\t<meta property=\"og:image:height\" content=\"800\" \/>\n\t<meta property=\"og:image:type\" content=\"image\/jpeg\" \/>\n<meta name=\"twitter:card\" content=\"summary_large_image\" \/>\n<meta name=\"twitter:label1\" content=\"Szacowany czas czytania\" \/>\n\t<meta name=\"twitter:data1\" content=\"1 minuta\" \/>\n<script type=\"application\/ld+json\" class=\"yoast-schema-graph\">{\"@context\":\"https:\/\/schema.org\",\"@graph\":[{\"@type\":\"WebPage\",\"@id\":\"https:\/\/moto-pawmar.pl\/?product=hjc-c71\",\"url\":\"https:\/\/moto-pawmar.pl\/?product=hjc-c71\",\"name\":\"Hjc C71 Solid Semi Flat Black - MOTO-PAWMAR\",\"isPartOf\":{\"@id\":\"https:\/\/moto-pawmar.pl\/#website\"},\"primaryImageOfPage\":{\"@id\":\"https:\/\/moto-pawmar.pl\/?product=hjc-c71#primaryimage\"},\"image\":{\"@id\":\"https:\/\/moto-pawmar.pl\/?product=hjc-c71#primaryimage\"},\"thumbnailUrl\":\"https:\/\/moto-pawmar.pl\/wp-content\/uploads\/2025\/10\/354873_ZAL828791.jpg\",\"datePublished\":\"2025-10-22T14:36:39+00:00\",\"dateModified\":\"2025-12-17T14:27:48+00:00\",\"breadcrumb\":{\"@id\":\"https:\/\/moto-pawmar.pl\/?product=hjc-c71#breadcrumb\"},\"inLanguage\":\"pl-PL\",\"potentialAction\":[{\"@type\":\"ReadAction\",\"target\":[\"https:\/\/moto-pawmar.pl\/?product=hjc-c71\"]}]},{\"@type\":\"ImageObject\",\"inLanguage\":\"pl-PL\",\"@id\":\"https:\/\/moto-pawmar.pl\/?product=hjc-c71#primaryimage\",\"url\":\"https:\/\/moto-pawmar.pl\/wp-content\/uploads\/2025\/10\/354873_ZAL828791.jpg\",\"contentUrl\":\"https:\/\/moto-pawmar.pl\/wp-content\/uploads\/2025\/10\/354873_ZAL828791.jpg\",\"width\":800,\"height\":800},{\"@type\":\"BreadcrumbList\",\"@id\":\"https:\/\/moto-pawmar.pl\/?product=hjc-c71#breadcrumb\",\"itemListElement\":[{\"@type\":\"ListItem\",\"position\":1,\"name\":\"Strona g\u0142\u00f3wna\",\"item\":\"https:\/\/moto-pawmar.pl\/\"},{\"@type\":\"ListItem\",\"position\":2,\"name\":\"Sklep Internetowy\",\"item\":\"https:\/\/moto-pawmar.pl\/?page_id=367\"},{\"@type\":\"ListItem\",\"position\":3,\"name\":\"Hjc C71 Solid Semi Flat Black\"}]},{\"@type\":\"WebSite\",\"@id\":\"https:\/\/moto-pawmar.pl\/#website\",\"url\":\"https:\/\/moto-pawmar.pl\/\",\"name\":\"MOTO-PAWMAR\",\"description\":\"MOTO\u2011PAWMAR \u2013 Tw\u00f3j sklep z cz\u0119\u015bciami i akcesoriami do motocykli, skuter\u00f3w i quad\u00f3w.\",\"publisher\":{\"@id\":\"https:\/\/moto-pawmar.pl\/#organization\"},\"potentialAction\":[{\"@type\":\"SearchAction\",\"target\":{\"@type\":\"EntryPoint\",\"urlTemplate\":\"https:\/\/moto-pawmar.pl\/?s={search_term_string}\"},\"query-input\":{\"@type\":\"PropertyValueSpecification\",\"valueRequired\":true,\"valueName\":\"search_term_string\"}}],\"inLanguage\":\"pl-PL\"},{\"@type\":\"Organization\",\"@id\":\"https:\/\/moto-pawmar.pl\/#organization\",\"name\":\"MOTO-PAWMAR\",\"url\":\"https:\/\/moto-pawmar.pl\/\",\"logo\":{\"@type\":\"ImageObject\",\"inLanguage\":\"pl-PL\",\"@id\":\"https:\/\/moto-pawmar.pl\/#\/schema\/logo\/image\/\",\"url\":\"https:\/\/moto-pawmar.pl\/wp-content\/uploads\/2025\/10\/LOGO-SKLEP.png\",\"contentUrl\":\"https:\/\/moto-pawmar.pl\/wp-content\/uploads\/2025\/10\/LOGO-SKLEP.png\",\"width\":2480,\"height\":2053,\"caption\":\"MOTO-PAWMAR\"},\"image\":{\"@id\":\"https:\/\/moto-pawmar.pl\/#\/schema\/logo\/image\/\"},\"sameAs\":[\"https:\/\/www.facebook.com\/motopawmar\/?locale=pl_PL\"]}]}<\/script>\n<!-- \/ Yoast SEO plugin. -->","yoast_head_json":{"title":"Hjc C71 Solid Semi Flat Black - MOTO-PAWMAR","robots":{"index":"index","follow":"follow","max-snippet":"max-snippet:-1","max-image-preview":"max-image-preview:large","max-video-preview":"max-video-preview:-1"},"canonical":"https:\/\/moto-pawmar.pl\/?product=hjc-c71","og_locale":"pl_PL","og_type":"article","og_title":"Hjc C71 Solid Semi Flat Black - MOTO-PAWMAR","og_description":"HJC C71 to nowoczesny kask integralny, kt\u00f3ry \u0142\u0105czy sportow\u0105 stylistyk\u0119 z wygod\u0105 codziennego u\u017cytkowania. Dzi\u0119ki aerodynamicznej skorupie, wydajnemu systemowi wentylacji oraz specjalnemu tylnemu spojlerowi zapewnia stabilno\u015b\u0107 i komfort podczas jazdy. Zosta\u0142 wyposa\u017cony w now\u0105 blend\u0119 przeciws\u0142oneczn\u0105 i ulepszony mechanizm wizjera, co podnosi funkcjonalno\u015b\u0107 i bezpiecze\u0144stwo. Cechy produktu: Skorupa wykonana z kompozytu poliw\u0119glanowego APC (Advanced Polycarbonate [&hellip;]","og_url":"https:\/\/moto-pawmar.pl\/?product=hjc-c71","og_site_name":"MOTO-PAWMAR","article_publisher":"https:\/\/www.facebook.com\/motopawmar\/?locale=pl_PL","article_modified_time":"2025-12-17T14:27:48+00:00","og_image":[{"width":800,"height":800,"url":"https:\/\/moto-pawmar.pl\/wp-content\/uploads\/2025\/10\/354873_ZAL828791.jpg","type":"image\/jpeg"}],"twitter_card":"summary_large_image","twitter_misc":{"Szacowany czas czytania":"1 minuta"},"schema":{"@context":"https:\/\/schema.org","@graph":[{"@type":"WebPage","@id":"https:\/\/moto-pawmar.pl\/?product=hjc-c71","url":"https:\/\/moto-pawmar.pl\/?product=hjc-c71","name":"Hjc C71 Solid Semi Flat Black - MOTO-PAWMAR","isPartOf":{"@id":"https:\/\/moto-pawmar.pl\/#website"},"primaryImageOfPage":{"@id":"https:\/\/moto-pawmar.pl\/?product=hjc-c71#primaryimage"},"image":{"@id":"https:\/\/moto-pawmar.pl\/?product=hjc-c71#primaryimage"},"thumbnailUrl":"https:\/\/moto-pawmar.pl\/wp-content\/uploads\/2025\/10\/354873_ZAL828791.jpg","datePublished":"2025-10-22T14:36:39+00:00","dateModified":"2025-12-17T14:27:48+00:00","breadcrumb":{"@id":"https:\/\/moto-pawmar.pl\/?product=hjc-c71#breadcrumb"},"inLanguage":"pl-PL","potentialAction":[{"@type":"ReadAction","target":["https:\/\/moto-pawmar.pl\/?product=hjc-c71"]}]},{"@type":"ImageObject","inLanguage":"pl-PL","@id":"https:\/\/moto-pawmar.pl\/?product=hjc-c71#primaryimage","url":"https:\/\/moto-pawmar.pl\/wp-content\/uploads\/2025\/10\/354873_ZAL828791.jpg","contentUrl":"https:\/\/moto-pawmar.pl\/wp-content\/uploads\/2025\/10\/354873_ZAL828791.jpg","width":800,"height":800},{"@type":"BreadcrumbList","@id":"https:\/\/moto-pawmar.pl\/?product=hjc-c71#breadcrumb","itemListElement":[{"@type":"ListItem","position":1,"name":"Strona g\u0142\u00f3wna","item":"https:\/\/moto-pawmar.pl\/"},{"@type":"ListItem","position":2,"name":"Sklep Internetowy","item":"https:\/\/moto-pawmar.pl\/?page_id=367"},{"@type":"ListItem","position":3,"name":"Hjc C71 Solid Semi Flat Black"}]},{"@type":"WebSite","@id":"https:\/\/moto-pawmar.pl\/#website","url":"https:\/\/moto-pawmar.pl\/","name":"MOTO-PAWMAR","description":"MOTO\u2011PAWMAR \u2013 Tw\u00f3j sklep z cz\u0119\u015bciami i akcesoriami do motocykli, skuter\u00f3w i quad\u00f3w.","publisher":{"@id":"https:\/\/moto-pawmar.pl\/#organization"},"potentialAction":[{"@type":"SearchAction","target":{"@type":"EntryPoint","urlTemplate":"https:\/\/moto-pawmar.pl\/?s={search_term_string}"},"query-input":{"@type":"PropertyValueSpecification","valueRequired":true,"valueName":"search_term_string"}}],"inLanguage":"pl-PL"},{"@type":"Organization","@id":"https:\/\/moto-pawmar.pl\/#organization","name":"MOTO-PAWMAR","url":"https:\/\/moto-pawmar.pl\/","logo":{"@type":"ImageObject","inLanguage":"pl-PL","@id":"https:\/\/moto-pawmar.pl\/#\/schema\/logo\/image\/","url":"https:\/\/moto-pawmar.pl\/wp-content\/uploads\/2025\/10\/LOGO-SKLEP.png","contentUrl":"https:\/\/moto-pawmar.pl\/wp-content\/uploads\/2025\/10\/LOGO-SKLEP.png","width":2480,"height":2053,"caption":"MOTO-PAWMAR"},"image":{"@id":"https:\/\/moto-pawmar.pl\/#\/schema\/logo\/image\/"},"sameAs":["https:\/\/www.facebook.com\/motopawmar\/?locale=pl_PL"]}]}},"_links":{"self":[{"href":"https:\/\/moto-pawmar.pl\/index.php?rest_route=\/wp\/v2\/product\/2321","targetHints":{"allow":["GET"]}}],"collection":[{"href":"https:\/\/moto-pawmar.pl\/index.php?rest_route=\/wp\/v2\/product"}],"about":[{"href":"https:\/\/moto-pawmar.pl\/index.php?rest_route=\/wp\/v2\/types\/product"}],"wp:featuredmedia":[{"embeddable":true,"href":"https:\/\/moto-pawmar.pl\/index.php?rest_route=\/wp\/v2\/media\/2322"}],"wp:attachment":[{"href":"https:\/\/moto-pawmar.pl\/index.php?rest_route=%2Fwp%2Fv2%2Fmedia&parent=2321"}],"wp:term":[{"taxonomy":"product_brand","embeddable":true,"href":"https:\/\/moto-pawmar.pl\/index.php?rest_route=%2Fwp%2Fv2%2Fproduct_brand&post=2321"},{"taxonomy":"product_cat","embeddable":true,"href":"https:\/\/moto-pawmar.pl\/index.php?rest_route=%2Fwp%2Fv2%2Fproduct_cat&post=2321"},{"taxonomy":"product_tag","embeddable":true,"href":"https:\/\/moto-pawmar.pl\/index.php?rest_route=%2Fwp%2Fv2%2Fproduct_tag&post=2321"}],"curies":[{"name":"wp","href":"https:\/\/api.w.org\/{rel}","templated":true}]}}