{"id":2307,"date":"2025-10-22T15:34:23","date_gmt":"2025-10-22T13:34:23","guid":{"rendered":"https:\/\/serwer391440.lh.pl\/?post_type=product&#038;p=2307"},"modified":"2025-10-22T15:36:44","modified_gmt":"2025-10-22T13:36:44","slug":"hjc-i71","status":"publish","type":"product","link":"https:\/\/moto-pawmar.pl\/?product=hjc-i71","title":{"rendered":"HJC I71"},"content":{"rendered":"<p><strong>Kask motocyklowy HJC i71<\/strong>\u00a0to rozwini\u0119cie koncepcji kasku sportowo-turystycznego o elegancki design skorupy. Model ten zaprojektowany dla u\u017cytkownik\u00f3w preferuj\u0105cych\u00a0<strong>d\u0142u\u017csze podr\u00f3\u017ce<\/strong>, jak i dla tych, kt\u00f3rzy\u00a0<strong>chc\u0105 si\u0119 sprawdzi\u0107 na torze<\/strong>. Producent wyposa\u017cy\u0142 go w\u00a0<strong>ulepszony system wentylacji<\/strong>,\u00a0<strong>blend\u0119 przeciws\u0142oneczn\u0105<\/strong>\u00a0i\u00a0<strong>mechanizm blokowania wizjera<\/strong>. Kask i71 jest przystosowany do monta\u017cu interkomu Smart HJC drugiej generacji.<\/p>\n<p><strong>PRZEZNACZENIE\u00a0<\/strong>Turystyka, sport<\/p>\n<p><strong>MATERIA\u0141<\/strong>\u00a0Policarbon<\/p>\n<p><strong>RODZAJ ZAPI\u0118CIA<\/strong>\u00a0Mikrometryczne<\/p>\n<p><strong>BEZPIECZE\u0143STWO<\/strong><\/p>\n<ul>\n<li><strong>kask spe\u0142nia rygorystyczn\u0105 norm\u0119 ECE R22.06<\/strong>, obejmuj\u0105c\u0105 rozszerzone testy t\u0142umienia energii uderzenia, odporno\u015bci na penetracj\u0119 skorupy i integralno\u015b\u0107 strukturaln\u0105 paska i zapi\u0119cia, co zapewnia\u00a0<strong>najwy\u017cszy poziom bezpiecze\u0144stwa<\/strong><\/li>\n<li>wykonana z materia\u0142u\u00a0<strong>Advanced Polycarbonate Composite w technologii CAD<\/strong>\u00a0skorupa o oryginalnym designie oferuje\u00a0<strong>wysoki poziom bezpiecze\u0144stwa<\/strong><\/li>\n<li>wygodne<strong>\u00a0zapi\u0119cie mikrometryczne<\/strong>\u00a0mo\u017cna obs\u0142ugiwa\u0107 nawet w r\u0119kawicy, a jego konstrukcja zapobiega samoczynnemu rozpinaniu si\u0119<\/li>\n<li><strong>powi\u0119kszony o 10 mm wizjer\u00a0<\/strong>oferuje poszerzone pole widzenia, dzi\u0119ki czemu wzrasta Twoje bezpiecze\u0144stwo<\/li>\n<li>wizjer jest wyposa\u017cony w nowy system blokowania (Push &amp; Release System), kt\u00f3ry zwi\u0119ksza bezpiecze\u0144stwo, a jednocze\u015bnie jest \u0142atwy w u\u017cyciu w r\u0119kawicach<\/li>\n<\/ul>\n<p><strong>KOMFORT<\/strong><\/p>\n<ul>\n<li><strong>blenda przeciws\u0142oneczna<\/strong>\u00a0zapewnia 99-procentow\u0105 ochron\u0119 przed promieniowaniem UV-A i B, dzi\u0119ki czemu twoje oczy s\u0105 dobrze chronione<\/li>\n<li><strong>blend\u0119 mo\u017cna ustawi\u0107 w jednej z trzech pozycji i w ten spos\u00f3b perfekcyjnie dopasowa\u0107 j\u0105 do w\u0142asnych potrzeb<\/strong><\/li>\n<li>wizjer jest przygotowany pod Pinlock, kt\u00f3ry zapobiega parowaniu wizjera, a wk\u0142adka Pinlock jest do\u0142\u0105czona w komplecie<\/li>\n<li>zaprojektowana w technologii CAD\u00a0<strong>skorupa jest bardzo wytrzyma\u0142a, a jednocze\u015bnie lekka<\/strong><\/li>\n<li><strong>3 rozmiary skorupy<\/strong>\u00a0umo\u017cliwiaj\u0105 dopasowanie kasku do niemal ka\u017cdego kszta\u0142tu g\u0142owy<\/li>\n<li>wyjmowane wn\u0119trze mo\u017cna pra\u0107, co pozwala zachowa\u0107 jego \u015bwie\u017co\u015b\u0107 nawet podczas intensywnego u\u017cytkowania<\/li>\n<li><strong>wymienne wk\u0142adki policzkowe<\/strong>\u00a0umo\u017cliwiaj\u0105 dostosowanie wn\u0119trza kasku do kszta\u0142tu szcz\u0119ki<\/li>\n<li><strong>wn\u0119trze kasku przystosowane jest do u\u017cywania w okularach<\/strong><\/li>\n<li>kask przystosowany jest do monta\u017cu\u00a0<strong>interkomu Smart HJC<\/strong>\u00a0drugiej generacji<\/li>\n<\/ul>\n<p><strong>WENTYLACJA<\/strong><\/p>\n<ul>\n<li><strong>ulepszony system wentylacji ACS (Advanced Channeling Ventilation System),<\/strong>\u00a0zaprojektowany z wykorzystaniem do\u015bwiadcze\u0144 z MotoGP, pozwala na nieskr\u0119powany przep\u0142yw powietrza, a tym samym redukcj\u0119 wilgoci i utrzymanie optymalnej temperatury wewn\u0105trz kasku<\/li>\n<li><strong>du\u017cy kana\u0142 wlotowy nad wizjerem oraz w regulowany w dw\u00f3ch pozycjach kana\u0142 w cz\u0119\u015bci szcz\u0119kowej zapewniaj\u0105 bardzo wydajny przep\u0142yw powietrza\u00a0<\/strong>nawet podczas najwi\u0119kszych upa\u0142\u00f3w<\/li>\n<li><strong>rozszczelnienie wizjera przy u\u017cyciu specjalnego zatrzasku pozwala odparowa\u0107 jego wewn\u0119trzn\u0105 stron\u0119<\/strong>\u00a0przy wykorzystaniu przep\u0142ywu powietrza<\/li>\n<\/ul>\n","protected":false},"excerpt":{"rendered":"<p>Kask motocyklowy HJC i71\u00a0to rozwini\u0119cie koncepcji kasku sportowo-turystycznego o elegancki design skorupy. Model ten zaprojektowany dla u\u017cytkownik\u00f3w preferuj\u0105cych\u00a0d\u0142u\u017csze podr\u00f3\u017ce, jak i dla tych, kt\u00f3rzy\u00a0chc\u0105 si\u0119 sprawdzi\u0107 na torze. Producent wyposa\u017cy\u0142 go w\u00a0ulepszony system wentylacji,\u00a0blend\u0119 przeciws\u0142oneczn\u0105\u00a0i\u00a0mechanizm blokowania wizjera. Kask i71 jest przystosowany do monta\u017cu interkomu Smart HJC drugiej generacji. PRZEZNACZENIE\u00a0Turystyka, sport MATERIA\u0141\u00a0Policarbon RODZAJ ZAPI\u0118CIA\u00a0Mikrometryczne BEZPIECZE\u0143STWO kask [&hellip;]<\/p>\n","protected":false},"featured_media":2315,"template":"","meta":[],"product_brand":[339],"product_cat":[297,272],"product_tag":[],"class_list":{"0":"post-2307","1":"product","2":"type-product","3":"status-publish","4":"has-post-thumbnail","6":"product_brand-hjc","7":"product_cat-kaski-integralne","8":"product_cat-kaski","10":"first","11":"instock","12":"taxable","13":"shipping-taxable","14":"purchasable","15":"product-type-variable"},"yoast_head":"<!-- This site is optimized with the Yoast SEO plugin v26.9 - https:\/\/yoast.com\/product\/yoast-seo-wordpress\/ -->\n<title>HJC I71 - MOTO-PAWMAR<\/title>\n<meta name=\"robots\" content=\"index, follow, max-snippet:-1, max-image-preview:large, max-video-preview:-1\" \/>\n<link rel=\"canonical\" href=\"https:\/\/moto-pawmar.pl\/?product=hjc-i71\" \/>\n<meta property=\"og:locale\" content=\"pl_PL\" \/>\n<meta property=\"og:type\" content=\"article\" \/>\n<meta property=\"og:title\" content=\"HJC I71 - MOTO-PAWMAR\" \/>\n<meta property=\"og:description\" content=\"Kask motocyklowy HJC i71\u00a0to rozwini\u0119cie koncepcji kasku sportowo-turystycznego o elegancki design skorupy. Model ten zaprojektowany dla u\u017cytkownik\u00f3w preferuj\u0105cych\u00a0d\u0142u\u017csze podr\u00f3\u017ce, jak i dla tych, kt\u00f3rzy\u00a0chc\u0105 si\u0119 sprawdzi\u0107 na torze. Producent wyposa\u017cy\u0142 go w\u00a0ulepszony system wentylacji,\u00a0blend\u0119 przeciws\u0142oneczn\u0105\u00a0i\u00a0mechanizm blokowania wizjera. Kask i71 jest przystosowany do monta\u017cu interkomu Smart HJC drugiej generacji. PRZEZNACZENIE\u00a0Turystyka, sport MATERIA\u0141\u00a0Policarbon RODZAJ ZAPI\u0118CIA\u00a0Mikrometryczne BEZPIECZE\u0143STWO kask [&hellip;]\" \/>\n<meta property=\"og:url\" content=\"https:\/\/moto-pawmar.pl\/?product=hjc-i71\" \/>\n<meta property=\"og:site_name\" content=\"MOTO-PAWMAR\" \/>\n<meta property=\"article:publisher\" content=\"https:\/\/www.facebook.com\/motopawmar\/?locale=pl_PL\" \/>\n<meta property=\"article:modified_time\" content=\"2025-10-22T13:36:44+00:00\" \/>\n<meta property=\"og:image\" content=\"https:\/\/moto-pawmar.pl\/wp-content\/uploads\/2025\/10\/280530_ZAL573871.jpg\" \/>\n\t<meta property=\"og:image:width\" content=\"800\" \/>\n\t<meta property=\"og:image:height\" content=\"800\" \/>\n\t<meta property=\"og:image:type\" content=\"image\/jpeg\" \/>\n<meta name=\"twitter:card\" content=\"summary_large_image\" \/>\n<meta name=\"twitter:label1\" content=\"Szacowany czas czytania\" \/>\n\t<meta name=\"twitter:data1\" content=\"2 minuty\" \/>\n<script type=\"application\/ld+json\" class=\"yoast-schema-graph\">{\"@context\":\"https:\/\/schema.org\",\"@graph\":[{\"@type\":\"WebPage\",\"@id\":\"https:\/\/moto-pawmar.pl\/?product=hjc-i71\",\"url\":\"https:\/\/moto-pawmar.pl\/?product=hjc-i71\",\"name\":\"HJC I71 - MOTO-PAWMAR\",\"isPartOf\":{\"@id\":\"https:\/\/moto-pawmar.pl\/#website\"},\"primaryImageOfPage\":{\"@id\":\"https:\/\/moto-pawmar.pl\/?product=hjc-i71#primaryimage\"},\"image\":{\"@id\":\"https:\/\/moto-pawmar.pl\/?product=hjc-i71#primaryimage\"},\"thumbnailUrl\":\"https:\/\/moto-pawmar.pl\/wp-content\/uploads\/2025\/10\/280530_ZAL573871.jpg\",\"datePublished\":\"2025-10-22T13:34:23+00:00\",\"dateModified\":\"2025-10-22T13:36:44+00:00\",\"breadcrumb\":{\"@id\":\"https:\/\/moto-pawmar.pl\/?product=hjc-i71#breadcrumb\"},\"inLanguage\":\"pl-PL\",\"potentialAction\":[{\"@type\":\"ReadAction\",\"target\":[\"https:\/\/moto-pawmar.pl\/?product=hjc-i71\"]}]},{\"@type\":\"ImageObject\",\"inLanguage\":\"pl-PL\",\"@id\":\"https:\/\/moto-pawmar.pl\/?product=hjc-i71#primaryimage\",\"url\":\"https:\/\/moto-pawmar.pl\/wp-content\/uploads\/2025\/10\/280530_ZAL573871.jpg\",\"contentUrl\":\"https:\/\/moto-pawmar.pl\/wp-content\/uploads\/2025\/10\/280530_ZAL573871.jpg\",\"width\":800,\"height\":800},{\"@type\":\"BreadcrumbList\",\"@id\":\"https:\/\/moto-pawmar.pl\/?product=hjc-i71#breadcrumb\",\"itemListElement\":[{\"@type\":\"ListItem\",\"position\":1,\"name\":\"Strona g\u0142\u00f3wna\",\"item\":\"https:\/\/moto-pawmar.pl\/\"},{\"@type\":\"ListItem\",\"position\":2,\"name\":\"Sklep Internetowy\",\"item\":\"https:\/\/moto-pawmar.pl\/?page_id=367\"},{\"@type\":\"ListItem\",\"position\":3,\"name\":\"HJC I71\"}]},{\"@type\":\"WebSite\",\"@id\":\"https:\/\/moto-pawmar.pl\/#website\",\"url\":\"https:\/\/moto-pawmar.pl\/\",\"name\":\"MOTO-PAWMAR\",\"description\":\"MOTO\u2011PAWMAR \u2013 Tw\u00f3j sklep z cz\u0119\u015bciami i akcesoriami do motocykli, skuter\u00f3w i quad\u00f3w.\",\"publisher\":{\"@id\":\"https:\/\/moto-pawmar.pl\/#organization\"},\"potentialAction\":[{\"@type\":\"SearchAction\",\"target\":{\"@type\":\"EntryPoint\",\"urlTemplate\":\"https:\/\/moto-pawmar.pl\/?s={search_term_string}\"},\"query-input\":{\"@type\":\"PropertyValueSpecification\",\"valueRequired\":true,\"valueName\":\"search_term_string\"}}],\"inLanguage\":\"pl-PL\"},{\"@type\":\"Organization\",\"@id\":\"https:\/\/moto-pawmar.pl\/#organization\",\"name\":\"MOTO-PAWMAR\",\"url\":\"https:\/\/moto-pawmar.pl\/\",\"logo\":{\"@type\":\"ImageObject\",\"inLanguage\":\"pl-PL\",\"@id\":\"https:\/\/moto-pawmar.pl\/#\/schema\/logo\/image\/\",\"url\":\"https:\/\/moto-pawmar.pl\/wp-content\/uploads\/2025\/10\/LOGO-SKLEP.png\",\"contentUrl\":\"https:\/\/moto-pawmar.pl\/wp-content\/uploads\/2025\/10\/LOGO-SKLEP.png\",\"width\":2480,\"height\":2053,\"caption\":\"MOTO-PAWMAR\"},\"image\":{\"@id\":\"https:\/\/moto-pawmar.pl\/#\/schema\/logo\/image\/\"},\"sameAs\":[\"https:\/\/www.facebook.com\/motopawmar\/?locale=pl_PL\"]}]}<\/script>\n<!-- \/ Yoast SEO plugin. -->","yoast_head_json":{"title":"HJC I71 - MOTO-PAWMAR","robots":{"index":"index","follow":"follow","max-snippet":"max-snippet:-1","max-image-preview":"max-image-preview:large","max-video-preview":"max-video-preview:-1"},"canonical":"https:\/\/moto-pawmar.pl\/?product=hjc-i71","og_locale":"pl_PL","og_type":"article","og_title":"HJC I71 - MOTO-PAWMAR","og_description":"Kask motocyklowy HJC i71\u00a0to rozwini\u0119cie koncepcji kasku sportowo-turystycznego o elegancki design skorupy. Model ten zaprojektowany dla u\u017cytkownik\u00f3w preferuj\u0105cych\u00a0d\u0142u\u017csze podr\u00f3\u017ce, jak i dla tych, kt\u00f3rzy\u00a0chc\u0105 si\u0119 sprawdzi\u0107 na torze. Producent wyposa\u017cy\u0142 go w\u00a0ulepszony system wentylacji,\u00a0blend\u0119 przeciws\u0142oneczn\u0105\u00a0i\u00a0mechanizm blokowania wizjera. Kask i71 jest przystosowany do monta\u017cu interkomu Smart HJC drugiej generacji. PRZEZNACZENIE\u00a0Turystyka, sport MATERIA\u0141\u00a0Policarbon RODZAJ ZAPI\u0118CIA\u00a0Mikrometryczne BEZPIECZE\u0143STWO kask [&hellip;]","og_url":"https:\/\/moto-pawmar.pl\/?product=hjc-i71","og_site_name":"MOTO-PAWMAR","article_publisher":"https:\/\/www.facebook.com\/motopawmar\/?locale=pl_PL","article_modified_time":"2025-10-22T13:36:44+00:00","og_image":[{"width":800,"height":800,"url":"https:\/\/moto-pawmar.pl\/wp-content\/uploads\/2025\/10\/280530_ZAL573871.jpg","type":"image\/jpeg"}],"twitter_card":"summary_large_image","twitter_misc":{"Szacowany czas czytania":"2 minuty"},"schema":{"@context":"https:\/\/schema.org","@graph":[{"@type":"WebPage","@id":"https:\/\/moto-pawmar.pl\/?product=hjc-i71","url":"https:\/\/moto-pawmar.pl\/?product=hjc-i71","name":"HJC I71 - MOTO-PAWMAR","isPartOf":{"@id":"https:\/\/moto-pawmar.pl\/#website"},"primaryImageOfPage":{"@id":"https:\/\/moto-pawmar.pl\/?product=hjc-i71#primaryimage"},"image":{"@id":"https:\/\/moto-pawmar.pl\/?product=hjc-i71#primaryimage"},"thumbnailUrl":"https:\/\/moto-pawmar.pl\/wp-content\/uploads\/2025\/10\/280530_ZAL573871.jpg","datePublished":"2025-10-22T13:34:23+00:00","dateModified":"2025-10-22T13:36:44+00:00","breadcrumb":{"@id":"https:\/\/moto-pawmar.pl\/?product=hjc-i71#breadcrumb"},"inLanguage":"pl-PL","potentialAction":[{"@type":"ReadAction","target":["https:\/\/moto-pawmar.pl\/?product=hjc-i71"]}]},{"@type":"ImageObject","inLanguage":"pl-PL","@id":"https:\/\/moto-pawmar.pl\/?product=hjc-i71#primaryimage","url":"https:\/\/moto-pawmar.pl\/wp-content\/uploads\/2025\/10\/280530_ZAL573871.jpg","contentUrl":"https:\/\/moto-pawmar.pl\/wp-content\/uploads\/2025\/10\/280530_ZAL573871.jpg","width":800,"height":800},{"@type":"BreadcrumbList","@id":"https:\/\/moto-pawmar.pl\/?product=hjc-i71#breadcrumb","itemListElement":[{"@type":"ListItem","position":1,"name":"Strona g\u0142\u00f3wna","item":"https:\/\/moto-pawmar.pl\/"},{"@type":"ListItem","position":2,"name":"Sklep Internetowy","item":"https:\/\/moto-pawmar.pl\/?page_id=367"},{"@type":"ListItem","position":3,"name":"HJC I71"}]},{"@type":"WebSite","@id":"https:\/\/moto-pawmar.pl\/#website","url":"https:\/\/moto-pawmar.pl\/","name":"MOTO-PAWMAR","description":"MOTO\u2011PAWMAR \u2013 Tw\u00f3j sklep z cz\u0119\u015bciami i akcesoriami do motocykli, skuter\u00f3w i quad\u00f3w.","publisher":{"@id":"https:\/\/moto-pawmar.pl\/#organization"},"potentialAction":[{"@type":"SearchAction","target":{"@type":"EntryPoint","urlTemplate":"https:\/\/moto-pawmar.pl\/?s={search_term_string}"},"query-input":{"@type":"PropertyValueSpecification","valueRequired":true,"valueName":"search_term_string"}}],"inLanguage":"pl-PL"},{"@type":"Organization","@id":"https:\/\/moto-pawmar.pl\/#organization","name":"MOTO-PAWMAR","url":"https:\/\/moto-pawmar.pl\/","logo":{"@type":"ImageObject","inLanguage":"pl-PL","@id":"https:\/\/moto-pawmar.pl\/#\/schema\/logo\/image\/","url":"https:\/\/moto-pawmar.pl\/wp-content\/uploads\/2025\/10\/LOGO-SKLEP.png","contentUrl":"https:\/\/moto-pawmar.pl\/wp-content\/uploads\/2025\/10\/LOGO-SKLEP.png","width":2480,"height":2053,"caption":"MOTO-PAWMAR"},"image":{"@id":"https:\/\/moto-pawmar.pl\/#\/schema\/logo\/image\/"},"sameAs":["https:\/\/www.facebook.com\/motopawmar\/?locale=pl_PL"]}]}},"_links":{"self":[{"href":"https:\/\/moto-pawmar.pl\/index.php?rest_route=\/wp\/v2\/product\/2307","targetHints":{"allow":["GET"]}}],"collection":[{"href":"https:\/\/moto-pawmar.pl\/index.php?rest_route=\/wp\/v2\/product"}],"about":[{"href":"https:\/\/moto-pawmar.pl\/index.php?rest_route=\/wp\/v2\/types\/product"}],"wp:featuredmedia":[{"embeddable":true,"href":"https:\/\/moto-pawmar.pl\/index.php?rest_route=\/wp\/v2\/media\/2315"}],"wp:attachment":[{"href":"https:\/\/moto-pawmar.pl\/index.php?rest_route=%2Fwp%2Fv2%2Fmedia&parent=2307"}],"wp:term":[{"taxonomy":"product_brand","embeddable":true,"href":"https:\/\/moto-pawmar.pl\/index.php?rest_route=%2Fwp%2Fv2%2Fproduct_brand&post=2307"},{"taxonomy":"product_cat","embeddable":true,"href":"https:\/\/moto-pawmar.pl\/index.php?rest_route=%2Fwp%2Fv2%2Fproduct_cat&post=2307"},{"taxonomy":"product_tag","embeddable":true,"href":"https:\/\/moto-pawmar.pl\/index.php?rest_route=%2Fwp%2Fv2%2Fproduct_tag&post=2307"}],"curies":[{"name":"wp","href":"https:\/\/api.w.org\/{rel}","templated":true}]}}