{"id":2076,"date":"2025-10-21T15:13:19","date_gmt":"2025-10-21T13:13:19","guid":{"rendered":"https:\/\/serwer391440.lh.pl\/?product=str-2-0-pant-black"},"modified":"2025-10-22T15:00:43","modified_gmt":"2025-10-22T13:00:43","slug":"str-2-0-pant-black","status":"publish","type":"product","link":"https:\/\/moto-pawmar.pl\/?product=str-2-0-pant-black","title":{"rendered":"STR 2.0 PANT BLACK"},"content":{"rendered":"<p>Tw\u00f3j ulubiony 2-cz\u0119\u015bciowy kombinezon sk\u00f3rzany z od\u015bwie\u017con\u0105 stylistyk\u0105 i ulepszonymi parametrami. STR 2.0 zapewnia sportow\u0105 stylizacj\u0119 i pe\u0142n\u0105 sk\u00f3rzan\u0105 ochron\u0119 dla nowoczesnych motocyklist\u00f3w. Wyposa\u017cony w wewn\u0119trzny system certyfikowanych protektor\u00f3w obejmuj\u0105cy ochraniacze ramion, \u0142okci, bioder i kolan wraz z ochraniaczem plec\u00f3w SHIMA ArmorPlus, kombinezon daje Ci bezpiecze\u0144stwo, na kt\u00f3re zas\u0142ugujesz. W zestawie znajduj\u0105 si\u0119 r\u00f3wnie\u017c wymienne slidery kolanowe. Wykonany z wysokiej jako\u015bci sk\u00f3ry bydl\u0119cej z DuoLayer Protection w najbardziej nara\u017conych miejscach, model ten oferuje wytrzyma\u0142y, a jednocze\u015bnie wygodny pancerz sk\u00f3rzany, kt\u00f3ry chroni tak dobrze, jak wygl\u0105da. STR 2.0 zosta\u0142 zaprojektowany w oparciu o ergonomiczn\u0105, wst\u0119pnie zakrzywion\u0105 konstrukcj\u0119. Kurtka jest wyposa\u017cona w du\u017cy garb, w kt\u00f3rym zmie\u015bci si\u0119 p\u00f3\u0142 litrowy HydroBag na wod\u0119 bez wp\u0142ywu na jego aerodynamiczny profil. Sk\u00f3rzane harmonijkowe panele elastyczne wraz z obszernymi wstawkami z tkaniny stretch w kluczowych strefach artykulacji zapewniaj\u0105 swobod\u0119 ruch\u00f3w podczas jazdy i chodzenia. Dla Twojej wygody wykonali\u015bmy dwie kieszenie zewn\u0119trzne i jedn\u0105 such\u0105 kiesze\u0144 wewn\u0105trz kurtki.<\/p>\n","protected":false},"excerpt":{"rendered":"<p>STR 2.0 zapewnia sportow\u0105 stylizacj\u0119 i pe\u0142n\u0105 sk\u00f3rzan\u0105 ochron\u0119 dla nowoczesnych motocyklist\u00f3w. Wyposa\u017cony w wewn\u0119trzny system certyfikowanych protektor\u00f3w obejmuj\u0105cy ochraniacze ramion, \u0142okci, bioder i kolan wraz z ochraniaczem plec\u00f3w SHIMA ArmorPlus, kombinezon daje Ci bezpiecze\u0144stwo, na kt\u00f3re zas\u0142ugujesz. W zestawie znajduj\u0105 si\u0119 r\u00f3wnie\u017c wymienne slidery kolanowe.<\/p>\n","protected":false},"featured_media":2075,"template":"","meta":[],"product_brand":[49],"product_cat":[289,280],"product_tag":[],"class_list":{"0":"post-2076","1":"product","2":"type-product","3":"status-publish","4":"has-post-thumbnail","6":"product_brand-shima","7":"product_cat-kombinezony-2cz-meska","8":"product_cat-kombinezony-meska","9":"pa_rozmiar-kombinezony-329","10":"pa_rozmiar-kombinezony-330","11":"pa_rozmiar-kombinezony-331","12":"pa_rozmiar-kombinezony-332","13":"pa_rozmiar-kombinezony-333","14":"pa_rozmiar-kombinezony-334","15":"pa_rozmiar-kombinezony-335","16":"pa_rozmiar-kombinezony-336","18":"first","19":"instock","20":"taxable","21":"shipping-taxable","22":"purchasable","23":"product-type-variable"},"yoast_head":"<!-- This site is optimized with the Yoast SEO plugin v26.9 - https:\/\/yoast.com\/product\/yoast-seo-wordpress\/ -->\n<title>STR 2.0 PANT BLACK - MOTO-PAWMAR<\/title>\n<meta name=\"robots\" content=\"index, follow, max-snippet:-1, max-image-preview:large, max-video-preview:-1\" \/>\n<link rel=\"canonical\" href=\"https:\/\/moto-pawmar.pl\/?product=str-2-0-pant-black\" \/>\n<meta property=\"og:locale\" content=\"pl_PL\" \/>\n<meta property=\"og:type\" content=\"article\" \/>\n<meta property=\"og:title\" content=\"STR 2.0 PANT BLACK - MOTO-PAWMAR\" \/>\n<meta property=\"og:description\" content=\"STR 2.0 zapewnia sportow\u0105 stylizacj\u0119 i pe\u0142n\u0105 sk\u00f3rzan\u0105 ochron\u0119 dla nowoczesnych motocyklist\u00f3w. Wyposa\u017cony w wewn\u0119trzny system certyfikowanych protektor\u00f3w obejmuj\u0105cy ochraniacze ramion, \u0142okci, bioder i kolan wraz z ochraniaczem plec\u00f3w SHIMA ArmorPlus, kombinezon daje Ci bezpiecze\u0144stwo, na kt\u00f3re zas\u0142ugujesz. W zestawie znajduj\u0105 si\u0119 r\u00f3wnie\u017c wymienne slidery kolanowe.\" \/>\n<meta property=\"og:url\" content=\"https:\/\/moto-pawmar.pl\/?product=str-2-0-pant-black\" \/>\n<meta property=\"og:site_name\" content=\"MOTO-PAWMAR\" \/>\n<meta property=\"article:publisher\" content=\"https:\/\/www.facebook.com\/motopawmar\/?locale=pl_PL\" \/>\n<meta property=\"article:modified_time\" content=\"2025-10-22T13:00:43+00:00\" \/>\n<meta property=\"og:image\" content=\"https:\/\/moto-pawmar.pl\/wp-content\/uploads\/2025\/10\/1750.jpg\" \/>\n\t<meta property=\"og:image:width\" content=\"1600\" \/>\n\t<meta property=\"og:image:height\" content=\"1600\" \/>\n\t<meta property=\"og:image:type\" content=\"image\/jpeg\" \/>\n<meta name=\"twitter:card\" content=\"summary_large_image\" \/>\n<meta name=\"twitter:label1\" content=\"Szacowany czas czytania\" \/>\n\t<meta name=\"twitter:data1\" content=\"1 minuta\" \/>\n<script type=\"application\/ld+json\" class=\"yoast-schema-graph\">{\"@context\":\"https:\/\/schema.org\",\"@graph\":[{\"@type\":\"WebPage\",\"@id\":\"https:\/\/moto-pawmar.pl\/?product=str-2-0-pant-black\",\"url\":\"https:\/\/moto-pawmar.pl\/?product=str-2-0-pant-black\",\"name\":\"STR 2.0 PANT BLACK - MOTO-PAWMAR\",\"isPartOf\":{\"@id\":\"https:\/\/moto-pawmar.pl\/#website\"},\"primaryImageOfPage\":{\"@id\":\"https:\/\/moto-pawmar.pl\/?product=str-2-0-pant-black#primaryimage\"},\"image\":{\"@id\":\"https:\/\/moto-pawmar.pl\/?product=str-2-0-pant-black#primaryimage\"},\"thumbnailUrl\":\"https:\/\/moto-pawmar.pl\/wp-content\/uploads\/2025\/10\/1750.jpg\",\"datePublished\":\"2025-10-21T13:13:19+00:00\",\"dateModified\":\"2025-10-22T13:00:43+00:00\",\"breadcrumb\":{\"@id\":\"https:\/\/moto-pawmar.pl\/?product=str-2-0-pant-black#breadcrumb\"},\"inLanguage\":\"pl-PL\",\"potentialAction\":[{\"@type\":\"ReadAction\",\"target\":[\"https:\/\/moto-pawmar.pl\/?product=str-2-0-pant-black\"]}]},{\"@type\":\"ImageObject\",\"inLanguage\":\"pl-PL\",\"@id\":\"https:\/\/moto-pawmar.pl\/?product=str-2-0-pant-black#primaryimage\",\"url\":\"https:\/\/moto-pawmar.pl\/wp-content\/uploads\/2025\/10\/1750.jpg\",\"contentUrl\":\"https:\/\/moto-pawmar.pl\/wp-content\/uploads\/2025\/10\/1750.jpg\",\"width\":1600,\"height\":1600},{\"@type\":\"BreadcrumbList\",\"@id\":\"https:\/\/moto-pawmar.pl\/?product=str-2-0-pant-black#breadcrumb\",\"itemListElement\":[{\"@type\":\"ListItem\",\"position\":1,\"name\":\"Strona g\u0142\u00f3wna\",\"item\":\"https:\/\/moto-pawmar.pl\/\"},{\"@type\":\"ListItem\",\"position\":2,\"name\":\"Sklep Internetowy\",\"item\":\"https:\/\/moto-pawmar.pl\/?page_id=367\"},{\"@type\":\"ListItem\",\"position\":3,\"name\":\"STR 2.0 PANT BLACK\"}]},{\"@type\":\"WebSite\",\"@id\":\"https:\/\/moto-pawmar.pl\/#website\",\"url\":\"https:\/\/moto-pawmar.pl\/\",\"name\":\"MOTO-PAWMAR\",\"description\":\"MOTO\u2011PAWMAR \u2013 Tw\u00f3j sklep z cz\u0119\u015bciami i akcesoriami do motocykli, skuter\u00f3w i quad\u00f3w.\",\"publisher\":{\"@id\":\"https:\/\/moto-pawmar.pl\/#organization\"},\"potentialAction\":[{\"@type\":\"SearchAction\",\"target\":{\"@type\":\"EntryPoint\",\"urlTemplate\":\"https:\/\/moto-pawmar.pl\/?s={search_term_string}\"},\"query-input\":{\"@type\":\"PropertyValueSpecification\",\"valueRequired\":true,\"valueName\":\"search_term_string\"}}],\"inLanguage\":\"pl-PL\"},{\"@type\":\"Organization\",\"@id\":\"https:\/\/moto-pawmar.pl\/#organization\",\"name\":\"MOTO-PAWMAR\",\"url\":\"https:\/\/moto-pawmar.pl\/\",\"logo\":{\"@type\":\"ImageObject\",\"inLanguage\":\"pl-PL\",\"@id\":\"https:\/\/moto-pawmar.pl\/#\/schema\/logo\/image\/\",\"url\":\"https:\/\/moto-pawmar.pl\/wp-content\/uploads\/2025\/10\/LOGO-SKLEP.png\",\"contentUrl\":\"https:\/\/moto-pawmar.pl\/wp-content\/uploads\/2025\/10\/LOGO-SKLEP.png\",\"width\":2480,\"height\":2053,\"caption\":\"MOTO-PAWMAR\"},\"image\":{\"@id\":\"https:\/\/moto-pawmar.pl\/#\/schema\/logo\/image\/\"},\"sameAs\":[\"https:\/\/www.facebook.com\/motopawmar\/?locale=pl_PL\"]}]}<\/script>\n<!-- \/ Yoast SEO plugin. -->","yoast_head_json":{"title":"STR 2.0 PANT BLACK - MOTO-PAWMAR","robots":{"index":"index","follow":"follow","max-snippet":"max-snippet:-1","max-image-preview":"max-image-preview:large","max-video-preview":"max-video-preview:-1"},"canonical":"https:\/\/moto-pawmar.pl\/?product=str-2-0-pant-black","og_locale":"pl_PL","og_type":"article","og_title":"STR 2.0 PANT BLACK - MOTO-PAWMAR","og_description":"STR 2.0 zapewnia sportow\u0105 stylizacj\u0119 i pe\u0142n\u0105 sk\u00f3rzan\u0105 ochron\u0119 dla nowoczesnych motocyklist\u00f3w. Wyposa\u017cony w wewn\u0119trzny system certyfikowanych protektor\u00f3w obejmuj\u0105cy ochraniacze ramion, \u0142okci, bioder i kolan wraz z ochraniaczem plec\u00f3w SHIMA ArmorPlus, kombinezon daje Ci bezpiecze\u0144stwo, na kt\u00f3re zas\u0142ugujesz. W zestawie znajduj\u0105 si\u0119 r\u00f3wnie\u017c wymienne slidery kolanowe.","og_url":"https:\/\/moto-pawmar.pl\/?product=str-2-0-pant-black","og_site_name":"MOTO-PAWMAR","article_publisher":"https:\/\/www.facebook.com\/motopawmar\/?locale=pl_PL","article_modified_time":"2025-10-22T13:00:43+00:00","og_image":[{"width":1600,"height":1600,"url":"https:\/\/moto-pawmar.pl\/wp-content\/uploads\/2025\/10\/1750.jpg","type":"image\/jpeg"}],"twitter_card":"summary_large_image","twitter_misc":{"Szacowany czas czytania":"1 minuta"},"schema":{"@context":"https:\/\/schema.org","@graph":[{"@type":"WebPage","@id":"https:\/\/moto-pawmar.pl\/?product=str-2-0-pant-black","url":"https:\/\/moto-pawmar.pl\/?product=str-2-0-pant-black","name":"STR 2.0 PANT BLACK - MOTO-PAWMAR","isPartOf":{"@id":"https:\/\/moto-pawmar.pl\/#website"},"primaryImageOfPage":{"@id":"https:\/\/moto-pawmar.pl\/?product=str-2-0-pant-black#primaryimage"},"image":{"@id":"https:\/\/moto-pawmar.pl\/?product=str-2-0-pant-black#primaryimage"},"thumbnailUrl":"https:\/\/moto-pawmar.pl\/wp-content\/uploads\/2025\/10\/1750.jpg","datePublished":"2025-10-21T13:13:19+00:00","dateModified":"2025-10-22T13:00:43+00:00","breadcrumb":{"@id":"https:\/\/moto-pawmar.pl\/?product=str-2-0-pant-black#breadcrumb"},"inLanguage":"pl-PL","potentialAction":[{"@type":"ReadAction","target":["https:\/\/moto-pawmar.pl\/?product=str-2-0-pant-black"]}]},{"@type":"ImageObject","inLanguage":"pl-PL","@id":"https:\/\/moto-pawmar.pl\/?product=str-2-0-pant-black#primaryimage","url":"https:\/\/moto-pawmar.pl\/wp-content\/uploads\/2025\/10\/1750.jpg","contentUrl":"https:\/\/moto-pawmar.pl\/wp-content\/uploads\/2025\/10\/1750.jpg","width":1600,"height":1600},{"@type":"BreadcrumbList","@id":"https:\/\/moto-pawmar.pl\/?product=str-2-0-pant-black#breadcrumb","itemListElement":[{"@type":"ListItem","position":1,"name":"Strona g\u0142\u00f3wna","item":"https:\/\/moto-pawmar.pl\/"},{"@type":"ListItem","position":2,"name":"Sklep Internetowy","item":"https:\/\/moto-pawmar.pl\/?page_id=367"},{"@type":"ListItem","position":3,"name":"STR 2.0 PANT BLACK"}]},{"@type":"WebSite","@id":"https:\/\/moto-pawmar.pl\/#website","url":"https:\/\/moto-pawmar.pl\/","name":"MOTO-PAWMAR","description":"MOTO\u2011PAWMAR \u2013 Tw\u00f3j sklep z cz\u0119\u015bciami i akcesoriami do motocykli, skuter\u00f3w i quad\u00f3w.","publisher":{"@id":"https:\/\/moto-pawmar.pl\/#organization"},"potentialAction":[{"@type":"SearchAction","target":{"@type":"EntryPoint","urlTemplate":"https:\/\/moto-pawmar.pl\/?s={search_term_string}"},"query-input":{"@type":"PropertyValueSpecification","valueRequired":true,"valueName":"search_term_string"}}],"inLanguage":"pl-PL"},{"@type":"Organization","@id":"https:\/\/moto-pawmar.pl\/#organization","name":"MOTO-PAWMAR","url":"https:\/\/moto-pawmar.pl\/","logo":{"@type":"ImageObject","inLanguage":"pl-PL","@id":"https:\/\/moto-pawmar.pl\/#\/schema\/logo\/image\/","url":"https:\/\/moto-pawmar.pl\/wp-content\/uploads\/2025\/10\/LOGO-SKLEP.png","contentUrl":"https:\/\/moto-pawmar.pl\/wp-content\/uploads\/2025\/10\/LOGO-SKLEP.png","width":2480,"height":2053,"caption":"MOTO-PAWMAR"},"image":{"@id":"https:\/\/moto-pawmar.pl\/#\/schema\/logo\/image\/"},"sameAs":["https:\/\/www.facebook.com\/motopawmar\/?locale=pl_PL"]}]}},"_links":{"self":[{"href":"https:\/\/moto-pawmar.pl\/index.php?rest_route=\/wp\/v2\/product\/2076","targetHints":{"allow":["GET"]}}],"collection":[{"href":"https:\/\/moto-pawmar.pl\/index.php?rest_route=\/wp\/v2\/product"}],"about":[{"href":"https:\/\/moto-pawmar.pl\/index.php?rest_route=\/wp\/v2\/types\/product"}],"wp:featuredmedia":[{"embeddable":true,"href":"https:\/\/moto-pawmar.pl\/index.php?rest_route=\/wp\/v2\/media\/2075"}],"wp:attachment":[{"href":"https:\/\/moto-pawmar.pl\/index.php?rest_route=%2Fwp%2Fv2%2Fmedia&parent=2076"}],"wp:term":[{"taxonomy":"product_brand","embeddable":true,"href":"https:\/\/moto-pawmar.pl\/index.php?rest_route=%2Fwp%2Fv2%2Fproduct_brand&post=2076"},{"taxonomy":"product_cat","embeddable":true,"href":"https:\/\/moto-pawmar.pl\/index.php?rest_route=%2Fwp%2Fv2%2Fproduct_cat&post=2076"},{"taxonomy":"product_tag","embeddable":true,"href":"https:\/\/moto-pawmar.pl\/index.php?rest_route=%2Fwp%2Fv2%2Fproduct_tag&post=2076"}],"curies":[{"name":"wp","href":"https:\/\/api.w.org\/{rel}","templated":true}]}}