{"id":2072,"date":"2025-10-21T15:13:17","date_gmt":"2025-10-21T13:13:17","guid":{"rendered":"https:\/\/serwer391440.lh.pl\/?product=sonic-men-glv-blk"},"modified":"2025-10-22T15:06:40","modified_gmt":"2025-10-22T13:06:40","slug":"sonic-men-glv-blk","status":"publish","type":"product","link":"https:\/\/moto-pawmar.pl\/?product=sonic-men-glv-blk","title":{"rendered":"SONIC MEN GLV BLK"},"content":{"rendered":"<p>R\u0119kawice SHIMA SONIC to wszechstronne, kr\u00f3tkie r\u0119kawice motocyklowe dla m\u0119\u017cczyzn, kt\u00f3re \u0142\u0105cz\u0105 w sobie ochron\u0119, komfort i wentylacj\u0119. Wykonane z naturalnej koziej sk\u00f3ry, oferuj\u0105 wysok\u0105 elastyczno\u015b\u0107 i dopasowanie do d\u0142oni. Wzmocnienia w kluczowych miejscach, takie jak twardy protektor kostek GFLEXX oraz pianka GFLEXX na obszarach impaktowych, zapewniaj\u0105 skuteczn\u0105 ochron\u0119. Dodatkowe piankowanie na palcach daj\u0105 dodatkow\u0105 ochron\u0119 podczas jazdy bez wp\u0142ywu na komfort u\u017cytkowania. R\u0119kawice SONIC oferuj\u0105 doskona\u0142\u0105 cyrkulacj\u0119 powietrza dzi\u0119ki zastosowaniu przewiewnych materia\u0142\u00f3w oraz perforacji na palcach i wewn\u0105trz d\u0142oni, co sprawia, \u017ce s\u0105 idealnym wyborem na ciep\u0142e dni. Harmonijki na palcach zapewniaj\u0105 elastyczno\u015b\u0107 i wygod\u0119, a neoprenowy mankiet z zapi\u0119ciem na rzep gwarantuje idealne dopasowanie. Wyposa\u017cone w technologi\u0119 Touch Tip\u2122 na palcu wskazuj\u0105cym i kciuku, r\u0119kawice umo\u017cliwiaj\u0105 obs\u0142ug\u0119 urz\u0105dze\u0144 dotykowych bez konieczno\u015bci ich zdejmowania. Dzi\u0119ki paskowi u\u0142atwiaj\u0105cemu naci\u0105ganie, r\u0119kawice SHIMA SONIC zapewniaj\u0105 maksymalny komfort i funkcjonalno\u015b\u0107. Dost\u0119pne w rozmiarach od S do 4XL, w czterech wersjach kolorystycznych: BLACK,, BLACK\/WHITE i GREY.<\/p>\n","protected":false},"excerpt":{"rendered":"<p>R\u0119kawice SHIMA SONIC to wszechstronne, kr\u00f3tkie r\u0119kawice motocyklowe dla m\u0119\u017cczyzn, kt\u00f3re \u0142\u0105cz\u0105 w sobie ochron\u0119, komfort i wentylacj\u0119. Wykonane z naturalnej koziej sk\u00f3ry, oferuj\u0105 wysok\u0105 elastyczno\u015b\u0107 i dopasowanie do d\u0142oni. Wzmocnienia w kluczowych miejscach, takie jak twardy protektor kostek GFLEXX oraz pianka GFLEXX na obszarach impaktowych, zapewniaj\u0105 skuteczn\u0105 ochron\u0119.<\/p>\n","protected":false},"featured_media":2192,"template":"","meta":[],"product_brand":[49],"product_cat":[292,281],"product_tag":[],"class_list":{"0":"post-2072","1":"product","2":"type-product","3":"status-publish","4":"has-post-thumbnail","6":"product_brand-shima","7":"product_cat-rekawice-krotkie-letnie-meska","8":"product_cat-rekawice-meska","10":"first","11":"instock","12":"taxable","13":"shipping-taxable","14":"purchasable","15":"product-type-variable"},"yoast_head":"<!-- This site is optimized with the Yoast SEO plugin v26.9 - https:\/\/yoast.com\/product\/yoast-seo-wordpress\/ -->\n<title>SONIC MEN GLV BLK - MOTO-PAWMAR<\/title>\n<meta name=\"robots\" content=\"index, follow, max-snippet:-1, max-image-preview:large, max-video-preview:-1\" \/>\n<link rel=\"canonical\" href=\"https:\/\/moto-pawmar.pl\/?product=sonic-men-glv-blk\" \/>\n<meta property=\"og:locale\" content=\"pl_PL\" \/>\n<meta property=\"og:type\" content=\"article\" \/>\n<meta property=\"og:title\" content=\"SONIC MEN GLV BLK - MOTO-PAWMAR\" \/>\n<meta property=\"og:description\" content=\"R\u0119kawice SHIMA SONIC to wszechstronne, kr\u00f3tkie r\u0119kawice motocyklowe dla m\u0119\u017cczyzn, kt\u00f3re \u0142\u0105cz\u0105 w sobie ochron\u0119, komfort i wentylacj\u0119. Wykonane z naturalnej koziej sk\u00f3ry, oferuj\u0105 wysok\u0105 elastyczno\u015b\u0107 i dopasowanie do d\u0142oni. Wzmocnienia w kluczowych miejscach, takie jak twardy protektor kostek GFLEXX oraz pianka GFLEXX na obszarach impaktowych, zapewniaj\u0105 skuteczn\u0105 ochron\u0119.\" \/>\n<meta property=\"og:url\" content=\"https:\/\/moto-pawmar.pl\/?product=sonic-men-glv-blk\" \/>\n<meta property=\"og:site_name\" content=\"MOTO-PAWMAR\" \/>\n<meta property=\"article:publisher\" content=\"https:\/\/www.facebook.com\/motopawmar\/?locale=pl_PL\" \/>\n<meta property=\"article:modified_time\" content=\"2025-10-22T13:06:40+00:00\" \/>\n<meta property=\"og:image\" content=\"https:\/\/moto-pawmar.pl\/wp-content\/uploads\/2025\/10\/sonic-men-glv-blk.jpg\" \/>\n\t<meta property=\"og:image:width\" content=\"450\" \/>\n\t<meta property=\"og:image:height\" content=\"450\" \/>\n\t<meta property=\"og:image:type\" content=\"image\/jpeg\" \/>\n<meta name=\"twitter:card\" content=\"summary_large_image\" \/>\n<meta name=\"twitter:label1\" content=\"Szacowany czas czytania\" \/>\n\t<meta name=\"twitter:data1\" content=\"1 minuta\" \/>\n<script type=\"application\/ld+json\" class=\"yoast-schema-graph\">{\"@context\":\"https:\/\/schema.org\",\"@graph\":[{\"@type\":\"WebPage\",\"@id\":\"https:\/\/moto-pawmar.pl\/?product=sonic-men-glv-blk\",\"url\":\"https:\/\/moto-pawmar.pl\/?product=sonic-men-glv-blk\",\"name\":\"SONIC MEN GLV BLK - MOTO-PAWMAR\",\"isPartOf\":{\"@id\":\"https:\/\/moto-pawmar.pl\/#website\"},\"primaryImageOfPage\":{\"@id\":\"https:\/\/moto-pawmar.pl\/?product=sonic-men-glv-blk#primaryimage\"},\"image\":{\"@id\":\"https:\/\/moto-pawmar.pl\/?product=sonic-men-glv-blk#primaryimage\"},\"thumbnailUrl\":\"https:\/\/moto-pawmar.pl\/wp-content\/uploads\/2025\/10\/sonic-men-glv-blk.jpg\",\"datePublished\":\"2025-10-21T13:13:17+00:00\",\"dateModified\":\"2025-10-22T13:06:40+00:00\",\"breadcrumb\":{\"@id\":\"https:\/\/moto-pawmar.pl\/?product=sonic-men-glv-blk#breadcrumb\"},\"inLanguage\":\"pl-PL\",\"potentialAction\":[{\"@type\":\"ReadAction\",\"target\":[\"https:\/\/moto-pawmar.pl\/?product=sonic-men-glv-blk\"]}]},{\"@type\":\"ImageObject\",\"inLanguage\":\"pl-PL\",\"@id\":\"https:\/\/moto-pawmar.pl\/?product=sonic-men-glv-blk#primaryimage\",\"url\":\"https:\/\/moto-pawmar.pl\/wp-content\/uploads\/2025\/10\/sonic-men-glv-blk.jpg\",\"contentUrl\":\"https:\/\/moto-pawmar.pl\/wp-content\/uploads\/2025\/10\/sonic-men-glv-blk.jpg\",\"width\":450,\"height\":450},{\"@type\":\"BreadcrumbList\",\"@id\":\"https:\/\/moto-pawmar.pl\/?product=sonic-men-glv-blk#breadcrumb\",\"itemListElement\":[{\"@type\":\"ListItem\",\"position\":1,\"name\":\"Strona g\u0142\u00f3wna\",\"item\":\"https:\/\/moto-pawmar.pl\/\"},{\"@type\":\"ListItem\",\"position\":2,\"name\":\"Sklep Internetowy\",\"item\":\"https:\/\/moto-pawmar.pl\/?page_id=367\"},{\"@type\":\"ListItem\",\"position\":3,\"name\":\"SONIC MEN GLV BLK\"}]},{\"@type\":\"WebSite\",\"@id\":\"https:\/\/moto-pawmar.pl\/#website\",\"url\":\"https:\/\/moto-pawmar.pl\/\",\"name\":\"MOTO-PAWMAR\",\"description\":\"MOTO\u2011PAWMAR \u2013 Tw\u00f3j sklep z cz\u0119\u015bciami i akcesoriami do motocykli, skuter\u00f3w i quad\u00f3w.\",\"publisher\":{\"@id\":\"https:\/\/moto-pawmar.pl\/#organization\"},\"potentialAction\":[{\"@type\":\"SearchAction\",\"target\":{\"@type\":\"EntryPoint\",\"urlTemplate\":\"https:\/\/moto-pawmar.pl\/?s={search_term_string}\"},\"query-input\":{\"@type\":\"PropertyValueSpecification\",\"valueRequired\":true,\"valueName\":\"search_term_string\"}}],\"inLanguage\":\"pl-PL\"},{\"@type\":\"Organization\",\"@id\":\"https:\/\/moto-pawmar.pl\/#organization\",\"name\":\"MOTO-PAWMAR\",\"url\":\"https:\/\/moto-pawmar.pl\/\",\"logo\":{\"@type\":\"ImageObject\",\"inLanguage\":\"pl-PL\",\"@id\":\"https:\/\/moto-pawmar.pl\/#\/schema\/logo\/image\/\",\"url\":\"https:\/\/moto-pawmar.pl\/wp-content\/uploads\/2025\/10\/LOGO-SKLEP.png\",\"contentUrl\":\"https:\/\/moto-pawmar.pl\/wp-content\/uploads\/2025\/10\/LOGO-SKLEP.png\",\"width\":2480,\"height\":2053,\"caption\":\"MOTO-PAWMAR\"},\"image\":{\"@id\":\"https:\/\/moto-pawmar.pl\/#\/schema\/logo\/image\/\"},\"sameAs\":[\"https:\/\/www.facebook.com\/motopawmar\/?locale=pl_PL\"]}]}<\/script>\n<!-- \/ Yoast SEO plugin. -->","yoast_head_json":{"title":"SONIC MEN GLV BLK - MOTO-PAWMAR","robots":{"index":"index","follow":"follow","max-snippet":"max-snippet:-1","max-image-preview":"max-image-preview:large","max-video-preview":"max-video-preview:-1"},"canonical":"https:\/\/moto-pawmar.pl\/?product=sonic-men-glv-blk","og_locale":"pl_PL","og_type":"article","og_title":"SONIC MEN GLV BLK - MOTO-PAWMAR","og_description":"R\u0119kawice SHIMA SONIC to wszechstronne, kr\u00f3tkie r\u0119kawice motocyklowe dla m\u0119\u017cczyzn, kt\u00f3re \u0142\u0105cz\u0105 w sobie ochron\u0119, komfort i wentylacj\u0119. Wykonane z naturalnej koziej sk\u00f3ry, oferuj\u0105 wysok\u0105 elastyczno\u015b\u0107 i dopasowanie do d\u0142oni. Wzmocnienia w kluczowych miejscach, takie jak twardy protektor kostek GFLEXX oraz pianka GFLEXX na obszarach impaktowych, zapewniaj\u0105 skuteczn\u0105 ochron\u0119.","og_url":"https:\/\/moto-pawmar.pl\/?product=sonic-men-glv-blk","og_site_name":"MOTO-PAWMAR","article_publisher":"https:\/\/www.facebook.com\/motopawmar\/?locale=pl_PL","article_modified_time":"2025-10-22T13:06:40+00:00","og_image":[{"width":450,"height":450,"url":"https:\/\/moto-pawmar.pl\/wp-content\/uploads\/2025\/10\/sonic-men-glv-blk.jpg","type":"image\/jpeg"}],"twitter_card":"summary_large_image","twitter_misc":{"Szacowany czas czytania":"1 minuta"},"schema":{"@context":"https:\/\/schema.org","@graph":[{"@type":"WebPage","@id":"https:\/\/moto-pawmar.pl\/?product=sonic-men-glv-blk","url":"https:\/\/moto-pawmar.pl\/?product=sonic-men-glv-blk","name":"SONIC MEN GLV BLK - MOTO-PAWMAR","isPartOf":{"@id":"https:\/\/moto-pawmar.pl\/#website"},"primaryImageOfPage":{"@id":"https:\/\/moto-pawmar.pl\/?product=sonic-men-glv-blk#primaryimage"},"image":{"@id":"https:\/\/moto-pawmar.pl\/?product=sonic-men-glv-blk#primaryimage"},"thumbnailUrl":"https:\/\/moto-pawmar.pl\/wp-content\/uploads\/2025\/10\/sonic-men-glv-blk.jpg","datePublished":"2025-10-21T13:13:17+00:00","dateModified":"2025-10-22T13:06:40+00:00","breadcrumb":{"@id":"https:\/\/moto-pawmar.pl\/?product=sonic-men-glv-blk#breadcrumb"},"inLanguage":"pl-PL","potentialAction":[{"@type":"ReadAction","target":["https:\/\/moto-pawmar.pl\/?product=sonic-men-glv-blk"]}]},{"@type":"ImageObject","inLanguage":"pl-PL","@id":"https:\/\/moto-pawmar.pl\/?product=sonic-men-glv-blk#primaryimage","url":"https:\/\/moto-pawmar.pl\/wp-content\/uploads\/2025\/10\/sonic-men-glv-blk.jpg","contentUrl":"https:\/\/moto-pawmar.pl\/wp-content\/uploads\/2025\/10\/sonic-men-glv-blk.jpg","width":450,"height":450},{"@type":"BreadcrumbList","@id":"https:\/\/moto-pawmar.pl\/?product=sonic-men-glv-blk#breadcrumb","itemListElement":[{"@type":"ListItem","position":1,"name":"Strona g\u0142\u00f3wna","item":"https:\/\/moto-pawmar.pl\/"},{"@type":"ListItem","position":2,"name":"Sklep Internetowy","item":"https:\/\/moto-pawmar.pl\/?page_id=367"},{"@type":"ListItem","position":3,"name":"SONIC MEN GLV BLK"}]},{"@type":"WebSite","@id":"https:\/\/moto-pawmar.pl\/#website","url":"https:\/\/moto-pawmar.pl\/","name":"MOTO-PAWMAR","description":"MOTO\u2011PAWMAR \u2013 Tw\u00f3j sklep z cz\u0119\u015bciami i akcesoriami do motocykli, skuter\u00f3w i quad\u00f3w.","publisher":{"@id":"https:\/\/moto-pawmar.pl\/#organization"},"potentialAction":[{"@type":"SearchAction","target":{"@type":"EntryPoint","urlTemplate":"https:\/\/moto-pawmar.pl\/?s={search_term_string}"},"query-input":{"@type":"PropertyValueSpecification","valueRequired":true,"valueName":"search_term_string"}}],"inLanguage":"pl-PL"},{"@type":"Organization","@id":"https:\/\/moto-pawmar.pl\/#organization","name":"MOTO-PAWMAR","url":"https:\/\/moto-pawmar.pl\/","logo":{"@type":"ImageObject","inLanguage":"pl-PL","@id":"https:\/\/moto-pawmar.pl\/#\/schema\/logo\/image\/","url":"https:\/\/moto-pawmar.pl\/wp-content\/uploads\/2025\/10\/LOGO-SKLEP.png","contentUrl":"https:\/\/moto-pawmar.pl\/wp-content\/uploads\/2025\/10\/LOGO-SKLEP.png","width":2480,"height":2053,"caption":"MOTO-PAWMAR"},"image":{"@id":"https:\/\/moto-pawmar.pl\/#\/schema\/logo\/image\/"},"sameAs":["https:\/\/www.facebook.com\/motopawmar\/?locale=pl_PL"]}]}},"_links":{"self":[{"href":"https:\/\/moto-pawmar.pl\/index.php?rest_route=\/wp\/v2\/product\/2072","targetHints":{"allow":["GET"]}}],"collection":[{"href":"https:\/\/moto-pawmar.pl\/index.php?rest_route=\/wp\/v2\/product"}],"about":[{"href":"https:\/\/moto-pawmar.pl\/index.php?rest_route=\/wp\/v2\/types\/product"}],"wp:featuredmedia":[{"embeddable":true,"href":"https:\/\/moto-pawmar.pl\/index.php?rest_route=\/wp\/v2\/media\/2192"}],"wp:attachment":[{"href":"https:\/\/moto-pawmar.pl\/index.php?rest_route=%2Fwp%2Fv2%2Fmedia&parent=2072"}],"wp:term":[{"taxonomy":"product_brand","embeddable":true,"href":"https:\/\/moto-pawmar.pl\/index.php?rest_route=%2Fwp%2Fv2%2Fproduct_brand&post=2072"},{"taxonomy":"product_cat","embeddable":true,"href":"https:\/\/moto-pawmar.pl\/index.php?rest_route=%2Fwp%2Fv2%2Fproduct_cat&post=2072"},{"taxonomy":"product_tag","embeddable":true,"href":"https:\/\/moto-pawmar.pl\/index.php?rest_route=%2Fwp%2Fv2%2Fproduct_tag&post=2072"}],"curies":[{"name":"wp","href":"https:\/\/api.w.org\/{rel}","templated":true}]}}