{"id":2066,"date":"2025-10-21T15:13:16","date_gmt":"2025-10-21T13:13:16","guid":{"rendered":"https:\/\/serwer391440.lh.pl\/?product=solid-2-0-men-jkt-blk"},"modified":"2025-10-22T15:09:13","modified_gmt":"2025-10-22T13:09:13","slug":"solid-2-0-men-jkt-blk","status":"publish","type":"product","link":"https:\/\/moto-pawmar.pl\/?product=solid-2-0-men-jkt-blk","title":{"rendered":"SOLID 2.0 MEN JKT BLK"},"content":{"rendered":"<p>Model SOLID 2.0 to nast\u0119pca popularnego modelu SOLID PRO, kt\u00f3ry zyska\u0142 ulepszone parametry i od\u015bwie\u017con\u0105 stylistyk\u0119. To kurtka motocyklowa o sportowym charakterze. Dzi\u0119ki wyjmowanym warstwom wewn\u0119trznym &#8211; membranie wodoodpornej NextDry\u2122 i warstwie ocieplaj\u0105cej &#8211; pozwala na jazd\u0119 w r\u00f3\u017cnych warunkach pogodowych. Wysoki komfort termiczny w ciep\u0142e dni gwarantuje Ci system H3 Heat Free. To specjalny system wentylacji, kt\u00f3ry zapewnia optymaln\u0105 temperatur\u0119 podczas jazdy. Na klatce piersiowej wzd\u0142u\u017c g\u0142\u00f3wnego zamka znajduje si\u0119 d\u0142ugi panel wentylacyjny. Kurtka ma r\u00f3wnie\u017c zamki wentylacyjne na przedramionach. Ergonomiczna konstrukcja o lekko sportowej pozycji i wstawki z elastycznego materia\u0142u, a tak\u017ce specjalne panele harmonijkowe w obszarze \u0142okcia umo\u017cliwiaj\u0105 du\u017c\u0105 swobod\u0119 ruch\u00f3w. Aby zapewni\u0107 Ci jeszcze wi\u0119kszy komfort, kurtka posiada mo\u017cliwo\u015b\u0107 regulacji szeroko\u015bci pasa i r\u0119kawa. Model SOLID 2.0 zosta\u0142 wyposa\u017cony w zestaw nowych przewiewnych, certyfikowanych protektor\u00f3w plec\u00f3w, \u0142okci i ramion AirForce\u2122 FLEXX (lvl 2). Pami\u0119taj, \u017ce mo\u017cesz doposa\u017cy\u0107 swoj\u0105 kurtk\u0119 w protektor klatki piersiowej (sprzedawany oddzielnie). O Twoje bezpiecze\u0144stwo dbaj\u0105 tak\u017ce zewn\u0119trzne slidery barkowe oraz podw\u00f3jna warstwa materia\u0142u na \u0142okciach i barkach. Kurtka zosta\u0142a zaprojektowana z dba\u0142o\u015bci\u0105 o ka\u017cdy szczeg\u00f3\u0142. W \u015brodku posiada such\u0105 kiesze\u0144, a z ty\u0142u dodatkow\u0105 kiesze\u0144 o samozamykaj\u0105cej si\u0119 konstrukcji, w kt\u00f3rej mo\u017cna schowa\u0107 r\u0119kawice. System zamk\u00f3w spinaj\u0105cych (kr\u00f3tki i 360\u00b0) umo\u017cliwia po\u0142\u0105czenie modelu SOLID 2.0 ze spodniami marki SHIMA. Nie zapominaj o panelach odblaskowych. Znajduj\u0105 si\u0119 one na klatce piersiowej, ramionach, barkach i plecach, dbaj\u0105c o Twoje bezpiecze\u0144stwo o ka\u017cdej porze. Maksymalna wygoda, nowoczesna usportowiona konstrukcja i pe\u0142na ochrona sprawiaj\u0105, \u017ce to kurtka uszyta na miar\u0119 Twoich potrzeb.<\/p>\n","protected":false},"excerpt":{"rendered":"<p>Model SOLID 2.0 to nast\u0119pca popularnego modelu SOLID PRO, kt\u00f3ry zyska\u0142 ulepszone parametry i od\u015bwie\u017con\u0105 stylistyk\u0119. To kurtka motocyklowa o sportowym charakterze<\/p>\n","protected":false},"featured_media":2065,"template":"","meta":[],"product_brand":[49],"product_cat":[278,337],"product_tag":[],"class_list":{"0":"post-2066","1":"product","2":"type-product","3":"status-publish","4":"has-post-thumbnail","6":"product_brand-shima","7":"product_cat-kurtki-meska","8":"product_cat-miejskie","10":"first","11":"instock","12":"taxable","13":"shipping-taxable","14":"purchasable","15":"product-type-variable"},"yoast_head":"<!-- This site is optimized with the Yoast SEO plugin v26.9 - https:\/\/yoast.com\/product\/yoast-seo-wordpress\/ -->\n<title>SOLID 2.0 MEN JKT BLK - MOTO-PAWMAR<\/title>\n<meta name=\"robots\" content=\"index, follow, max-snippet:-1, max-image-preview:large, max-video-preview:-1\" \/>\n<link rel=\"canonical\" href=\"https:\/\/moto-pawmar.pl\/?product=solid-2-0-men-jkt-blk\" \/>\n<meta property=\"og:locale\" content=\"pl_PL\" \/>\n<meta property=\"og:type\" content=\"article\" \/>\n<meta property=\"og:title\" content=\"SOLID 2.0 MEN JKT BLK - MOTO-PAWMAR\" \/>\n<meta property=\"og:description\" content=\"Model SOLID 2.0 to nast\u0119pca popularnego modelu SOLID PRO, kt\u00f3ry zyska\u0142 ulepszone parametry i od\u015bwie\u017con\u0105 stylistyk\u0119. To kurtka motocyklowa o sportowym charakterze\" \/>\n<meta property=\"og:url\" content=\"https:\/\/moto-pawmar.pl\/?product=solid-2-0-men-jkt-blk\" \/>\n<meta property=\"og:site_name\" content=\"MOTO-PAWMAR\" \/>\n<meta property=\"article:publisher\" content=\"https:\/\/www.facebook.com\/motopawmar\/?locale=pl_PL\" \/>\n<meta property=\"article:modified_time\" content=\"2025-10-22T13:09:13+00:00\" \/>\n<meta property=\"og:image\" content=\"https:\/\/moto-pawmar.pl\/wp-content\/uploads\/2025\/10\/2765.jpg\" \/>\n\t<meta property=\"og:image:width\" content=\"2048\" \/>\n\t<meta property=\"og:image:height\" content=\"2048\" \/>\n\t<meta property=\"og:image:type\" content=\"image\/jpeg\" \/>\n<meta name=\"twitter:card\" content=\"summary_large_image\" \/>\n<meta name=\"twitter:label1\" content=\"Szacowany czas czytania\" \/>\n\t<meta name=\"twitter:data1\" content=\"1 minuta\" \/>\n<script type=\"application\/ld+json\" class=\"yoast-schema-graph\">{\"@context\":\"https:\/\/schema.org\",\"@graph\":[{\"@type\":\"WebPage\",\"@id\":\"https:\/\/moto-pawmar.pl\/?product=solid-2-0-men-jkt-blk\",\"url\":\"https:\/\/moto-pawmar.pl\/?product=solid-2-0-men-jkt-blk\",\"name\":\"SOLID 2.0 MEN JKT BLK - MOTO-PAWMAR\",\"isPartOf\":{\"@id\":\"https:\/\/moto-pawmar.pl\/#website\"},\"primaryImageOfPage\":{\"@id\":\"https:\/\/moto-pawmar.pl\/?product=solid-2-0-men-jkt-blk#primaryimage\"},\"image\":{\"@id\":\"https:\/\/moto-pawmar.pl\/?product=solid-2-0-men-jkt-blk#primaryimage\"},\"thumbnailUrl\":\"https:\/\/moto-pawmar.pl\/wp-content\/uploads\/2025\/10\/2765.jpg\",\"datePublished\":\"2025-10-21T13:13:16+00:00\",\"dateModified\":\"2025-10-22T13:09:13+00:00\",\"breadcrumb\":{\"@id\":\"https:\/\/moto-pawmar.pl\/?product=solid-2-0-men-jkt-blk#breadcrumb\"},\"inLanguage\":\"pl-PL\",\"potentialAction\":[{\"@type\":\"ReadAction\",\"target\":[\"https:\/\/moto-pawmar.pl\/?product=solid-2-0-men-jkt-blk\"]}]},{\"@type\":\"ImageObject\",\"inLanguage\":\"pl-PL\",\"@id\":\"https:\/\/moto-pawmar.pl\/?product=solid-2-0-men-jkt-blk#primaryimage\",\"url\":\"https:\/\/moto-pawmar.pl\/wp-content\/uploads\/2025\/10\/2765.jpg\",\"contentUrl\":\"https:\/\/moto-pawmar.pl\/wp-content\/uploads\/2025\/10\/2765.jpg\",\"width\":2048,\"height\":2048},{\"@type\":\"BreadcrumbList\",\"@id\":\"https:\/\/moto-pawmar.pl\/?product=solid-2-0-men-jkt-blk#breadcrumb\",\"itemListElement\":[{\"@type\":\"ListItem\",\"position\":1,\"name\":\"Strona g\u0142\u00f3wna\",\"item\":\"https:\/\/moto-pawmar.pl\/\"},{\"@type\":\"ListItem\",\"position\":2,\"name\":\"Sklep Internetowy\",\"item\":\"https:\/\/moto-pawmar.pl\/?page_id=367\"},{\"@type\":\"ListItem\",\"position\":3,\"name\":\"SOLID 2.0 MEN JKT BLK\"}]},{\"@type\":\"WebSite\",\"@id\":\"https:\/\/moto-pawmar.pl\/#website\",\"url\":\"https:\/\/moto-pawmar.pl\/\",\"name\":\"MOTO-PAWMAR\",\"description\":\"MOTO\u2011PAWMAR \u2013 Tw\u00f3j sklep z cz\u0119\u015bciami i akcesoriami do motocykli, skuter\u00f3w i quad\u00f3w.\",\"publisher\":{\"@id\":\"https:\/\/moto-pawmar.pl\/#organization\"},\"potentialAction\":[{\"@type\":\"SearchAction\",\"target\":{\"@type\":\"EntryPoint\",\"urlTemplate\":\"https:\/\/moto-pawmar.pl\/?s={search_term_string}\"},\"query-input\":{\"@type\":\"PropertyValueSpecification\",\"valueRequired\":true,\"valueName\":\"search_term_string\"}}],\"inLanguage\":\"pl-PL\"},{\"@type\":\"Organization\",\"@id\":\"https:\/\/moto-pawmar.pl\/#organization\",\"name\":\"MOTO-PAWMAR\",\"url\":\"https:\/\/moto-pawmar.pl\/\",\"logo\":{\"@type\":\"ImageObject\",\"inLanguage\":\"pl-PL\",\"@id\":\"https:\/\/moto-pawmar.pl\/#\/schema\/logo\/image\/\",\"url\":\"https:\/\/moto-pawmar.pl\/wp-content\/uploads\/2025\/10\/LOGO-SKLEP.png\",\"contentUrl\":\"https:\/\/moto-pawmar.pl\/wp-content\/uploads\/2025\/10\/LOGO-SKLEP.png\",\"width\":2480,\"height\":2053,\"caption\":\"MOTO-PAWMAR\"},\"image\":{\"@id\":\"https:\/\/moto-pawmar.pl\/#\/schema\/logo\/image\/\"},\"sameAs\":[\"https:\/\/www.facebook.com\/motopawmar\/?locale=pl_PL\"]}]}<\/script>\n<!-- \/ Yoast SEO plugin. -->","yoast_head_json":{"title":"SOLID 2.0 MEN JKT BLK - MOTO-PAWMAR","robots":{"index":"index","follow":"follow","max-snippet":"max-snippet:-1","max-image-preview":"max-image-preview:large","max-video-preview":"max-video-preview:-1"},"canonical":"https:\/\/moto-pawmar.pl\/?product=solid-2-0-men-jkt-blk","og_locale":"pl_PL","og_type":"article","og_title":"SOLID 2.0 MEN JKT BLK - MOTO-PAWMAR","og_description":"Model SOLID 2.0 to nast\u0119pca popularnego modelu SOLID PRO, kt\u00f3ry zyska\u0142 ulepszone parametry i od\u015bwie\u017con\u0105 stylistyk\u0119. To kurtka motocyklowa o sportowym charakterze","og_url":"https:\/\/moto-pawmar.pl\/?product=solid-2-0-men-jkt-blk","og_site_name":"MOTO-PAWMAR","article_publisher":"https:\/\/www.facebook.com\/motopawmar\/?locale=pl_PL","article_modified_time":"2025-10-22T13:09:13+00:00","og_image":[{"width":2048,"height":2048,"url":"https:\/\/moto-pawmar.pl\/wp-content\/uploads\/2025\/10\/2765.jpg","type":"image\/jpeg"}],"twitter_card":"summary_large_image","twitter_misc":{"Szacowany czas czytania":"1 minuta"},"schema":{"@context":"https:\/\/schema.org","@graph":[{"@type":"WebPage","@id":"https:\/\/moto-pawmar.pl\/?product=solid-2-0-men-jkt-blk","url":"https:\/\/moto-pawmar.pl\/?product=solid-2-0-men-jkt-blk","name":"SOLID 2.0 MEN JKT BLK - MOTO-PAWMAR","isPartOf":{"@id":"https:\/\/moto-pawmar.pl\/#website"},"primaryImageOfPage":{"@id":"https:\/\/moto-pawmar.pl\/?product=solid-2-0-men-jkt-blk#primaryimage"},"image":{"@id":"https:\/\/moto-pawmar.pl\/?product=solid-2-0-men-jkt-blk#primaryimage"},"thumbnailUrl":"https:\/\/moto-pawmar.pl\/wp-content\/uploads\/2025\/10\/2765.jpg","datePublished":"2025-10-21T13:13:16+00:00","dateModified":"2025-10-22T13:09:13+00:00","breadcrumb":{"@id":"https:\/\/moto-pawmar.pl\/?product=solid-2-0-men-jkt-blk#breadcrumb"},"inLanguage":"pl-PL","potentialAction":[{"@type":"ReadAction","target":["https:\/\/moto-pawmar.pl\/?product=solid-2-0-men-jkt-blk"]}]},{"@type":"ImageObject","inLanguage":"pl-PL","@id":"https:\/\/moto-pawmar.pl\/?product=solid-2-0-men-jkt-blk#primaryimage","url":"https:\/\/moto-pawmar.pl\/wp-content\/uploads\/2025\/10\/2765.jpg","contentUrl":"https:\/\/moto-pawmar.pl\/wp-content\/uploads\/2025\/10\/2765.jpg","width":2048,"height":2048},{"@type":"BreadcrumbList","@id":"https:\/\/moto-pawmar.pl\/?product=solid-2-0-men-jkt-blk#breadcrumb","itemListElement":[{"@type":"ListItem","position":1,"name":"Strona g\u0142\u00f3wna","item":"https:\/\/moto-pawmar.pl\/"},{"@type":"ListItem","position":2,"name":"Sklep Internetowy","item":"https:\/\/moto-pawmar.pl\/?page_id=367"},{"@type":"ListItem","position":3,"name":"SOLID 2.0 MEN JKT BLK"}]},{"@type":"WebSite","@id":"https:\/\/moto-pawmar.pl\/#website","url":"https:\/\/moto-pawmar.pl\/","name":"MOTO-PAWMAR","description":"MOTO\u2011PAWMAR \u2013 Tw\u00f3j sklep z cz\u0119\u015bciami i akcesoriami do motocykli, skuter\u00f3w i quad\u00f3w.","publisher":{"@id":"https:\/\/moto-pawmar.pl\/#organization"},"potentialAction":[{"@type":"SearchAction","target":{"@type":"EntryPoint","urlTemplate":"https:\/\/moto-pawmar.pl\/?s={search_term_string}"},"query-input":{"@type":"PropertyValueSpecification","valueRequired":true,"valueName":"search_term_string"}}],"inLanguage":"pl-PL"},{"@type":"Organization","@id":"https:\/\/moto-pawmar.pl\/#organization","name":"MOTO-PAWMAR","url":"https:\/\/moto-pawmar.pl\/","logo":{"@type":"ImageObject","inLanguage":"pl-PL","@id":"https:\/\/moto-pawmar.pl\/#\/schema\/logo\/image\/","url":"https:\/\/moto-pawmar.pl\/wp-content\/uploads\/2025\/10\/LOGO-SKLEP.png","contentUrl":"https:\/\/moto-pawmar.pl\/wp-content\/uploads\/2025\/10\/LOGO-SKLEP.png","width":2480,"height":2053,"caption":"MOTO-PAWMAR"},"image":{"@id":"https:\/\/moto-pawmar.pl\/#\/schema\/logo\/image\/"},"sameAs":["https:\/\/www.facebook.com\/motopawmar\/?locale=pl_PL"]}]}},"_links":{"self":[{"href":"https:\/\/moto-pawmar.pl\/index.php?rest_route=\/wp\/v2\/product\/2066","targetHints":{"allow":["GET"]}}],"collection":[{"href":"https:\/\/moto-pawmar.pl\/index.php?rest_route=\/wp\/v2\/product"}],"about":[{"href":"https:\/\/moto-pawmar.pl\/index.php?rest_route=\/wp\/v2\/types\/product"}],"wp:featuredmedia":[{"embeddable":true,"href":"https:\/\/moto-pawmar.pl\/index.php?rest_route=\/wp\/v2\/media\/2065"}],"wp:attachment":[{"href":"https:\/\/moto-pawmar.pl\/index.php?rest_route=%2Fwp%2Fv2%2Fmedia&parent=2066"}],"wp:term":[{"taxonomy":"product_brand","embeddable":true,"href":"https:\/\/moto-pawmar.pl\/index.php?rest_route=%2Fwp%2Fv2%2Fproduct_brand&post=2066"},{"taxonomy":"product_cat","embeddable":true,"href":"https:\/\/moto-pawmar.pl\/index.php?rest_route=%2Fwp%2Fv2%2Fproduct_cat&post=2066"},{"taxonomy":"product_tag","embeddable":true,"href":"https:\/\/moto-pawmar.pl\/index.php?rest_route=%2Fwp%2Fv2%2Fproduct_tag&post=2066"}],"curies":[{"name":"wp","href":"https:\/\/api.w.org\/{rel}","templated":true}]}}