{"id":2064,"date":"2025-10-21T15:13:15","date_gmt":"2025-10-21T13:13:15","guid":{"rendered":"https:\/\/serwer391440.lh.pl\/?product=rx-3-men-blk"},"modified":"2025-10-22T15:11:43","modified_gmt":"2025-10-22T13:11:43","slug":"rx-3-men-blk","status":"publish","type":"product","link":"https:\/\/moto-pawmar.pl\/?product=rx-3-men-blk","title":{"rendered":"RX-3 MEN BLK"},"content":{"rendered":"<p>Buty SHIMA RX-3 to d\u0142ugie, sportowo-turystyczne buty motocyklowe, kt\u00f3re \u0142\u0105cz\u0105 zaawansowan\u0105 ochron\u0119 z komfortem na ka\u017cdej trasie. Wykonane ze sk\u00f3ry i mikrofibry, oferuj\u0105 idealne dopasowanie i wysok\u0105 trwa\u0142o\u015b\u0107. Protektory SAP\u2122 z TPU na kostce, wzmocnienia na pi\u0119cie, palcach oraz piszczeli, a tak\u017ce wymienny, metalowy slider SAP na palcach, gwarantuj\u0105 najwy\u017cszy poziom bezpiecze\u0144stwa zar\u00f3wno w dynamicznej je\u017adzie, jak i podczas d\u0142u\u017cszych podr\u00f3\u017cy. Wewn\u0119trzna wk\u0142adka z polipropylenu zwi\u0119ksza sztywno\u015b\u0107 konstrukcji, zapewniaj\u0105c optymaln\u0105 stabilizacj\u0119 stopy. Buty RX-3 wyposa\u017cone s\u0105 w perforowan\u0105 sk\u00f3r\u0119, kt\u00f3ra zapewnia doskona\u0142\u0105 wentylacj\u0119, co sprawia, \u017ce s\u0105 idealnym wyborem na d\u0142ugie, wymagaj\u0105ce trasy. Mi\u0119kka wy\u015bci\u00f3\u0142ka oraz ergonomiczna cholewka gwarantuj\u0105 wysoki komfort u\u017cytkowania, nawet podczas wielogodzinnej jazdy. Dodatkowe elementy, takie jak os\u0142ona na zamek b\u0142yskawiczny oraz nak\u0142adka z TPU do zmiany bieg\u00f3w, podnosz\u0105 funkcjonalno\u015b\u0107 but\u00f3w w codziennym u\u017cytkowaniu. Buty RX-3 oferuj\u0105 r\u00f3wnie\u017c Night Vision System\u2122, kt\u00f3ry poprawia widoczno\u015b\u0107 motocyklisty dzi\u0119ki elementom odblaskowym z przodu i z ty\u0142u buta. Dost\u0119pne w kolorach BLACK dla fan\u00f3w turystyki oraz sportowych, energetycznych wersjach kolorystycznych BLACK\/WHITE, YELLOW FLUO, i RED FLUO, w rozmiarach 41 &#8211; 48. Buty SHIMA RX-3 to idealny wyb\u00f3r dla tych, kt\u00f3rzy szukaj\u0105 po\u0142\u0105czenia ochrony, komfortu i dynamicznego stylu na trasie.<\/p>\n","protected":false},"excerpt":{"rendered":"<p>Buty SHIMA RX-3 to d\u0142ugie, sportowo-turystyczne buty motocyklowe, zapewniaj\u0105ce doskona\u0142\u0105 ochron\u0119, komfort i wentylacj\u0119. Wzmocnione na kostkach, palcach i pi\u0119tach gwarantuj\u0105 maksymaln\u0105 ochron\u0119 na trasie.<\/p>\n","protected":false},"featured_media":2063,"template":"","meta":[],"product_brand":[49],"product_cat":[282,290],"product_tag":[],"class_list":{"0":"post-2064","1":"product","2":"type-product","3":"status-publish","4":"has-post-thumbnail","6":"product_brand-shima","7":"product_cat-buty-meska","8":"product_cat-buty-sportowe-meska","9":"pa_rozmiar-buty-321","10":"pa_rozmiar-buty-322","11":"pa_rozmiar-buty-323","12":"pa_rozmiar-buty-324","13":"pa_rozmiar-buty-325","14":"pa_rozmiar-buty-326","15":"pa_rozmiar-buty-327","16":"pa_rozmiar-buty-328","18":"first","19":"instock","20":"taxable","21":"shipping-taxable","22":"purchasable","23":"product-type-variable"},"yoast_head":"<!-- This site is optimized with the Yoast SEO plugin v26.9 - https:\/\/yoast.com\/product\/yoast-seo-wordpress\/ -->\n<title>RX-3 MEN BLK - MOTO-PAWMAR<\/title>\n<meta name=\"robots\" content=\"index, follow, max-snippet:-1, max-image-preview:large, max-video-preview:-1\" \/>\n<link rel=\"canonical\" href=\"https:\/\/moto-pawmar.pl\/?product=rx-3-men-blk\" \/>\n<meta property=\"og:locale\" content=\"pl_PL\" \/>\n<meta property=\"og:type\" content=\"article\" \/>\n<meta property=\"og:title\" content=\"RX-3 MEN BLK - MOTO-PAWMAR\" \/>\n<meta property=\"og:description\" content=\"Buty SHIMA RX-3 to d\u0142ugie, sportowo-turystyczne buty motocyklowe, zapewniaj\u0105ce doskona\u0142\u0105 ochron\u0119, komfort i wentylacj\u0119. Wzmocnione na kostkach, palcach i pi\u0119tach gwarantuj\u0105 maksymaln\u0105 ochron\u0119 na trasie.\" \/>\n<meta property=\"og:url\" content=\"https:\/\/moto-pawmar.pl\/?product=rx-3-men-blk\" \/>\n<meta property=\"og:site_name\" content=\"MOTO-PAWMAR\" \/>\n<meta property=\"article:publisher\" content=\"https:\/\/www.facebook.com\/motopawmar\/?locale=pl_PL\" \/>\n<meta property=\"article:modified_time\" content=\"2025-10-22T13:11:43+00:00\" \/>\n<meta property=\"og:image\" content=\"https:\/\/moto-pawmar.pl\/wp-content\/uploads\/2025\/10\/6946-1024x1024.png\" \/>\n\t<meta property=\"og:image:width\" content=\"1024\" \/>\n\t<meta property=\"og:image:height\" content=\"1024\" \/>\n\t<meta property=\"og:image:type\" content=\"image\/png\" \/>\n<meta name=\"twitter:card\" content=\"summary_large_image\" \/>\n<meta name=\"twitter:label1\" content=\"Szacowany czas czytania\" \/>\n\t<meta name=\"twitter:data1\" content=\"1 minuta\" \/>\n<script type=\"application\/ld+json\" class=\"yoast-schema-graph\">{\"@context\":\"https:\/\/schema.org\",\"@graph\":[{\"@type\":\"WebPage\",\"@id\":\"https:\/\/moto-pawmar.pl\/?product=rx-3-men-blk\",\"url\":\"https:\/\/moto-pawmar.pl\/?product=rx-3-men-blk\",\"name\":\"RX-3 MEN BLK - MOTO-PAWMAR\",\"isPartOf\":{\"@id\":\"https:\/\/moto-pawmar.pl\/#website\"},\"primaryImageOfPage\":{\"@id\":\"https:\/\/moto-pawmar.pl\/?product=rx-3-men-blk#primaryimage\"},\"image\":{\"@id\":\"https:\/\/moto-pawmar.pl\/?product=rx-3-men-blk#primaryimage\"},\"thumbnailUrl\":\"https:\/\/moto-pawmar.pl\/wp-content\/uploads\/2025\/10\/6946.png\",\"datePublished\":\"2025-10-21T13:13:15+00:00\",\"dateModified\":\"2025-10-22T13:11:43+00:00\",\"breadcrumb\":{\"@id\":\"https:\/\/moto-pawmar.pl\/?product=rx-3-men-blk#breadcrumb\"},\"inLanguage\":\"pl-PL\",\"potentialAction\":[{\"@type\":\"ReadAction\",\"target\":[\"https:\/\/moto-pawmar.pl\/?product=rx-3-men-blk\"]}]},{\"@type\":\"ImageObject\",\"inLanguage\":\"pl-PL\",\"@id\":\"https:\/\/moto-pawmar.pl\/?product=rx-3-men-blk#primaryimage\",\"url\":\"https:\/\/moto-pawmar.pl\/wp-content\/uploads\/2025\/10\/6946.png\",\"contentUrl\":\"https:\/\/moto-pawmar.pl\/wp-content\/uploads\/2025\/10\/6946.png\",\"width\":2048,\"height\":2047},{\"@type\":\"BreadcrumbList\",\"@id\":\"https:\/\/moto-pawmar.pl\/?product=rx-3-men-blk#breadcrumb\",\"itemListElement\":[{\"@type\":\"ListItem\",\"position\":1,\"name\":\"Strona g\u0142\u00f3wna\",\"item\":\"https:\/\/moto-pawmar.pl\/\"},{\"@type\":\"ListItem\",\"position\":2,\"name\":\"Sklep Internetowy\",\"item\":\"https:\/\/moto-pawmar.pl\/?page_id=367\"},{\"@type\":\"ListItem\",\"position\":3,\"name\":\"RX-3 MEN BLK\"}]},{\"@type\":\"WebSite\",\"@id\":\"https:\/\/moto-pawmar.pl\/#website\",\"url\":\"https:\/\/moto-pawmar.pl\/\",\"name\":\"MOTO-PAWMAR\",\"description\":\"MOTO\u2011PAWMAR \u2013 Tw\u00f3j sklep z cz\u0119\u015bciami i akcesoriami do motocykli, skuter\u00f3w i quad\u00f3w.\",\"publisher\":{\"@id\":\"https:\/\/moto-pawmar.pl\/#organization\"},\"potentialAction\":[{\"@type\":\"SearchAction\",\"target\":{\"@type\":\"EntryPoint\",\"urlTemplate\":\"https:\/\/moto-pawmar.pl\/?s={search_term_string}\"},\"query-input\":{\"@type\":\"PropertyValueSpecification\",\"valueRequired\":true,\"valueName\":\"search_term_string\"}}],\"inLanguage\":\"pl-PL\"},{\"@type\":\"Organization\",\"@id\":\"https:\/\/moto-pawmar.pl\/#organization\",\"name\":\"MOTO-PAWMAR\",\"url\":\"https:\/\/moto-pawmar.pl\/\",\"logo\":{\"@type\":\"ImageObject\",\"inLanguage\":\"pl-PL\",\"@id\":\"https:\/\/moto-pawmar.pl\/#\/schema\/logo\/image\/\",\"url\":\"https:\/\/moto-pawmar.pl\/wp-content\/uploads\/2025\/10\/LOGO-SKLEP.png\",\"contentUrl\":\"https:\/\/moto-pawmar.pl\/wp-content\/uploads\/2025\/10\/LOGO-SKLEP.png\",\"width\":2480,\"height\":2053,\"caption\":\"MOTO-PAWMAR\"},\"image\":{\"@id\":\"https:\/\/moto-pawmar.pl\/#\/schema\/logo\/image\/\"},\"sameAs\":[\"https:\/\/www.facebook.com\/motopawmar\/?locale=pl_PL\"]}]}<\/script>\n<!-- \/ Yoast SEO plugin. -->","yoast_head_json":{"title":"RX-3 MEN BLK - MOTO-PAWMAR","robots":{"index":"index","follow":"follow","max-snippet":"max-snippet:-1","max-image-preview":"max-image-preview:large","max-video-preview":"max-video-preview:-1"},"canonical":"https:\/\/moto-pawmar.pl\/?product=rx-3-men-blk","og_locale":"pl_PL","og_type":"article","og_title":"RX-3 MEN BLK - MOTO-PAWMAR","og_description":"Buty SHIMA RX-3 to d\u0142ugie, sportowo-turystyczne buty motocyklowe, zapewniaj\u0105ce doskona\u0142\u0105 ochron\u0119, komfort i wentylacj\u0119. Wzmocnione na kostkach, palcach i pi\u0119tach gwarantuj\u0105 maksymaln\u0105 ochron\u0119 na trasie.","og_url":"https:\/\/moto-pawmar.pl\/?product=rx-3-men-blk","og_site_name":"MOTO-PAWMAR","article_publisher":"https:\/\/www.facebook.com\/motopawmar\/?locale=pl_PL","article_modified_time":"2025-10-22T13:11:43+00:00","og_image":[{"width":1024,"height":1024,"url":"https:\/\/moto-pawmar.pl\/wp-content\/uploads\/2025\/10\/6946-1024x1024.png","type":"image\/png"}],"twitter_card":"summary_large_image","twitter_misc":{"Szacowany czas czytania":"1 minuta"},"schema":{"@context":"https:\/\/schema.org","@graph":[{"@type":"WebPage","@id":"https:\/\/moto-pawmar.pl\/?product=rx-3-men-blk","url":"https:\/\/moto-pawmar.pl\/?product=rx-3-men-blk","name":"RX-3 MEN BLK - MOTO-PAWMAR","isPartOf":{"@id":"https:\/\/moto-pawmar.pl\/#website"},"primaryImageOfPage":{"@id":"https:\/\/moto-pawmar.pl\/?product=rx-3-men-blk#primaryimage"},"image":{"@id":"https:\/\/moto-pawmar.pl\/?product=rx-3-men-blk#primaryimage"},"thumbnailUrl":"https:\/\/moto-pawmar.pl\/wp-content\/uploads\/2025\/10\/6946.png","datePublished":"2025-10-21T13:13:15+00:00","dateModified":"2025-10-22T13:11:43+00:00","breadcrumb":{"@id":"https:\/\/moto-pawmar.pl\/?product=rx-3-men-blk#breadcrumb"},"inLanguage":"pl-PL","potentialAction":[{"@type":"ReadAction","target":["https:\/\/moto-pawmar.pl\/?product=rx-3-men-blk"]}]},{"@type":"ImageObject","inLanguage":"pl-PL","@id":"https:\/\/moto-pawmar.pl\/?product=rx-3-men-blk#primaryimage","url":"https:\/\/moto-pawmar.pl\/wp-content\/uploads\/2025\/10\/6946.png","contentUrl":"https:\/\/moto-pawmar.pl\/wp-content\/uploads\/2025\/10\/6946.png","width":2048,"height":2047},{"@type":"BreadcrumbList","@id":"https:\/\/moto-pawmar.pl\/?product=rx-3-men-blk#breadcrumb","itemListElement":[{"@type":"ListItem","position":1,"name":"Strona g\u0142\u00f3wna","item":"https:\/\/moto-pawmar.pl\/"},{"@type":"ListItem","position":2,"name":"Sklep Internetowy","item":"https:\/\/moto-pawmar.pl\/?page_id=367"},{"@type":"ListItem","position":3,"name":"RX-3 MEN BLK"}]},{"@type":"WebSite","@id":"https:\/\/moto-pawmar.pl\/#website","url":"https:\/\/moto-pawmar.pl\/","name":"MOTO-PAWMAR","description":"MOTO\u2011PAWMAR \u2013 Tw\u00f3j sklep z cz\u0119\u015bciami i akcesoriami do motocykli, skuter\u00f3w i quad\u00f3w.","publisher":{"@id":"https:\/\/moto-pawmar.pl\/#organization"},"potentialAction":[{"@type":"SearchAction","target":{"@type":"EntryPoint","urlTemplate":"https:\/\/moto-pawmar.pl\/?s={search_term_string}"},"query-input":{"@type":"PropertyValueSpecification","valueRequired":true,"valueName":"search_term_string"}}],"inLanguage":"pl-PL"},{"@type":"Organization","@id":"https:\/\/moto-pawmar.pl\/#organization","name":"MOTO-PAWMAR","url":"https:\/\/moto-pawmar.pl\/","logo":{"@type":"ImageObject","inLanguage":"pl-PL","@id":"https:\/\/moto-pawmar.pl\/#\/schema\/logo\/image\/","url":"https:\/\/moto-pawmar.pl\/wp-content\/uploads\/2025\/10\/LOGO-SKLEP.png","contentUrl":"https:\/\/moto-pawmar.pl\/wp-content\/uploads\/2025\/10\/LOGO-SKLEP.png","width":2480,"height":2053,"caption":"MOTO-PAWMAR"},"image":{"@id":"https:\/\/moto-pawmar.pl\/#\/schema\/logo\/image\/"},"sameAs":["https:\/\/www.facebook.com\/motopawmar\/?locale=pl_PL"]}]}},"_links":{"self":[{"href":"https:\/\/moto-pawmar.pl\/index.php?rest_route=\/wp\/v2\/product\/2064","targetHints":{"allow":["GET"]}}],"collection":[{"href":"https:\/\/moto-pawmar.pl\/index.php?rest_route=\/wp\/v2\/product"}],"about":[{"href":"https:\/\/moto-pawmar.pl\/index.php?rest_route=\/wp\/v2\/types\/product"}],"wp:featuredmedia":[{"embeddable":true,"href":"https:\/\/moto-pawmar.pl\/index.php?rest_route=\/wp\/v2\/media\/2063"}],"wp:attachment":[{"href":"https:\/\/moto-pawmar.pl\/index.php?rest_route=%2Fwp%2Fv2%2Fmedia&parent=2064"}],"wp:term":[{"taxonomy":"product_brand","embeddable":true,"href":"https:\/\/moto-pawmar.pl\/index.php?rest_route=%2Fwp%2Fv2%2Fproduct_brand&post=2064"},{"taxonomy":"product_cat","embeddable":true,"href":"https:\/\/moto-pawmar.pl\/index.php?rest_route=%2Fwp%2Fv2%2Fproduct_cat&post=2064"},{"taxonomy":"product_tag","embeddable":true,"href":"https:\/\/moto-pawmar.pl\/index.php?rest_route=%2Fwp%2Fv2%2Fproduct_tag&post=2064"}],"curies":[{"name":"wp","href":"https:\/\/api.w.org\/{rel}","templated":true}]}}