{"id":2060,"date":"2025-10-21T15:13:06","date_gmt":"2025-10-21T13:13:06","guid":{"rendered":"https:\/\/serwer391440.lh.pl\/?product=rs-3-men-blk-3xl"},"modified":"2025-10-22T15:16:03","modified_gmt":"2025-10-22T13:16:03","slug":"rs-3-men-blk-3xl","status":"publish","type":"product","link":"https:\/\/moto-pawmar.pl\/?product=rs-3-men-blk-3xl","title":{"rendered":"RS-3 MEN BLK 3XL"},"content":{"rendered":"<p>R\u0119kawice motocyklowe SHIMA RS-3 to idealne po\u0142\u0105czenie ochrony, komfortu i technologii, zaprojektowane z my\u015bl\u0105 o najbardziej wymagaj\u0105cych motocyklistach. Wykonane z trwa\u0142ej sk\u00f3ry koziej oraz wyj\u0105tkowo wytrzyma\u0142ej i elastycznej sk\u00f3ry kangurzej na obszarze d\u0142oni, zapewniaj\u0105 wysoki poziom bezpiecze\u0144stwa dzi\u0119ki zaawansowanym funkcjom ochronnym, takim jak slider d\u0142oni SAP, twardy protektor kostek z karbonowym wzmocnieniem, mini slider poni\u017cej ma\u0142ego palca oraz mostkowe po\u0142\u0105czenie palc\u00f3w, kt\u00f3re pomaga zamkn\u0105\u0107 d\u0142o\u0144 w w przypadku kontaktu z pod\u0142o\u017cem. Perforowana sk\u00f3ra i dodatkowa wentylacja gwarantuj\u0105 doskona\u0142y przep\u0142yw powietrza, zapewniaj\u0105c komfort termiczny w ka\u017cdej temperaturze. D\u0142ugi mankiet oraz zapi\u0119cie V-Lock Pro\u2122 zapewniaj\u0105 jeszcze lepsze dopasowanie i stabilno\u015b\u0107, a elastyczne panele, wstawki stretch i harmonijki na palcach zwi\u0119kszaj\u0105 mobilno\u015b\u0107 i komfort noszenia. Dost\u0119pne w rozmiarach od S do 3XL, w a\u017c sze\u015bciu wersjach kolorystycznych. SHIMA RS-3 to trzecia generacja r\u0119kawic RS, oferuj\u0105ca niezr\u00f3wnan\u0105 ochron\u0119, komfort i styl. Poznaj r\u0119kawice, kt\u00f3re pokochasz od pierwszej jazdy!<\/p>\n","protected":false},"excerpt":{"rendered":"<p>R\u0119kawice SHIMA RS-3 to d\u0142ugie r\u0119kawice motocyklowe dla m\u0119\u017cczyzn, stworzone do zapewnienia maksymalnego bezpiecze\u0144stwa i komfortu podczas jazdy. Dzi\u0119ki d\u0142ugiemu mankietowi i innowacyjnemu zapi\u0119ciu V-Lock Pro\u2122, zapewniaj\u0105 jeszcze lepsze dopasowanie i stabilno\u015b\u0107.<\/p>\n","protected":false},"featured_media":2255,"template":"","meta":[],"product_brand":[49],"product_cat":[281,320],"product_tag":[],"class_list":{"0":"post-2060","1":"product","2":"type-product","3":"status-publish","4":"has-post-thumbnail","6":"product_brand-shima","7":"product_cat-rekawice-meska","8":"product_cat-rekawice-sportowe","10":"first","11":"instock","12":"taxable","13":"shipping-taxable","14":"purchasable","15":"product-type-variable"},"yoast_head":"<!-- This site is optimized with the Yoast SEO plugin v26.9 - https:\/\/yoast.com\/product\/yoast-seo-wordpress\/ -->\n<title>RS-3 MEN BLK 3XL - MOTO-PAWMAR<\/title>\n<meta name=\"robots\" content=\"index, follow, max-snippet:-1, max-image-preview:large, max-video-preview:-1\" \/>\n<link rel=\"canonical\" href=\"https:\/\/moto-pawmar.pl\/?product=rs-3-men-blk-3xl\" \/>\n<meta property=\"og:locale\" content=\"pl_PL\" \/>\n<meta property=\"og:type\" content=\"article\" \/>\n<meta property=\"og:title\" content=\"RS-3 MEN BLK 3XL - MOTO-PAWMAR\" \/>\n<meta property=\"og:description\" content=\"R\u0119kawice SHIMA RS-3 to d\u0142ugie r\u0119kawice motocyklowe dla m\u0119\u017cczyzn, stworzone do zapewnienia maksymalnego bezpiecze\u0144stwa i komfortu podczas jazdy. Dzi\u0119ki d\u0142ugiemu mankietowi i innowacyjnemu zapi\u0119ciu V-Lock Pro\u2122, zapewniaj\u0105 jeszcze lepsze dopasowanie i stabilno\u015b\u0107.\" \/>\n<meta property=\"og:url\" content=\"https:\/\/moto-pawmar.pl\/?product=rs-3-men-blk-3xl\" \/>\n<meta property=\"og:site_name\" content=\"MOTO-PAWMAR\" \/>\n<meta property=\"article:publisher\" content=\"https:\/\/www.facebook.com\/motopawmar\/?locale=pl_PL\" \/>\n<meta property=\"article:modified_time\" content=\"2025-10-22T13:16:03+00:00\" \/>\n<meta property=\"og:image\" content=\"https:\/\/moto-pawmar.pl\/wp-content\/uploads\/2025\/10\/rs-3-men-blk-s.jpg\" \/>\n\t<meta property=\"og:image:width\" content=\"1200\" \/>\n\t<meta property=\"og:image:height\" content=\"1200\" \/>\n\t<meta property=\"og:image:type\" content=\"image\/jpeg\" \/>\n<meta name=\"twitter:card\" content=\"summary_large_image\" \/>\n<meta name=\"twitter:label1\" content=\"Szacowany czas czytania\" \/>\n\t<meta name=\"twitter:data1\" content=\"1 minuta\" \/>\n<script type=\"application\/ld+json\" class=\"yoast-schema-graph\">{\"@context\":\"https:\/\/schema.org\",\"@graph\":[{\"@type\":\"WebPage\",\"@id\":\"https:\/\/moto-pawmar.pl\/?product=rs-3-men-blk-3xl\",\"url\":\"https:\/\/moto-pawmar.pl\/?product=rs-3-men-blk-3xl\",\"name\":\"RS-3 MEN BLK 3XL - MOTO-PAWMAR\",\"isPartOf\":{\"@id\":\"https:\/\/moto-pawmar.pl\/#website\"},\"primaryImageOfPage\":{\"@id\":\"https:\/\/moto-pawmar.pl\/?product=rs-3-men-blk-3xl#primaryimage\"},\"image\":{\"@id\":\"https:\/\/moto-pawmar.pl\/?product=rs-3-men-blk-3xl#primaryimage\"},\"thumbnailUrl\":\"https:\/\/moto-pawmar.pl\/wp-content\/uploads\/2025\/10\/rs-3-men-blk-s.jpg\",\"datePublished\":\"2025-10-21T13:13:06+00:00\",\"dateModified\":\"2025-10-22T13:16:03+00:00\",\"breadcrumb\":{\"@id\":\"https:\/\/moto-pawmar.pl\/?product=rs-3-men-blk-3xl#breadcrumb\"},\"inLanguage\":\"pl-PL\",\"potentialAction\":[{\"@type\":\"ReadAction\",\"target\":[\"https:\/\/moto-pawmar.pl\/?product=rs-3-men-blk-3xl\"]}]},{\"@type\":\"ImageObject\",\"inLanguage\":\"pl-PL\",\"@id\":\"https:\/\/moto-pawmar.pl\/?product=rs-3-men-blk-3xl#primaryimage\",\"url\":\"https:\/\/moto-pawmar.pl\/wp-content\/uploads\/2025\/10\/rs-3-men-blk-s.jpg\",\"contentUrl\":\"https:\/\/moto-pawmar.pl\/wp-content\/uploads\/2025\/10\/rs-3-men-blk-s.jpg\",\"width\":1200,\"height\":1200},{\"@type\":\"BreadcrumbList\",\"@id\":\"https:\/\/moto-pawmar.pl\/?product=rs-3-men-blk-3xl#breadcrumb\",\"itemListElement\":[{\"@type\":\"ListItem\",\"position\":1,\"name\":\"Strona g\u0142\u00f3wna\",\"item\":\"https:\/\/moto-pawmar.pl\/\"},{\"@type\":\"ListItem\",\"position\":2,\"name\":\"Sklep Internetowy\",\"item\":\"https:\/\/moto-pawmar.pl\/?page_id=367\"},{\"@type\":\"ListItem\",\"position\":3,\"name\":\"RS-3 MEN BLK 3XL\"}]},{\"@type\":\"WebSite\",\"@id\":\"https:\/\/moto-pawmar.pl\/#website\",\"url\":\"https:\/\/moto-pawmar.pl\/\",\"name\":\"MOTO-PAWMAR\",\"description\":\"MOTO\u2011PAWMAR \u2013 Tw\u00f3j sklep z cz\u0119\u015bciami i akcesoriami do motocykli, skuter\u00f3w i quad\u00f3w.\",\"publisher\":{\"@id\":\"https:\/\/moto-pawmar.pl\/#organization\"},\"potentialAction\":[{\"@type\":\"SearchAction\",\"target\":{\"@type\":\"EntryPoint\",\"urlTemplate\":\"https:\/\/moto-pawmar.pl\/?s={search_term_string}\"},\"query-input\":{\"@type\":\"PropertyValueSpecification\",\"valueRequired\":true,\"valueName\":\"search_term_string\"}}],\"inLanguage\":\"pl-PL\"},{\"@type\":\"Organization\",\"@id\":\"https:\/\/moto-pawmar.pl\/#organization\",\"name\":\"MOTO-PAWMAR\",\"url\":\"https:\/\/moto-pawmar.pl\/\",\"logo\":{\"@type\":\"ImageObject\",\"inLanguage\":\"pl-PL\",\"@id\":\"https:\/\/moto-pawmar.pl\/#\/schema\/logo\/image\/\",\"url\":\"https:\/\/moto-pawmar.pl\/wp-content\/uploads\/2025\/10\/LOGO-SKLEP.png\",\"contentUrl\":\"https:\/\/moto-pawmar.pl\/wp-content\/uploads\/2025\/10\/LOGO-SKLEP.png\",\"width\":2480,\"height\":2053,\"caption\":\"MOTO-PAWMAR\"},\"image\":{\"@id\":\"https:\/\/moto-pawmar.pl\/#\/schema\/logo\/image\/\"},\"sameAs\":[\"https:\/\/www.facebook.com\/motopawmar\/?locale=pl_PL\"]}]}<\/script>\n<!-- \/ Yoast SEO plugin. -->","yoast_head_json":{"title":"RS-3 MEN BLK 3XL - MOTO-PAWMAR","robots":{"index":"index","follow":"follow","max-snippet":"max-snippet:-1","max-image-preview":"max-image-preview:large","max-video-preview":"max-video-preview:-1"},"canonical":"https:\/\/moto-pawmar.pl\/?product=rs-3-men-blk-3xl","og_locale":"pl_PL","og_type":"article","og_title":"RS-3 MEN BLK 3XL - MOTO-PAWMAR","og_description":"R\u0119kawice SHIMA RS-3 to d\u0142ugie r\u0119kawice motocyklowe dla m\u0119\u017cczyzn, stworzone do zapewnienia maksymalnego bezpiecze\u0144stwa i komfortu podczas jazdy. Dzi\u0119ki d\u0142ugiemu mankietowi i innowacyjnemu zapi\u0119ciu V-Lock Pro\u2122, zapewniaj\u0105 jeszcze lepsze dopasowanie i stabilno\u015b\u0107.","og_url":"https:\/\/moto-pawmar.pl\/?product=rs-3-men-blk-3xl","og_site_name":"MOTO-PAWMAR","article_publisher":"https:\/\/www.facebook.com\/motopawmar\/?locale=pl_PL","article_modified_time":"2025-10-22T13:16:03+00:00","og_image":[{"width":1200,"height":1200,"url":"https:\/\/moto-pawmar.pl\/wp-content\/uploads\/2025\/10\/rs-3-men-blk-s.jpg","type":"image\/jpeg"}],"twitter_card":"summary_large_image","twitter_misc":{"Szacowany czas czytania":"1 minuta"},"schema":{"@context":"https:\/\/schema.org","@graph":[{"@type":"WebPage","@id":"https:\/\/moto-pawmar.pl\/?product=rs-3-men-blk-3xl","url":"https:\/\/moto-pawmar.pl\/?product=rs-3-men-blk-3xl","name":"RS-3 MEN BLK 3XL - MOTO-PAWMAR","isPartOf":{"@id":"https:\/\/moto-pawmar.pl\/#website"},"primaryImageOfPage":{"@id":"https:\/\/moto-pawmar.pl\/?product=rs-3-men-blk-3xl#primaryimage"},"image":{"@id":"https:\/\/moto-pawmar.pl\/?product=rs-3-men-blk-3xl#primaryimage"},"thumbnailUrl":"https:\/\/moto-pawmar.pl\/wp-content\/uploads\/2025\/10\/rs-3-men-blk-s.jpg","datePublished":"2025-10-21T13:13:06+00:00","dateModified":"2025-10-22T13:16:03+00:00","breadcrumb":{"@id":"https:\/\/moto-pawmar.pl\/?product=rs-3-men-blk-3xl#breadcrumb"},"inLanguage":"pl-PL","potentialAction":[{"@type":"ReadAction","target":["https:\/\/moto-pawmar.pl\/?product=rs-3-men-blk-3xl"]}]},{"@type":"ImageObject","inLanguage":"pl-PL","@id":"https:\/\/moto-pawmar.pl\/?product=rs-3-men-blk-3xl#primaryimage","url":"https:\/\/moto-pawmar.pl\/wp-content\/uploads\/2025\/10\/rs-3-men-blk-s.jpg","contentUrl":"https:\/\/moto-pawmar.pl\/wp-content\/uploads\/2025\/10\/rs-3-men-blk-s.jpg","width":1200,"height":1200},{"@type":"BreadcrumbList","@id":"https:\/\/moto-pawmar.pl\/?product=rs-3-men-blk-3xl#breadcrumb","itemListElement":[{"@type":"ListItem","position":1,"name":"Strona g\u0142\u00f3wna","item":"https:\/\/moto-pawmar.pl\/"},{"@type":"ListItem","position":2,"name":"Sklep Internetowy","item":"https:\/\/moto-pawmar.pl\/?page_id=367"},{"@type":"ListItem","position":3,"name":"RS-3 MEN BLK 3XL"}]},{"@type":"WebSite","@id":"https:\/\/moto-pawmar.pl\/#website","url":"https:\/\/moto-pawmar.pl\/","name":"MOTO-PAWMAR","description":"MOTO\u2011PAWMAR \u2013 Tw\u00f3j sklep z cz\u0119\u015bciami i akcesoriami do motocykli, skuter\u00f3w i quad\u00f3w.","publisher":{"@id":"https:\/\/moto-pawmar.pl\/#organization"},"potentialAction":[{"@type":"SearchAction","target":{"@type":"EntryPoint","urlTemplate":"https:\/\/moto-pawmar.pl\/?s={search_term_string}"},"query-input":{"@type":"PropertyValueSpecification","valueRequired":true,"valueName":"search_term_string"}}],"inLanguage":"pl-PL"},{"@type":"Organization","@id":"https:\/\/moto-pawmar.pl\/#organization","name":"MOTO-PAWMAR","url":"https:\/\/moto-pawmar.pl\/","logo":{"@type":"ImageObject","inLanguage":"pl-PL","@id":"https:\/\/moto-pawmar.pl\/#\/schema\/logo\/image\/","url":"https:\/\/moto-pawmar.pl\/wp-content\/uploads\/2025\/10\/LOGO-SKLEP.png","contentUrl":"https:\/\/moto-pawmar.pl\/wp-content\/uploads\/2025\/10\/LOGO-SKLEP.png","width":2480,"height":2053,"caption":"MOTO-PAWMAR"},"image":{"@id":"https:\/\/moto-pawmar.pl\/#\/schema\/logo\/image\/"},"sameAs":["https:\/\/www.facebook.com\/motopawmar\/?locale=pl_PL"]}]}},"_links":{"self":[{"href":"https:\/\/moto-pawmar.pl\/index.php?rest_route=\/wp\/v2\/product\/2060","targetHints":{"allow":["GET"]}}],"collection":[{"href":"https:\/\/moto-pawmar.pl\/index.php?rest_route=\/wp\/v2\/product"}],"about":[{"href":"https:\/\/moto-pawmar.pl\/index.php?rest_route=\/wp\/v2\/types\/product"}],"wp:featuredmedia":[{"embeddable":true,"href":"https:\/\/moto-pawmar.pl\/index.php?rest_route=\/wp\/v2\/media\/2255"}],"wp:attachment":[{"href":"https:\/\/moto-pawmar.pl\/index.php?rest_route=%2Fwp%2Fv2%2Fmedia&parent=2060"}],"wp:term":[{"taxonomy":"product_brand","embeddable":true,"href":"https:\/\/moto-pawmar.pl\/index.php?rest_route=%2Fwp%2Fv2%2Fproduct_brand&post=2060"},{"taxonomy":"product_cat","embeddable":true,"href":"https:\/\/moto-pawmar.pl\/index.php?rest_route=%2Fwp%2Fv2%2Fproduct_cat&post=2060"},{"taxonomy":"product_tag","embeddable":true,"href":"https:\/\/moto-pawmar.pl\/index.php?rest_route=%2Fwp%2Fv2%2Fproduct_tag&post=2060"}],"curies":[{"name":"wp","href":"https:\/\/api.w.org\/{rel}","templated":true}]}}