{"id":2056,"date":"2025-10-21T15:13:05","date_gmt":"2025-10-21T13:13:05","guid":{"rendered":"https:\/\/serwer391440.lh.pl\/?product=one-evo-lady-pnk"},"modified":"2025-10-22T15:22:58","modified_gmt":"2025-10-22T13:22:58","slug":"one-evo-lady-pnk","status":"publish","type":"product","link":"https:\/\/moto-pawmar.pl\/?product=one-evo-lady-pnk","title":{"rendered":"ONE EVO LADY PNK"},"content":{"rendered":"<p>Damskie r\u0119kawice motocyklowe ONE EVO LADY \u0142\u0105cz\u0105 nowoczesny design, komfort i ochron\u0119 dostosowane do potrzeb aktywnych motocyklistek. Wykonane z wytrzyma\u0142ego syntetycznego zamszu amara zosta\u0142y dodatkowo wzmocnione warstw\u0105 ochronn\u0105 i piank\u0105 w newralgicznych strefach. Mi\u0119kki protektor kostki i system rozpraszaj\u0105cy impakt na nadgarstkach wzmacniaj\u0105 bezpiecze\u0144stwo. ONE EVO LADY zapewniaj\u0105 doskona\u0142\u0105 termoregulacj\u0119. Przewiewna tkanina meshowa na g\u00f3rze d\u0142oni i elastyczna tkanina mi\u0119dzy palcami gwarantuj\u0105 sta\u0142\u0105 cyrkulacj\u0119 powietrza. Matowe wstawki silikonowe na palcach poprawiaj\u0105 przyczepno\u015b\u0107 i precyzj\u0119 obs\u0142ugi motocykla. Zapi\u0119cie na rzep u\u0142atwia dopasowanie, a elementy odblaskowe zwi\u0119kszaj\u0105 widoczno\u015b\u0107 na drodze. Elastyczna konstrukcja i kompaktowy rozmiar sprawiaj\u0105, \u017ce ONE EVO LADY doskonale sprawdz\u0105 si\u0119 jako drugie r\u0119kawice na tras\u0119 albo basicowy model do codziennej jazdy. Dost\u0119pne s\u0105 w rozmiarach od S do 4XL i w trzech atrakcyjnych wersjach kolorystycznych.<\/p>\n","protected":false},"excerpt":{"rendered":"<p>ONE EVO LADY to kr\u00f3tkie r\u0119kawice motocyklowe dla kobiet. Zaprojektowane z my\u015bl\u0105 o codziennej, komfortowej je\u017adzie.<\/p>\n","protected":false},"featured_media":2055,"template":"","meta":[],"product_brand":[49],"product_cat":[292,281],"product_tag":[],"class_list":{"0":"post-2056","1":"product","2":"type-product","3":"status-publish","4":"has-post-thumbnail","6":"product_brand-shima","7":"product_cat-rekawice-krotkie-letnie-meska","8":"product_cat-rekawice-meska","10":"first","11":"instock","12":"taxable","13":"shipping-taxable","14":"purchasable","15":"product-type-variable"},"yoast_head":"<!-- This site is optimized with the Yoast SEO plugin v26.9 - https:\/\/yoast.com\/product\/yoast-seo-wordpress\/ -->\n<title>ONE EVO LADY PNK - MOTO-PAWMAR<\/title>\n<meta name=\"robots\" content=\"index, follow, max-snippet:-1, max-image-preview:large, max-video-preview:-1\" \/>\n<link rel=\"canonical\" href=\"https:\/\/moto-pawmar.pl\/?product=one-evo-lady-pnk\" \/>\n<meta property=\"og:locale\" content=\"pl_PL\" \/>\n<meta property=\"og:type\" content=\"article\" \/>\n<meta property=\"og:title\" content=\"ONE EVO LADY PNK - MOTO-PAWMAR\" \/>\n<meta property=\"og:description\" content=\"ONE EVO LADY to kr\u00f3tkie r\u0119kawice motocyklowe dla kobiet. Zaprojektowane z my\u015bl\u0105 o codziennej, komfortowej je\u017adzie.\" \/>\n<meta property=\"og:url\" content=\"https:\/\/moto-pawmar.pl\/?product=one-evo-lady-pnk\" \/>\n<meta property=\"og:site_name\" content=\"MOTO-PAWMAR\" \/>\n<meta property=\"article:publisher\" content=\"https:\/\/www.facebook.com\/motopawmar\/?locale=pl_PL\" \/>\n<meta property=\"article:modified_time\" content=\"2025-10-22T13:22:58+00:00\" \/>\n<meta property=\"og:image\" content=\"https:\/\/moto-pawmar.pl\/wp-content\/uploads\/2025\/10\/2822.jpg\" \/>\n\t<meta property=\"og:image:width\" content=\"2048\" \/>\n\t<meta property=\"og:image:height\" content=\"2047\" \/>\n\t<meta property=\"og:image:type\" content=\"image\/jpeg\" \/>\n<meta name=\"twitter:card\" content=\"summary_large_image\" \/>\n<meta name=\"twitter:label1\" content=\"Szacowany czas czytania\" \/>\n\t<meta name=\"twitter:data1\" content=\"1 minuta\" \/>\n<script type=\"application\/ld+json\" class=\"yoast-schema-graph\">{\"@context\":\"https:\/\/schema.org\",\"@graph\":[{\"@type\":\"WebPage\",\"@id\":\"https:\/\/moto-pawmar.pl\/?product=one-evo-lady-pnk\",\"url\":\"https:\/\/moto-pawmar.pl\/?product=one-evo-lady-pnk\",\"name\":\"ONE EVO LADY PNK - MOTO-PAWMAR\",\"isPartOf\":{\"@id\":\"https:\/\/moto-pawmar.pl\/#website\"},\"primaryImageOfPage\":{\"@id\":\"https:\/\/moto-pawmar.pl\/?product=one-evo-lady-pnk#primaryimage\"},\"image\":{\"@id\":\"https:\/\/moto-pawmar.pl\/?product=one-evo-lady-pnk#primaryimage\"},\"thumbnailUrl\":\"https:\/\/moto-pawmar.pl\/wp-content\/uploads\/2025\/10\/2822.jpg\",\"datePublished\":\"2025-10-21T13:13:05+00:00\",\"dateModified\":\"2025-10-22T13:22:58+00:00\",\"breadcrumb\":{\"@id\":\"https:\/\/moto-pawmar.pl\/?product=one-evo-lady-pnk#breadcrumb\"},\"inLanguage\":\"pl-PL\",\"potentialAction\":[{\"@type\":\"ReadAction\",\"target\":[\"https:\/\/moto-pawmar.pl\/?product=one-evo-lady-pnk\"]}]},{\"@type\":\"ImageObject\",\"inLanguage\":\"pl-PL\",\"@id\":\"https:\/\/moto-pawmar.pl\/?product=one-evo-lady-pnk#primaryimage\",\"url\":\"https:\/\/moto-pawmar.pl\/wp-content\/uploads\/2025\/10\/2822.jpg\",\"contentUrl\":\"https:\/\/moto-pawmar.pl\/wp-content\/uploads\/2025\/10\/2822.jpg\",\"width\":2048,\"height\":2047},{\"@type\":\"BreadcrumbList\",\"@id\":\"https:\/\/moto-pawmar.pl\/?product=one-evo-lady-pnk#breadcrumb\",\"itemListElement\":[{\"@type\":\"ListItem\",\"position\":1,\"name\":\"Strona g\u0142\u00f3wna\",\"item\":\"https:\/\/moto-pawmar.pl\/\"},{\"@type\":\"ListItem\",\"position\":2,\"name\":\"Sklep Internetowy\",\"item\":\"https:\/\/moto-pawmar.pl\/?page_id=367\"},{\"@type\":\"ListItem\",\"position\":3,\"name\":\"ONE EVO LADY PNK\"}]},{\"@type\":\"WebSite\",\"@id\":\"https:\/\/moto-pawmar.pl\/#website\",\"url\":\"https:\/\/moto-pawmar.pl\/\",\"name\":\"MOTO-PAWMAR\",\"description\":\"MOTO\u2011PAWMAR \u2013 Tw\u00f3j sklep z cz\u0119\u015bciami i akcesoriami do motocykli, skuter\u00f3w i quad\u00f3w.\",\"publisher\":{\"@id\":\"https:\/\/moto-pawmar.pl\/#organization\"},\"potentialAction\":[{\"@type\":\"SearchAction\",\"target\":{\"@type\":\"EntryPoint\",\"urlTemplate\":\"https:\/\/moto-pawmar.pl\/?s={search_term_string}\"},\"query-input\":{\"@type\":\"PropertyValueSpecification\",\"valueRequired\":true,\"valueName\":\"search_term_string\"}}],\"inLanguage\":\"pl-PL\"},{\"@type\":\"Organization\",\"@id\":\"https:\/\/moto-pawmar.pl\/#organization\",\"name\":\"MOTO-PAWMAR\",\"url\":\"https:\/\/moto-pawmar.pl\/\",\"logo\":{\"@type\":\"ImageObject\",\"inLanguage\":\"pl-PL\",\"@id\":\"https:\/\/moto-pawmar.pl\/#\/schema\/logo\/image\/\",\"url\":\"https:\/\/moto-pawmar.pl\/wp-content\/uploads\/2025\/10\/LOGO-SKLEP.png\",\"contentUrl\":\"https:\/\/moto-pawmar.pl\/wp-content\/uploads\/2025\/10\/LOGO-SKLEP.png\",\"width\":2480,\"height\":2053,\"caption\":\"MOTO-PAWMAR\"},\"image\":{\"@id\":\"https:\/\/moto-pawmar.pl\/#\/schema\/logo\/image\/\"},\"sameAs\":[\"https:\/\/www.facebook.com\/motopawmar\/?locale=pl_PL\"]}]}<\/script>\n<!-- \/ Yoast SEO plugin. -->","yoast_head_json":{"title":"ONE EVO LADY PNK - MOTO-PAWMAR","robots":{"index":"index","follow":"follow","max-snippet":"max-snippet:-1","max-image-preview":"max-image-preview:large","max-video-preview":"max-video-preview:-1"},"canonical":"https:\/\/moto-pawmar.pl\/?product=one-evo-lady-pnk","og_locale":"pl_PL","og_type":"article","og_title":"ONE EVO LADY PNK - MOTO-PAWMAR","og_description":"ONE EVO LADY to kr\u00f3tkie r\u0119kawice motocyklowe dla kobiet. Zaprojektowane z my\u015bl\u0105 o codziennej, komfortowej je\u017adzie.","og_url":"https:\/\/moto-pawmar.pl\/?product=one-evo-lady-pnk","og_site_name":"MOTO-PAWMAR","article_publisher":"https:\/\/www.facebook.com\/motopawmar\/?locale=pl_PL","article_modified_time":"2025-10-22T13:22:58+00:00","og_image":[{"width":2048,"height":2047,"url":"https:\/\/moto-pawmar.pl\/wp-content\/uploads\/2025\/10\/2822.jpg","type":"image\/jpeg"}],"twitter_card":"summary_large_image","twitter_misc":{"Szacowany czas czytania":"1 minuta"},"schema":{"@context":"https:\/\/schema.org","@graph":[{"@type":"WebPage","@id":"https:\/\/moto-pawmar.pl\/?product=one-evo-lady-pnk","url":"https:\/\/moto-pawmar.pl\/?product=one-evo-lady-pnk","name":"ONE EVO LADY PNK - MOTO-PAWMAR","isPartOf":{"@id":"https:\/\/moto-pawmar.pl\/#website"},"primaryImageOfPage":{"@id":"https:\/\/moto-pawmar.pl\/?product=one-evo-lady-pnk#primaryimage"},"image":{"@id":"https:\/\/moto-pawmar.pl\/?product=one-evo-lady-pnk#primaryimage"},"thumbnailUrl":"https:\/\/moto-pawmar.pl\/wp-content\/uploads\/2025\/10\/2822.jpg","datePublished":"2025-10-21T13:13:05+00:00","dateModified":"2025-10-22T13:22:58+00:00","breadcrumb":{"@id":"https:\/\/moto-pawmar.pl\/?product=one-evo-lady-pnk#breadcrumb"},"inLanguage":"pl-PL","potentialAction":[{"@type":"ReadAction","target":["https:\/\/moto-pawmar.pl\/?product=one-evo-lady-pnk"]}]},{"@type":"ImageObject","inLanguage":"pl-PL","@id":"https:\/\/moto-pawmar.pl\/?product=one-evo-lady-pnk#primaryimage","url":"https:\/\/moto-pawmar.pl\/wp-content\/uploads\/2025\/10\/2822.jpg","contentUrl":"https:\/\/moto-pawmar.pl\/wp-content\/uploads\/2025\/10\/2822.jpg","width":2048,"height":2047},{"@type":"BreadcrumbList","@id":"https:\/\/moto-pawmar.pl\/?product=one-evo-lady-pnk#breadcrumb","itemListElement":[{"@type":"ListItem","position":1,"name":"Strona g\u0142\u00f3wna","item":"https:\/\/moto-pawmar.pl\/"},{"@type":"ListItem","position":2,"name":"Sklep Internetowy","item":"https:\/\/moto-pawmar.pl\/?page_id=367"},{"@type":"ListItem","position":3,"name":"ONE EVO LADY PNK"}]},{"@type":"WebSite","@id":"https:\/\/moto-pawmar.pl\/#website","url":"https:\/\/moto-pawmar.pl\/","name":"MOTO-PAWMAR","description":"MOTO\u2011PAWMAR \u2013 Tw\u00f3j sklep z cz\u0119\u015bciami i akcesoriami do motocykli, skuter\u00f3w i quad\u00f3w.","publisher":{"@id":"https:\/\/moto-pawmar.pl\/#organization"},"potentialAction":[{"@type":"SearchAction","target":{"@type":"EntryPoint","urlTemplate":"https:\/\/moto-pawmar.pl\/?s={search_term_string}"},"query-input":{"@type":"PropertyValueSpecification","valueRequired":true,"valueName":"search_term_string"}}],"inLanguage":"pl-PL"},{"@type":"Organization","@id":"https:\/\/moto-pawmar.pl\/#organization","name":"MOTO-PAWMAR","url":"https:\/\/moto-pawmar.pl\/","logo":{"@type":"ImageObject","inLanguage":"pl-PL","@id":"https:\/\/moto-pawmar.pl\/#\/schema\/logo\/image\/","url":"https:\/\/moto-pawmar.pl\/wp-content\/uploads\/2025\/10\/LOGO-SKLEP.png","contentUrl":"https:\/\/moto-pawmar.pl\/wp-content\/uploads\/2025\/10\/LOGO-SKLEP.png","width":2480,"height":2053,"caption":"MOTO-PAWMAR"},"image":{"@id":"https:\/\/moto-pawmar.pl\/#\/schema\/logo\/image\/"},"sameAs":["https:\/\/www.facebook.com\/motopawmar\/?locale=pl_PL"]}]}},"_links":{"self":[{"href":"https:\/\/moto-pawmar.pl\/index.php?rest_route=\/wp\/v2\/product\/2056","targetHints":{"allow":["GET"]}}],"collection":[{"href":"https:\/\/moto-pawmar.pl\/index.php?rest_route=\/wp\/v2\/product"}],"about":[{"href":"https:\/\/moto-pawmar.pl\/index.php?rest_route=\/wp\/v2\/types\/product"}],"wp:featuredmedia":[{"embeddable":true,"href":"https:\/\/moto-pawmar.pl\/index.php?rest_route=\/wp\/v2\/media\/2055"}],"wp:attachment":[{"href":"https:\/\/moto-pawmar.pl\/index.php?rest_route=%2Fwp%2Fv2%2Fmedia&parent=2056"}],"wp:term":[{"taxonomy":"product_brand","embeddable":true,"href":"https:\/\/moto-pawmar.pl\/index.php?rest_route=%2Fwp%2Fv2%2Fproduct_brand&post=2056"},{"taxonomy":"product_cat","embeddable":true,"href":"https:\/\/moto-pawmar.pl\/index.php?rest_route=%2Fwp%2Fv2%2Fproduct_cat&post=2056"},{"taxonomy":"product_tag","embeddable":true,"href":"https:\/\/moto-pawmar.pl\/index.php?rest_route=%2Fwp%2Fv2%2Fproduct_tag&post=2056"}],"curies":[{"name":"wp","href":"https:\/\/api.w.org\/{rel}","templated":true}]}}