{"id":2052,"date":"2025-10-21T15:13:03","date_gmt":"2025-10-21T13:13:03","guid":{"rendered":"https:\/\/serwer391440.lh.pl\/?product=exo-men-black"},"modified":"2025-10-22T15:25:30","modified_gmt":"2025-10-22T13:25:30","slug":"exo-men-black","status":"publish","type":"product","link":"https:\/\/moto-pawmar.pl\/?product=exo-men-black","title":{"rendered":"EXO MEN BLACK"},"content":{"rendered":"<p>\u0141\u0105cz\u0105c w sobie zalety wydajnie wentyluj\u0105cej siatki typu mesh oraz \u0142atwego w u\u017cyciu zapi\u0119cia buty EXO VENTED b\u0119d\u0105 \u015bwietnym wyborem dla wszystkich, kt\u00f3rzy uwielbiaj\u0105 jazd\u0119 w ciep\u0142e dni. U\u017cyty w butach mechanizm ATOP s\u0142u\u017c\u0105cy do zapinania buta gwarantuje \u0142atwo\u015b\u0107 u\u017cycia oraz \u015bwietnie doci\u0105ganie na ca\u0142ej d\u0142ugo\u015bci j\u0119zyka przy \u0142atwej obs\u0142udze jedn\u0105 r\u0119k\u0105 za pomoc\u0105 pokr\u0119t\u0142a. Wysoki komfort i dopasowanie oraz dobra wentylacja sprawiaj\u0105, \u017ce buty mog\u0105 by\u0107 u\u017cywane do codziennych dojazd\u00f3w. Pomimo niskiej wagi buty zapewniaj\u0105 wysoki poziom ochrony kostki, noska oraz pi\u0119ty. Wykonane z naturalnego zamszu oraz bezpiecznej, poliamidowej siatki posiadaj\u0105 nagumowane nak\u0142adki na noskach do zmiany bieg\u00f3w o podwy\u017cszonej przyczepno\u015bci.<\/p>\n","protected":false},"excerpt":{"rendered":"<p>\u0141\u0105cz\u0105c w sobie zalety wydajnie wentyluj\u0105cej siatki typu mesh oraz \u0142atwego w u\u017cyciu zapi\u0119cia buty EXO VENTED b\u0119d\u0105 \u015bwietnym wyborem dla wszystkich, kt\u00f3rzy uwielbiaj\u0105 jazd\u0119 w ciep\u0142e dni. U\u017cyty w butach mechanizm ATOP s\u0142u\u017c\u0105cy do zapinania buta gwarantuje \u0142atwo\u015b\u0107 u\u017cycia oraz \u015bwietnie doci\u0105ganie na ca\u0142ej d\u0142ugo\u015bci j\u0119zyka przy \u0142atwej obs\u0142udze jedn\u0105 r\u0119k\u0105 za pomoc\u0105 pokr\u0119t\u0142a.<\/p>\n","protected":false},"featured_media":2051,"template":"","meta":[],"product_brand":[49],"product_cat":[282,294],"product_tag":[],"class_list":{"0":"post-2052","1":"product","2":"type-product","3":"status-publish","4":"has-post-thumbnail","6":"product_brand-shima","7":"product_cat-buty-meska","8":"product_cat-buty-miejskie-meska","9":"pa_rozmiar-buty-321","10":"pa_rozmiar-buty-322","11":"pa_rozmiar-buty-323","12":"pa_rozmiar-buty-324","13":"pa_rozmiar-buty-325","14":"pa_rozmiar-buty-326","15":"pa_rozmiar-buty-327","16":"pa_rozmiar-buty-328","18":"first","19":"instock","20":"taxable","21":"shipping-taxable","22":"purchasable","23":"product-type-variable"},"yoast_head":"<!-- This site is optimized with the Yoast SEO plugin v26.9 - https:\/\/yoast.com\/product\/yoast-seo-wordpress\/ -->\n<title>EXO MEN BLACK - MOTO-PAWMAR<\/title>\n<meta name=\"robots\" content=\"index, follow, max-snippet:-1, max-image-preview:large, max-video-preview:-1\" \/>\n<link rel=\"canonical\" href=\"https:\/\/moto-pawmar.pl\/?product=exo-men-black\" \/>\n<meta property=\"og:locale\" content=\"pl_PL\" \/>\n<meta property=\"og:type\" content=\"article\" \/>\n<meta property=\"og:title\" content=\"EXO MEN BLACK - MOTO-PAWMAR\" \/>\n<meta property=\"og:description\" content=\"\u0141\u0105cz\u0105c w sobie zalety wydajnie wentyluj\u0105cej siatki typu mesh oraz \u0142atwego w u\u017cyciu zapi\u0119cia buty EXO VENTED b\u0119d\u0105 \u015bwietnym wyborem dla wszystkich, kt\u00f3rzy uwielbiaj\u0105 jazd\u0119 w ciep\u0142e dni. U\u017cyty w butach mechanizm ATOP s\u0142u\u017c\u0105cy do zapinania buta gwarantuje \u0142atwo\u015b\u0107 u\u017cycia oraz \u015bwietnie doci\u0105ganie na ca\u0142ej d\u0142ugo\u015bci j\u0119zyka przy \u0142atwej obs\u0142udze jedn\u0105 r\u0119k\u0105 za pomoc\u0105 pokr\u0119t\u0142a.\" \/>\n<meta property=\"og:url\" content=\"https:\/\/moto-pawmar.pl\/?product=exo-men-black\" \/>\n<meta property=\"og:site_name\" content=\"MOTO-PAWMAR\" \/>\n<meta property=\"article:publisher\" content=\"https:\/\/www.facebook.com\/motopawmar\/?locale=pl_PL\" \/>\n<meta property=\"article:modified_time\" content=\"2025-10-22T13:25:30+00:00\" \/>\n<meta property=\"og:image\" content=\"https:\/\/moto-pawmar.pl\/wp-content\/uploads\/2025\/10\/1392.jpg\" \/>\n\t<meta property=\"og:image:width\" content=\"1200\" \/>\n\t<meta property=\"og:image:height\" content=\"801\" \/>\n\t<meta property=\"og:image:type\" content=\"image\/jpeg\" \/>\n<meta name=\"twitter:card\" content=\"summary_large_image\" \/>\n<meta name=\"twitter:label1\" content=\"Szacowany czas czytania\" \/>\n\t<meta name=\"twitter:data1\" content=\"1 minuta\" \/>\n<script type=\"application\/ld+json\" class=\"yoast-schema-graph\">{\"@context\":\"https:\/\/schema.org\",\"@graph\":[{\"@type\":\"WebPage\",\"@id\":\"https:\/\/moto-pawmar.pl\/?product=exo-men-black\",\"url\":\"https:\/\/moto-pawmar.pl\/?product=exo-men-black\",\"name\":\"EXO MEN BLACK - MOTO-PAWMAR\",\"isPartOf\":{\"@id\":\"https:\/\/moto-pawmar.pl\/#website\"},\"primaryImageOfPage\":{\"@id\":\"https:\/\/moto-pawmar.pl\/?product=exo-men-black#primaryimage\"},\"image\":{\"@id\":\"https:\/\/moto-pawmar.pl\/?product=exo-men-black#primaryimage\"},\"thumbnailUrl\":\"https:\/\/moto-pawmar.pl\/wp-content\/uploads\/2025\/10\/1392.jpg\",\"datePublished\":\"2025-10-21T13:13:03+00:00\",\"dateModified\":\"2025-10-22T13:25:30+00:00\",\"breadcrumb\":{\"@id\":\"https:\/\/moto-pawmar.pl\/?product=exo-men-black#breadcrumb\"},\"inLanguage\":\"pl-PL\",\"potentialAction\":[{\"@type\":\"ReadAction\",\"target\":[\"https:\/\/moto-pawmar.pl\/?product=exo-men-black\"]}]},{\"@type\":\"ImageObject\",\"inLanguage\":\"pl-PL\",\"@id\":\"https:\/\/moto-pawmar.pl\/?product=exo-men-black#primaryimage\",\"url\":\"https:\/\/moto-pawmar.pl\/wp-content\/uploads\/2025\/10\/1392.jpg\",\"contentUrl\":\"https:\/\/moto-pawmar.pl\/wp-content\/uploads\/2025\/10\/1392.jpg\",\"width\":1200,\"height\":801},{\"@type\":\"BreadcrumbList\",\"@id\":\"https:\/\/moto-pawmar.pl\/?product=exo-men-black#breadcrumb\",\"itemListElement\":[{\"@type\":\"ListItem\",\"position\":1,\"name\":\"Strona g\u0142\u00f3wna\",\"item\":\"https:\/\/moto-pawmar.pl\/\"},{\"@type\":\"ListItem\",\"position\":2,\"name\":\"Sklep Internetowy\",\"item\":\"https:\/\/moto-pawmar.pl\/?page_id=367\"},{\"@type\":\"ListItem\",\"position\":3,\"name\":\"EXO MEN BLACK\"}]},{\"@type\":\"WebSite\",\"@id\":\"https:\/\/moto-pawmar.pl\/#website\",\"url\":\"https:\/\/moto-pawmar.pl\/\",\"name\":\"MOTO-PAWMAR\",\"description\":\"MOTO\u2011PAWMAR \u2013 Tw\u00f3j sklep z cz\u0119\u015bciami i akcesoriami do motocykli, skuter\u00f3w i quad\u00f3w.\",\"publisher\":{\"@id\":\"https:\/\/moto-pawmar.pl\/#organization\"},\"potentialAction\":[{\"@type\":\"SearchAction\",\"target\":{\"@type\":\"EntryPoint\",\"urlTemplate\":\"https:\/\/moto-pawmar.pl\/?s={search_term_string}\"},\"query-input\":{\"@type\":\"PropertyValueSpecification\",\"valueRequired\":true,\"valueName\":\"search_term_string\"}}],\"inLanguage\":\"pl-PL\"},{\"@type\":\"Organization\",\"@id\":\"https:\/\/moto-pawmar.pl\/#organization\",\"name\":\"MOTO-PAWMAR\",\"url\":\"https:\/\/moto-pawmar.pl\/\",\"logo\":{\"@type\":\"ImageObject\",\"inLanguage\":\"pl-PL\",\"@id\":\"https:\/\/moto-pawmar.pl\/#\/schema\/logo\/image\/\",\"url\":\"https:\/\/moto-pawmar.pl\/wp-content\/uploads\/2025\/10\/LOGO-SKLEP.png\",\"contentUrl\":\"https:\/\/moto-pawmar.pl\/wp-content\/uploads\/2025\/10\/LOGO-SKLEP.png\",\"width\":2480,\"height\":2053,\"caption\":\"MOTO-PAWMAR\"},\"image\":{\"@id\":\"https:\/\/moto-pawmar.pl\/#\/schema\/logo\/image\/\"},\"sameAs\":[\"https:\/\/www.facebook.com\/motopawmar\/?locale=pl_PL\"]}]}<\/script>\n<!-- \/ Yoast SEO plugin. -->","yoast_head_json":{"title":"EXO MEN BLACK - MOTO-PAWMAR","robots":{"index":"index","follow":"follow","max-snippet":"max-snippet:-1","max-image-preview":"max-image-preview:large","max-video-preview":"max-video-preview:-1"},"canonical":"https:\/\/moto-pawmar.pl\/?product=exo-men-black","og_locale":"pl_PL","og_type":"article","og_title":"EXO MEN BLACK - MOTO-PAWMAR","og_description":"\u0141\u0105cz\u0105c w sobie zalety wydajnie wentyluj\u0105cej siatki typu mesh oraz \u0142atwego w u\u017cyciu zapi\u0119cia buty EXO VENTED b\u0119d\u0105 \u015bwietnym wyborem dla wszystkich, kt\u00f3rzy uwielbiaj\u0105 jazd\u0119 w ciep\u0142e dni. U\u017cyty w butach mechanizm ATOP s\u0142u\u017c\u0105cy do zapinania buta gwarantuje \u0142atwo\u015b\u0107 u\u017cycia oraz \u015bwietnie doci\u0105ganie na ca\u0142ej d\u0142ugo\u015bci j\u0119zyka przy \u0142atwej obs\u0142udze jedn\u0105 r\u0119k\u0105 za pomoc\u0105 pokr\u0119t\u0142a.","og_url":"https:\/\/moto-pawmar.pl\/?product=exo-men-black","og_site_name":"MOTO-PAWMAR","article_publisher":"https:\/\/www.facebook.com\/motopawmar\/?locale=pl_PL","article_modified_time":"2025-10-22T13:25:30+00:00","og_image":[{"width":1200,"height":801,"url":"https:\/\/moto-pawmar.pl\/wp-content\/uploads\/2025\/10\/1392.jpg","type":"image\/jpeg"}],"twitter_card":"summary_large_image","twitter_misc":{"Szacowany czas czytania":"1 minuta"},"schema":{"@context":"https:\/\/schema.org","@graph":[{"@type":"WebPage","@id":"https:\/\/moto-pawmar.pl\/?product=exo-men-black","url":"https:\/\/moto-pawmar.pl\/?product=exo-men-black","name":"EXO MEN BLACK - MOTO-PAWMAR","isPartOf":{"@id":"https:\/\/moto-pawmar.pl\/#website"},"primaryImageOfPage":{"@id":"https:\/\/moto-pawmar.pl\/?product=exo-men-black#primaryimage"},"image":{"@id":"https:\/\/moto-pawmar.pl\/?product=exo-men-black#primaryimage"},"thumbnailUrl":"https:\/\/moto-pawmar.pl\/wp-content\/uploads\/2025\/10\/1392.jpg","datePublished":"2025-10-21T13:13:03+00:00","dateModified":"2025-10-22T13:25:30+00:00","breadcrumb":{"@id":"https:\/\/moto-pawmar.pl\/?product=exo-men-black#breadcrumb"},"inLanguage":"pl-PL","potentialAction":[{"@type":"ReadAction","target":["https:\/\/moto-pawmar.pl\/?product=exo-men-black"]}]},{"@type":"ImageObject","inLanguage":"pl-PL","@id":"https:\/\/moto-pawmar.pl\/?product=exo-men-black#primaryimage","url":"https:\/\/moto-pawmar.pl\/wp-content\/uploads\/2025\/10\/1392.jpg","contentUrl":"https:\/\/moto-pawmar.pl\/wp-content\/uploads\/2025\/10\/1392.jpg","width":1200,"height":801},{"@type":"BreadcrumbList","@id":"https:\/\/moto-pawmar.pl\/?product=exo-men-black#breadcrumb","itemListElement":[{"@type":"ListItem","position":1,"name":"Strona g\u0142\u00f3wna","item":"https:\/\/moto-pawmar.pl\/"},{"@type":"ListItem","position":2,"name":"Sklep Internetowy","item":"https:\/\/moto-pawmar.pl\/?page_id=367"},{"@type":"ListItem","position":3,"name":"EXO MEN BLACK"}]},{"@type":"WebSite","@id":"https:\/\/moto-pawmar.pl\/#website","url":"https:\/\/moto-pawmar.pl\/","name":"MOTO-PAWMAR","description":"MOTO\u2011PAWMAR \u2013 Tw\u00f3j sklep z cz\u0119\u015bciami i akcesoriami do motocykli, skuter\u00f3w i quad\u00f3w.","publisher":{"@id":"https:\/\/moto-pawmar.pl\/#organization"},"potentialAction":[{"@type":"SearchAction","target":{"@type":"EntryPoint","urlTemplate":"https:\/\/moto-pawmar.pl\/?s={search_term_string}"},"query-input":{"@type":"PropertyValueSpecification","valueRequired":true,"valueName":"search_term_string"}}],"inLanguage":"pl-PL"},{"@type":"Organization","@id":"https:\/\/moto-pawmar.pl\/#organization","name":"MOTO-PAWMAR","url":"https:\/\/moto-pawmar.pl\/","logo":{"@type":"ImageObject","inLanguage":"pl-PL","@id":"https:\/\/moto-pawmar.pl\/#\/schema\/logo\/image\/","url":"https:\/\/moto-pawmar.pl\/wp-content\/uploads\/2025\/10\/LOGO-SKLEP.png","contentUrl":"https:\/\/moto-pawmar.pl\/wp-content\/uploads\/2025\/10\/LOGO-SKLEP.png","width":2480,"height":2053,"caption":"MOTO-PAWMAR"},"image":{"@id":"https:\/\/moto-pawmar.pl\/#\/schema\/logo\/image\/"},"sameAs":["https:\/\/www.facebook.com\/motopawmar\/?locale=pl_PL"]}]}},"_links":{"self":[{"href":"https:\/\/moto-pawmar.pl\/index.php?rest_route=\/wp\/v2\/product\/2052","targetHints":{"allow":["GET"]}}],"collection":[{"href":"https:\/\/moto-pawmar.pl\/index.php?rest_route=\/wp\/v2\/product"}],"about":[{"href":"https:\/\/moto-pawmar.pl\/index.php?rest_route=\/wp\/v2\/types\/product"}],"wp:featuredmedia":[{"embeddable":true,"href":"https:\/\/moto-pawmar.pl\/index.php?rest_route=\/wp\/v2\/media\/2051"}],"wp:attachment":[{"href":"https:\/\/moto-pawmar.pl\/index.php?rest_route=%2Fwp%2Fv2%2Fmedia&parent=2052"}],"wp:term":[{"taxonomy":"product_brand","embeddable":true,"href":"https:\/\/moto-pawmar.pl\/index.php?rest_route=%2Fwp%2Fv2%2Fproduct_brand&post=2052"},{"taxonomy":"product_cat","embeddable":true,"href":"https:\/\/moto-pawmar.pl\/index.php?rest_route=%2Fwp%2Fv2%2Fproduct_cat&post=2052"},{"taxonomy":"product_tag","embeddable":true,"href":"https:\/\/moto-pawmar.pl\/index.php?rest_route=%2Fwp%2Fv2%2Fproduct_tag&post=2052"}],"curies":[{"name":"wp","href":"https:\/\/api.w.org\/{rel}","templated":true}]}}