{"id":16756,"date":"2026-02-04T14:15:43","date_gmt":"2026-02-04T13:15:43","guid":{"rendered":"https:\/\/moto-pawmar.pl\/?product=hiflo-filtr-powietrza-suzuki-gsx750-inazuma-98-02-30-s3184"},"modified":"2026-02-04T14:15:43","modified_gmt":"2026-02-04T13:15:43","slug":"hiflo-filtr-powietrza-suzuki-gsx750-inazuma-98-02-30-s3184","status":"publish","type":"product","link":"https:\/\/moto-pawmar.pl\/?product=hiflo-filtr-powietrza-suzuki-gsx750-inazuma-98-02-30-s3184","title":{"rendered":"HIFLO FILTR POWIETRZA SUZUKI GSX750 INAZUMA 98-02 (30) (S3184)"},"content":{"rendered":"","protected":false},"excerpt":{"rendered":"","protected":false},"featured_media":16755,"template":"","meta":[],"product_brand":[395],"product_cat":[394],"product_tag":[],"class_list":{"0":"post-16756","1":"product","2":"type-product","3":"status-publish","4":"has-post-thumbnail","6":"product_brand-hiflo","7":"product_cat-oleje-i-filtry","9":"first","10":"instock","11":"taxable","12":"shipping-taxable","13":"purchasable","14":"product-type-simple"},"yoast_head":"<!-- This site is optimized with the Yoast SEO plugin v26.9 - https:\/\/yoast.com\/product\/yoast-seo-wordpress\/ -->\n<title>HIFLO FILTR POWIETRZA SUZUKI GSX750 INAZUMA 98-02 (30) (S3184) - MOTO-PAWMAR<\/title>\n<meta name=\"robots\" content=\"index, follow, max-snippet:-1, max-image-preview:large, max-video-preview:-1\" \/>\n<link rel=\"canonical\" href=\"https:\/\/moto-pawmar.pl\/?product=hiflo-filtr-powietrza-suzuki-gsx750-inazuma-98-02-30-s3184\" \/>\n<meta property=\"og:locale\" content=\"pl_PL\" \/>\n<meta property=\"og:type\" content=\"article\" \/>\n<meta property=\"og:title\" content=\"HIFLO FILTR POWIETRZA SUZUKI GSX750 INAZUMA 98-02 (30) (S3184) - MOTO-PAWMAR\" \/>\n<meta property=\"og:url\" content=\"https:\/\/moto-pawmar.pl\/?product=hiflo-filtr-powietrza-suzuki-gsx750-inazuma-98-02-30-s3184\" \/>\n<meta property=\"og:site_name\" content=\"MOTO-PAWMAR\" \/>\n<meta property=\"article:publisher\" content=\"https:\/\/www.facebook.com\/motopawmar\/?locale=pl_PL\" \/>\n<meta name=\"twitter:card\" content=\"summary_large_image\" \/>\n<script type=\"application\/ld+json\" class=\"yoast-schema-graph\">{\"@context\":\"https:\/\/schema.org\",\"@graph\":[{\"@type\":\"WebPage\",\"@id\":\"https:\/\/moto-pawmar.pl\/?product=hiflo-filtr-powietrza-suzuki-gsx750-inazuma-98-02-30-s3184\",\"url\":\"https:\/\/moto-pawmar.pl\/?product=hiflo-filtr-powietrza-suzuki-gsx750-inazuma-98-02-30-s3184\",\"name\":\"HIFLO FILTR POWIETRZA SUZUKI GSX750 INAZUMA 98-02 (30) (S3184) - MOTO-PAWMAR\",\"isPartOf\":{\"@id\":\"https:\/\/moto-pawmar.pl\/#website\"},\"primaryImageOfPage\":{\"@id\":\"https:\/\/moto-pawmar.pl\/?product=hiflo-filtr-powietrza-suzuki-gsx750-inazuma-98-02-30-s3184#primaryimage\"},\"image\":{\"@id\":\"https:\/\/moto-pawmar.pl\/?product=hiflo-filtr-powietrza-suzuki-gsx750-inazuma-98-02-30-s3184#primaryimage\"},\"thumbnailUrl\":\"https:\/\/moto-pawmar.pl\/wp-content\/uploads\/2026\/02\/hiflo-filtr-powietrza-suzuki-gsx750-inazuma-98-02.jpg\",\"datePublished\":\"2026-02-04T13:15:43+00:00\",\"breadcrumb\":{\"@id\":\"https:\/\/moto-pawmar.pl\/?product=hiflo-filtr-powietrza-suzuki-gsx750-inazuma-98-02-30-s3184#breadcrumb\"},\"inLanguage\":\"pl-PL\",\"potentialAction\":[{\"@type\":\"ReadAction\",\"target\":[\"https:\/\/moto-pawmar.pl\/?product=hiflo-filtr-powietrza-suzuki-gsx750-inazuma-98-02-30-s3184\"]}]},{\"@type\":\"ImageObject\",\"inLanguage\":\"pl-PL\",\"@id\":\"https:\/\/moto-pawmar.pl\/?product=hiflo-filtr-powietrza-suzuki-gsx750-inazuma-98-02-30-s3184#primaryimage\",\"url\":\"https:\/\/moto-pawmar.pl\/wp-content\/uploads\/2026\/02\/hiflo-filtr-powietrza-suzuki-gsx750-inazuma-98-02.jpg\",\"contentUrl\":\"https:\/\/moto-pawmar.pl\/wp-content\/uploads\/2026\/02\/hiflo-filtr-powietrza-suzuki-gsx750-inazuma-98-02.jpg\",\"width\":800,\"height\":800},{\"@type\":\"BreadcrumbList\",\"@id\":\"https:\/\/moto-pawmar.pl\/?product=hiflo-filtr-powietrza-suzuki-gsx750-inazuma-98-02-30-s3184#breadcrumb\",\"itemListElement\":[{\"@type\":\"ListItem\",\"position\":1,\"name\":\"Strona g\u0142\u00f3wna\",\"item\":\"https:\/\/moto-pawmar.pl\/\"},{\"@type\":\"ListItem\",\"position\":2,\"name\":\"Sklep Internetowy\",\"item\":\"https:\/\/moto-pawmar.pl\/?page_id=367\"},{\"@type\":\"ListItem\",\"position\":3,\"name\":\"HIFLO FILTR POWIETRZA SUZUKI GSX750 INAZUMA 98-02 (30) (S3184)\"}]},{\"@type\":\"WebSite\",\"@id\":\"https:\/\/moto-pawmar.pl\/#website\",\"url\":\"https:\/\/moto-pawmar.pl\/\",\"name\":\"MOTO-PAWMAR\",\"description\":\"MOTO\u2011PAWMAR \u2013 Tw\u00f3j sklep z cz\u0119\u015bciami i akcesoriami do motocykli, skuter\u00f3w i quad\u00f3w.\",\"publisher\":{\"@id\":\"https:\/\/moto-pawmar.pl\/#organization\"},\"potentialAction\":[{\"@type\":\"SearchAction\",\"target\":{\"@type\":\"EntryPoint\",\"urlTemplate\":\"https:\/\/moto-pawmar.pl\/?s={search_term_string}\"},\"query-input\":{\"@type\":\"PropertyValueSpecification\",\"valueRequired\":true,\"valueName\":\"search_term_string\"}}],\"inLanguage\":\"pl-PL\"},{\"@type\":\"Organization\",\"@id\":\"https:\/\/moto-pawmar.pl\/#organization\",\"name\":\"MOTO-PAWMAR\",\"url\":\"https:\/\/moto-pawmar.pl\/\",\"logo\":{\"@type\":\"ImageObject\",\"inLanguage\":\"pl-PL\",\"@id\":\"https:\/\/moto-pawmar.pl\/#\/schema\/logo\/image\/\",\"url\":\"https:\/\/moto-pawmar.pl\/wp-content\/uploads\/2025\/10\/LOGO-SKLEP.png\",\"contentUrl\":\"https:\/\/moto-pawmar.pl\/wp-content\/uploads\/2025\/10\/LOGO-SKLEP.png\",\"width\":2480,\"height\":2053,\"caption\":\"MOTO-PAWMAR\"},\"image\":{\"@id\":\"https:\/\/moto-pawmar.pl\/#\/schema\/logo\/image\/\"},\"sameAs\":[\"https:\/\/www.facebook.com\/motopawmar\/?locale=pl_PL\"]}]}<\/script>\n<!-- \/ Yoast SEO plugin. -->","yoast_head_json":{"title":"HIFLO FILTR POWIETRZA SUZUKI GSX750 INAZUMA 98-02 (30) (S3184) - MOTO-PAWMAR","robots":{"index":"index","follow":"follow","max-snippet":"max-snippet:-1","max-image-preview":"max-image-preview:large","max-video-preview":"max-video-preview:-1"},"canonical":"https:\/\/moto-pawmar.pl\/?product=hiflo-filtr-powietrza-suzuki-gsx750-inazuma-98-02-30-s3184","og_locale":"pl_PL","og_type":"article","og_title":"HIFLO FILTR POWIETRZA SUZUKI GSX750 INAZUMA 98-02 (30) (S3184) - MOTO-PAWMAR","og_url":"https:\/\/moto-pawmar.pl\/?product=hiflo-filtr-powietrza-suzuki-gsx750-inazuma-98-02-30-s3184","og_site_name":"MOTO-PAWMAR","article_publisher":"https:\/\/www.facebook.com\/motopawmar\/?locale=pl_PL","twitter_card":"summary_large_image","schema":{"@context":"https:\/\/schema.org","@graph":[{"@type":"WebPage","@id":"https:\/\/moto-pawmar.pl\/?product=hiflo-filtr-powietrza-suzuki-gsx750-inazuma-98-02-30-s3184","url":"https:\/\/moto-pawmar.pl\/?product=hiflo-filtr-powietrza-suzuki-gsx750-inazuma-98-02-30-s3184","name":"HIFLO FILTR POWIETRZA SUZUKI GSX750 INAZUMA 98-02 (30) (S3184) - MOTO-PAWMAR","isPartOf":{"@id":"https:\/\/moto-pawmar.pl\/#website"},"primaryImageOfPage":{"@id":"https:\/\/moto-pawmar.pl\/?product=hiflo-filtr-powietrza-suzuki-gsx750-inazuma-98-02-30-s3184#primaryimage"},"image":{"@id":"https:\/\/moto-pawmar.pl\/?product=hiflo-filtr-powietrza-suzuki-gsx750-inazuma-98-02-30-s3184#primaryimage"},"thumbnailUrl":"https:\/\/moto-pawmar.pl\/wp-content\/uploads\/2026\/02\/hiflo-filtr-powietrza-suzuki-gsx750-inazuma-98-02.jpg","datePublished":"2026-02-04T13:15:43+00:00","breadcrumb":{"@id":"https:\/\/moto-pawmar.pl\/?product=hiflo-filtr-powietrza-suzuki-gsx750-inazuma-98-02-30-s3184#breadcrumb"},"inLanguage":"pl-PL","potentialAction":[{"@type":"ReadAction","target":["https:\/\/moto-pawmar.pl\/?product=hiflo-filtr-powietrza-suzuki-gsx750-inazuma-98-02-30-s3184"]}]},{"@type":"ImageObject","inLanguage":"pl-PL","@id":"https:\/\/moto-pawmar.pl\/?product=hiflo-filtr-powietrza-suzuki-gsx750-inazuma-98-02-30-s3184#primaryimage","url":"https:\/\/moto-pawmar.pl\/wp-content\/uploads\/2026\/02\/hiflo-filtr-powietrza-suzuki-gsx750-inazuma-98-02.jpg","contentUrl":"https:\/\/moto-pawmar.pl\/wp-content\/uploads\/2026\/02\/hiflo-filtr-powietrza-suzuki-gsx750-inazuma-98-02.jpg","width":800,"height":800},{"@type":"BreadcrumbList","@id":"https:\/\/moto-pawmar.pl\/?product=hiflo-filtr-powietrza-suzuki-gsx750-inazuma-98-02-30-s3184#breadcrumb","itemListElement":[{"@type":"ListItem","position":1,"name":"Strona g\u0142\u00f3wna","item":"https:\/\/moto-pawmar.pl\/"},{"@type":"ListItem","position":2,"name":"Sklep Internetowy","item":"https:\/\/moto-pawmar.pl\/?page_id=367"},{"@type":"ListItem","position":3,"name":"HIFLO FILTR POWIETRZA SUZUKI GSX750 INAZUMA 98-02 (30) (S3184)"}]},{"@type":"WebSite","@id":"https:\/\/moto-pawmar.pl\/#website","url":"https:\/\/moto-pawmar.pl\/","name":"MOTO-PAWMAR","description":"MOTO\u2011PAWMAR \u2013 Tw\u00f3j sklep z cz\u0119\u015bciami i akcesoriami do motocykli, skuter\u00f3w i quad\u00f3w.","publisher":{"@id":"https:\/\/moto-pawmar.pl\/#organization"},"potentialAction":[{"@type":"SearchAction","target":{"@type":"EntryPoint","urlTemplate":"https:\/\/moto-pawmar.pl\/?s={search_term_string}"},"query-input":{"@type":"PropertyValueSpecification","valueRequired":true,"valueName":"search_term_string"}}],"inLanguage":"pl-PL"},{"@type":"Organization","@id":"https:\/\/moto-pawmar.pl\/#organization","name":"MOTO-PAWMAR","url":"https:\/\/moto-pawmar.pl\/","logo":{"@type":"ImageObject","inLanguage":"pl-PL","@id":"https:\/\/moto-pawmar.pl\/#\/schema\/logo\/image\/","url":"https:\/\/moto-pawmar.pl\/wp-content\/uploads\/2025\/10\/LOGO-SKLEP.png","contentUrl":"https:\/\/moto-pawmar.pl\/wp-content\/uploads\/2025\/10\/LOGO-SKLEP.png","width":2480,"height":2053,"caption":"MOTO-PAWMAR"},"image":{"@id":"https:\/\/moto-pawmar.pl\/#\/schema\/logo\/image\/"},"sameAs":["https:\/\/www.facebook.com\/motopawmar\/?locale=pl_PL"]}]}},"_links":{"self":[{"href":"https:\/\/moto-pawmar.pl\/index.php?rest_route=\/wp\/v2\/product\/16756","targetHints":{"allow":["GET"]}}],"collection":[{"href":"https:\/\/moto-pawmar.pl\/index.php?rest_route=\/wp\/v2\/product"}],"about":[{"href":"https:\/\/moto-pawmar.pl\/index.php?rest_route=\/wp\/v2\/types\/product"}],"wp:featuredmedia":[{"embeddable":true,"href":"https:\/\/moto-pawmar.pl\/index.php?rest_route=\/wp\/v2\/media\/16755"}],"wp:attachment":[{"href":"https:\/\/moto-pawmar.pl\/index.php?rest_route=%2Fwp%2Fv2%2Fmedia&parent=16756"}],"wp:term":[{"taxonomy":"product_brand","embeddable":true,"href":"https:\/\/moto-pawmar.pl\/index.php?rest_route=%2Fwp%2Fv2%2Fproduct_brand&post=16756"},{"taxonomy":"product_cat","embeddable":true,"href":"https:\/\/moto-pawmar.pl\/index.php?rest_route=%2Fwp%2Fv2%2Fproduct_cat&post=16756"},{"taxonomy":"product_tag","embeddable":true,"href":"https:\/\/moto-pawmar.pl\/index.php?rest_route=%2Fwp%2Fv2%2Fproduct_tag&post=16756"}],"curies":[{"name":"wp","href":"https:\/\/api.w.org\/{rel}","templated":true}]}}