{"id":15793,"date":"2026-02-04T11:55:15","date_gmt":"2026-02-04T10:55:15","guid":{"rendered":"https:\/\/moto-pawmar.pl\/?post_type=product&#038;p=15793"},"modified":"2026-02-04T11:55:15","modified_gmt":"2026-02-04T10:55:15","slug":"plecak-ls2-shield-backpack-25-50-l","status":"publish","type":"product","link":"https:\/\/moto-pawmar.pl\/?product=plecak-ls2-shield-backpack-25-50-l","title":{"rendered":"PLECAK LS2 SHIELD BACKPACK 25 \/ 50 L"},"content":{"rendered":"<p>Aerodynamiczny plecak ze sztywn\u0105, chroni\u0105c\u0105 przed wod\u0105 skorup\u0105 i podstawow\u0105 pojemno\u015bci\u0105 25 litr\u00f3w. Posiada poszerzany przedzia\u0142 zdolny pomie\u015bci\u0107 kask integralny i bezpieczn\u0105, wy\u015bcie\u0142an\u0105 kiesze\u0144 na laptop.<\/p>\n<p>Wymiary: 480 x 360 x 90\/290 mm<br \/>\nPojemno\u015b\u0107: 25\/50 litr\u00f3w<br \/>\nMaksymalne obci\u0105\u017cenie: 5 kg<\/p>\n<p>Najwa\u017cniejsze cechy:<\/p>\n<p>&#8211; Termoformowana skorupa z kopolimeru EVA pokryta ochronn\u0105 warstw\u0105 poliuretanu.<br \/>\n&#8211; Powi\u0119kszany przedzia\u0142 na kask integralny.<br \/>\n&#8211; Wy\u015bcie\u0142ana kiesze\u0144 na laptop do 17&#8243;.<br \/>\n&#8211; Wewn\u0119trzna kiesze\u0144, elastyczna kiesze\u0144 na ma\u0142e przedmioty.<br \/>\n&#8211; Dwa regulowane paski boczne do zabezpieczenia zawarto\u015bci.<br \/>\n&#8211; Szelki z regulowanym \u0142\u0105cznikiem piersiowym.<br \/>\n&#8211; Oddychaj\u0105ce, siatkowe panele na plecach.<br \/>\n&#8211; Uchwyt do przenoszenia.<br \/>\n&#8211; Odpinany pas biodrowy.<\/p>\n","protected":false},"excerpt":{"rendered":"<p>Aerodynamiczny plecak ze sztywn\u0105, chroni\u0105c\u0105 przed wod\u0105 skorup\u0105 i podstawow\u0105 pojemno\u015bci\u0105 25 litr\u00f3w. Posiada poszerzany przedzia\u0142 zdolny pomie\u015bci\u0107 kask integralny i bezpieczn\u0105, wy\u015bcie\u0142an\u0105 kiesze\u0144 na laptop. Wymiary: 480 x 360 x 90\/290 mm Pojemno\u015b\u0107: 25\/50 litr\u00f3w Maksymalne obci\u0105\u017cenie: 5 kg Najwa\u017cniejsze cechy: &#8211; Termoformowana skorupa z kopolimeru EVA pokryta ochronn\u0105 warstw\u0105 poliuretanu. &#8211; Powi\u0119kszany przedzia\u0142 [&hellip;]<\/p>\n","protected":false},"featured_media":15794,"template":"","meta":[],"product_brand":[338],"product_cat":[304],"product_tag":[],"class_list":{"0":"post-15793","1":"product","2":"type-product","3":"status-publish","4":"has-post-thumbnail","6":"product_brand-ls2","7":"product_cat-torby-plecaki-kufry","9":"first","10":"instock","11":"taxable","12":"shipping-taxable","13":"purchasable","14":"product-type-simple"},"yoast_head":"<!-- This site is optimized with the Yoast SEO plugin v26.9 - https:\/\/yoast.com\/product\/yoast-seo-wordpress\/ -->\n<title>PLECAK LS2 SHIELD BACKPACK 25 \/ 50 L - MOTO-PAWMAR<\/title>\n<meta name=\"robots\" content=\"index, follow, max-snippet:-1, max-image-preview:large, max-video-preview:-1\" \/>\n<link rel=\"canonical\" href=\"https:\/\/moto-pawmar.pl\/?product=plecak-ls2-shield-backpack-25-50-l\" \/>\n<meta property=\"og:locale\" content=\"pl_PL\" \/>\n<meta property=\"og:type\" content=\"article\" \/>\n<meta property=\"og:title\" content=\"PLECAK LS2 SHIELD BACKPACK 25 \/ 50 L - MOTO-PAWMAR\" \/>\n<meta property=\"og:description\" content=\"Aerodynamiczny plecak ze sztywn\u0105, chroni\u0105c\u0105 przed wod\u0105 skorup\u0105 i podstawow\u0105 pojemno\u015bci\u0105 25 litr\u00f3w. Posiada poszerzany przedzia\u0142 zdolny pomie\u015bci\u0107 kask integralny i bezpieczn\u0105, wy\u015bcie\u0142an\u0105 kiesze\u0144 na laptop. Wymiary: 480 x 360 x 90\/290 mm Pojemno\u015b\u0107: 25\/50 litr\u00f3w Maksymalne obci\u0105\u017cenie: 5 kg Najwa\u017cniejsze cechy: &#8211; Termoformowana skorupa z kopolimeru EVA pokryta ochronn\u0105 warstw\u0105 poliuretanu. &#8211; Powi\u0119kszany przedzia\u0142 [&hellip;]\" \/>\n<meta property=\"og:url\" content=\"https:\/\/moto-pawmar.pl\/?product=plecak-ls2-shield-backpack-25-50-l\" \/>\n<meta property=\"og:site_name\" content=\"MOTO-PAWMAR\" \/>\n<meta property=\"article:publisher\" content=\"https:\/\/www.facebook.com\/motopawmar\/?locale=pl_PL\" \/>\n<meta property=\"og:image\" content=\"https:\/\/moto-pawmar.pl\/wp-content\/uploads\/2026\/02\/AK66010BKP1_big.jpg\" \/>\n\t<meta property=\"og:image:width\" content=\"531\" \/>\n\t<meta property=\"og:image:height\" content=\"600\" \/>\n\t<meta property=\"og:image:type\" content=\"image\/jpeg\" \/>\n<meta name=\"twitter:card\" content=\"summary_large_image\" \/>\n<meta name=\"twitter:label1\" content=\"Szacowany czas czytania\" \/>\n\t<meta name=\"twitter:data1\" content=\"1 minuta\" \/>\n<script type=\"application\/ld+json\" class=\"yoast-schema-graph\">{\"@context\":\"https:\/\/schema.org\",\"@graph\":[{\"@type\":\"WebPage\",\"@id\":\"https:\/\/moto-pawmar.pl\/?product=plecak-ls2-shield-backpack-25-50-l\",\"url\":\"https:\/\/moto-pawmar.pl\/?product=plecak-ls2-shield-backpack-25-50-l\",\"name\":\"PLECAK LS2 SHIELD BACKPACK 25 \/ 50 L - MOTO-PAWMAR\",\"isPartOf\":{\"@id\":\"https:\/\/moto-pawmar.pl\/#website\"},\"primaryImageOfPage\":{\"@id\":\"https:\/\/moto-pawmar.pl\/?product=plecak-ls2-shield-backpack-25-50-l#primaryimage\"},\"image\":{\"@id\":\"https:\/\/moto-pawmar.pl\/?product=plecak-ls2-shield-backpack-25-50-l#primaryimage\"},\"thumbnailUrl\":\"https:\/\/moto-pawmar.pl\/wp-content\/uploads\/2026\/02\/AK66010BKP1_big.jpg\",\"datePublished\":\"2026-02-04T10:55:15+00:00\",\"breadcrumb\":{\"@id\":\"https:\/\/moto-pawmar.pl\/?product=plecak-ls2-shield-backpack-25-50-l#breadcrumb\"},\"inLanguage\":\"pl-PL\",\"potentialAction\":[{\"@type\":\"ReadAction\",\"target\":[\"https:\/\/moto-pawmar.pl\/?product=plecak-ls2-shield-backpack-25-50-l\"]}]},{\"@type\":\"ImageObject\",\"inLanguage\":\"pl-PL\",\"@id\":\"https:\/\/moto-pawmar.pl\/?product=plecak-ls2-shield-backpack-25-50-l#primaryimage\",\"url\":\"https:\/\/moto-pawmar.pl\/wp-content\/uploads\/2026\/02\/AK66010BKP1_big.jpg\",\"contentUrl\":\"https:\/\/moto-pawmar.pl\/wp-content\/uploads\/2026\/02\/AK66010BKP1_big.jpg\",\"width\":531,\"height\":600},{\"@type\":\"BreadcrumbList\",\"@id\":\"https:\/\/moto-pawmar.pl\/?product=plecak-ls2-shield-backpack-25-50-l#breadcrumb\",\"itemListElement\":[{\"@type\":\"ListItem\",\"position\":1,\"name\":\"Strona g\u0142\u00f3wna\",\"item\":\"https:\/\/moto-pawmar.pl\/\"},{\"@type\":\"ListItem\",\"position\":2,\"name\":\"Sklep Internetowy\",\"item\":\"https:\/\/moto-pawmar.pl\/?page_id=367\"},{\"@type\":\"ListItem\",\"position\":3,\"name\":\"PLECAK LS2 SHIELD BACKPACK 25 \/ 50 L\"}]},{\"@type\":\"WebSite\",\"@id\":\"https:\/\/moto-pawmar.pl\/#website\",\"url\":\"https:\/\/moto-pawmar.pl\/\",\"name\":\"MOTO-PAWMAR\",\"description\":\"MOTO\u2011PAWMAR \u2013 Tw\u00f3j sklep z cz\u0119\u015bciami i akcesoriami do motocykli, skuter\u00f3w i quad\u00f3w.\",\"publisher\":{\"@id\":\"https:\/\/moto-pawmar.pl\/#organization\"},\"potentialAction\":[{\"@type\":\"SearchAction\",\"target\":{\"@type\":\"EntryPoint\",\"urlTemplate\":\"https:\/\/moto-pawmar.pl\/?s={search_term_string}\"},\"query-input\":{\"@type\":\"PropertyValueSpecification\",\"valueRequired\":true,\"valueName\":\"search_term_string\"}}],\"inLanguage\":\"pl-PL\"},{\"@type\":\"Organization\",\"@id\":\"https:\/\/moto-pawmar.pl\/#organization\",\"name\":\"MOTO-PAWMAR\",\"url\":\"https:\/\/moto-pawmar.pl\/\",\"logo\":{\"@type\":\"ImageObject\",\"inLanguage\":\"pl-PL\",\"@id\":\"https:\/\/moto-pawmar.pl\/#\/schema\/logo\/image\/\",\"url\":\"https:\/\/moto-pawmar.pl\/wp-content\/uploads\/2025\/10\/LOGO-SKLEP.png\",\"contentUrl\":\"https:\/\/moto-pawmar.pl\/wp-content\/uploads\/2025\/10\/LOGO-SKLEP.png\",\"width\":2480,\"height\":2053,\"caption\":\"MOTO-PAWMAR\"},\"image\":{\"@id\":\"https:\/\/moto-pawmar.pl\/#\/schema\/logo\/image\/\"},\"sameAs\":[\"https:\/\/www.facebook.com\/motopawmar\/?locale=pl_PL\"]}]}<\/script>\n<!-- \/ Yoast SEO plugin. -->","yoast_head_json":{"title":"PLECAK LS2 SHIELD BACKPACK 25 \/ 50 L - MOTO-PAWMAR","robots":{"index":"index","follow":"follow","max-snippet":"max-snippet:-1","max-image-preview":"max-image-preview:large","max-video-preview":"max-video-preview:-1"},"canonical":"https:\/\/moto-pawmar.pl\/?product=plecak-ls2-shield-backpack-25-50-l","og_locale":"pl_PL","og_type":"article","og_title":"PLECAK LS2 SHIELD BACKPACK 25 \/ 50 L - MOTO-PAWMAR","og_description":"Aerodynamiczny plecak ze sztywn\u0105, chroni\u0105c\u0105 przed wod\u0105 skorup\u0105 i podstawow\u0105 pojemno\u015bci\u0105 25 litr\u00f3w. Posiada poszerzany przedzia\u0142 zdolny pomie\u015bci\u0107 kask integralny i bezpieczn\u0105, wy\u015bcie\u0142an\u0105 kiesze\u0144 na laptop. Wymiary: 480 x 360 x 90\/290 mm Pojemno\u015b\u0107: 25\/50 litr\u00f3w Maksymalne obci\u0105\u017cenie: 5 kg Najwa\u017cniejsze cechy: &#8211; Termoformowana skorupa z kopolimeru EVA pokryta ochronn\u0105 warstw\u0105 poliuretanu. &#8211; Powi\u0119kszany przedzia\u0142 [&hellip;]","og_url":"https:\/\/moto-pawmar.pl\/?product=plecak-ls2-shield-backpack-25-50-l","og_site_name":"MOTO-PAWMAR","article_publisher":"https:\/\/www.facebook.com\/motopawmar\/?locale=pl_PL","og_image":[{"width":531,"height":600,"url":"https:\/\/moto-pawmar.pl\/wp-content\/uploads\/2026\/02\/AK66010BKP1_big.jpg","type":"image\/jpeg"}],"twitter_card":"summary_large_image","twitter_misc":{"Szacowany czas czytania":"1 minuta"},"schema":{"@context":"https:\/\/schema.org","@graph":[{"@type":"WebPage","@id":"https:\/\/moto-pawmar.pl\/?product=plecak-ls2-shield-backpack-25-50-l","url":"https:\/\/moto-pawmar.pl\/?product=plecak-ls2-shield-backpack-25-50-l","name":"PLECAK LS2 SHIELD BACKPACK 25 \/ 50 L - MOTO-PAWMAR","isPartOf":{"@id":"https:\/\/moto-pawmar.pl\/#website"},"primaryImageOfPage":{"@id":"https:\/\/moto-pawmar.pl\/?product=plecak-ls2-shield-backpack-25-50-l#primaryimage"},"image":{"@id":"https:\/\/moto-pawmar.pl\/?product=plecak-ls2-shield-backpack-25-50-l#primaryimage"},"thumbnailUrl":"https:\/\/moto-pawmar.pl\/wp-content\/uploads\/2026\/02\/AK66010BKP1_big.jpg","datePublished":"2026-02-04T10:55:15+00:00","breadcrumb":{"@id":"https:\/\/moto-pawmar.pl\/?product=plecak-ls2-shield-backpack-25-50-l#breadcrumb"},"inLanguage":"pl-PL","potentialAction":[{"@type":"ReadAction","target":["https:\/\/moto-pawmar.pl\/?product=plecak-ls2-shield-backpack-25-50-l"]}]},{"@type":"ImageObject","inLanguage":"pl-PL","@id":"https:\/\/moto-pawmar.pl\/?product=plecak-ls2-shield-backpack-25-50-l#primaryimage","url":"https:\/\/moto-pawmar.pl\/wp-content\/uploads\/2026\/02\/AK66010BKP1_big.jpg","contentUrl":"https:\/\/moto-pawmar.pl\/wp-content\/uploads\/2026\/02\/AK66010BKP1_big.jpg","width":531,"height":600},{"@type":"BreadcrumbList","@id":"https:\/\/moto-pawmar.pl\/?product=plecak-ls2-shield-backpack-25-50-l#breadcrumb","itemListElement":[{"@type":"ListItem","position":1,"name":"Strona g\u0142\u00f3wna","item":"https:\/\/moto-pawmar.pl\/"},{"@type":"ListItem","position":2,"name":"Sklep Internetowy","item":"https:\/\/moto-pawmar.pl\/?page_id=367"},{"@type":"ListItem","position":3,"name":"PLECAK LS2 SHIELD BACKPACK 25 \/ 50 L"}]},{"@type":"WebSite","@id":"https:\/\/moto-pawmar.pl\/#website","url":"https:\/\/moto-pawmar.pl\/","name":"MOTO-PAWMAR","description":"MOTO\u2011PAWMAR \u2013 Tw\u00f3j sklep z cz\u0119\u015bciami i akcesoriami do motocykli, skuter\u00f3w i quad\u00f3w.","publisher":{"@id":"https:\/\/moto-pawmar.pl\/#organization"},"potentialAction":[{"@type":"SearchAction","target":{"@type":"EntryPoint","urlTemplate":"https:\/\/moto-pawmar.pl\/?s={search_term_string}"},"query-input":{"@type":"PropertyValueSpecification","valueRequired":true,"valueName":"search_term_string"}}],"inLanguage":"pl-PL"},{"@type":"Organization","@id":"https:\/\/moto-pawmar.pl\/#organization","name":"MOTO-PAWMAR","url":"https:\/\/moto-pawmar.pl\/","logo":{"@type":"ImageObject","inLanguage":"pl-PL","@id":"https:\/\/moto-pawmar.pl\/#\/schema\/logo\/image\/","url":"https:\/\/moto-pawmar.pl\/wp-content\/uploads\/2025\/10\/LOGO-SKLEP.png","contentUrl":"https:\/\/moto-pawmar.pl\/wp-content\/uploads\/2025\/10\/LOGO-SKLEP.png","width":2480,"height":2053,"caption":"MOTO-PAWMAR"},"image":{"@id":"https:\/\/moto-pawmar.pl\/#\/schema\/logo\/image\/"},"sameAs":["https:\/\/www.facebook.com\/motopawmar\/?locale=pl_PL"]}]}},"_links":{"self":[{"href":"https:\/\/moto-pawmar.pl\/index.php?rest_route=\/wp\/v2\/product\/15793","targetHints":{"allow":["GET"]}}],"collection":[{"href":"https:\/\/moto-pawmar.pl\/index.php?rest_route=\/wp\/v2\/product"}],"about":[{"href":"https:\/\/moto-pawmar.pl\/index.php?rest_route=\/wp\/v2\/types\/product"}],"wp:featuredmedia":[{"embeddable":true,"href":"https:\/\/moto-pawmar.pl\/index.php?rest_route=\/wp\/v2\/media\/15794"}],"wp:attachment":[{"href":"https:\/\/moto-pawmar.pl\/index.php?rest_route=%2Fwp%2Fv2%2Fmedia&parent=15793"}],"wp:term":[{"taxonomy":"product_brand","embeddable":true,"href":"https:\/\/moto-pawmar.pl\/index.php?rest_route=%2Fwp%2Fv2%2Fproduct_brand&post=15793"},{"taxonomy":"product_cat","embeddable":true,"href":"https:\/\/moto-pawmar.pl\/index.php?rest_route=%2Fwp%2Fv2%2Fproduct_cat&post=15793"},{"taxonomy":"product_tag","embeddable":true,"href":"https:\/\/moto-pawmar.pl\/index.php?rest_route=%2Fwp%2Fv2%2Fproduct_tag&post=15793"}],"curies":[{"name":"wp","href":"https:\/\/api.w.org\/{rel}","templated":true}]}}