{"id":15791,"date":"2026-02-04T11:52:06","date_gmt":"2026-02-04T10:52:06","guid":{"rendered":"https:\/\/moto-pawmar.pl\/?post_type=product&#038;p=15791"},"modified":"2026-02-04T11:52:06","modified_gmt":"2026-02-04T10:52:06","slug":"plecak-motocyklowy-shima-ayro-24l-czarny","status":"publish","type":"product","link":"https:\/\/moto-pawmar.pl\/?product=plecak-motocyklowy-shima-ayro-24l-czarny","title":{"rendered":"Plecak motocyklowy Shima Ayro 24L czarny"},"content":{"rendered":"<div id=\"el-1fecdba4\" class=\"vce-col vce-col--md-53p vce-col--xs-1 vce-col--xs-last vce-col--xs-first vce-col--sm-last vce-col--sm-first vce-col--md-first vce-col--lg-first vce-col--xl-first\">\n<div class=\"vce-col-inner\" data-vce-do-apply=\"border margin background  el-1fecdba4\">\n<div class=\"vce-col-content\" data-vce-element-content=\"true\" data-vce-do-apply=\"padding el-1fecdba4\">\n<div class=\"vce-text-block\">\n<div id=\"el-3a690be8\" class=\"vce-text-block-wrapper vce\" data-vce-do-apply=\"all el-3a690be8\">\n<p>Funkcjonalny plecak motocyklowy AYRO doskonale sprawdzi si\u0119 w czasie motocyklowych przeja\u017cd\u017cek. Jego pojemno\u015b\u0107 24 litr\u00f3w sprawia, \u017ce zabierzesz ze sob\u0105 wszystkie niezb\u0119dne rzeczy. AYRO posiada wiele praktycznych przegr\u00f3dek. Z my\u015bl\u0105 o funkcjonalno\u015bci stworzyli\u015bmy dedykowan\u0105 przegrod\u0119 na laptopa, oddzielne kieszenie na buty oraz zewn\u0119trzn\u0105 kiesze\u0144 z ty\u0142u na drobne rzeczy osobiste. Aby zapewni\u0107 komfortowe i bezpieczne dopasowanie podczas jazdy, paski AYRO mo\u017cna \u0142atwo regulowa\u0107. Co wi\u0119cej, poziome s\u0105 r\u00f3wnie\u017c odpinane &#8211; je\u015bli czujesz, \u017ce w danej chwili ich nie potrzebujesz, mo\u017cesz je odpi\u0105\u0107 i schowa\u0107 w przegr\u00f3dce. Piankowa wy\u015bci\u00f3\u0142ka na plecach sprawia, \u017ce AYRO jest zawsze blisko Ciebie, jednocze\u015bnie nie ograniczaj\u0105c oddychalno\u015bci ani swobody Twoich ruch\u00f3w. Aerodynamicznie ukszta\u0142towana twarda pow\u0142oka zmniejsza opory powietrza podczas jazdy z wi\u0119ksz\u0105 pr\u0119dko\u015bci\u0105. Nie tylko jego wygl\u0105d sprawi, \u017ce b\u0119dziesz zauwa\u017cony &#8211; dyskretne, odblaskowe wstawki pomog\u0105 Ci pozosta\u0107 widocznym po zmroku.<\/p>\n<\/div>\n<\/div>\n<\/div>\n<\/div>\n<\/div>\n<div id=\"el-e4c855e5\" class=\"vce-col vce-col--md-47p vce-col--xs-1 vce-col--xs-last vce-col--xs-first vce-col--sm-last vce-col--sm-first vce-col--md-last vce-col--lg-last vce-col--xl-last\">\n<div class=\"vce-col-inner\" data-vce-do-apply=\"border margin background  el-e4c855e5\">\n<div class=\"vce-col-content\" data-vce-element-content=\"true\" data-vce-do-apply=\"padding el-e4c855e5\">\n<div class=\"vce-single-image-container vce-single-image--align-center\">\n<div id=\"el-3e0da6b6\" class=\"vce vce-single-image-wrapper\" data-vce-do-apply=\"all el-3e0da6b6\">\n<figure>\n<div class=\"vce-single-image-figure-inner\">\n<div class=\"vce-single-image-inner vce-single-image--absolute\"><\/div>\n<\/div>\n<\/figure>\n<\/div>\n<\/div>\n<\/div>\n<\/div>\n<\/div>\n","protected":false},"excerpt":{"rendered":"<p>Funkcjonalny plecak motocyklowy AYRO doskonale sprawdzi si\u0119 w czasie motocyklowych przeja\u017cd\u017cek. Jego pojemno\u015b\u0107 24 litr\u00f3w sprawia, \u017ce zabierzesz ze sob\u0105 wszystkie niezb\u0119dne rzeczy. AYRO posiada wiele praktycznych przegr\u00f3dek. Z my\u015bl\u0105 o funkcjonalno\u015bci stworzyli\u015bmy dedykowan\u0105 przegrod\u0119 na laptopa, oddzielne kieszenie na buty oraz zewn\u0119trzn\u0105 kiesze\u0144 z ty\u0142u na drobne rzeczy osobiste. Aby zapewni\u0107 komfortowe i bezpieczne [&hellip;]<\/p>\n","protected":false},"featured_media":15792,"template":"","meta":[],"product_brand":[49],"product_cat":[304],"product_tag":[],"class_list":{"0":"post-15791","1":"product","2":"type-product","3":"status-publish","4":"has-post-thumbnail","6":"product_brand-shima","7":"product_cat-torby-plecaki-kufry","9":"first","10":"instock","11":"taxable","12":"shipping-taxable","13":"purchasable","14":"product-type-simple"},"yoast_head":"<!-- This site is optimized with the Yoast SEO plugin v26.9 - https:\/\/yoast.com\/product\/yoast-seo-wordpress\/ -->\n<title>Plecak motocyklowy Shima Ayro 24L czarny - MOTO-PAWMAR<\/title>\n<meta name=\"robots\" content=\"index, follow, max-snippet:-1, max-image-preview:large, max-video-preview:-1\" \/>\n<link rel=\"canonical\" href=\"https:\/\/moto-pawmar.pl\/?product=plecak-motocyklowy-shima-ayro-24l-czarny\" \/>\n<meta property=\"og:locale\" content=\"pl_PL\" \/>\n<meta property=\"og:type\" content=\"article\" \/>\n<meta property=\"og:title\" content=\"Plecak motocyklowy Shima Ayro 24L czarny - MOTO-PAWMAR\" \/>\n<meta property=\"og:description\" content=\"Funkcjonalny plecak motocyklowy AYRO doskonale sprawdzi si\u0119 w czasie motocyklowych przeja\u017cd\u017cek. Jego pojemno\u015b\u0107 24 litr\u00f3w sprawia, \u017ce zabierzesz ze sob\u0105 wszystkie niezb\u0119dne rzeczy. AYRO posiada wiele praktycznych przegr\u00f3dek. Z my\u015bl\u0105 o funkcjonalno\u015bci stworzyli\u015bmy dedykowan\u0105 przegrod\u0119 na laptopa, oddzielne kieszenie na buty oraz zewn\u0119trzn\u0105 kiesze\u0144 z ty\u0142u na drobne rzeczy osobiste. Aby zapewni\u0107 komfortowe i bezpieczne [&hellip;]\" \/>\n<meta property=\"og:url\" content=\"https:\/\/moto-pawmar.pl\/?product=plecak-motocyklowy-shima-ayro-24l-czarny\" \/>\n<meta property=\"og:site_name\" content=\"MOTO-PAWMAR\" \/>\n<meta property=\"article:publisher\" content=\"https:\/\/www.facebook.com\/motopawmar\/?locale=pl_PL\" \/>\n<meta property=\"og:image\" content=\"https:\/\/moto-pawmar.pl\/wp-content\/uploads\/2026\/02\/ayro-backpack.webp\" \/>\n\t<meta property=\"og:image:width\" content=\"800\" \/>\n\t<meta property=\"og:image:height\" content=\"800\" \/>\n\t<meta property=\"og:image:type\" content=\"image\/webp\" \/>\n<meta name=\"twitter:card\" content=\"summary_large_image\" \/>\n<meta name=\"twitter:label1\" content=\"Szacowany czas czytania\" \/>\n\t<meta name=\"twitter:data1\" content=\"2 minuty\" \/>\n<script type=\"application\/ld+json\" class=\"yoast-schema-graph\">{\"@context\":\"https:\/\/schema.org\",\"@graph\":[{\"@type\":\"WebPage\",\"@id\":\"https:\/\/moto-pawmar.pl\/?product=plecak-motocyklowy-shima-ayro-24l-czarny\",\"url\":\"https:\/\/moto-pawmar.pl\/?product=plecak-motocyklowy-shima-ayro-24l-czarny\",\"name\":\"Plecak motocyklowy Shima Ayro 24L czarny - MOTO-PAWMAR\",\"isPartOf\":{\"@id\":\"https:\/\/moto-pawmar.pl\/#website\"},\"primaryImageOfPage\":{\"@id\":\"https:\/\/moto-pawmar.pl\/?product=plecak-motocyklowy-shima-ayro-24l-czarny#primaryimage\"},\"image\":{\"@id\":\"https:\/\/moto-pawmar.pl\/?product=plecak-motocyklowy-shima-ayro-24l-czarny#primaryimage\"},\"thumbnailUrl\":\"https:\/\/moto-pawmar.pl\/wp-content\/uploads\/2026\/02\/ayro-backpack.webp\",\"datePublished\":\"2026-02-04T10:52:06+00:00\",\"breadcrumb\":{\"@id\":\"https:\/\/moto-pawmar.pl\/?product=plecak-motocyklowy-shima-ayro-24l-czarny#breadcrumb\"},\"inLanguage\":\"pl-PL\",\"potentialAction\":[{\"@type\":\"ReadAction\",\"target\":[\"https:\/\/moto-pawmar.pl\/?product=plecak-motocyklowy-shima-ayro-24l-czarny\"]}]},{\"@type\":\"ImageObject\",\"inLanguage\":\"pl-PL\",\"@id\":\"https:\/\/moto-pawmar.pl\/?product=plecak-motocyklowy-shima-ayro-24l-czarny#primaryimage\",\"url\":\"https:\/\/moto-pawmar.pl\/wp-content\/uploads\/2026\/02\/ayro-backpack.webp\",\"contentUrl\":\"https:\/\/moto-pawmar.pl\/wp-content\/uploads\/2026\/02\/ayro-backpack.webp\",\"width\":800,\"height\":800},{\"@type\":\"BreadcrumbList\",\"@id\":\"https:\/\/moto-pawmar.pl\/?product=plecak-motocyklowy-shima-ayro-24l-czarny#breadcrumb\",\"itemListElement\":[{\"@type\":\"ListItem\",\"position\":1,\"name\":\"Strona g\u0142\u00f3wna\",\"item\":\"https:\/\/moto-pawmar.pl\/\"},{\"@type\":\"ListItem\",\"position\":2,\"name\":\"Sklep Internetowy\",\"item\":\"https:\/\/moto-pawmar.pl\/?page_id=367\"},{\"@type\":\"ListItem\",\"position\":3,\"name\":\"Plecak motocyklowy Shima Ayro 24L czarny\"}]},{\"@type\":\"WebSite\",\"@id\":\"https:\/\/moto-pawmar.pl\/#website\",\"url\":\"https:\/\/moto-pawmar.pl\/\",\"name\":\"MOTO-PAWMAR\",\"description\":\"MOTO\u2011PAWMAR \u2013 Tw\u00f3j sklep z cz\u0119\u015bciami i akcesoriami do motocykli, skuter\u00f3w i quad\u00f3w.\",\"publisher\":{\"@id\":\"https:\/\/moto-pawmar.pl\/#organization\"},\"potentialAction\":[{\"@type\":\"SearchAction\",\"target\":{\"@type\":\"EntryPoint\",\"urlTemplate\":\"https:\/\/moto-pawmar.pl\/?s={search_term_string}\"},\"query-input\":{\"@type\":\"PropertyValueSpecification\",\"valueRequired\":true,\"valueName\":\"search_term_string\"}}],\"inLanguage\":\"pl-PL\"},{\"@type\":\"Organization\",\"@id\":\"https:\/\/moto-pawmar.pl\/#organization\",\"name\":\"MOTO-PAWMAR\",\"url\":\"https:\/\/moto-pawmar.pl\/\",\"logo\":{\"@type\":\"ImageObject\",\"inLanguage\":\"pl-PL\",\"@id\":\"https:\/\/moto-pawmar.pl\/#\/schema\/logo\/image\/\",\"url\":\"https:\/\/moto-pawmar.pl\/wp-content\/uploads\/2025\/10\/LOGO-SKLEP.png\",\"contentUrl\":\"https:\/\/moto-pawmar.pl\/wp-content\/uploads\/2025\/10\/LOGO-SKLEP.png\",\"width\":2480,\"height\":2053,\"caption\":\"MOTO-PAWMAR\"},\"image\":{\"@id\":\"https:\/\/moto-pawmar.pl\/#\/schema\/logo\/image\/\"},\"sameAs\":[\"https:\/\/www.facebook.com\/motopawmar\/?locale=pl_PL\"]}]}<\/script>\n<!-- \/ Yoast SEO plugin. -->","yoast_head_json":{"title":"Plecak motocyklowy Shima Ayro 24L czarny - MOTO-PAWMAR","robots":{"index":"index","follow":"follow","max-snippet":"max-snippet:-1","max-image-preview":"max-image-preview:large","max-video-preview":"max-video-preview:-1"},"canonical":"https:\/\/moto-pawmar.pl\/?product=plecak-motocyklowy-shima-ayro-24l-czarny","og_locale":"pl_PL","og_type":"article","og_title":"Plecak motocyklowy Shima Ayro 24L czarny - MOTO-PAWMAR","og_description":"Funkcjonalny plecak motocyklowy AYRO doskonale sprawdzi si\u0119 w czasie motocyklowych przeja\u017cd\u017cek. Jego pojemno\u015b\u0107 24 litr\u00f3w sprawia, \u017ce zabierzesz ze sob\u0105 wszystkie niezb\u0119dne rzeczy. AYRO posiada wiele praktycznych przegr\u00f3dek. Z my\u015bl\u0105 o funkcjonalno\u015bci stworzyli\u015bmy dedykowan\u0105 przegrod\u0119 na laptopa, oddzielne kieszenie na buty oraz zewn\u0119trzn\u0105 kiesze\u0144 z ty\u0142u na drobne rzeczy osobiste. Aby zapewni\u0107 komfortowe i bezpieczne [&hellip;]","og_url":"https:\/\/moto-pawmar.pl\/?product=plecak-motocyklowy-shima-ayro-24l-czarny","og_site_name":"MOTO-PAWMAR","article_publisher":"https:\/\/www.facebook.com\/motopawmar\/?locale=pl_PL","og_image":[{"width":800,"height":800,"url":"https:\/\/moto-pawmar.pl\/wp-content\/uploads\/2026\/02\/ayro-backpack.webp","type":"image\/webp"}],"twitter_card":"summary_large_image","twitter_misc":{"Szacowany czas czytania":"2 minuty"},"schema":{"@context":"https:\/\/schema.org","@graph":[{"@type":"WebPage","@id":"https:\/\/moto-pawmar.pl\/?product=plecak-motocyklowy-shima-ayro-24l-czarny","url":"https:\/\/moto-pawmar.pl\/?product=plecak-motocyklowy-shima-ayro-24l-czarny","name":"Plecak motocyklowy Shima Ayro 24L czarny - MOTO-PAWMAR","isPartOf":{"@id":"https:\/\/moto-pawmar.pl\/#website"},"primaryImageOfPage":{"@id":"https:\/\/moto-pawmar.pl\/?product=plecak-motocyklowy-shima-ayro-24l-czarny#primaryimage"},"image":{"@id":"https:\/\/moto-pawmar.pl\/?product=plecak-motocyklowy-shima-ayro-24l-czarny#primaryimage"},"thumbnailUrl":"https:\/\/moto-pawmar.pl\/wp-content\/uploads\/2026\/02\/ayro-backpack.webp","datePublished":"2026-02-04T10:52:06+00:00","breadcrumb":{"@id":"https:\/\/moto-pawmar.pl\/?product=plecak-motocyklowy-shima-ayro-24l-czarny#breadcrumb"},"inLanguage":"pl-PL","potentialAction":[{"@type":"ReadAction","target":["https:\/\/moto-pawmar.pl\/?product=plecak-motocyklowy-shima-ayro-24l-czarny"]}]},{"@type":"ImageObject","inLanguage":"pl-PL","@id":"https:\/\/moto-pawmar.pl\/?product=plecak-motocyklowy-shima-ayro-24l-czarny#primaryimage","url":"https:\/\/moto-pawmar.pl\/wp-content\/uploads\/2026\/02\/ayro-backpack.webp","contentUrl":"https:\/\/moto-pawmar.pl\/wp-content\/uploads\/2026\/02\/ayro-backpack.webp","width":800,"height":800},{"@type":"BreadcrumbList","@id":"https:\/\/moto-pawmar.pl\/?product=plecak-motocyklowy-shima-ayro-24l-czarny#breadcrumb","itemListElement":[{"@type":"ListItem","position":1,"name":"Strona g\u0142\u00f3wna","item":"https:\/\/moto-pawmar.pl\/"},{"@type":"ListItem","position":2,"name":"Sklep Internetowy","item":"https:\/\/moto-pawmar.pl\/?page_id=367"},{"@type":"ListItem","position":3,"name":"Plecak motocyklowy Shima Ayro 24L czarny"}]},{"@type":"WebSite","@id":"https:\/\/moto-pawmar.pl\/#website","url":"https:\/\/moto-pawmar.pl\/","name":"MOTO-PAWMAR","description":"MOTO\u2011PAWMAR \u2013 Tw\u00f3j sklep z cz\u0119\u015bciami i akcesoriami do motocykli, skuter\u00f3w i quad\u00f3w.","publisher":{"@id":"https:\/\/moto-pawmar.pl\/#organization"},"potentialAction":[{"@type":"SearchAction","target":{"@type":"EntryPoint","urlTemplate":"https:\/\/moto-pawmar.pl\/?s={search_term_string}"},"query-input":{"@type":"PropertyValueSpecification","valueRequired":true,"valueName":"search_term_string"}}],"inLanguage":"pl-PL"},{"@type":"Organization","@id":"https:\/\/moto-pawmar.pl\/#organization","name":"MOTO-PAWMAR","url":"https:\/\/moto-pawmar.pl\/","logo":{"@type":"ImageObject","inLanguage":"pl-PL","@id":"https:\/\/moto-pawmar.pl\/#\/schema\/logo\/image\/","url":"https:\/\/moto-pawmar.pl\/wp-content\/uploads\/2025\/10\/LOGO-SKLEP.png","contentUrl":"https:\/\/moto-pawmar.pl\/wp-content\/uploads\/2025\/10\/LOGO-SKLEP.png","width":2480,"height":2053,"caption":"MOTO-PAWMAR"},"image":{"@id":"https:\/\/moto-pawmar.pl\/#\/schema\/logo\/image\/"},"sameAs":["https:\/\/www.facebook.com\/motopawmar\/?locale=pl_PL"]}]}},"_links":{"self":[{"href":"https:\/\/moto-pawmar.pl\/index.php?rest_route=\/wp\/v2\/product\/15791","targetHints":{"allow":["GET"]}}],"collection":[{"href":"https:\/\/moto-pawmar.pl\/index.php?rest_route=\/wp\/v2\/product"}],"about":[{"href":"https:\/\/moto-pawmar.pl\/index.php?rest_route=\/wp\/v2\/types\/product"}],"wp:featuredmedia":[{"embeddable":true,"href":"https:\/\/moto-pawmar.pl\/index.php?rest_route=\/wp\/v2\/media\/15792"}],"wp:attachment":[{"href":"https:\/\/moto-pawmar.pl\/index.php?rest_route=%2Fwp%2Fv2%2Fmedia&parent=15791"}],"wp:term":[{"taxonomy":"product_brand","embeddable":true,"href":"https:\/\/moto-pawmar.pl\/index.php?rest_route=%2Fwp%2Fv2%2Fproduct_brand&post=15791"},{"taxonomy":"product_cat","embeddable":true,"href":"https:\/\/moto-pawmar.pl\/index.php?rest_route=%2Fwp%2Fv2%2Fproduct_cat&post=15791"},{"taxonomy":"product_tag","embeddable":true,"href":"https:\/\/moto-pawmar.pl\/index.php?rest_route=%2Fwp%2Fv2%2Fproduct_tag&post=15791"}],"curies":[{"name":"wp","href":"https:\/\/api.w.org\/{rel}","templated":true}]}}