{"id":15369,"date":"2026-02-02T15:06:36","date_gmt":"2026-02-02T14:06:36","guid":{"rendered":"https:\/\/moto-pawmar.pl\/?post_type=product&#038;p=15369"},"modified":"2026-02-02T15:09:36","modified_gmt":"2026-02-02T14:09:36","slug":"torba-na-noge-rebelhorn-hip-2-black-grey","status":"publish","type":"product","link":"https:\/\/moto-pawmar.pl\/?product=torba-na-noge-rebelhorn-hip-2-black-grey","title":{"rendered":"Torba Na Nog\u0119 Rebelhorn Hip 2 Black Grey"},"content":{"rendered":"<p>Por\u0119czna, niewielka torba na biodro. Pomie\u015bci najwa\u017cniejsze akcesoria i dokumenty. Odporny na deszcz poliester 1680d. Dwie niezale\u017cne kieszenie, wbudowane wyj\u015bcie na s\u0142uchawki.<\/p>\n<ul>\n<li><b>Materia\u0142:<\/b>\u00a0Poliester<\/li>\n<li>Elementy odblaskowe Reflective zwi\u0119kszaj\u0105ce widoczno\u015b\u0107 motocyklisty<\/li>\n<li>Zamki autolock uniemo\u017cliwiaj\u0105ce samoistne otwarcie kieszeni<\/li>\n<li>Wytrzyma\u0142y i \u0142atwy w czyszczeniu materia\u0142<\/li>\n<li>Neoprenowa kiesze\u0144 zadba o bezpiecze\u0144stwo twojego telefonu<\/li>\n<li>Silikonowy element na torbie umo\u017cliwia utrzymanie torby w sta\u0142ej pozycji na nodze<\/li>\n<\/ul>\n","protected":false},"excerpt":{"rendered":"<p>Por\u0119czna, niewielka torba na biodro. Pomie\u015bci najwa\u017cniejsze akcesoria i dokumenty. Odporny na deszcz poliester 1680d. Dwie niezale\u017cne kieszenie, wbudowane wyj\u015bcie na s\u0142uchawki. Materia\u0142:\u00a0Poliester Elementy odblaskowe Reflective zwi\u0119kszaj\u0105ce widoczno\u015b\u0107 motocyklisty Zamki autolock uniemo\u017cliwiaj\u0105ce samoistne otwarcie kieszeni Wytrzyma\u0142y i \u0142atwy w czyszczeniu materia\u0142 Neoprenowa kiesze\u0144 zadba o bezpiecze\u0144stwo twojego telefonu Silikonowy element na torbie umo\u017cliwia utrzymanie torby [&hellip;]<\/p>\n","protected":false},"featured_media":15384,"template":"","meta":[],"product_brand":[377],"product_cat":[304],"product_tag":[],"class_list":{"0":"post-15369","1":"product","2":"type-product","3":"status-publish","4":"has-post-thumbnail","6":"product_brand-rebelhorn","7":"product_cat-torby-plecaki-kufry","9":"first","10":"instock","11":"taxable","12":"shipping-taxable","13":"purchasable","14":"product-type-variable","15":"has-default-attributes"},"yoast_head":"<!-- This site is optimized with the Yoast SEO plugin v26.9 - https:\/\/yoast.com\/product\/yoast-seo-wordpress\/ -->\n<title>Torba Na Nog\u0119 Rebelhorn Hip 2 Black Grey - MOTO-PAWMAR<\/title>\n<meta name=\"robots\" content=\"index, follow, max-snippet:-1, max-image-preview:large, max-video-preview:-1\" \/>\n<link rel=\"canonical\" href=\"https:\/\/moto-pawmar.pl\/?product=torba-na-noge-rebelhorn-hip-2-black-grey\" \/>\n<meta property=\"og:locale\" content=\"pl_PL\" \/>\n<meta property=\"og:type\" content=\"article\" \/>\n<meta property=\"og:title\" content=\"Torba Na Nog\u0119 Rebelhorn Hip 2 Black Grey - MOTO-PAWMAR\" \/>\n<meta property=\"og:description\" content=\"Por\u0119czna, niewielka torba na biodro. Pomie\u015bci najwa\u017cniejsze akcesoria i dokumenty. Odporny na deszcz poliester 1680d. Dwie niezale\u017cne kieszenie, wbudowane wyj\u015bcie na s\u0142uchawki. Materia\u0142:\u00a0Poliester Elementy odblaskowe Reflective zwi\u0119kszaj\u0105ce widoczno\u015b\u0107 motocyklisty Zamki autolock uniemo\u017cliwiaj\u0105ce samoistne otwarcie kieszeni Wytrzyma\u0142y i \u0142atwy w czyszczeniu materia\u0142 Neoprenowa kiesze\u0144 zadba o bezpiecze\u0144stwo twojego telefonu Silikonowy element na torbie umo\u017cliwia utrzymanie torby [&hellip;]\" \/>\n<meta property=\"og:url\" content=\"https:\/\/moto-pawmar.pl\/?product=torba-na-noge-rebelhorn-hip-2-black-grey\" \/>\n<meta property=\"og:site_name\" content=\"MOTO-PAWMAR\" \/>\n<meta property=\"article:publisher\" content=\"https:\/\/www.facebook.com\/motopawmar\/?locale=pl_PL\" \/>\n<meta property=\"article:modified_time\" content=\"2026-02-02T14:09:36+00:00\" \/>\n<meta property=\"og:image\" content=\"https:\/\/moto-pawmar.pl\/wp-content\/uploads\/2026\/02\/175168_ZAL827348.jpg\" \/>\n\t<meta property=\"og:image:width\" content=\"800\" \/>\n\t<meta property=\"og:image:height\" content=\"800\" \/>\n\t<meta property=\"og:image:type\" content=\"image\/jpeg\" \/>\n<meta name=\"twitter:card\" content=\"summary_large_image\" \/>\n<meta name=\"twitter:label1\" content=\"Szacowany czas czytania\" \/>\n\t<meta name=\"twitter:data1\" content=\"1 minuta\" \/>\n<script type=\"application\/ld+json\" class=\"yoast-schema-graph\">{\"@context\":\"https:\/\/schema.org\",\"@graph\":[{\"@type\":\"WebPage\",\"@id\":\"https:\/\/moto-pawmar.pl\/?product=torba-na-noge-rebelhorn-hip-2-black-grey\",\"url\":\"https:\/\/moto-pawmar.pl\/?product=torba-na-noge-rebelhorn-hip-2-black-grey\",\"name\":\"Torba Na Nog\u0119 Rebelhorn Hip 2 Black Grey - MOTO-PAWMAR\",\"isPartOf\":{\"@id\":\"https:\/\/moto-pawmar.pl\/#website\"},\"primaryImageOfPage\":{\"@id\":\"https:\/\/moto-pawmar.pl\/?product=torba-na-noge-rebelhorn-hip-2-black-grey#primaryimage\"},\"image\":{\"@id\":\"https:\/\/moto-pawmar.pl\/?product=torba-na-noge-rebelhorn-hip-2-black-grey#primaryimage\"},\"thumbnailUrl\":\"https:\/\/moto-pawmar.pl\/wp-content\/uploads\/2026\/02\/175168_ZAL827348.jpg\",\"datePublished\":\"2026-02-02T14:06:36+00:00\",\"dateModified\":\"2026-02-02T14:09:36+00:00\",\"breadcrumb\":{\"@id\":\"https:\/\/moto-pawmar.pl\/?product=torba-na-noge-rebelhorn-hip-2-black-grey#breadcrumb\"},\"inLanguage\":\"pl-PL\",\"potentialAction\":[{\"@type\":\"ReadAction\",\"target\":[\"https:\/\/moto-pawmar.pl\/?product=torba-na-noge-rebelhorn-hip-2-black-grey\"]}]},{\"@type\":\"ImageObject\",\"inLanguage\":\"pl-PL\",\"@id\":\"https:\/\/moto-pawmar.pl\/?product=torba-na-noge-rebelhorn-hip-2-black-grey#primaryimage\",\"url\":\"https:\/\/moto-pawmar.pl\/wp-content\/uploads\/2026\/02\/175168_ZAL827348.jpg\",\"contentUrl\":\"https:\/\/moto-pawmar.pl\/wp-content\/uploads\/2026\/02\/175168_ZAL827348.jpg\",\"width\":800,\"height\":800},{\"@type\":\"BreadcrumbList\",\"@id\":\"https:\/\/moto-pawmar.pl\/?product=torba-na-noge-rebelhorn-hip-2-black-grey#breadcrumb\",\"itemListElement\":[{\"@type\":\"ListItem\",\"position\":1,\"name\":\"Strona g\u0142\u00f3wna\",\"item\":\"https:\/\/moto-pawmar.pl\/\"},{\"@type\":\"ListItem\",\"position\":2,\"name\":\"Sklep Internetowy\",\"item\":\"https:\/\/moto-pawmar.pl\/?page_id=367\"},{\"@type\":\"ListItem\",\"position\":3,\"name\":\"Torba Na Nog\u0119 Rebelhorn Hip 2 Black Grey\"}]},{\"@type\":\"WebSite\",\"@id\":\"https:\/\/moto-pawmar.pl\/#website\",\"url\":\"https:\/\/moto-pawmar.pl\/\",\"name\":\"MOTO-PAWMAR\",\"description\":\"MOTO\u2011PAWMAR \u2013 Tw\u00f3j sklep z cz\u0119\u015bciami i akcesoriami do motocykli, skuter\u00f3w i quad\u00f3w.\",\"publisher\":{\"@id\":\"https:\/\/moto-pawmar.pl\/#organization\"},\"potentialAction\":[{\"@type\":\"SearchAction\",\"target\":{\"@type\":\"EntryPoint\",\"urlTemplate\":\"https:\/\/moto-pawmar.pl\/?s={search_term_string}\"},\"query-input\":{\"@type\":\"PropertyValueSpecification\",\"valueRequired\":true,\"valueName\":\"search_term_string\"}}],\"inLanguage\":\"pl-PL\"},{\"@type\":\"Organization\",\"@id\":\"https:\/\/moto-pawmar.pl\/#organization\",\"name\":\"MOTO-PAWMAR\",\"url\":\"https:\/\/moto-pawmar.pl\/\",\"logo\":{\"@type\":\"ImageObject\",\"inLanguage\":\"pl-PL\",\"@id\":\"https:\/\/moto-pawmar.pl\/#\/schema\/logo\/image\/\",\"url\":\"https:\/\/moto-pawmar.pl\/wp-content\/uploads\/2025\/10\/LOGO-SKLEP.png\",\"contentUrl\":\"https:\/\/moto-pawmar.pl\/wp-content\/uploads\/2025\/10\/LOGO-SKLEP.png\",\"width\":2480,\"height\":2053,\"caption\":\"MOTO-PAWMAR\"},\"image\":{\"@id\":\"https:\/\/moto-pawmar.pl\/#\/schema\/logo\/image\/\"},\"sameAs\":[\"https:\/\/www.facebook.com\/motopawmar\/?locale=pl_PL\"]}]}<\/script>\n<!-- \/ Yoast SEO plugin. -->","yoast_head_json":{"title":"Torba Na Nog\u0119 Rebelhorn Hip 2 Black Grey - MOTO-PAWMAR","robots":{"index":"index","follow":"follow","max-snippet":"max-snippet:-1","max-image-preview":"max-image-preview:large","max-video-preview":"max-video-preview:-1"},"canonical":"https:\/\/moto-pawmar.pl\/?product=torba-na-noge-rebelhorn-hip-2-black-grey","og_locale":"pl_PL","og_type":"article","og_title":"Torba Na Nog\u0119 Rebelhorn Hip 2 Black Grey - MOTO-PAWMAR","og_description":"Por\u0119czna, niewielka torba na biodro. Pomie\u015bci najwa\u017cniejsze akcesoria i dokumenty. Odporny na deszcz poliester 1680d. Dwie niezale\u017cne kieszenie, wbudowane wyj\u015bcie na s\u0142uchawki. Materia\u0142:\u00a0Poliester Elementy odblaskowe Reflective zwi\u0119kszaj\u0105ce widoczno\u015b\u0107 motocyklisty Zamki autolock uniemo\u017cliwiaj\u0105ce samoistne otwarcie kieszeni Wytrzyma\u0142y i \u0142atwy w czyszczeniu materia\u0142 Neoprenowa kiesze\u0144 zadba o bezpiecze\u0144stwo twojego telefonu Silikonowy element na torbie umo\u017cliwia utrzymanie torby [&hellip;]","og_url":"https:\/\/moto-pawmar.pl\/?product=torba-na-noge-rebelhorn-hip-2-black-grey","og_site_name":"MOTO-PAWMAR","article_publisher":"https:\/\/www.facebook.com\/motopawmar\/?locale=pl_PL","article_modified_time":"2026-02-02T14:09:36+00:00","og_image":[{"width":800,"height":800,"url":"https:\/\/moto-pawmar.pl\/wp-content\/uploads\/2026\/02\/175168_ZAL827348.jpg","type":"image\/jpeg"}],"twitter_card":"summary_large_image","twitter_misc":{"Szacowany czas czytania":"1 minuta"},"schema":{"@context":"https:\/\/schema.org","@graph":[{"@type":"WebPage","@id":"https:\/\/moto-pawmar.pl\/?product=torba-na-noge-rebelhorn-hip-2-black-grey","url":"https:\/\/moto-pawmar.pl\/?product=torba-na-noge-rebelhorn-hip-2-black-grey","name":"Torba Na Nog\u0119 Rebelhorn Hip 2 Black Grey - MOTO-PAWMAR","isPartOf":{"@id":"https:\/\/moto-pawmar.pl\/#website"},"primaryImageOfPage":{"@id":"https:\/\/moto-pawmar.pl\/?product=torba-na-noge-rebelhorn-hip-2-black-grey#primaryimage"},"image":{"@id":"https:\/\/moto-pawmar.pl\/?product=torba-na-noge-rebelhorn-hip-2-black-grey#primaryimage"},"thumbnailUrl":"https:\/\/moto-pawmar.pl\/wp-content\/uploads\/2026\/02\/175168_ZAL827348.jpg","datePublished":"2026-02-02T14:06:36+00:00","dateModified":"2026-02-02T14:09:36+00:00","breadcrumb":{"@id":"https:\/\/moto-pawmar.pl\/?product=torba-na-noge-rebelhorn-hip-2-black-grey#breadcrumb"},"inLanguage":"pl-PL","potentialAction":[{"@type":"ReadAction","target":["https:\/\/moto-pawmar.pl\/?product=torba-na-noge-rebelhorn-hip-2-black-grey"]}]},{"@type":"ImageObject","inLanguage":"pl-PL","@id":"https:\/\/moto-pawmar.pl\/?product=torba-na-noge-rebelhorn-hip-2-black-grey#primaryimage","url":"https:\/\/moto-pawmar.pl\/wp-content\/uploads\/2026\/02\/175168_ZAL827348.jpg","contentUrl":"https:\/\/moto-pawmar.pl\/wp-content\/uploads\/2026\/02\/175168_ZAL827348.jpg","width":800,"height":800},{"@type":"BreadcrumbList","@id":"https:\/\/moto-pawmar.pl\/?product=torba-na-noge-rebelhorn-hip-2-black-grey#breadcrumb","itemListElement":[{"@type":"ListItem","position":1,"name":"Strona g\u0142\u00f3wna","item":"https:\/\/moto-pawmar.pl\/"},{"@type":"ListItem","position":2,"name":"Sklep Internetowy","item":"https:\/\/moto-pawmar.pl\/?page_id=367"},{"@type":"ListItem","position":3,"name":"Torba Na Nog\u0119 Rebelhorn Hip 2 Black Grey"}]},{"@type":"WebSite","@id":"https:\/\/moto-pawmar.pl\/#website","url":"https:\/\/moto-pawmar.pl\/","name":"MOTO-PAWMAR","description":"MOTO\u2011PAWMAR \u2013 Tw\u00f3j sklep z cz\u0119\u015bciami i akcesoriami do motocykli, skuter\u00f3w i quad\u00f3w.","publisher":{"@id":"https:\/\/moto-pawmar.pl\/#organization"},"potentialAction":[{"@type":"SearchAction","target":{"@type":"EntryPoint","urlTemplate":"https:\/\/moto-pawmar.pl\/?s={search_term_string}"},"query-input":{"@type":"PropertyValueSpecification","valueRequired":true,"valueName":"search_term_string"}}],"inLanguage":"pl-PL"},{"@type":"Organization","@id":"https:\/\/moto-pawmar.pl\/#organization","name":"MOTO-PAWMAR","url":"https:\/\/moto-pawmar.pl\/","logo":{"@type":"ImageObject","inLanguage":"pl-PL","@id":"https:\/\/moto-pawmar.pl\/#\/schema\/logo\/image\/","url":"https:\/\/moto-pawmar.pl\/wp-content\/uploads\/2025\/10\/LOGO-SKLEP.png","contentUrl":"https:\/\/moto-pawmar.pl\/wp-content\/uploads\/2025\/10\/LOGO-SKLEP.png","width":2480,"height":2053,"caption":"MOTO-PAWMAR"},"image":{"@id":"https:\/\/moto-pawmar.pl\/#\/schema\/logo\/image\/"},"sameAs":["https:\/\/www.facebook.com\/motopawmar\/?locale=pl_PL"]}]}},"_links":{"self":[{"href":"https:\/\/moto-pawmar.pl\/index.php?rest_route=\/wp\/v2\/product\/15369","targetHints":{"allow":["GET"]}}],"collection":[{"href":"https:\/\/moto-pawmar.pl\/index.php?rest_route=\/wp\/v2\/product"}],"about":[{"href":"https:\/\/moto-pawmar.pl\/index.php?rest_route=\/wp\/v2\/types\/product"}],"wp:featuredmedia":[{"embeddable":true,"href":"https:\/\/moto-pawmar.pl\/index.php?rest_route=\/wp\/v2\/media\/15384"}],"wp:attachment":[{"href":"https:\/\/moto-pawmar.pl\/index.php?rest_route=%2Fwp%2Fv2%2Fmedia&parent=15369"}],"wp:term":[{"taxonomy":"product_brand","embeddable":true,"href":"https:\/\/moto-pawmar.pl\/index.php?rest_route=%2Fwp%2Fv2%2Fproduct_brand&post=15369"},{"taxonomy":"product_cat","embeddable":true,"href":"https:\/\/moto-pawmar.pl\/index.php?rest_route=%2Fwp%2Fv2%2Fproduct_cat&post=15369"},{"taxonomy":"product_tag","embeddable":true,"href":"https:\/\/moto-pawmar.pl\/index.php?rest_route=%2Fwp%2Fv2%2Fproduct_tag&post=15369"}],"curies":[{"name":"wp","href":"https:\/\/api.w.org\/{rel}","templated":true}]}}