{"id":14011,"date":"2026-01-29T09:39:49","date_gmt":"2026-01-29T08:39:49","guid":{"rendered":"https:\/\/moto-pawmar.pl\/?product=zestaw-zabezpieczajacy-motocykl-sw-motech-ktm-adventure-models"},"modified":"2026-01-29T09:39:49","modified_gmt":"2026-01-29T08:39:49","slug":"zestaw-zabezpieczajacy-motocykl-sw-motech-ktm-adventure-models","status":"publish","type":"product","link":"https:\/\/moto-pawmar.pl\/?product=zestaw-zabezpieczajacy-motocykl-sw-motech-ktm-adventure-models","title":{"rendered":"ZESTAW ZABEZPIECZAJ\u0104CY MOTOCYKL SW-MOTECH KTM ADVENTURE MODELS"},"content":{"rendered":"<p>Zestaw os\u0142on dedykowanych dla motocykli KTM od SW-Motech zapewni niezb\u0119dn\u0105 ochron\u0119 najwa\u017cniejszych komponent\u00f3w nawet w najbardziej ekstremalnych warunkach.<\/p>\n<p>&#xa0;<\/p>\n<p>Przystosowane do monta\u017cu na oryginalnych punktach i idealnie dopasowane.<\/p>\n<p>Os\u0142ona pompy hamulcowej<\/p>\n<p>&#8211; wycinana laserowo<\/p>\n<p>&#8211; aluminium wysokiej jako\u015bci<\/p>\n<p>Os\u0142ona \u0142a\u0144cucha<\/p>\n<p>&#8211; wykonana z wytrzyma\u0142ego aluminium<\/p>\n<p>&#8211; prosty monta\u017c<\/p>\n<p>&#8211; powierzchnia: malowana proszkowo<\/p>\n<p>&#8211; kolor czarny<\/p>\n<p>&#8211; waga ca\u0142kowita: ok.&#xa0;0,2 kg \/ ok.&#xa0;0,5 funta<\/p>\n<p>Os\u0142ona&#xa0;nie jest kompatybilna z panelami bocznymi KTM Powerpart<\/p>\n<p>Os\u0142ona zbiornika p\u0142ynu hamulcowego<\/p>\n<p>&#8211; wykonana z aluminium,<\/p>\n<p>&#8211; zapobiega przypadkowemu zdj\u0119ciu pokrywy<\/p>\n<p>&#8211; lakierowana proszkowo,<\/p>\n<p>&#8211; kolor: czarny<\/p>\n<p>Os\u0142ona si\u0142ownika sprz\u0119g\u0142a<\/p>\n<p>&#8211; wykonana z aluminium<\/p>\n<p>&#8211; materia\u0142: aluminium<\/p>\n<p>&#8211; powierzchnia: anodowana<\/p>\n<p>&#8211; kolor: srebrny<\/p>\n<p>&#8211; waga ca\u0142kowita: ok.&#xa0;0,1 kg \/ ok.&#xa0;0,2 funta<\/p>\n<p>&#8211; mo\u017cliwo\u015b\u0107 monta\u017cu z oryginalnym gmolem SW-MOTECH.<\/p>\n<p>Zestaw zawiera:<\/p>\n<p>&#8211; 1 x os\u0142ona pompy hamulcowej<\/p>\n<p>&#8211; 1 x przed\u0142u\u017cenie os\u0142ony \u0142a\u0144cucha<\/p>\n<p>&#8211; 1 x os\u0142ona zbiornika p\u0142ynu hamulcowego<\/p>\n<p>&#8211; 1 x os\u0142ona si\u0142ownika sprz\u0119g\u0142a<\/p>\n<p>&#8211; Materia\u0142 monta\u017cowy<\/p>\n<p>&#8211; Instrukcja monta\u017cu<\/p>\n<p>&#xa0;<\/p>\n<p>&#xa0;<\/p>\n","protected":false},"excerpt":{"rendered":"<p>Zestaw os\u0142on dedykowanych dla motocykli KTM od SW-Motech zapewni niezb\u0119dn\u0105 ochron\u0119 najwa\u017cniejszych komponent\u00f3w nawet w najbardziej ekstremalnych warunkach. &#xa0; Przystosowane do monta\u017cu na oryginalnych punktach i idealnie dopasowane. Os\u0142ona pompy hamulcowej &#8211; wycinana laserowo &#8211; aluminium wysokiej jako\u015bci Os\u0142ona \u0142a\u0144cucha &#8211; wykonana z wytrzyma\u0142ego aluminium &#8211; prosty monta\u017c &#8211; powierzchnia: malowana proszkowo &#8211; kolor czarny [&hellip;]<\/p>\n","protected":false},"featured_media":14010,"template":"","meta":[],"product_brand":[386],"product_cat":[390],"product_tag":[],"class_list":{"0":"post-14011","1":"product","2":"type-product","3":"status-publish","4":"has-post-thumbnail","6":"product_brand-sw-motech","7":"product_cat-akcesoria-sw-motech-2","9":"first","10":"onbackorder","11":"taxable","12":"shipping-taxable","13":"purchasable","14":"product-type-simple"},"yoast_head":"<!-- This site is optimized with the Yoast SEO plugin v26.9 - https:\/\/yoast.com\/product\/yoast-seo-wordpress\/ -->\n<title>ZESTAW ZABEZPIECZAJ\u0104CY MOTOCYKL SW-MOTECH KTM ADVENTURE MODELS - MOTO-PAWMAR<\/title>\n<meta name=\"robots\" content=\"index, follow, max-snippet:-1, max-image-preview:large, max-video-preview:-1\" \/>\n<link rel=\"canonical\" href=\"https:\/\/moto-pawmar.pl\/?product=zestaw-zabezpieczajacy-motocykl-sw-motech-ktm-adventure-models\" \/>\n<meta property=\"og:locale\" content=\"pl_PL\" \/>\n<meta property=\"og:type\" content=\"article\" \/>\n<meta property=\"og:title\" content=\"ZESTAW ZABEZPIECZAJ\u0104CY MOTOCYKL SW-MOTECH KTM ADVENTURE MODELS - MOTO-PAWMAR\" \/>\n<meta property=\"og:description\" content=\"Zestaw os\u0142on dedykowanych dla motocykli KTM od SW-Motech zapewni niezb\u0119dn\u0105 ochron\u0119 najwa\u017cniejszych komponent\u00f3w nawet w najbardziej ekstremalnych warunkach. &#xa0; Przystosowane do monta\u017cu na oryginalnych punktach i idealnie dopasowane. Os\u0142ona pompy hamulcowej &#8211; wycinana laserowo &#8211; aluminium wysokiej jako\u015bci Os\u0142ona \u0142a\u0144cucha &#8211; wykonana z wytrzyma\u0142ego aluminium &#8211; prosty monta\u017c &#8211; powierzchnia: malowana proszkowo &#8211; kolor czarny [&hellip;]\" \/>\n<meta property=\"og:url\" content=\"https:\/\/moto-pawmar.pl\/?product=zestaw-zabezpieczajacy-motocykl-sw-motech-ktm-adventure-models\" \/>\n<meta property=\"og:site_name\" content=\"MOTO-PAWMAR\" \/>\n<meta property=\"article:publisher\" content=\"https:\/\/www.facebook.com\/motopawmar\/?locale=pl_PL\" \/>\n<meta name=\"twitter:card\" content=\"summary_large_image\" \/>\n<meta name=\"twitter:label1\" content=\"Szacowany czas czytania\" \/>\n\t<meta name=\"twitter:data1\" content=\"1 minuta\" \/>\n<script type=\"application\/ld+json\" class=\"yoast-schema-graph\">{\"@context\":\"https:\/\/schema.org\",\"@graph\":[{\"@type\":\"WebPage\",\"@id\":\"https:\/\/moto-pawmar.pl\/?product=zestaw-zabezpieczajacy-motocykl-sw-motech-ktm-adventure-models\",\"url\":\"https:\/\/moto-pawmar.pl\/?product=zestaw-zabezpieczajacy-motocykl-sw-motech-ktm-adventure-models\",\"name\":\"ZESTAW ZABEZPIECZAJ\u0104CY MOTOCYKL SW-MOTECH KTM ADVENTURE MODELS - MOTO-PAWMAR\",\"isPartOf\":{\"@id\":\"https:\/\/moto-pawmar.pl\/#website\"},\"primaryImageOfPage\":{\"@id\":\"https:\/\/moto-pawmar.pl\/?product=zestaw-zabezpieczajacy-motocykl-sw-motech-ktm-adventure-models#primaryimage\"},\"image\":{\"@id\":\"https:\/\/moto-pawmar.pl\/?product=zestaw-zabezpieczajacy-motocykl-sw-motech-ktm-adventure-models#primaryimage\"},\"thumbnailUrl\":\"https:\/\/moto-pawmar.pl\/wp-content\/uploads\/2026\/01\/340735_ZAL769186.jpg\",\"datePublished\":\"2026-01-29T08:39:49+00:00\",\"breadcrumb\":{\"@id\":\"https:\/\/moto-pawmar.pl\/?product=zestaw-zabezpieczajacy-motocykl-sw-motech-ktm-adventure-models#breadcrumb\"},\"inLanguage\":\"pl-PL\",\"potentialAction\":[{\"@type\":\"ReadAction\",\"target\":[\"https:\/\/moto-pawmar.pl\/?product=zestaw-zabezpieczajacy-motocykl-sw-motech-ktm-adventure-models\"]}]},{\"@type\":\"ImageObject\",\"inLanguage\":\"pl-PL\",\"@id\":\"https:\/\/moto-pawmar.pl\/?product=zestaw-zabezpieczajacy-motocykl-sw-motech-ktm-adventure-models#primaryimage\",\"url\":\"https:\/\/moto-pawmar.pl\/wp-content\/uploads\/2026\/01\/340735_ZAL769186.jpg\",\"contentUrl\":\"https:\/\/moto-pawmar.pl\/wp-content\/uploads\/2026\/01\/340735_ZAL769186.jpg\",\"width\":600,\"height\":400},{\"@type\":\"BreadcrumbList\",\"@id\":\"https:\/\/moto-pawmar.pl\/?product=zestaw-zabezpieczajacy-motocykl-sw-motech-ktm-adventure-models#breadcrumb\",\"itemListElement\":[{\"@type\":\"ListItem\",\"position\":1,\"name\":\"Strona g\u0142\u00f3wna\",\"item\":\"https:\/\/moto-pawmar.pl\/\"},{\"@type\":\"ListItem\",\"position\":2,\"name\":\"Sklep Internetowy\",\"item\":\"https:\/\/moto-pawmar.pl\/?page_id=367\"},{\"@type\":\"ListItem\",\"position\":3,\"name\":\"ZESTAW ZABEZPIECZAJ\u0104CY MOTOCYKL SW-MOTECH KTM ADVENTURE MODELS\"}]},{\"@type\":\"WebSite\",\"@id\":\"https:\/\/moto-pawmar.pl\/#website\",\"url\":\"https:\/\/moto-pawmar.pl\/\",\"name\":\"MOTO-PAWMAR\",\"description\":\"MOTO\u2011PAWMAR \u2013 Tw\u00f3j sklep z cz\u0119\u015bciami i akcesoriami do motocykli, skuter\u00f3w i quad\u00f3w.\",\"publisher\":{\"@id\":\"https:\/\/moto-pawmar.pl\/#organization\"},\"potentialAction\":[{\"@type\":\"SearchAction\",\"target\":{\"@type\":\"EntryPoint\",\"urlTemplate\":\"https:\/\/moto-pawmar.pl\/?s={search_term_string}\"},\"query-input\":{\"@type\":\"PropertyValueSpecification\",\"valueRequired\":true,\"valueName\":\"search_term_string\"}}],\"inLanguage\":\"pl-PL\"},{\"@type\":\"Organization\",\"@id\":\"https:\/\/moto-pawmar.pl\/#organization\",\"name\":\"MOTO-PAWMAR\",\"url\":\"https:\/\/moto-pawmar.pl\/\",\"logo\":{\"@type\":\"ImageObject\",\"inLanguage\":\"pl-PL\",\"@id\":\"https:\/\/moto-pawmar.pl\/#\/schema\/logo\/image\/\",\"url\":\"https:\/\/moto-pawmar.pl\/wp-content\/uploads\/2025\/10\/LOGO-SKLEP.png\",\"contentUrl\":\"https:\/\/moto-pawmar.pl\/wp-content\/uploads\/2025\/10\/LOGO-SKLEP.png\",\"width\":2480,\"height\":2053,\"caption\":\"MOTO-PAWMAR\"},\"image\":{\"@id\":\"https:\/\/moto-pawmar.pl\/#\/schema\/logo\/image\/\"},\"sameAs\":[\"https:\/\/www.facebook.com\/motopawmar\/?locale=pl_PL\"]}]}<\/script>\n<!-- \/ Yoast SEO plugin. -->","yoast_head_json":{"title":"ZESTAW ZABEZPIECZAJ\u0104CY MOTOCYKL SW-MOTECH KTM ADVENTURE MODELS - MOTO-PAWMAR","robots":{"index":"index","follow":"follow","max-snippet":"max-snippet:-1","max-image-preview":"max-image-preview:large","max-video-preview":"max-video-preview:-1"},"canonical":"https:\/\/moto-pawmar.pl\/?product=zestaw-zabezpieczajacy-motocykl-sw-motech-ktm-adventure-models","og_locale":"pl_PL","og_type":"article","og_title":"ZESTAW ZABEZPIECZAJ\u0104CY MOTOCYKL SW-MOTECH KTM ADVENTURE MODELS - MOTO-PAWMAR","og_description":"Zestaw os\u0142on dedykowanych dla motocykli KTM od SW-Motech zapewni niezb\u0119dn\u0105 ochron\u0119 najwa\u017cniejszych komponent\u00f3w nawet w najbardziej ekstremalnych warunkach. &#xa0; Przystosowane do monta\u017cu na oryginalnych punktach i idealnie dopasowane. Os\u0142ona pompy hamulcowej &#8211; wycinana laserowo &#8211; aluminium wysokiej jako\u015bci Os\u0142ona \u0142a\u0144cucha &#8211; wykonana z wytrzyma\u0142ego aluminium &#8211; prosty monta\u017c &#8211; powierzchnia: malowana proszkowo &#8211; kolor czarny [&hellip;]","og_url":"https:\/\/moto-pawmar.pl\/?product=zestaw-zabezpieczajacy-motocykl-sw-motech-ktm-adventure-models","og_site_name":"MOTO-PAWMAR","article_publisher":"https:\/\/www.facebook.com\/motopawmar\/?locale=pl_PL","twitter_card":"summary_large_image","twitter_misc":{"Szacowany czas czytania":"1 minuta"},"schema":{"@context":"https:\/\/schema.org","@graph":[{"@type":"WebPage","@id":"https:\/\/moto-pawmar.pl\/?product=zestaw-zabezpieczajacy-motocykl-sw-motech-ktm-adventure-models","url":"https:\/\/moto-pawmar.pl\/?product=zestaw-zabezpieczajacy-motocykl-sw-motech-ktm-adventure-models","name":"ZESTAW ZABEZPIECZAJ\u0104CY MOTOCYKL SW-MOTECH KTM ADVENTURE MODELS - MOTO-PAWMAR","isPartOf":{"@id":"https:\/\/moto-pawmar.pl\/#website"},"primaryImageOfPage":{"@id":"https:\/\/moto-pawmar.pl\/?product=zestaw-zabezpieczajacy-motocykl-sw-motech-ktm-adventure-models#primaryimage"},"image":{"@id":"https:\/\/moto-pawmar.pl\/?product=zestaw-zabezpieczajacy-motocykl-sw-motech-ktm-adventure-models#primaryimage"},"thumbnailUrl":"https:\/\/moto-pawmar.pl\/wp-content\/uploads\/2026\/01\/340735_ZAL769186.jpg","datePublished":"2026-01-29T08:39:49+00:00","breadcrumb":{"@id":"https:\/\/moto-pawmar.pl\/?product=zestaw-zabezpieczajacy-motocykl-sw-motech-ktm-adventure-models#breadcrumb"},"inLanguage":"pl-PL","potentialAction":[{"@type":"ReadAction","target":["https:\/\/moto-pawmar.pl\/?product=zestaw-zabezpieczajacy-motocykl-sw-motech-ktm-adventure-models"]}]},{"@type":"ImageObject","inLanguage":"pl-PL","@id":"https:\/\/moto-pawmar.pl\/?product=zestaw-zabezpieczajacy-motocykl-sw-motech-ktm-adventure-models#primaryimage","url":"https:\/\/moto-pawmar.pl\/wp-content\/uploads\/2026\/01\/340735_ZAL769186.jpg","contentUrl":"https:\/\/moto-pawmar.pl\/wp-content\/uploads\/2026\/01\/340735_ZAL769186.jpg","width":600,"height":400},{"@type":"BreadcrumbList","@id":"https:\/\/moto-pawmar.pl\/?product=zestaw-zabezpieczajacy-motocykl-sw-motech-ktm-adventure-models#breadcrumb","itemListElement":[{"@type":"ListItem","position":1,"name":"Strona g\u0142\u00f3wna","item":"https:\/\/moto-pawmar.pl\/"},{"@type":"ListItem","position":2,"name":"Sklep Internetowy","item":"https:\/\/moto-pawmar.pl\/?page_id=367"},{"@type":"ListItem","position":3,"name":"ZESTAW ZABEZPIECZAJ\u0104CY MOTOCYKL SW-MOTECH KTM ADVENTURE MODELS"}]},{"@type":"WebSite","@id":"https:\/\/moto-pawmar.pl\/#website","url":"https:\/\/moto-pawmar.pl\/","name":"MOTO-PAWMAR","description":"MOTO\u2011PAWMAR \u2013 Tw\u00f3j sklep z cz\u0119\u015bciami i akcesoriami do motocykli, skuter\u00f3w i quad\u00f3w.","publisher":{"@id":"https:\/\/moto-pawmar.pl\/#organization"},"potentialAction":[{"@type":"SearchAction","target":{"@type":"EntryPoint","urlTemplate":"https:\/\/moto-pawmar.pl\/?s={search_term_string}"},"query-input":{"@type":"PropertyValueSpecification","valueRequired":true,"valueName":"search_term_string"}}],"inLanguage":"pl-PL"},{"@type":"Organization","@id":"https:\/\/moto-pawmar.pl\/#organization","name":"MOTO-PAWMAR","url":"https:\/\/moto-pawmar.pl\/","logo":{"@type":"ImageObject","inLanguage":"pl-PL","@id":"https:\/\/moto-pawmar.pl\/#\/schema\/logo\/image\/","url":"https:\/\/moto-pawmar.pl\/wp-content\/uploads\/2025\/10\/LOGO-SKLEP.png","contentUrl":"https:\/\/moto-pawmar.pl\/wp-content\/uploads\/2025\/10\/LOGO-SKLEP.png","width":2480,"height":2053,"caption":"MOTO-PAWMAR"},"image":{"@id":"https:\/\/moto-pawmar.pl\/#\/schema\/logo\/image\/"},"sameAs":["https:\/\/www.facebook.com\/motopawmar\/?locale=pl_PL"]}]}},"_links":{"self":[{"href":"https:\/\/moto-pawmar.pl\/index.php?rest_route=\/wp\/v2\/product\/14011","targetHints":{"allow":["GET"]}}],"collection":[{"href":"https:\/\/moto-pawmar.pl\/index.php?rest_route=\/wp\/v2\/product"}],"about":[{"href":"https:\/\/moto-pawmar.pl\/index.php?rest_route=\/wp\/v2\/types\/product"}],"wp:featuredmedia":[{"embeddable":true,"href":"https:\/\/moto-pawmar.pl\/index.php?rest_route=\/wp\/v2\/media\/14010"}],"wp:attachment":[{"href":"https:\/\/moto-pawmar.pl\/index.php?rest_route=%2Fwp%2Fv2%2Fmedia&parent=14011"}],"wp:term":[{"taxonomy":"product_brand","embeddable":true,"href":"https:\/\/moto-pawmar.pl\/index.php?rest_route=%2Fwp%2Fv2%2Fproduct_brand&post=14011"},{"taxonomy":"product_cat","embeddable":true,"href":"https:\/\/moto-pawmar.pl\/index.php?rest_route=%2Fwp%2Fv2%2Fproduct_cat&post=14011"},{"taxonomy":"product_tag","embeddable":true,"href":"https:\/\/moto-pawmar.pl\/index.php?rest_route=%2Fwp%2Fv2%2Fproduct_tag&post=14011"}],"curies":[{"name":"wp","href":"https:\/\/api.w.org\/{rel}","templated":true}]}}