{"id":13955,"date":"2026-01-29T09:39:38","date_gmt":"2026-01-29T08:39:38","guid":{"rendered":"https:\/\/moto-pawmar.pl\/?product=zestaw-zabezpieczajacy-motocykl-adventure-sw-motech-aprilia-tuareg-660-21"},"modified":"2026-01-29T09:39:38","modified_gmt":"2026-01-29T08:39:38","slug":"zestaw-zabezpieczajacy-motocykl-adventure-sw-motech-aprilia-tuareg-660-21","status":"publish","type":"product","link":"https:\/\/moto-pawmar.pl\/?product=zestaw-zabezpieczajacy-motocykl-adventure-sw-motech-aprilia-tuareg-660-21","title":{"rendered":"ZESTAW ZABEZPIECZAJ\u0104CY MOTOCYKL ADVENTURE SW-MOTECH APRILIA TUAREG 660 (21-)"},"content":{"rendered":"<p>Z pakietem SW \u2013 Motech Adventure tw\u00f3j motocykl b\u0119dzie gotowy na ka\u017cd\u0105 przygod\u0119. Nasz pakiet zosta\u0142 zaprojektowany, aby zapewni\u0107 kompletn\u0105 ochron\u0119 nawet w najtrudniejszych warunkach. Poszczeg\u00f3lne elementy dbaj\u0105 o to, aby zapobiec potencjalnym uszkodzeniom kluczowych element\u00f3w twojego motocykla. Projektuj\u0105c nasz zestaw skupili\u015bmy si\u0119 na idealnym dopasowaniu go do poszczeg\u00f3lnych motocykli. To gwarantuje nie tylko \u0142atwy monta\u017c, ale r\u00f3wnie\u017c \u015bwietn\u0105 ergonomi\u0119.<\/p>\n<p>&#xa0;<\/p>\n<p>Zestaw gmoli ochronny SW \u2013 Motech Adventure zosta\u0142 przygotowany indywidulanie z my\u015bl\u0105 o poszczeg\u00f3lnych modelach motocykli. Co za tym idzie gwarantuje to dopasowanie i ochron\u0119 na najwy\u017cszym poziomie. To r\u00f3wnie\u017c pow\u00f3d, dla kt\u00f3rego w zale\u017cno\u015bci od typu motocykla zestawy mog\u0105 si\u0119 r\u00f3\u017cni\u0107 zawarto\u015bci\u0105.<\/p>\n<p>Poszczeg\u00f3lne komponenty zestaw\u00f3w mo\u017cna zakupi\u0107 oddzielnie.<\/p>\n<p>Na zestaw SW \u2013 Motech Adventure sk\u0142adaj\u0105 si\u0119:<\/p>\n<p>&#8211; Gmole wykonane ze stali lub stali nierdzewnej i malowane proszkowo, aby zapewni\u0107 trwa\u0142o\u015b\u0107 na najwy\u017cszym poziomie.<\/p>\n<p>&#8211; P\u0142yta pod silnik: wykonana ze stopu aluminium o grubo\u015bci 3 mm \u0142\u0105czy wysoki poziom ochrony z nisk\u0105 mas\u0105.<\/p>\n<p>&#8211; Os\u0142ona silnika dedykowana motocyklom, w kt\u00f3rych pokrywy boczne silnika s\u0105 szczeg\u00f3lnie nara\u017cone na uszkodzenie podczas upadku.<\/p>\n<p>&#8211; Przed\u0142u\u017cenie os\u0142ony silnika zaprojektowane, aby ochroni\u0107 karter przed kamieniami spod przedniego ko\u0142a.<\/p>\n<p>&#8211; Os\u0142ona stopki centralnej zaprojektowana, aby zapewni\u0107 ochron\u0119 element\u00f3w stopki centralnej i tylnego zawieszenia.<\/p>\n<p>&#8211; Ochrona element\u00f3w przedniego zawieszenia przygotowana specjalnie z my\u015bl\u0105 o motocyklach, gdzie te elementy mog\u0105 by\u0107 szczeg\u00f3lnie nara\u017cone na uszkodzenie w razie upadku.<\/p>\n<p>&#8211; Ochrona element\u00f3w tylnego zawieszenia na kt\u00f3r\u0105 sk\u0142adaj\u0105 si\u0119 dedykowana os\u0142ona dla wahacza i element\u00f3w mocowania ko\u0142a.<\/p>\n<p>&#8211; Handbary wyposa\u017cone w aluminiowy rdze\u0144 zapewniaj\u0105ce ochron\u0119 zar\u00f3wno d\u0142oni motocyklisty jak i klamek.<\/p>\n<p>&#xa0;<\/p>\n","protected":false},"excerpt":{"rendered":"<p>Z pakietem SW \u2013 Motech Adventure tw\u00f3j motocykl b\u0119dzie gotowy na ka\u017cd\u0105 przygod\u0119. Nasz pakiet zosta\u0142 zaprojektowany, aby zapewni\u0107 kompletn\u0105 ochron\u0119 nawet w najtrudniejszych warunkach. Poszczeg\u00f3lne elementy dbaj\u0105 o to, aby zapobiec potencjalnym uszkodzeniom kluczowych element\u00f3w twojego motocykla. Projektuj\u0105c nasz zestaw skupili\u015bmy si\u0119 na idealnym dopasowaniu go do poszczeg\u00f3lnych motocykli. To gwarantuje nie tylko \u0142atwy [&hellip;]<\/p>\n","protected":false},"featured_media":13954,"template":"","meta":[],"product_brand":[386],"product_cat":[390],"product_tag":[],"class_list":{"0":"post-13955","1":"product","2":"type-product","3":"status-publish","4":"has-post-thumbnail","6":"product_brand-sw-motech","7":"product_cat-akcesoria-sw-motech-2","9":"first","10":"onbackorder","11":"taxable","12":"shipping-taxable","13":"purchasable","14":"product-type-simple"},"yoast_head":"<!-- This site is optimized with the Yoast SEO plugin v26.9 - https:\/\/yoast.com\/product\/yoast-seo-wordpress\/ -->\n<title>ZESTAW ZABEZPIECZAJ\u0104CY MOTOCYKL ADVENTURE SW-MOTECH APRILIA TUAREG 660 (21-) - MOTO-PAWMAR<\/title>\n<meta name=\"robots\" content=\"index, follow, max-snippet:-1, max-image-preview:large, max-video-preview:-1\" \/>\n<link rel=\"canonical\" href=\"https:\/\/moto-pawmar.pl\/?product=zestaw-zabezpieczajacy-motocykl-adventure-sw-motech-aprilia-tuareg-660-21\" \/>\n<meta property=\"og:locale\" content=\"pl_PL\" \/>\n<meta property=\"og:type\" content=\"article\" \/>\n<meta property=\"og:title\" content=\"ZESTAW ZABEZPIECZAJ\u0104CY MOTOCYKL ADVENTURE SW-MOTECH APRILIA TUAREG 660 (21-) - MOTO-PAWMAR\" \/>\n<meta property=\"og:description\" content=\"Z pakietem SW \u2013 Motech Adventure tw\u00f3j motocykl b\u0119dzie gotowy na ka\u017cd\u0105 przygod\u0119. Nasz pakiet zosta\u0142 zaprojektowany, aby zapewni\u0107 kompletn\u0105 ochron\u0119 nawet w najtrudniejszych warunkach. Poszczeg\u00f3lne elementy dbaj\u0105 o to, aby zapobiec potencjalnym uszkodzeniom kluczowych element\u00f3w twojego motocykla. Projektuj\u0105c nasz zestaw skupili\u015bmy si\u0119 na idealnym dopasowaniu go do poszczeg\u00f3lnych motocykli. To gwarantuje nie tylko \u0142atwy [&hellip;]\" \/>\n<meta property=\"og:url\" content=\"https:\/\/moto-pawmar.pl\/?product=zestaw-zabezpieczajacy-motocykl-adventure-sw-motech-aprilia-tuareg-660-21\" \/>\n<meta property=\"og:site_name\" content=\"MOTO-PAWMAR\" \/>\n<meta property=\"article:publisher\" content=\"https:\/\/www.facebook.com\/motopawmar\/?locale=pl_PL\" \/>\n<meta name=\"twitter:card\" content=\"summary_large_image\" \/>\n<meta name=\"twitter:label1\" content=\"Szacowany czas czytania\" \/>\n\t<meta name=\"twitter:data1\" content=\"2 minuty\" \/>\n<script type=\"application\/ld+json\" class=\"yoast-schema-graph\">{\"@context\":\"https:\/\/schema.org\",\"@graph\":[{\"@type\":\"WebPage\",\"@id\":\"https:\/\/moto-pawmar.pl\/?product=zestaw-zabezpieczajacy-motocykl-adventure-sw-motech-aprilia-tuareg-660-21\",\"url\":\"https:\/\/moto-pawmar.pl\/?product=zestaw-zabezpieczajacy-motocykl-adventure-sw-motech-aprilia-tuareg-660-21\",\"name\":\"ZESTAW ZABEZPIECZAJ\u0104CY MOTOCYKL ADVENTURE SW-MOTECH APRILIA TUAREG 660 (21-) - MOTO-PAWMAR\",\"isPartOf\":{\"@id\":\"https:\/\/moto-pawmar.pl\/#website\"},\"primaryImageOfPage\":{\"@id\":\"https:\/\/moto-pawmar.pl\/?product=zestaw-zabezpieczajacy-motocykl-adventure-sw-motech-aprilia-tuareg-660-21#primaryimage\"},\"image\":{\"@id\":\"https:\/\/moto-pawmar.pl\/?product=zestaw-zabezpieczajacy-motocykl-adventure-sw-motech-aprilia-tuareg-660-21#primaryimage\"},\"thumbnailUrl\":\"https:\/\/moto-pawmar.pl\/wp-content\/uploads\/2026\/01\/340703_ZAL767818.jpg\",\"datePublished\":\"2026-01-29T08:39:38+00:00\",\"breadcrumb\":{\"@id\":\"https:\/\/moto-pawmar.pl\/?product=zestaw-zabezpieczajacy-motocykl-adventure-sw-motech-aprilia-tuareg-660-21#breadcrumb\"},\"inLanguage\":\"pl-PL\",\"potentialAction\":[{\"@type\":\"ReadAction\",\"target\":[\"https:\/\/moto-pawmar.pl\/?product=zestaw-zabezpieczajacy-motocykl-adventure-sw-motech-aprilia-tuareg-660-21\"]}]},{\"@type\":\"ImageObject\",\"inLanguage\":\"pl-PL\",\"@id\":\"https:\/\/moto-pawmar.pl\/?product=zestaw-zabezpieczajacy-motocykl-adventure-sw-motech-aprilia-tuareg-660-21#primaryimage\",\"url\":\"https:\/\/moto-pawmar.pl\/wp-content\/uploads\/2026\/01\/340703_ZAL767818.jpg\",\"contentUrl\":\"https:\/\/moto-pawmar.pl\/wp-content\/uploads\/2026\/01\/340703_ZAL767818.jpg\",\"width\":600,\"height\":400},{\"@type\":\"BreadcrumbList\",\"@id\":\"https:\/\/moto-pawmar.pl\/?product=zestaw-zabezpieczajacy-motocykl-adventure-sw-motech-aprilia-tuareg-660-21#breadcrumb\",\"itemListElement\":[{\"@type\":\"ListItem\",\"position\":1,\"name\":\"Strona g\u0142\u00f3wna\",\"item\":\"https:\/\/moto-pawmar.pl\/\"},{\"@type\":\"ListItem\",\"position\":2,\"name\":\"Sklep Internetowy\",\"item\":\"https:\/\/moto-pawmar.pl\/?page_id=367\"},{\"@type\":\"ListItem\",\"position\":3,\"name\":\"ZESTAW ZABEZPIECZAJ\u0104CY MOTOCYKL ADVENTURE SW-MOTECH APRILIA TUAREG 660 (21-)\"}]},{\"@type\":\"WebSite\",\"@id\":\"https:\/\/moto-pawmar.pl\/#website\",\"url\":\"https:\/\/moto-pawmar.pl\/\",\"name\":\"MOTO-PAWMAR\",\"description\":\"MOTO\u2011PAWMAR \u2013 Tw\u00f3j sklep z cz\u0119\u015bciami i akcesoriami do motocykli, skuter\u00f3w i quad\u00f3w.\",\"publisher\":{\"@id\":\"https:\/\/moto-pawmar.pl\/#organization\"},\"potentialAction\":[{\"@type\":\"SearchAction\",\"target\":{\"@type\":\"EntryPoint\",\"urlTemplate\":\"https:\/\/moto-pawmar.pl\/?s={search_term_string}\"},\"query-input\":{\"@type\":\"PropertyValueSpecification\",\"valueRequired\":true,\"valueName\":\"search_term_string\"}}],\"inLanguage\":\"pl-PL\"},{\"@type\":\"Organization\",\"@id\":\"https:\/\/moto-pawmar.pl\/#organization\",\"name\":\"MOTO-PAWMAR\",\"url\":\"https:\/\/moto-pawmar.pl\/\",\"logo\":{\"@type\":\"ImageObject\",\"inLanguage\":\"pl-PL\",\"@id\":\"https:\/\/moto-pawmar.pl\/#\/schema\/logo\/image\/\",\"url\":\"https:\/\/moto-pawmar.pl\/wp-content\/uploads\/2025\/10\/LOGO-SKLEP.png\",\"contentUrl\":\"https:\/\/moto-pawmar.pl\/wp-content\/uploads\/2025\/10\/LOGO-SKLEP.png\",\"width\":2480,\"height\":2053,\"caption\":\"MOTO-PAWMAR\"},\"image\":{\"@id\":\"https:\/\/moto-pawmar.pl\/#\/schema\/logo\/image\/\"},\"sameAs\":[\"https:\/\/www.facebook.com\/motopawmar\/?locale=pl_PL\"]}]}<\/script>\n<!-- \/ Yoast SEO plugin. -->","yoast_head_json":{"title":"ZESTAW ZABEZPIECZAJ\u0104CY MOTOCYKL ADVENTURE SW-MOTECH APRILIA TUAREG 660 (21-) - MOTO-PAWMAR","robots":{"index":"index","follow":"follow","max-snippet":"max-snippet:-1","max-image-preview":"max-image-preview:large","max-video-preview":"max-video-preview:-1"},"canonical":"https:\/\/moto-pawmar.pl\/?product=zestaw-zabezpieczajacy-motocykl-adventure-sw-motech-aprilia-tuareg-660-21","og_locale":"pl_PL","og_type":"article","og_title":"ZESTAW ZABEZPIECZAJ\u0104CY MOTOCYKL ADVENTURE SW-MOTECH APRILIA TUAREG 660 (21-) - MOTO-PAWMAR","og_description":"Z pakietem SW \u2013 Motech Adventure tw\u00f3j motocykl b\u0119dzie gotowy na ka\u017cd\u0105 przygod\u0119. Nasz pakiet zosta\u0142 zaprojektowany, aby zapewni\u0107 kompletn\u0105 ochron\u0119 nawet w najtrudniejszych warunkach. Poszczeg\u00f3lne elementy dbaj\u0105 o to, aby zapobiec potencjalnym uszkodzeniom kluczowych element\u00f3w twojego motocykla. Projektuj\u0105c nasz zestaw skupili\u015bmy si\u0119 na idealnym dopasowaniu go do poszczeg\u00f3lnych motocykli. To gwarantuje nie tylko \u0142atwy [&hellip;]","og_url":"https:\/\/moto-pawmar.pl\/?product=zestaw-zabezpieczajacy-motocykl-adventure-sw-motech-aprilia-tuareg-660-21","og_site_name":"MOTO-PAWMAR","article_publisher":"https:\/\/www.facebook.com\/motopawmar\/?locale=pl_PL","twitter_card":"summary_large_image","twitter_misc":{"Szacowany czas czytania":"2 minuty"},"schema":{"@context":"https:\/\/schema.org","@graph":[{"@type":"WebPage","@id":"https:\/\/moto-pawmar.pl\/?product=zestaw-zabezpieczajacy-motocykl-adventure-sw-motech-aprilia-tuareg-660-21","url":"https:\/\/moto-pawmar.pl\/?product=zestaw-zabezpieczajacy-motocykl-adventure-sw-motech-aprilia-tuareg-660-21","name":"ZESTAW ZABEZPIECZAJ\u0104CY MOTOCYKL ADVENTURE SW-MOTECH APRILIA TUAREG 660 (21-) - MOTO-PAWMAR","isPartOf":{"@id":"https:\/\/moto-pawmar.pl\/#website"},"primaryImageOfPage":{"@id":"https:\/\/moto-pawmar.pl\/?product=zestaw-zabezpieczajacy-motocykl-adventure-sw-motech-aprilia-tuareg-660-21#primaryimage"},"image":{"@id":"https:\/\/moto-pawmar.pl\/?product=zestaw-zabezpieczajacy-motocykl-adventure-sw-motech-aprilia-tuareg-660-21#primaryimage"},"thumbnailUrl":"https:\/\/moto-pawmar.pl\/wp-content\/uploads\/2026\/01\/340703_ZAL767818.jpg","datePublished":"2026-01-29T08:39:38+00:00","breadcrumb":{"@id":"https:\/\/moto-pawmar.pl\/?product=zestaw-zabezpieczajacy-motocykl-adventure-sw-motech-aprilia-tuareg-660-21#breadcrumb"},"inLanguage":"pl-PL","potentialAction":[{"@type":"ReadAction","target":["https:\/\/moto-pawmar.pl\/?product=zestaw-zabezpieczajacy-motocykl-adventure-sw-motech-aprilia-tuareg-660-21"]}]},{"@type":"ImageObject","inLanguage":"pl-PL","@id":"https:\/\/moto-pawmar.pl\/?product=zestaw-zabezpieczajacy-motocykl-adventure-sw-motech-aprilia-tuareg-660-21#primaryimage","url":"https:\/\/moto-pawmar.pl\/wp-content\/uploads\/2026\/01\/340703_ZAL767818.jpg","contentUrl":"https:\/\/moto-pawmar.pl\/wp-content\/uploads\/2026\/01\/340703_ZAL767818.jpg","width":600,"height":400},{"@type":"BreadcrumbList","@id":"https:\/\/moto-pawmar.pl\/?product=zestaw-zabezpieczajacy-motocykl-adventure-sw-motech-aprilia-tuareg-660-21#breadcrumb","itemListElement":[{"@type":"ListItem","position":1,"name":"Strona g\u0142\u00f3wna","item":"https:\/\/moto-pawmar.pl\/"},{"@type":"ListItem","position":2,"name":"Sklep Internetowy","item":"https:\/\/moto-pawmar.pl\/?page_id=367"},{"@type":"ListItem","position":3,"name":"ZESTAW ZABEZPIECZAJ\u0104CY MOTOCYKL ADVENTURE SW-MOTECH APRILIA TUAREG 660 (21-)"}]},{"@type":"WebSite","@id":"https:\/\/moto-pawmar.pl\/#website","url":"https:\/\/moto-pawmar.pl\/","name":"MOTO-PAWMAR","description":"MOTO\u2011PAWMAR \u2013 Tw\u00f3j sklep z cz\u0119\u015bciami i akcesoriami do motocykli, skuter\u00f3w i quad\u00f3w.","publisher":{"@id":"https:\/\/moto-pawmar.pl\/#organization"},"potentialAction":[{"@type":"SearchAction","target":{"@type":"EntryPoint","urlTemplate":"https:\/\/moto-pawmar.pl\/?s={search_term_string}"},"query-input":{"@type":"PropertyValueSpecification","valueRequired":true,"valueName":"search_term_string"}}],"inLanguage":"pl-PL"},{"@type":"Organization","@id":"https:\/\/moto-pawmar.pl\/#organization","name":"MOTO-PAWMAR","url":"https:\/\/moto-pawmar.pl\/","logo":{"@type":"ImageObject","inLanguage":"pl-PL","@id":"https:\/\/moto-pawmar.pl\/#\/schema\/logo\/image\/","url":"https:\/\/moto-pawmar.pl\/wp-content\/uploads\/2025\/10\/LOGO-SKLEP.png","contentUrl":"https:\/\/moto-pawmar.pl\/wp-content\/uploads\/2025\/10\/LOGO-SKLEP.png","width":2480,"height":2053,"caption":"MOTO-PAWMAR"},"image":{"@id":"https:\/\/moto-pawmar.pl\/#\/schema\/logo\/image\/"},"sameAs":["https:\/\/www.facebook.com\/motopawmar\/?locale=pl_PL"]}]}},"_links":{"self":[{"href":"https:\/\/moto-pawmar.pl\/index.php?rest_route=\/wp\/v2\/product\/13955","targetHints":{"allow":["GET"]}}],"collection":[{"href":"https:\/\/moto-pawmar.pl\/index.php?rest_route=\/wp\/v2\/product"}],"about":[{"href":"https:\/\/moto-pawmar.pl\/index.php?rest_route=\/wp\/v2\/types\/product"}],"wp:featuredmedia":[{"embeddable":true,"href":"https:\/\/moto-pawmar.pl\/index.php?rest_route=\/wp\/v2\/media\/13954"}],"wp:attachment":[{"href":"https:\/\/moto-pawmar.pl\/index.php?rest_route=%2Fwp%2Fv2%2Fmedia&parent=13955"}],"wp:term":[{"taxonomy":"product_brand","embeddable":true,"href":"https:\/\/moto-pawmar.pl\/index.php?rest_route=%2Fwp%2Fv2%2Fproduct_brand&post=13955"},{"taxonomy":"product_cat","embeddable":true,"href":"https:\/\/moto-pawmar.pl\/index.php?rest_route=%2Fwp%2Fv2%2Fproduct_cat&post=13955"},{"taxonomy":"product_tag","embeddable":true,"href":"https:\/\/moto-pawmar.pl\/index.php?rest_route=%2Fwp%2Fv2%2Fproduct_tag&post=13955"}],"curies":[{"name":"wp","href":"https:\/\/api.w.org\/{rel}","templated":true}]}}