{"id":13483,"date":"2026-01-29T09:38:02","date_gmt":"2026-01-29T08:38:02","guid":{"rendered":"https:\/\/moto-pawmar.pl\/?product=torba-na-akcesoria-legend-gear-sw-motech-la9-25l-black"},"modified":"2026-01-29T09:38:02","modified_gmt":"2026-01-29T08:38:02","slug":"torba-na-akcesoria-legend-gear-sw-motech-la9-25l-black","status":"publish","type":"product","link":"https:\/\/moto-pawmar.pl\/?product=torba-na-akcesoria-legend-gear-sw-motech-la9-25l-black","title":{"rendered":"TORBA NA AKCESORIA LEGEND GEAR SW-MOTECH LA9 25L BLACK"},"content":{"rendered":"<p>Torba Legend Gear LA9<\/p>\n<p>Nowa torba Legend Gear LA9 oferuje miejsce na wszystko, co normalnie znalaz\u0142oby si\u0119 w kieszeniach spodni. Dzi\u0119ki odpowiednim wymiarom i przestronnemu wn\u0119trzu, torba oferuje mn\u00f3stwo miejsca na r\u00f3\u017cnorodne zastosowania &#8211; czy to narz\u0119dzia, apteczk\u0119, sprz\u0119t bezpiecze\u0144stwa, czy inne codzienne przedmioty, takie jak portfele, klucze, telefony kom\u00f3rkowe, okulary przeciws\u0142oneczne lub butelk\u0119 z wod\u0105. Praktyczna torba akcesoryjna mo\u017ce by\u0107 przymocowana do ka\u017cdej torby z zintegrowanym systemem MOLLE lub elastycznie za pomoc\u0105 pask\u00f3w na crash barze lub ramie. Po\u0142\u0105czenie przemy\u015blanego designu i praktycznych funkcji sprawia, \u017ce nowa torba akcesoryjna LA9 jest naprawd\u0119 wszechstronna.<\/p>\n<p>&#xa0;<\/p>\n<p>Nasze torby u\u017cytkowe Legend Gear \u0142\u0105cz\u0105 styl retro z innowacyjnymi funkcjami i prostym, ponadczasowym designem. Zwr\u00f3cili\u015bmy du\u017c\u0105 uwag\u0119 na szczeg\u00f3\u0142y, aby stworzy\u0107 wysokiej jako\u015bci produkt i zachowa\u0107 charakterystyczny styl.<\/p>\n<p>Mi\u0119kki w dotyku, wytrzyma\u0142y materia\u0142 poliestrowy z jest po\u0142\u0105czony z teksturowan\u0105 sztuczn\u0105 sk\u00f3r\u0105 w klasycznej czerni. Te praktyczne torby mo\u017cna zamontowa\u0107 na motocyklu w r\u00f3\u017cnych miejscach dzi\u0119ki pe\u0142nej siatce MOLLE 3&#215;4 na spodzie i do\u0142\u0105czonym paskom.<\/p>\n<p>&#8211; Praktyczna p\u0119tla do mocowania regulowanego paska na rami\u0119<\/p>\n<p>&#8211; Sze\u015b\u0107 pask\u00f3w mocuj\u0105cych z gumowan\u0105 wewn\u0119trzn\u0105 stron\u0105 lub zatrzaskami w zestawie<\/p>\n<p>&#8211; Elegancka mieszanka materia\u0142\u00f3w z bawe\u0142ny Eco-Tech i sztucznej sk\u00f3ry w ca\u0142kowicie czarnym designie<\/p>\n<p>&#8211; Dyskretne, lekko odblaskowe logo<\/p>\n<p>Zawarto\u015b\u0107 zestawu:<\/p>\n<p>&#8211; 1 x Torba Legend Gear LA9<\/p>\n<p>&#8211; 1 x Pokrowiec przeciwdeszczowy<\/p>\n<p>&#8211; Instrukcja monta\u017cu<\/p>\n<p>Szczeg\u00f3\u0142y:<\/p>\n<p>&#8211; Materia\u0142: Poliester Eco-Tech \/ Sk\u00f3ra sztuczna<\/p>\n<p>&#8211; Kolor: czarny<\/p>\n<p>&#8211; Rozmiar: 22,0 x 14,0 x 0,1 cm<\/p>\n<p>&#8211; Ca\u0142kowita waga: ok. 0,2 kg<\/p>\n<p>&#8211; Ca\u0142kowita obj\u0119to\u015b\u0107: 2,5 l<\/p>\n<p>&#xa0;<\/p>\n","protected":false},"excerpt":{"rendered":"<p>Torba Legend Gear LA9 Nowa torba Legend Gear LA9 oferuje miejsce na wszystko, co normalnie znalaz\u0142oby si\u0119 w kieszeniach spodni. Dzi\u0119ki odpowiednim wymiarom i przestronnemu wn\u0119trzu, torba oferuje mn\u00f3stwo miejsca na r\u00f3\u017cnorodne zastosowania &#8211; czy to narz\u0119dzia, apteczk\u0119, sprz\u0119t bezpiecze\u0144stwa, czy inne codzienne przedmioty, takie jak portfele, klucze, telefony kom\u00f3rkowe, okulary przeciws\u0142oneczne lub butelk\u0119 z [&hellip;]<\/p>\n","protected":false},"featured_media":13482,"template":"","meta":[],"product_brand":[386],"product_cat":[390],"product_tag":[],"class_list":{"0":"post-13483","1":"product","2":"type-product","3":"status-publish","4":"has-post-thumbnail","6":"product_brand-sw-motech","7":"product_cat-akcesoria-sw-motech-2","9":"first","10":"onbackorder","11":"taxable","12":"shipping-taxable","13":"purchasable","14":"product-type-simple"},"yoast_head":"<!-- This site is optimized with the Yoast SEO plugin v26.9 - https:\/\/yoast.com\/product\/yoast-seo-wordpress\/ -->\n<title>TORBA NA AKCESORIA LEGEND GEAR SW-MOTECH LA9 25L BLACK - MOTO-PAWMAR<\/title>\n<meta name=\"robots\" content=\"index, follow, max-snippet:-1, max-image-preview:large, max-video-preview:-1\" \/>\n<link rel=\"canonical\" href=\"https:\/\/moto-pawmar.pl\/?product=torba-na-akcesoria-legend-gear-sw-motech-la9-25l-black\" \/>\n<meta property=\"og:locale\" content=\"pl_PL\" \/>\n<meta property=\"og:type\" content=\"article\" \/>\n<meta property=\"og:title\" content=\"TORBA NA AKCESORIA LEGEND GEAR SW-MOTECH LA9 25L BLACK - MOTO-PAWMAR\" \/>\n<meta property=\"og:description\" content=\"Torba Legend Gear LA9 Nowa torba Legend Gear LA9 oferuje miejsce na wszystko, co normalnie znalaz\u0142oby si\u0119 w kieszeniach spodni. Dzi\u0119ki odpowiednim wymiarom i przestronnemu wn\u0119trzu, torba oferuje mn\u00f3stwo miejsca na r\u00f3\u017cnorodne zastosowania &#8211; czy to narz\u0119dzia, apteczk\u0119, sprz\u0119t bezpiecze\u0144stwa, czy inne codzienne przedmioty, takie jak portfele, klucze, telefony kom\u00f3rkowe, okulary przeciws\u0142oneczne lub butelk\u0119 z [&hellip;]\" \/>\n<meta property=\"og:url\" content=\"https:\/\/moto-pawmar.pl\/?product=torba-na-akcesoria-legend-gear-sw-motech-la9-25l-black\" \/>\n<meta property=\"og:site_name\" content=\"MOTO-PAWMAR\" \/>\n<meta property=\"article:publisher\" content=\"https:\/\/www.facebook.com\/motopawmar\/?locale=pl_PL\" \/>\n<meta name=\"twitter:card\" content=\"summary_large_image\" \/>\n<meta name=\"twitter:label1\" content=\"Szacowany czas czytania\" \/>\n\t<meta name=\"twitter:data1\" content=\"1 minuta\" \/>\n<script type=\"application\/ld+json\" class=\"yoast-schema-graph\">{\"@context\":\"https:\/\/schema.org\",\"@graph\":[{\"@type\":\"WebPage\",\"@id\":\"https:\/\/moto-pawmar.pl\/?product=torba-na-akcesoria-legend-gear-sw-motech-la9-25l-black\",\"url\":\"https:\/\/moto-pawmar.pl\/?product=torba-na-akcesoria-legend-gear-sw-motech-la9-25l-black\",\"name\":\"TORBA NA AKCESORIA LEGEND GEAR SW-MOTECH LA9 25L BLACK - MOTO-PAWMAR\",\"isPartOf\":{\"@id\":\"https:\/\/moto-pawmar.pl\/#website\"},\"primaryImageOfPage\":{\"@id\":\"https:\/\/moto-pawmar.pl\/?product=torba-na-akcesoria-legend-gear-sw-motech-la9-25l-black#primaryimage\"},\"image\":{\"@id\":\"https:\/\/moto-pawmar.pl\/?product=torba-na-akcesoria-legend-gear-sw-motech-la9-25l-black#primaryimage\"},\"thumbnailUrl\":\"https:\/\/moto-pawmar.pl\/wp-content\/uploads\/2026\/01\/340332_ZAL767863.jpg\",\"datePublished\":\"2026-01-29T08:38:02+00:00\",\"breadcrumb\":{\"@id\":\"https:\/\/moto-pawmar.pl\/?product=torba-na-akcesoria-legend-gear-sw-motech-la9-25l-black#breadcrumb\"},\"inLanguage\":\"pl-PL\",\"potentialAction\":[{\"@type\":\"ReadAction\",\"target\":[\"https:\/\/moto-pawmar.pl\/?product=torba-na-akcesoria-legend-gear-sw-motech-la9-25l-black\"]}]},{\"@type\":\"ImageObject\",\"inLanguage\":\"pl-PL\",\"@id\":\"https:\/\/moto-pawmar.pl\/?product=torba-na-akcesoria-legend-gear-sw-motech-la9-25l-black#primaryimage\",\"url\":\"https:\/\/moto-pawmar.pl\/wp-content\/uploads\/2026\/01\/340332_ZAL767863.jpg\",\"contentUrl\":\"https:\/\/moto-pawmar.pl\/wp-content\/uploads\/2026\/01\/340332_ZAL767863.jpg\",\"width\":800,\"height\":533},{\"@type\":\"BreadcrumbList\",\"@id\":\"https:\/\/moto-pawmar.pl\/?product=torba-na-akcesoria-legend-gear-sw-motech-la9-25l-black#breadcrumb\",\"itemListElement\":[{\"@type\":\"ListItem\",\"position\":1,\"name\":\"Strona g\u0142\u00f3wna\",\"item\":\"https:\/\/moto-pawmar.pl\/\"},{\"@type\":\"ListItem\",\"position\":2,\"name\":\"Sklep Internetowy\",\"item\":\"https:\/\/moto-pawmar.pl\/?page_id=367\"},{\"@type\":\"ListItem\",\"position\":3,\"name\":\"TORBA NA AKCESORIA LEGEND GEAR SW-MOTECH LA9 25L BLACK\"}]},{\"@type\":\"WebSite\",\"@id\":\"https:\/\/moto-pawmar.pl\/#website\",\"url\":\"https:\/\/moto-pawmar.pl\/\",\"name\":\"MOTO-PAWMAR\",\"description\":\"MOTO\u2011PAWMAR \u2013 Tw\u00f3j sklep z cz\u0119\u015bciami i akcesoriami do motocykli, skuter\u00f3w i quad\u00f3w.\",\"publisher\":{\"@id\":\"https:\/\/moto-pawmar.pl\/#organization\"},\"potentialAction\":[{\"@type\":\"SearchAction\",\"target\":{\"@type\":\"EntryPoint\",\"urlTemplate\":\"https:\/\/moto-pawmar.pl\/?s={search_term_string}\"},\"query-input\":{\"@type\":\"PropertyValueSpecification\",\"valueRequired\":true,\"valueName\":\"search_term_string\"}}],\"inLanguage\":\"pl-PL\"},{\"@type\":\"Organization\",\"@id\":\"https:\/\/moto-pawmar.pl\/#organization\",\"name\":\"MOTO-PAWMAR\",\"url\":\"https:\/\/moto-pawmar.pl\/\",\"logo\":{\"@type\":\"ImageObject\",\"inLanguage\":\"pl-PL\",\"@id\":\"https:\/\/moto-pawmar.pl\/#\/schema\/logo\/image\/\",\"url\":\"https:\/\/moto-pawmar.pl\/wp-content\/uploads\/2025\/10\/LOGO-SKLEP.png\",\"contentUrl\":\"https:\/\/moto-pawmar.pl\/wp-content\/uploads\/2025\/10\/LOGO-SKLEP.png\",\"width\":2480,\"height\":2053,\"caption\":\"MOTO-PAWMAR\"},\"image\":{\"@id\":\"https:\/\/moto-pawmar.pl\/#\/schema\/logo\/image\/\"},\"sameAs\":[\"https:\/\/www.facebook.com\/motopawmar\/?locale=pl_PL\"]}]}<\/script>\n<!-- \/ Yoast SEO plugin. -->","yoast_head_json":{"title":"TORBA NA AKCESORIA LEGEND GEAR SW-MOTECH LA9 25L BLACK - MOTO-PAWMAR","robots":{"index":"index","follow":"follow","max-snippet":"max-snippet:-1","max-image-preview":"max-image-preview:large","max-video-preview":"max-video-preview:-1"},"canonical":"https:\/\/moto-pawmar.pl\/?product=torba-na-akcesoria-legend-gear-sw-motech-la9-25l-black","og_locale":"pl_PL","og_type":"article","og_title":"TORBA NA AKCESORIA LEGEND GEAR SW-MOTECH LA9 25L BLACK - MOTO-PAWMAR","og_description":"Torba Legend Gear LA9 Nowa torba Legend Gear LA9 oferuje miejsce na wszystko, co normalnie znalaz\u0142oby si\u0119 w kieszeniach spodni. Dzi\u0119ki odpowiednim wymiarom i przestronnemu wn\u0119trzu, torba oferuje mn\u00f3stwo miejsca na r\u00f3\u017cnorodne zastosowania &#8211; czy to narz\u0119dzia, apteczk\u0119, sprz\u0119t bezpiecze\u0144stwa, czy inne codzienne przedmioty, takie jak portfele, klucze, telefony kom\u00f3rkowe, okulary przeciws\u0142oneczne lub butelk\u0119 z [&hellip;]","og_url":"https:\/\/moto-pawmar.pl\/?product=torba-na-akcesoria-legend-gear-sw-motech-la9-25l-black","og_site_name":"MOTO-PAWMAR","article_publisher":"https:\/\/www.facebook.com\/motopawmar\/?locale=pl_PL","twitter_card":"summary_large_image","twitter_misc":{"Szacowany czas czytania":"1 minuta"},"schema":{"@context":"https:\/\/schema.org","@graph":[{"@type":"WebPage","@id":"https:\/\/moto-pawmar.pl\/?product=torba-na-akcesoria-legend-gear-sw-motech-la9-25l-black","url":"https:\/\/moto-pawmar.pl\/?product=torba-na-akcesoria-legend-gear-sw-motech-la9-25l-black","name":"TORBA NA AKCESORIA LEGEND GEAR SW-MOTECH LA9 25L BLACK - MOTO-PAWMAR","isPartOf":{"@id":"https:\/\/moto-pawmar.pl\/#website"},"primaryImageOfPage":{"@id":"https:\/\/moto-pawmar.pl\/?product=torba-na-akcesoria-legend-gear-sw-motech-la9-25l-black#primaryimage"},"image":{"@id":"https:\/\/moto-pawmar.pl\/?product=torba-na-akcesoria-legend-gear-sw-motech-la9-25l-black#primaryimage"},"thumbnailUrl":"https:\/\/moto-pawmar.pl\/wp-content\/uploads\/2026\/01\/340332_ZAL767863.jpg","datePublished":"2026-01-29T08:38:02+00:00","breadcrumb":{"@id":"https:\/\/moto-pawmar.pl\/?product=torba-na-akcesoria-legend-gear-sw-motech-la9-25l-black#breadcrumb"},"inLanguage":"pl-PL","potentialAction":[{"@type":"ReadAction","target":["https:\/\/moto-pawmar.pl\/?product=torba-na-akcesoria-legend-gear-sw-motech-la9-25l-black"]}]},{"@type":"ImageObject","inLanguage":"pl-PL","@id":"https:\/\/moto-pawmar.pl\/?product=torba-na-akcesoria-legend-gear-sw-motech-la9-25l-black#primaryimage","url":"https:\/\/moto-pawmar.pl\/wp-content\/uploads\/2026\/01\/340332_ZAL767863.jpg","contentUrl":"https:\/\/moto-pawmar.pl\/wp-content\/uploads\/2026\/01\/340332_ZAL767863.jpg","width":800,"height":533},{"@type":"BreadcrumbList","@id":"https:\/\/moto-pawmar.pl\/?product=torba-na-akcesoria-legend-gear-sw-motech-la9-25l-black#breadcrumb","itemListElement":[{"@type":"ListItem","position":1,"name":"Strona g\u0142\u00f3wna","item":"https:\/\/moto-pawmar.pl\/"},{"@type":"ListItem","position":2,"name":"Sklep Internetowy","item":"https:\/\/moto-pawmar.pl\/?page_id=367"},{"@type":"ListItem","position":3,"name":"TORBA NA AKCESORIA LEGEND GEAR SW-MOTECH LA9 25L BLACK"}]},{"@type":"WebSite","@id":"https:\/\/moto-pawmar.pl\/#website","url":"https:\/\/moto-pawmar.pl\/","name":"MOTO-PAWMAR","description":"MOTO\u2011PAWMAR \u2013 Tw\u00f3j sklep z cz\u0119\u015bciami i akcesoriami do motocykli, skuter\u00f3w i quad\u00f3w.","publisher":{"@id":"https:\/\/moto-pawmar.pl\/#organization"},"potentialAction":[{"@type":"SearchAction","target":{"@type":"EntryPoint","urlTemplate":"https:\/\/moto-pawmar.pl\/?s={search_term_string}"},"query-input":{"@type":"PropertyValueSpecification","valueRequired":true,"valueName":"search_term_string"}}],"inLanguage":"pl-PL"},{"@type":"Organization","@id":"https:\/\/moto-pawmar.pl\/#organization","name":"MOTO-PAWMAR","url":"https:\/\/moto-pawmar.pl\/","logo":{"@type":"ImageObject","inLanguage":"pl-PL","@id":"https:\/\/moto-pawmar.pl\/#\/schema\/logo\/image\/","url":"https:\/\/moto-pawmar.pl\/wp-content\/uploads\/2025\/10\/LOGO-SKLEP.png","contentUrl":"https:\/\/moto-pawmar.pl\/wp-content\/uploads\/2025\/10\/LOGO-SKLEP.png","width":2480,"height":2053,"caption":"MOTO-PAWMAR"},"image":{"@id":"https:\/\/moto-pawmar.pl\/#\/schema\/logo\/image\/"},"sameAs":["https:\/\/www.facebook.com\/motopawmar\/?locale=pl_PL"]}]}},"_links":{"self":[{"href":"https:\/\/moto-pawmar.pl\/index.php?rest_route=\/wp\/v2\/product\/13483","targetHints":{"allow":["GET"]}}],"collection":[{"href":"https:\/\/moto-pawmar.pl\/index.php?rest_route=\/wp\/v2\/product"}],"about":[{"href":"https:\/\/moto-pawmar.pl\/index.php?rest_route=\/wp\/v2\/types\/product"}],"wp:featuredmedia":[{"embeddable":true,"href":"https:\/\/moto-pawmar.pl\/index.php?rest_route=\/wp\/v2\/media\/13482"}],"wp:attachment":[{"href":"https:\/\/moto-pawmar.pl\/index.php?rest_route=%2Fwp%2Fv2%2Fmedia&parent=13483"}],"wp:term":[{"taxonomy":"product_brand","embeddable":true,"href":"https:\/\/moto-pawmar.pl\/index.php?rest_route=%2Fwp%2Fv2%2Fproduct_brand&post=13483"},{"taxonomy":"product_cat","embeddable":true,"href":"https:\/\/moto-pawmar.pl\/index.php?rest_route=%2Fwp%2Fv2%2Fproduct_cat&post=13483"},{"taxonomy":"product_tag","embeddable":true,"href":"https:\/\/moto-pawmar.pl\/index.php?rest_route=%2Fwp%2Fv2%2Fproduct_tag&post=13483"}],"curies":[{"name":"wp","href":"https:\/\/api.w.org\/{rel}","templated":true}]}}