{"id":13473,"date":"2026-01-29T09:38:00","date_gmt":"2026-01-29T08:38:00","guid":{"rendered":"https:\/\/moto-pawmar.pl\/?product=uchwyt-mocujacy-tankring-pro-sw-motech-cfmoto-450mt-23-black"},"modified":"2026-01-29T09:38:00","modified_gmt":"2026-01-29T08:38:00","slug":"uchwyt-mocujacy-tankring-pro-sw-motech-cfmoto-450mt-23-black","status":"publish","type":"product","link":"https:\/\/moto-pawmar.pl\/?product=uchwyt-mocujacy-tankring-pro-sw-motech-cfmoto-450mt-23-black","title":{"rendered":"UCHWYT MOCUJ\u0104CY TANKRING PRO SW-MOTECH CFMOTO 450MT (23-) BLACK"},"content":{"rendered":"<p>Adapter na tankring PRO<\/p>\n<p>Adapter PRO jest przymocowany do zbiornika i pozwala na monta\u017c tankbaga.<\/p>\n<p>Mechanizm blokuj\u0105cy QUICK-LOCK pier\u015bcieni zbiornika SW-MOTECH, kt\u00f3ry by\u0142 testowany przez wiele lat, mo\u017ce by\u0107 teraz obs\u0142ugiwany jeszcze \u0142atwiej. Pozycjonowanie g\u00f3rnego pier\u015bcienia zosta\u0142o ulepszone: przesuwany g\u00f3rny pier\u015bcie\u0144 jest ju\u017c wst\u0119pnie zamontowany na tankbagu.<\/p>\n<p>&#xa0;<\/p>\n<p>Magnetyczna prowadnica, opracowana przez Fidlock, uzupe\u0142nia ju\u017c zaawansowany mechaniczny system blokuj\u0105cy QUICK-LOCK SW-MOTECH: magnesy prowadz\u0105 g\u00f3rny pier\u015bcie\u0144 do odpowiedniej pozycji na pier\u015bcieniu zbiornika, a zamek zatrzaskuje si\u0119 na swoim miejscu. Si\u0142a magnes\u00f3w wspiera pozycjonowanie torby na zbiornik.<\/p>\n<p>Zamocuj torb\u0119 na zbiornik jednym prostym krokiem i ruszaj &#8211; Tw\u00f3j baga\u017c jest bezpieczny dzi\u0119ki temu innowacyjnemu rozwi\u0105zaniu.<\/p>\n<p>Mechaniczny mechanizm blokuj\u0105cy zabezpiecza tankbag, a magnesy \u0142\u0105cz\u0105 oba elementy pier\u015bcienia. Wytrzyma\u0142y plastik wzmocniony w\u0142\u00f3knem szklanym z precyzyjn\u0105 geometri\u0105 blokuj\u0105c\u0105 zapewnia, \u017ce torba na zbiornik pozostaje na miejscu w ka\u017cdej sytuacji.<\/p>\n<p>Opatentowany tankring PRO jest dostosowany do wlewu paliwa modelu motocykla.<\/p>\n<p>&#8211; Adapter pier\u015bcienia specyficzny dla motocykla dla najlepszego dopasowania i dostosowanych rozwi\u0105za\u0144<\/p>\n<p>&#8211; Prosty monta\u017c na wlewie paliwa<\/p>\n<p>&#8211; Magnetyczna pomoc prowadz\u0105ca w pier\u015bcieniu zbiornika PRO dla \u0142atwego mocowania<\/p>\n<p>&#8211; Szybkie zwolnienie za pomoc\u0105 pask\u00f3w do ci\u0105gni\u0119cia umo\u017cliwia usuni\u0119cie torby na zbiornik PRO<\/p>\n<p>&#8211; Opatentowany tankring PRO zapewnia pewne trzymanie torby na zbiornik<\/p>\n<p>&#8211; \u0141atwe tankowanie, pokrywa zbiornika mo\u017ce by\u0107 otwierana jak zwykle<\/p>\n<p>&#8211; Wykonane z poliamidu wzmocnionego w\u0142\u00f3knem szklanym<\/p>\n<p>&#8211; Rozwi\u0105zanie chroni\u0105ce lakier: torba na zbiornik nie spoczywa na zbiorniku<\/p>\n<p>Zawarto\u015b\u0107 zestawu:<\/p>\n<p>&#8211; 1 x Pier\u015bcie\u0144 zbiornika PRO<\/p>\n<p>&#8211; 1 x Adapter pier\u015bcienia zbiornika<\/p>\n<p>&#8211; Instrukcja monta\u017cu<\/p>\n<p>&#8211; Materia\u0142 monta\u017cowy<\/p>\n<p>Szczeg\u00f3\u0142y:<\/p>\n<p>&#8211; Materia\u0142: Plastik wzmocniony w\u0142\u00f3knem szklanym \/ Aluminium<\/p>\n<p>&#8211; Kolor: czarny<\/p>\n<p>&#8211; Ca\u0142kowita waga: ok. 0,1 kg \/ ok. 0,2 lb<\/p>\n<p>Adapter pier\u015bcienia zbiornika jest do\u0142\u0105czony do zestawu. Zast\u0119puje fabryczny wlew paliwa. Pier\u015bcienie zbiornika z serii PRO nie mog\u0105 by\u0107 \u0142\u0105czone z torbami na zbiornik EVO.<\/p>\n<p>&#xa0;<\/p>\n","protected":false},"excerpt":{"rendered":"<p>Adapter na tankring PRO Adapter PRO jest przymocowany do zbiornika i pozwala na monta\u017c tankbaga. Mechanizm blokuj\u0105cy QUICK-LOCK pier\u015bcieni zbiornika SW-MOTECH, kt\u00f3ry by\u0142 testowany przez wiele lat, mo\u017ce by\u0107 teraz obs\u0142ugiwany jeszcze \u0142atwiej. Pozycjonowanie g\u00f3rnego pier\u015bcienia zosta\u0142o ulepszone: przesuwany g\u00f3rny pier\u015bcie\u0144 jest ju\u017c wst\u0119pnie zamontowany na tankbagu. &#xa0; Magnetyczna prowadnica, opracowana przez Fidlock, uzupe\u0142nia ju\u017c [&hellip;]<\/p>\n","protected":false},"featured_media":13472,"template":"","meta":[],"product_brand":[386],"product_cat":[390],"product_tag":[],"class_list":{"0":"post-13473","1":"product","2":"type-product","3":"status-publish","4":"has-post-thumbnail","6":"product_brand-sw-motech","7":"product_cat-akcesoria-sw-motech-2","9":"first","10":"onbackorder","11":"taxable","12":"shipping-taxable","13":"purchasable","14":"product-type-simple"},"yoast_head":"<!-- This site is optimized with the Yoast SEO plugin v26.9 - https:\/\/yoast.com\/product\/yoast-seo-wordpress\/ -->\n<title>UCHWYT MOCUJ\u0104CY TANKRING PRO SW-MOTECH CFMOTO 450MT (23-) BLACK - MOTO-PAWMAR<\/title>\n<meta name=\"robots\" content=\"index, follow, max-snippet:-1, max-image-preview:large, max-video-preview:-1\" \/>\n<link rel=\"canonical\" href=\"https:\/\/moto-pawmar.pl\/?product=uchwyt-mocujacy-tankring-pro-sw-motech-cfmoto-450mt-23-black\" \/>\n<meta property=\"og:locale\" content=\"pl_PL\" \/>\n<meta property=\"og:type\" content=\"article\" \/>\n<meta property=\"og:title\" content=\"UCHWYT MOCUJ\u0104CY TANKRING PRO SW-MOTECH CFMOTO 450MT (23-) BLACK - MOTO-PAWMAR\" \/>\n<meta property=\"og:description\" content=\"Adapter na tankring PRO Adapter PRO jest przymocowany do zbiornika i pozwala na monta\u017c tankbaga. Mechanizm blokuj\u0105cy QUICK-LOCK pier\u015bcieni zbiornika SW-MOTECH, kt\u00f3ry by\u0142 testowany przez wiele lat, mo\u017ce by\u0107 teraz obs\u0142ugiwany jeszcze \u0142atwiej. Pozycjonowanie g\u00f3rnego pier\u015bcienia zosta\u0142o ulepszone: przesuwany g\u00f3rny pier\u015bcie\u0144 jest ju\u017c wst\u0119pnie zamontowany na tankbagu. &#xa0; Magnetyczna prowadnica, opracowana przez Fidlock, uzupe\u0142nia ju\u017c [&hellip;]\" \/>\n<meta property=\"og:url\" content=\"https:\/\/moto-pawmar.pl\/?product=uchwyt-mocujacy-tankring-pro-sw-motech-cfmoto-450mt-23-black\" \/>\n<meta property=\"og:site_name\" content=\"MOTO-PAWMAR\" \/>\n<meta property=\"article:publisher\" content=\"https:\/\/www.facebook.com\/motopawmar\/?locale=pl_PL\" \/>\n<meta name=\"twitter:card\" content=\"summary_large_image\" \/>\n<meta name=\"twitter:label1\" content=\"Szacowany czas czytania\" \/>\n\t<meta name=\"twitter:data1\" content=\"2 minuty\" \/>\n<script type=\"application\/ld+json\" class=\"yoast-schema-graph\">{\"@context\":\"https:\/\/schema.org\",\"@graph\":[{\"@type\":\"WebPage\",\"@id\":\"https:\/\/moto-pawmar.pl\/?product=uchwyt-mocujacy-tankring-pro-sw-motech-cfmoto-450mt-23-black\",\"url\":\"https:\/\/moto-pawmar.pl\/?product=uchwyt-mocujacy-tankring-pro-sw-motech-cfmoto-450mt-23-black\",\"name\":\"UCHWYT MOCUJ\u0104CY TANKRING PRO SW-MOTECH CFMOTO 450MT (23-) BLACK - MOTO-PAWMAR\",\"isPartOf\":{\"@id\":\"https:\/\/moto-pawmar.pl\/#website\"},\"primaryImageOfPage\":{\"@id\":\"https:\/\/moto-pawmar.pl\/?product=uchwyt-mocujacy-tankring-pro-sw-motech-cfmoto-450mt-23-black#primaryimage\"},\"image\":{\"@id\":\"https:\/\/moto-pawmar.pl\/?product=uchwyt-mocujacy-tankring-pro-sw-motech-cfmoto-450mt-23-black#primaryimage\"},\"thumbnailUrl\":\"https:\/\/moto-pawmar.pl\/wp-content\/uploads\/2026\/01\/340327_ZAL769236.jpg\",\"datePublished\":\"2026-01-29T08:38:00+00:00\",\"breadcrumb\":{\"@id\":\"https:\/\/moto-pawmar.pl\/?product=uchwyt-mocujacy-tankring-pro-sw-motech-cfmoto-450mt-23-black#breadcrumb\"},\"inLanguage\":\"pl-PL\",\"potentialAction\":[{\"@type\":\"ReadAction\",\"target\":[\"https:\/\/moto-pawmar.pl\/?product=uchwyt-mocujacy-tankring-pro-sw-motech-cfmoto-450mt-23-black\"]}]},{\"@type\":\"ImageObject\",\"inLanguage\":\"pl-PL\",\"@id\":\"https:\/\/moto-pawmar.pl\/?product=uchwyt-mocujacy-tankring-pro-sw-motech-cfmoto-450mt-23-black#primaryimage\",\"url\":\"https:\/\/moto-pawmar.pl\/wp-content\/uploads\/2026\/01\/340327_ZAL769236.jpg\",\"contentUrl\":\"https:\/\/moto-pawmar.pl\/wp-content\/uploads\/2026\/01\/340327_ZAL769236.jpg\",\"width\":600,\"height\":400},{\"@type\":\"BreadcrumbList\",\"@id\":\"https:\/\/moto-pawmar.pl\/?product=uchwyt-mocujacy-tankring-pro-sw-motech-cfmoto-450mt-23-black#breadcrumb\",\"itemListElement\":[{\"@type\":\"ListItem\",\"position\":1,\"name\":\"Strona g\u0142\u00f3wna\",\"item\":\"https:\/\/moto-pawmar.pl\/\"},{\"@type\":\"ListItem\",\"position\":2,\"name\":\"Sklep Internetowy\",\"item\":\"https:\/\/moto-pawmar.pl\/?page_id=367\"},{\"@type\":\"ListItem\",\"position\":3,\"name\":\"UCHWYT MOCUJ\u0104CY TANKRING PRO SW-MOTECH CFMOTO 450MT (23-) BLACK\"}]},{\"@type\":\"WebSite\",\"@id\":\"https:\/\/moto-pawmar.pl\/#website\",\"url\":\"https:\/\/moto-pawmar.pl\/\",\"name\":\"MOTO-PAWMAR\",\"description\":\"MOTO\u2011PAWMAR \u2013 Tw\u00f3j sklep z cz\u0119\u015bciami i akcesoriami do motocykli, skuter\u00f3w i quad\u00f3w.\",\"publisher\":{\"@id\":\"https:\/\/moto-pawmar.pl\/#organization\"},\"potentialAction\":[{\"@type\":\"SearchAction\",\"target\":{\"@type\":\"EntryPoint\",\"urlTemplate\":\"https:\/\/moto-pawmar.pl\/?s={search_term_string}\"},\"query-input\":{\"@type\":\"PropertyValueSpecification\",\"valueRequired\":true,\"valueName\":\"search_term_string\"}}],\"inLanguage\":\"pl-PL\"},{\"@type\":\"Organization\",\"@id\":\"https:\/\/moto-pawmar.pl\/#organization\",\"name\":\"MOTO-PAWMAR\",\"url\":\"https:\/\/moto-pawmar.pl\/\",\"logo\":{\"@type\":\"ImageObject\",\"inLanguage\":\"pl-PL\",\"@id\":\"https:\/\/moto-pawmar.pl\/#\/schema\/logo\/image\/\",\"url\":\"https:\/\/moto-pawmar.pl\/wp-content\/uploads\/2025\/10\/LOGO-SKLEP.png\",\"contentUrl\":\"https:\/\/moto-pawmar.pl\/wp-content\/uploads\/2025\/10\/LOGO-SKLEP.png\",\"width\":2480,\"height\":2053,\"caption\":\"MOTO-PAWMAR\"},\"image\":{\"@id\":\"https:\/\/moto-pawmar.pl\/#\/schema\/logo\/image\/\"},\"sameAs\":[\"https:\/\/www.facebook.com\/motopawmar\/?locale=pl_PL\"]}]}<\/script>\n<!-- \/ Yoast SEO plugin. -->","yoast_head_json":{"title":"UCHWYT MOCUJ\u0104CY TANKRING PRO SW-MOTECH CFMOTO 450MT (23-) BLACK - MOTO-PAWMAR","robots":{"index":"index","follow":"follow","max-snippet":"max-snippet:-1","max-image-preview":"max-image-preview:large","max-video-preview":"max-video-preview:-1"},"canonical":"https:\/\/moto-pawmar.pl\/?product=uchwyt-mocujacy-tankring-pro-sw-motech-cfmoto-450mt-23-black","og_locale":"pl_PL","og_type":"article","og_title":"UCHWYT MOCUJ\u0104CY TANKRING PRO SW-MOTECH CFMOTO 450MT (23-) BLACK - MOTO-PAWMAR","og_description":"Adapter na tankring PRO Adapter PRO jest przymocowany do zbiornika i pozwala na monta\u017c tankbaga. Mechanizm blokuj\u0105cy QUICK-LOCK pier\u015bcieni zbiornika SW-MOTECH, kt\u00f3ry by\u0142 testowany przez wiele lat, mo\u017ce by\u0107 teraz obs\u0142ugiwany jeszcze \u0142atwiej. Pozycjonowanie g\u00f3rnego pier\u015bcienia zosta\u0142o ulepszone: przesuwany g\u00f3rny pier\u015bcie\u0144 jest ju\u017c wst\u0119pnie zamontowany na tankbagu. &#xa0; Magnetyczna prowadnica, opracowana przez Fidlock, uzupe\u0142nia ju\u017c [&hellip;]","og_url":"https:\/\/moto-pawmar.pl\/?product=uchwyt-mocujacy-tankring-pro-sw-motech-cfmoto-450mt-23-black","og_site_name":"MOTO-PAWMAR","article_publisher":"https:\/\/www.facebook.com\/motopawmar\/?locale=pl_PL","twitter_card":"summary_large_image","twitter_misc":{"Szacowany czas czytania":"2 minuty"},"schema":{"@context":"https:\/\/schema.org","@graph":[{"@type":"WebPage","@id":"https:\/\/moto-pawmar.pl\/?product=uchwyt-mocujacy-tankring-pro-sw-motech-cfmoto-450mt-23-black","url":"https:\/\/moto-pawmar.pl\/?product=uchwyt-mocujacy-tankring-pro-sw-motech-cfmoto-450mt-23-black","name":"UCHWYT MOCUJ\u0104CY TANKRING PRO SW-MOTECH CFMOTO 450MT (23-) BLACK - MOTO-PAWMAR","isPartOf":{"@id":"https:\/\/moto-pawmar.pl\/#website"},"primaryImageOfPage":{"@id":"https:\/\/moto-pawmar.pl\/?product=uchwyt-mocujacy-tankring-pro-sw-motech-cfmoto-450mt-23-black#primaryimage"},"image":{"@id":"https:\/\/moto-pawmar.pl\/?product=uchwyt-mocujacy-tankring-pro-sw-motech-cfmoto-450mt-23-black#primaryimage"},"thumbnailUrl":"https:\/\/moto-pawmar.pl\/wp-content\/uploads\/2026\/01\/340327_ZAL769236.jpg","datePublished":"2026-01-29T08:38:00+00:00","breadcrumb":{"@id":"https:\/\/moto-pawmar.pl\/?product=uchwyt-mocujacy-tankring-pro-sw-motech-cfmoto-450mt-23-black#breadcrumb"},"inLanguage":"pl-PL","potentialAction":[{"@type":"ReadAction","target":["https:\/\/moto-pawmar.pl\/?product=uchwyt-mocujacy-tankring-pro-sw-motech-cfmoto-450mt-23-black"]}]},{"@type":"ImageObject","inLanguage":"pl-PL","@id":"https:\/\/moto-pawmar.pl\/?product=uchwyt-mocujacy-tankring-pro-sw-motech-cfmoto-450mt-23-black#primaryimage","url":"https:\/\/moto-pawmar.pl\/wp-content\/uploads\/2026\/01\/340327_ZAL769236.jpg","contentUrl":"https:\/\/moto-pawmar.pl\/wp-content\/uploads\/2026\/01\/340327_ZAL769236.jpg","width":600,"height":400},{"@type":"BreadcrumbList","@id":"https:\/\/moto-pawmar.pl\/?product=uchwyt-mocujacy-tankring-pro-sw-motech-cfmoto-450mt-23-black#breadcrumb","itemListElement":[{"@type":"ListItem","position":1,"name":"Strona g\u0142\u00f3wna","item":"https:\/\/moto-pawmar.pl\/"},{"@type":"ListItem","position":2,"name":"Sklep Internetowy","item":"https:\/\/moto-pawmar.pl\/?page_id=367"},{"@type":"ListItem","position":3,"name":"UCHWYT MOCUJ\u0104CY TANKRING PRO SW-MOTECH CFMOTO 450MT (23-) BLACK"}]},{"@type":"WebSite","@id":"https:\/\/moto-pawmar.pl\/#website","url":"https:\/\/moto-pawmar.pl\/","name":"MOTO-PAWMAR","description":"MOTO\u2011PAWMAR \u2013 Tw\u00f3j sklep z cz\u0119\u015bciami i akcesoriami do motocykli, skuter\u00f3w i quad\u00f3w.","publisher":{"@id":"https:\/\/moto-pawmar.pl\/#organization"},"potentialAction":[{"@type":"SearchAction","target":{"@type":"EntryPoint","urlTemplate":"https:\/\/moto-pawmar.pl\/?s={search_term_string}"},"query-input":{"@type":"PropertyValueSpecification","valueRequired":true,"valueName":"search_term_string"}}],"inLanguage":"pl-PL"},{"@type":"Organization","@id":"https:\/\/moto-pawmar.pl\/#organization","name":"MOTO-PAWMAR","url":"https:\/\/moto-pawmar.pl\/","logo":{"@type":"ImageObject","inLanguage":"pl-PL","@id":"https:\/\/moto-pawmar.pl\/#\/schema\/logo\/image\/","url":"https:\/\/moto-pawmar.pl\/wp-content\/uploads\/2025\/10\/LOGO-SKLEP.png","contentUrl":"https:\/\/moto-pawmar.pl\/wp-content\/uploads\/2025\/10\/LOGO-SKLEP.png","width":2480,"height":2053,"caption":"MOTO-PAWMAR"},"image":{"@id":"https:\/\/moto-pawmar.pl\/#\/schema\/logo\/image\/"},"sameAs":["https:\/\/www.facebook.com\/motopawmar\/?locale=pl_PL"]}]}},"_links":{"self":[{"href":"https:\/\/moto-pawmar.pl\/index.php?rest_route=\/wp\/v2\/product\/13473","targetHints":{"allow":["GET"]}}],"collection":[{"href":"https:\/\/moto-pawmar.pl\/index.php?rest_route=\/wp\/v2\/product"}],"about":[{"href":"https:\/\/moto-pawmar.pl\/index.php?rest_route=\/wp\/v2\/types\/product"}],"wp:featuredmedia":[{"embeddable":true,"href":"https:\/\/moto-pawmar.pl\/index.php?rest_route=\/wp\/v2\/media\/13472"}],"wp:attachment":[{"href":"https:\/\/moto-pawmar.pl\/index.php?rest_route=%2Fwp%2Fv2%2Fmedia&parent=13473"}],"wp:term":[{"taxonomy":"product_brand","embeddable":true,"href":"https:\/\/moto-pawmar.pl\/index.php?rest_route=%2Fwp%2Fv2%2Fproduct_brand&post=13473"},{"taxonomy":"product_cat","embeddable":true,"href":"https:\/\/moto-pawmar.pl\/index.php?rest_route=%2Fwp%2Fv2%2Fproduct_cat&post=13473"},{"taxonomy":"product_tag","embeddable":true,"href":"https:\/\/moto-pawmar.pl\/index.php?rest_route=%2Fwp%2Fv2%2Fproduct_tag&post=13473"}],"curies":[{"name":"wp","href":"https:\/\/api.w.org\/{rel}","templated":true}]}}