{"id":13371,"date":"2026-01-29T09:37:44","date_gmt":"2026-01-29T08:37:44","guid":{"rendered":"https:\/\/moto-pawmar.pl\/?product=siatka-wewnetrzna-do-kufra-centralnego-dusc-xl-sw-motech-black"},"modified":"2026-01-29T09:37:44","modified_gmt":"2026-01-29T08:37:44","slug":"siatka-wewnetrzna-do-kufra-centralnego-dusc-xl-sw-motech-black","status":"publish","type":"product","link":"https:\/\/moto-pawmar.pl\/?product=siatka-wewnetrzna-do-kufra-centralnego-dusc-xl-sw-motech-black","title":{"rendered":"SIATKA WEWN\u0118TRZNA DO KUFRA CENTRALNEGO DUSC XL SW-MOTECH BLACK"},"content":{"rendered":"<p>Siatka na pokryw\u0119 kufra DUSC XL<\/p>\n<p>Wszystko w zasi\u0119gu r\u0119ki: dokumenty lub kombinezon przeciwdeszczowy s\u0105 \u0142atwo dost\u0119pne, gdy s\u0105 przechowywane w siatce na pokryw\u0119 kufra. Nasz system baga\u017cowy DUSC XL oferuje mn\u00f3stwo miejsca do przechowywania. Wysoce elastyczna siatka jest po prostu zawieszana wewn\u0105trz pokrywy, co zapewnia \u0142atwo dost\u0119pne dodatkowe miejsce do przechowywania.<\/p>\n<p>Siatka na pokryw\u0119 kufra DUSC XL<\/p>\n<p>&#8211; Szybkie mocowanie do punkt\u00f3w mocowania w pokrywie<\/p>\n<p>&#8211; Materia\u0142: wysoce elastyczna, pleciona ta\u015bma elastyczna<\/p>\n<p>&#8211; Wymiary: 24,0 cm x 40,0 mm<\/p>\n<p>Zawarto\u015b\u0107 zestawu:<\/p>\n<p>&#8211; 1 x Siatka na pokryw\u0119 kufra DUSC XL<\/p>\n<p>Szczeg\u00f3\u0142y:<\/p>\n<p>&#8211; Kolor: czarny<\/p>\n<p>&#8211; Ca\u0142kowita waga: ok. 0,1 kg \/ ok. 0,2 lb<\/p>\n<p>&#xa0;<\/p>\n","protected":false},"excerpt":{"rendered":"<p>Siatka na pokryw\u0119 kufra DUSC XL Wszystko w zasi\u0119gu r\u0119ki: dokumenty lub kombinezon przeciwdeszczowy s\u0105 \u0142atwo dost\u0119pne, gdy s\u0105 przechowywane w siatce na pokryw\u0119 kufra. Nasz system baga\u017cowy DUSC XL oferuje mn\u00f3stwo miejsca do przechowywania. Wysoce elastyczna siatka jest po prostu zawieszana wewn\u0105trz pokrywy, co zapewnia \u0142atwo dost\u0119pne dodatkowe miejsce do przechowywania. Siatka na pokryw\u0119 [&hellip;]<\/p>\n","protected":false},"featured_media":13370,"template":"","meta":[],"product_brand":[386],"product_cat":[390],"product_tag":[],"class_list":{"0":"post-13371","1":"product","2":"type-product","3":"status-publish","4":"has-post-thumbnail","6":"product_brand-sw-motech","7":"product_cat-akcesoria-sw-motech-2","9":"first","10":"onbackorder","11":"taxable","12":"shipping-taxable","13":"purchasable","14":"product-type-simple"},"yoast_head":"<!-- This site is optimized with the Yoast SEO plugin v26.9 - https:\/\/yoast.com\/product\/yoast-seo-wordpress\/ -->\n<title>SIATKA WEWN\u0118TRZNA DO KUFRA CENTRALNEGO DUSC XL SW-MOTECH BLACK - MOTO-PAWMAR<\/title>\n<meta name=\"robots\" content=\"index, follow, max-snippet:-1, max-image-preview:large, max-video-preview:-1\" \/>\n<link rel=\"canonical\" href=\"https:\/\/moto-pawmar.pl\/?product=siatka-wewnetrzna-do-kufra-centralnego-dusc-xl-sw-motech-black\" \/>\n<meta property=\"og:locale\" content=\"pl_PL\" \/>\n<meta property=\"og:type\" content=\"article\" \/>\n<meta property=\"og:title\" content=\"SIATKA WEWN\u0118TRZNA DO KUFRA CENTRALNEGO DUSC XL SW-MOTECH BLACK - MOTO-PAWMAR\" \/>\n<meta property=\"og:description\" content=\"Siatka na pokryw\u0119 kufra DUSC XL Wszystko w zasi\u0119gu r\u0119ki: dokumenty lub kombinezon przeciwdeszczowy s\u0105 \u0142atwo dost\u0119pne, gdy s\u0105 przechowywane w siatce na pokryw\u0119 kufra. Nasz system baga\u017cowy DUSC XL oferuje mn\u00f3stwo miejsca do przechowywania. Wysoce elastyczna siatka jest po prostu zawieszana wewn\u0105trz pokrywy, co zapewnia \u0142atwo dost\u0119pne dodatkowe miejsce do przechowywania. Siatka na pokryw\u0119 [&hellip;]\" \/>\n<meta property=\"og:url\" content=\"https:\/\/moto-pawmar.pl\/?product=siatka-wewnetrzna-do-kufra-centralnego-dusc-xl-sw-motech-black\" \/>\n<meta property=\"og:site_name\" content=\"MOTO-PAWMAR\" \/>\n<meta property=\"article:publisher\" content=\"https:\/\/www.facebook.com\/motopawmar\/?locale=pl_PL\" \/>\n<meta name=\"twitter:card\" content=\"summary_large_image\" \/>\n<meta name=\"twitter:label1\" content=\"Szacowany czas czytania\" \/>\n\t<meta name=\"twitter:data1\" content=\"1 minuta\" \/>\n<script type=\"application\/ld+json\" class=\"yoast-schema-graph\">{\"@context\":\"https:\/\/schema.org\",\"@graph\":[{\"@type\":\"WebPage\",\"@id\":\"https:\/\/moto-pawmar.pl\/?product=siatka-wewnetrzna-do-kufra-centralnego-dusc-xl-sw-motech-black\",\"url\":\"https:\/\/moto-pawmar.pl\/?product=siatka-wewnetrzna-do-kufra-centralnego-dusc-xl-sw-motech-black\",\"name\":\"SIATKA WEWN\u0118TRZNA DO KUFRA CENTRALNEGO DUSC XL SW-MOTECH BLACK - MOTO-PAWMAR\",\"isPartOf\":{\"@id\":\"https:\/\/moto-pawmar.pl\/#website\"},\"primaryImageOfPage\":{\"@id\":\"https:\/\/moto-pawmar.pl\/?product=siatka-wewnetrzna-do-kufra-centralnego-dusc-xl-sw-motech-black#primaryimage\"},\"image\":{\"@id\":\"https:\/\/moto-pawmar.pl\/?product=siatka-wewnetrzna-do-kufra-centralnego-dusc-xl-sw-motech-black#primaryimage\"},\"thumbnailUrl\":\"https:\/\/moto-pawmar.pl\/wp-content\/uploads\/2026\/01\/340272_ZAL768776.jpg\",\"datePublished\":\"2026-01-29T08:37:44+00:00\",\"breadcrumb\":{\"@id\":\"https:\/\/moto-pawmar.pl\/?product=siatka-wewnetrzna-do-kufra-centralnego-dusc-xl-sw-motech-black#breadcrumb\"},\"inLanguage\":\"pl-PL\",\"potentialAction\":[{\"@type\":\"ReadAction\",\"target\":[\"https:\/\/moto-pawmar.pl\/?product=siatka-wewnetrzna-do-kufra-centralnego-dusc-xl-sw-motech-black\"]}]},{\"@type\":\"ImageObject\",\"inLanguage\":\"pl-PL\",\"@id\":\"https:\/\/moto-pawmar.pl\/?product=siatka-wewnetrzna-do-kufra-centralnego-dusc-xl-sw-motech-black#primaryimage\",\"url\":\"https:\/\/moto-pawmar.pl\/wp-content\/uploads\/2026\/01\/340272_ZAL768776.jpg\",\"contentUrl\":\"https:\/\/moto-pawmar.pl\/wp-content\/uploads\/2026\/01\/340272_ZAL768776.jpg\",\"width\":800,\"height\":533},{\"@type\":\"BreadcrumbList\",\"@id\":\"https:\/\/moto-pawmar.pl\/?product=siatka-wewnetrzna-do-kufra-centralnego-dusc-xl-sw-motech-black#breadcrumb\",\"itemListElement\":[{\"@type\":\"ListItem\",\"position\":1,\"name\":\"Strona g\u0142\u00f3wna\",\"item\":\"https:\/\/moto-pawmar.pl\/\"},{\"@type\":\"ListItem\",\"position\":2,\"name\":\"Sklep Internetowy\",\"item\":\"https:\/\/moto-pawmar.pl\/?page_id=367\"},{\"@type\":\"ListItem\",\"position\":3,\"name\":\"SIATKA WEWN\u0118TRZNA DO KUFRA CENTRALNEGO DUSC XL SW-MOTECH BLACK\"}]},{\"@type\":\"WebSite\",\"@id\":\"https:\/\/moto-pawmar.pl\/#website\",\"url\":\"https:\/\/moto-pawmar.pl\/\",\"name\":\"MOTO-PAWMAR\",\"description\":\"MOTO\u2011PAWMAR \u2013 Tw\u00f3j sklep z cz\u0119\u015bciami i akcesoriami do motocykli, skuter\u00f3w i quad\u00f3w.\",\"publisher\":{\"@id\":\"https:\/\/moto-pawmar.pl\/#organization\"},\"potentialAction\":[{\"@type\":\"SearchAction\",\"target\":{\"@type\":\"EntryPoint\",\"urlTemplate\":\"https:\/\/moto-pawmar.pl\/?s={search_term_string}\"},\"query-input\":{\"@type\":\"PropertyValueSpecification\",\"valueRequired\":true,\"valueName\":\"search_term_string\"}}],\"inLanguage\":\"pl-PL\"},{\"@type\":\"Organization\",\"@id\":\"https:\/\/moto-pawmar.pl\/#organization\",\"name\":\"MOTO-PAWMAR\",\"url\":\"https:\/\/moto-pawmar.pl\/\",\"logo\":{\"@type\":\"ImageObject\",\"inLanguage\":\"pl-PL\",\"@id\":\"https:\/\/moto-pawmar.pl\/#\/schema\/logo\/image\/\",\"url\":\"https:\/\/moto-pawmar.pl\/wp-content\/uploads\/2025\/10\/LOGO-SKLEP.png\",\"contentUrl\":\"https:\/\/moto-pawmar.pl\/wp-content\/uploads\/2025\/10\/LOGO-SKLEP.png\",\"width\":2480,\"height\":2053,\"caption\":\"MOTO-PAWMAR\"},\"image\":{\"@id\":\"https:\/\/moto-pawmar.pl\/#\/schema\/logo\/image\/\"},\"sameAs\":[\"https:\/\/www.facebook.com\/motopawmar\/?locale=pl_PL\"]}]}<\/script>\n<!-- \/ Yoast SEO plugin. -->","yoast_head_json":{"title":"SIATKA WEWN\u0118TRZNA DO KUFRA CENTRALNEGO DUSC XL SW-MOTECH BLACK - MOTO-PAWMAR","robots":{"index":"index","follow":"follow","max-snippet":"max-snippet:-1","max-image-preview":"max-image-preview:large","max-video-preview":"max-video-preview:-1"},"canonical":"https:\/\/moto-pawmar.pl\/?product=siatka-wewnetrzna-do-kufra-centralnego-dusc-xl-sw-motech-black","og_locale":"pl_PL","og_type":"article","og_title":"SIATKA WEWN\u0118TRZNA DO KUFRA CENTRALNEGO DUSC XL SW-MOTECH BLACK - MOTO-PAWMAR","og_description":"Siatka na pokryw\u0119 kufra DUSC XL Wszystko w zasi\u0119gu r\u0119ki: dokumenty lub kombinezon przeciwdeszczowy s\u0105 \u0142atwo dost\u0119pne, gdy s\u0105 przechowywane w siatce na pokryw\u0119 kufra. Nasz system baga\u017cowy DUSC XL oferuje mn\u00f3stwo miejsca do przechowywania. Wysoce elastyczna siatka jest po prostu zawieszana wewn\u0105trz pokrywy, co zapewnia \u0142atwo dost\u0119pne dodatkowe miejsce do przechowywania. Siatka na pokryw\u0119 [&hellip;]","og_url":"https:\/\/moto-pawmar.pl\/?product=siatka-wewnetrzna-do-kufra-centralnego-dusc-xl-sw-motech-black","og_site_name":"MOTO-PAWMAR","article_publisher":"https:\/\/www.facebook.com\/motopawmar\/?locale=pl_PL","twitter_card":"summary_large_image","twitter_misc":{"Szacowany czas czytania":"1 minuta"},"schema":{"@context":"https:\/\/schema.org","@graph":[{"@type":"WebPage","@id":"https:\/\/moto-pawmar.pl\/?product=siatka-wewnetrzna-do-kufra-centralnego-dusc-xl-sw-motech-black","url":"https:\/\/moto-pawmar.pl\/?product=siatka-wewnetrzna-do-kufra-centralnego-dusc-xl-sw-motech-black","name":"SIATKA WEWN\u0118TRZNA DO KUFRA CENTRALNEGO DUSC XL SW-MOTECH BLACK - MOTO-PAWMAR","isPartOf":{"@id":"https:\/\/moto-pawmar.pl\/#website"},"primaryImageOfPage":{"@id":"https:\/\/moto-pawmar.pl\/?product=siatka-wewnetrzna-do-kufra-centralnego-dusc-xl-sw-motech-black#primaryimage"},"image":{"@id":"https:\/\/moto-pawmar.pl\/?product=siatka-wewnetrzna-do-kufra-centralnego-dusc-xl-sw-motech-black#primaryimage"},"thumbnailUrl":"https:\/\/moto-pawmar.pl\/wp-content\/uploads\/2026\/01\/340272_ZAL768776.jpg","datePublished":"2026-01-29T08:37:44+00:00","breadcrumb":{"@id":"https:\/\/moto-pawmar.pl\/?product=siatka-wewnetrzna-do-kufra-centralnego-dusc-xl-sw-motech-black#breadcrumb"},"inLanguage":"pl-PL","potentialAction":[{"@type":"ReadAction","target":["https:\/\/moto-pawmar.pl\/?product=siatka-wewnetrzna-do-kufra-centralnego-dusc-xl-sw-motech-black"]}]},{"@type":"ImageObject","inLanguage":"pl-PL","@id":"https:\/\/moto-pawmar.pl\/?product=siatka-wewnetrzna-do-kufra-centralnego-dusc-xl-sw-motech-black#primaryimage","url":"https:\/\/moto-pawmar.pl\/wp-content\/uploads\/2026\/01\/340272_ZAL768776.jpg","contentUrl":"https:\/\/moto-pawmar.pl\/wp-content\/uploads\/2026\/01\/340272_ZAL768776.jpg","width":800,"height":533},{"@type":"BreadcrumbList","@id":"https:\/\/moto-pawmar.pl\/?product=siatka-wewnetrzna-do-kufra-centralnego-dusc-xl-sw-motech-black#breadcrumb","itemListElement":[{"@type":"ListItem","position":1,"name":"Strona g\u0142\u00f3wna","item":"https:\/\/moto-pawmar.pl\/"},{"@type":"ListItem","position":2,"name":"Sklep Internetowy","item":"https:\/\/moto-pawmar.pl\/?page_id=367"},{"@type":"ListItem","position":3,"name":"SIATKA WEWN\u0118TRZNA DO KUFRA CENTRALNEGO DUSC XL SW-MOTECH BLACK"}]},{"@type":"WebSite","@id":"https:\/\/moto-pawmar.pl\/#website","url":"https:\/\/moto-pawmar.pl\/","name":"MOTO-PAWMAR","description":"MOTO\u2011PAWMAR \u2013 Tw\u00f3j sklep z cz\u0119\u015bciami i akcesoriami do motocykli, skuter\u00f3w i quad\u00f3w.","publisher":{"@id":"https:\/\/moto-pawmar.pl\/#organization"},"potentialAction":[{"@type":"SearchAction","target":{"@type":"EntryPoint","urlTemplate":"https:\/\/moto-pawmar.pl\/?s={search_term_string}"},"query-input":{"@type":"PropertyValueSpecification","valueRequired":true,"valueName":"search_term_string"}}],"inLanguage":"pl-PL"},{"@type":"Organization","@id":"https:\/\/moto-pawmar.pl\/#organization","name":"MOTO-PAWMAR","url":"https:\/\/moto-pawmar.pl\/","logo":{"@type":"ImageObject","inLanguage":"pl-PL","@id":"https:\/\/moto-pawmar.pl\/#\/schema\/logo\/image\/","url":"https:\/\/moto-pawmar.pl\/wp-content\/uploads\/2025\/10\/LOGO-SKLEP.png","contentUrl":"https:\/\/moto-pawmar.pl\/wp-content\/uploads\/2025\/10\/LOGO-SKLEP.png","width":2480,"height":2053,"caption":"MOTO-PAWMAR"},"image":{"@id":"https:\/\/moto-pawmar.pl\/#\/schema\/logo\/image\/"},"sameAs":["https:\/\/www.facebook.com\/motopawmar\/?locale=pl_PL"]}]}},"_links":{"self":[{"href":"https:\/\/moto-pawmar.pl\/index.php?rest_route=\/wp\/v2\/product\/13371","targetHints":{"allow":["GET"]}}],"collection":[{"href":"https:\/\/moto-pawmar.pl\/index.php?rest_route=\/wp\/v2\/product"}],"about":[{"href":"https:\/\/moto-pawmar.pl\/index.php?rest_route=\/wp\/v2\/types\/product"}],"wp:featuredmedia":[{"embeddable":true,"href":"https:\/\/moto-pawmar.pl\/index.php?rest_route=\/wp\/v2\/media\/13370"}],"wp:attachment":[{"href":"https:\/\/moto-pawmar.pl\/index.php?rest_route=%2Fwp%2Fv2%2Fmedia&parent=13371"}],"wp:term":[{"taxonomy":"product_brand","embeddable":true,"href":"https:\/\/moto-pawmar.pl\/index.php?rest_route=%2Fwp%2Fv2%2Fproduct_brand&post=13371"},{"taxonomy":"product_cat","embeddable":true,"href":"https:\/\/moto-pawmar.pl\/index.php?rest_route=%2Fwp%2Fv2%2Fproduct_cat&post=13371"},{"taxonomy":"product_tag","embeddable":true,"href":"https:\/\/moto-pawmar.pl\/index.php?rest_route=%2Fwp%2Fv2%2Fproduct_tag&post=13371"}],"curies":[{"name":"wp","href":"https:\/\/api.w.org\/{rel}","templated":true}]}}