{"id":13351,"date":"2026-01-29T09:37:37","date_gmt":"2026-01-29T08:37:37","guid":{"rendered":"https:\/\/moto-pawmar.pl\/?product=podnozki-ion-sw-motech-triumph-tiger-1200-models-22-black"},"modified":"2026-01-29T09:37:38","modified_gmt":"2026-01-29T08:37:38","slug":"podnozki-ion-sw-motech-triumph-tiger-1200-models-22-black","status":"publish","type":"product","link":"https:\/\/moto-pawmar.pl\/?product=podnozki-ion-sw-motech-triumph-tiger-1200-models-22-black","title":{"rendered":"PODN\u00d3\u017bKI ION SW-MOTECH TRIUMPH TIGER 1200 MODELS (22-) BLACK"},"content":{"rendered":"<p>Zestaw podn\u00f3\u017ck\u00f3w SW \u2013 Motech ION<\/p>\n<p>Nasze przyst\u0119pne cenowo zestawy podn\u00f3\u017ck\u00f3w ION pozwalaj\u0105 na zamontowanie podn\u00f3\u017cka na oryginalnej wysoko\u015bci lub obni\u017cenie go o 15 mm. Te niezwykle trwa\u0142e i wytrzyma\u0142e podn\u00f3\u017cki ze stali nierdzewnej zapewniaj\u0105 doskona\u0142\u0105 przyczepno\u015b\u0107 i s\u0105 polecane do wszystkich rodzaj\u00f3w motocykli. Wykonane z wysokowytrzyma\u0142ego stopu aluminium i wyposa\u017cone w mechanizm sk\u0142adania, dzi\u0119ki kt\u00f3remu podn\u00f3\u017cek mo\u017ce si\u0119 z\u0142o\u017cy\u0107, je\u015bli motocykl si\u0119 przewr\u00f3ci. Zdejmowana gumowa nak\u0142adka redukuje wibracje, a profil zapewnia pewny chwyt podczas jazdy terenowej. Zestawy monta\u017cowe s\u0105 wyposa\u017cone we wszystkie elementy pozwalaj\u0105ce na monta\u017c w konkretnym modelu dla motocykla. Adaptery montuje si\u0119 z wykorzystaniem fabrycznych element\u00f3w (spr\u0119\u017cyny, \u015bruby itp.).<\/p>\n<p>&#xa0;<\/p>\n<p>&#8211; \u0141atwy monta\u017c na oryginalnym uchwycie podn\u00f3\u017cka<\/p>\n<p>&#8211; Indywidualna regulacja: oryginalna wysoko\u015b\u0107 lub obni\u017cenie podn\u00f3\u017cka o 15 mm<\/p>\n<p>&#8211; Wi\u0119kszy komfort podczas jazdy dzi\u0119ki du\u017cej powierzchni podn\u00f3\u017cka<\/p>\n<p>&#8211; Profilowana, antypo\u015blizgowa powierzchnia<\/p>\n<p>&#8211; Wysokiej jako\u015bci, odporna na korozj\u0119 odlewana stal nierdzewna ze zdejmowan\u0105 gumow\u0105 nak\u0142adk\u0105<\/p>\n<p>&#8211; Materia\u0142y monta\u017cowe w zestawie<\/p>\n<p>&#8211; Du\u017ca powierzchnia kontaktowa (ok. 8 x 5 cm) dla wi\u0119kszego komfortu i przyczepno\u015bci Zawarto\u015b\u0107 zestawu:<\/p>\n<p>&#8211; 2 x Zestaw monta\u017cowy podn\u00f3\u017ck\u00f3w ION<\/p>\n<p>&#8211; 1 x zestaw podn\u00f3\u017ck\u00f3w ION<\/p>\n<p>&#8211; Instrukcja monta\u017cu<\/p>\n<p>&#8211; Materia\u0142y monta\u017cowe<\/p>\n<p>Szczeg\u00f3\u0142y:<\/p>\n<p>&#8211; Materia\u0142: Stal nierdzewna \/ Guma<\/p>\n<p>&#8211; Kolor: srebrny \/ czarny<\/p>\n<p>&#8211; Ca\u0142kowita waga: ok. 1,2 kg \/ ok. 2,5 lb<\/p>\n<p>&#xa0;<\/p>\n","protected":false},"excerpt":{"rendered":"<p>Zestaw podn\u00f3\u017ck\u00f3w SW \u2013 Motech ION Nasze przyst\u0119pne cenowo zestawy podn\u00f3\u017ck\u00f3w ION pozwalaj\u0105 na zamontowanie podn\u00f3\u017cka na oryginalnej wysoko\u015bci lub obni\u017cenie go o 15 mm. Te niezwykle trwa\u0142e i wytrzyma\u0142e podn\u00f3\u017cki ze stali nierdzewnej zapewniaj\u0105 doskona\u0142\u0105 przyczepno\u015b\u0107 i s\u0105 polecane do wszystkich rodzaj\u00f3w motocykli. Wykonane z wysokowytrzyma\u0142ego stopu aluminium i wyposa\u017cone w mechanizm sk\u0142adania, dzi\u0119ki [&hellip;]<\/p>\n","protected":false},"featured_media":13350,"template":"","meta":[],"product_brand":[386],"product_cat":[390],"product_tag":[],"class_list":{"0":"post-13351","1":"product","2":"type-product","3":"status-publish","4":"has-post-thumbnail","6":"product_brand-sw-motech","7":"product_cat-akcesoria-sw-motech-2","9":"first","10":"onbackorder","11":"taxable","12":"shipping-taxable","13":"purchasable","14":"product-type-simple"},"yoast_head":"<!-- This site is optimized with the Yoast SEO plugin v26.9 - https:\/\/yoast.com\/product\/yoast-seo-wordpress\/ -->\n<title>PODN\u00d3\u017bKI ION SW-MOTECH TRIUMPH TIGER 1200 MODELS (22-) BLACK - MOTO-PAWMAR<\/title>\n<meta name=\"robots\" content=\"index, follow, max-snippet:-1, max-image-preview:large, max-video-preview:-1\" \/>\n<link rel=\"canonical\" href=\"https:\/\/moto-pawmar.pl\/?product=podnozki-ion-sw-motech-triumph-tiger-1200-models-22-black\" \/>\n<meta property=\"og:locale\" content=\"pl_PL\" \/>\n<meta property=\"og:type\" content=\"article\" \/>\n<meta property=\"og:title\" content=\"PODN\u00d3\u017bKI ION SW-MOTECH TRIUMPH TIGER 1200 MODELS (22-) BLACK - MOTO-PAWMAR\" \/>\n<meta property=\"og:description\" content=\"Zestaw podn\u00f3\u017ck\u00f3w SW \u2013 Motech ION Nasze przyst\u0119pne cenowo zestawy podn\u00f3\u017ck\u00f3w ION pozwalaj\u0105 na zamontowanie podn\u00f3\u017cka na oryginalnej wysoko\u015bci lub obni\u017cenie go o 15 mm. Te niezwykle trwa\u0142e i wytrzyma\u0142e podn\u00f3\u017cki ze stali nierdzewnej zapewniaj\u0105 doskona\u0142\u0105 przyczepno\u015b\u0107 i s\u0105 polecane do wszystkich rodzaj\u00f3w motocykli. Wykonane z wysokowytrzyma\u0142ego stopu aluminium i wyposa\u017cone w mechanizm sk\u0142adania, dzi\u0119ki [&hellip;]\" \/>\n<meta property=\"og:url\" content=\"https:\/\/moto-pawmar.pl\/?product=podnozki-ion-sw-motech-triumph-tiger-1200-models-22-black\" \/>\n<meta property=\"og:site_name\" content=\"MOTO-PAWMAR\" \/>\n<meta property=\"article:publisher\" content=\"https:\/\/www.facebook.com\/motopawmar\/?locale=pl_PL\" \/>\n<meta property=\"article:modified_time\" content=\"2026-01-29T08:37:38+00:00\" \/>\n<meta name=\"twitter:card\" content=\"summary_large_image\" \/>\n<meta name=\"twitter:label1\" content=\"Szacowany czas czytania\" \/>\n\t<meta name=\"twitter:data1\" content=\"1 minuta\" \/>\n<script type=\"application\/ld+json\" class=\"yoast-schema-graph\">{\"@context\":\"https:\/\/schema.org\",\"@graph\":[{\"@type\":\"WebPage\",\"@id\":\"https:\/\/moto-pawmar.pl\/?product=podnozki-ion-sw-motech-triumph-tiger-1200-models-22-black\",\"url\":\"https:\/\/moto-pawmar.pl\/?product=podnozki-ion-sw-motech-triumph-tiger-1200-models-22-black\",\"name\":\"PODN\u00d3\u017bKI ION SW-MOTECH TRIUMPH TIGER 1200 MODELS (22-) BLACK - MOTO-PAWMAR\",\"isPartOf\":{\"@id\":\"https:\/\/moto-pawmar.pl\/#website\"},\"primaryImageOfPage\":{\"@id\":\"https:\/\/moto-pawmar.pl\/?product=podnozki-ion-sw-motech-triumph-tiger-1200-models-22-black#primaryimage\"},\"image\":{\"@id\":\"https:\/\/moto-pawmar.pl\/?product=podnozki-ion-sw-motech-triumph-tiger-1200-models-22-black#primaryimage\"},\"thumbnailUrl\":\"https:\/\/moto-pawmar.pl\/wp-content\/uploads\/2026\/01\/340260_ZAL768203.jpg\",\"datePublished\":\"2026-01-29T08:37:37+00:00\",\"dateModified\":\"2026-01-29T08:37:38+00:00\",\"breadcrumb\":{\"@id\":\"https:\/\/moto-pawmar.pl\/?product=podnozki-ion-sw-motech-triumph-tiger-1200-models-22-black#breadcrumb\"},\"inLanguage\":\"pl-PL\",\"potentialAction\":[{\"@type\":\"ReadAction\",\"target\":[\"https:\/\/moto-pawmar.pl\/?product=podnozki-ion-sw-motech-triumph-tiger-1200-models-22-black\"]}]},{\"@type\":\"ImageObject\",\"inLanguage\":\"pl-PL\",\"@id\":\"https:\/\/moto-pawmar.pl\/?product=podnozki-ion-sw-motech-triumph-tiger-1200-models-22-black#primaryimage\",\"url\":\"https:\/\/moto-pawmar.pl\/wp-content\/uploads\/2026\/01\/340260_ZAL768203.jpg\",\"contentUrl\":\"https:\/\/moto-pawmar.pl\/wp-content\/uploads\/2026\/01\/340260_ZAL768203.jpg\",\"width\":600,\"height\":400},{\"@type\":\"BreadcrumbList\",\"@id\":\"https:\/\/moto-pawmar.pl\/?product=podnozki-ion-sw-motech-triumph-tiger-1200-models-22-black#breadcrumb\",\"itemListElement\":[{\"@type\":\"ListItem\",\"position\":1,\"name\":\"Strona g\u0142\u00f3wna\",\"item\":\"https:\/\/moto-pawmar.pl\/\"},{\"@type\":\"ListItem\",\"position\":2,\"name\":\"Sklep Internetowy\",\"item\":\"https:\/\/moto-pawmar.pl\/?page_id=367\"},{\"@type\":\"ListItem\",\"position\":3,\"name\":\"PODN\u00d3\u017bKI ION SW-MOTECH TRIUMPH TIGER 1200 MODELS (22-) BLACK\"}]},{\"@type\":\"WebSite\",\"@id\":\"https:\/\/moto-pawmar.pl\/#website\",\"url\":\"https:\/\/moto-pawmar.pl\/\",\"name\":\"MOTO-PAWMAR\",\"description\":\"MOTO\u2011PAWMAR \u2013 Tw\u00f3j sklep z cz\u0119\u015bciami i akcesoriami do motocykli, skuter\u00f3w i quad\u00f3w.\",\"publisher\":{\"@id\":\"https:\/\/moto-pawmar.pl\/#organization\"},\"potentialAction\":[{\"@type\":\"SearchAction\",\"target\":{\"@type\":\"EntryPoint\",\"urlTemplate\":\"https:\/\/moto-pawmar.pl\/?s={search_term_string}\"},\"query-input\":{\"@type\":\"PropertyValueSpecification\",\"valueRequired\":true,\"valueName\":\"search_term_string\"}}],\"inLanguage\":\"pl-PL\"},{\"@type\":\"Organization\",\"@id\":\"https:\/\/moto-pawmar.pl\/#organization\",\"name\":\"MOTO-PAWMAR\",\"url\":\"https:\/\/moto-pawmar.pl\/\",\"logo\":{\"@type\":\"ImageObject\",\"inLanguage\":\"pl-PL\",\"@id\":\"https:\/\/moto-pawmar.pl\/#\/schema\/logo\/image\/\",\"url\":\"https:\/\/moto-pawmar.pl\/wp-content\/uploads\/2025\/10\/LOGO-SKLEP.png\",\"contentUrl\":\"https:\/\/moto-pawmar.pl\/wp-content\/uploads\/2025\/10\/LOGO-SKLEP.png\",\"width\":2480,\"height\":2053,\"caption\":\"MOTO-PAWMAR\"},\"image\":{\"@id\":\"https:\/\/moto-pawmar.pl\/#\/schema\/logo\/image\/\"},\"sameAs\":[\"https:\/\/www.facebook.com\/motopawmar\/?locale=pl_PL\"]}]}<\/script>\n<!-- \/ Yoast SEO plugin. -->","yoast_head_json":{"title":"PODN\u00d3\u017bKI ION SW-MOTECH TRIUMPH TIGER 1200 MODELS (22-) BLACK - MOTO-PAWMAR","robots":{"index":"index","follow":"follow","max-snippet":"max-snippet:-1","max-image-preview":"max-image-preview:large","max-video-preview":"max-video-preview:-1"},"canonical":"https:\/\/moto-pawmar.pl\/?product=podnozki-ion-sw-motech-triumph-tiger-1200-models-22-black","og_locale":"pl_PL","og_type":"article","og_title":"PODN\u00d3\u017bKI ION SW-MOTECH TRIUMPH TIGER 1200 MODELS (22-) BLACK - MOTO-PAWMAR","og_description":"Zestaw podn\u00f3\u017ck\u00f3w SW \u2013 Motech ION Nasze przyst\u0119pne cenowo zestawy podn\u00f3\u017ck\u00f3w ION pozwalaj\u0105 na zamontowanie podn\u00f3\u017cka na oryginalnej wysoko\u015bci lub obni\u017cenie go o 15 mm. Te niezwykle trwa\u0142e i wytrzyma\u0142e podn\u00f3\u017cki ze stali nierdzewnej zapewniaj\u0105 doskona\u0142\u0105 przyczepno\u015b\u0107 i s\u0105 polecane do wszystkich rodzaj\u00f3w motocykli. Wykonane z wysokowytrzyma\u0142ego stopu aluminium i wyposa\u017cone w mechanizm sk\u0142adania, dzi\u0119ki [&hellip;]","og_url":"https:\/\/moto-pawmar.pl\/?product=podnozki-ion-sw-motech-triumph-tiger-1200-models-22-black","og_site_name":"MOTO-PAWMAR","article_publisher":"https:\/\/www.facebook.com\/motopawmar\/?locale=pl_PL","article_modified_time":"2026-01-29T08:37:38+00:00","twitter_card":"summary_large_image","twitter_misc":{"Szacowany czas czytania":"1 minuta"},"schema":{"@context":"https:\/\/schema.org","@graph":[{"@type":"WebPage","@id":"https:\/\/moto-pawmar.pl\/?product=podnozki-ion-sw-motech-triumph-tiger-1200-models-22-black","url":"https:\/\/moto-pawmar.pl\/?product=podnozki-ion-sw-motech-triumph-tiger-1200-models-22-black","name":"PODN\u00d3\u017bKI ION SW-MOTECH TRIUMPH TIGER 1200 MODELS (22-) BLACK - MOTO-PAWMAR","isPartOf":{"@id":"https:\/\/moto-pawmar.pl\/#website"},"primaryImageOfPage":{"@id":"https:\/\/moto-pawmar.pl\/?product=podnozki-ion-sw-motech-triumph-tiger-1200-models-22-black#primaryimage"},"image":{"@id":"https:\/\/moto-pawmar.pl\/?product=podnozki-ion-sw-motech-triumph-tiger-1200-models-22-black#primaryimage"},"thumbnailUrl":"https:\/\/moto-pawmar.pl\/wp-content\/uploads\/2026\/01\/340260_ZAL768203.jpg","datePublished":"2026-01-29T08:37:37+00:00","dateModified":"2026-01-29T08:37:38+00:00","breadcrumb":{"@id":"https:\/\/moto-pawmar.pl\/?product=podnozki-ion-sw-motech-triumph-tiger-1200-models-22-black#breadcrumb"},"inLanguage":"pl-PL","potentialAction":[{"@type":"ReadAction","target":["https:\/\/moto-pawmar.pl\/?product=podnozki-ion-sw-motech-triumph-tiger-1200-models-22-black"]}]},{"@type":"ImageObject","inLanguage":"pl-PL","@id":"https:\/\/moto-pawmar.pl\/?product=podnozki-ion-sw-motech-triumph-tiger-1200-models-22-black#primaryimage","url":"https:\/\/moto-pawmar.pl\/wp-content\/uploads\/2026\/01\/340260_ZAL768203.jpg","contentUrl":"https:\/\/moto-pawmar.pl\/wp-content\/uploads\/2026\/01\/340260_ZAL768203.jpg","width":600,"height":400},{"@type":"BreadcrumbList","@id":"https:\/\/moto-pawmar.pl\/?product=podnozki-ion-sw-motech-triumph-tiger-1200-models-22-black#breadcrumb","itemListElement":[{"@type":"ListItem","position":1,"name":"Strona g\u0142\u00f3wna","item":"https:\/\/moto-pawmar.pl\/"},{"@type":"ListItem","position":2,"name":"Sklep Internetowy","item":"https:\/\/moto-pawmar.pl\/?page_id=367"},{"@type":"ListItem","position":3,"name":"PODN\u00d3\u017bKI ION SW-MOTECH TRIUMPH TIGER 1200 MODELS (22-) BLACK"}]},{"@type":"WebSite","@id":"https:\/\/moto-pawmar.pl\/#website","url":"https:\/\/moto-pawmar.pl\/","name":"MOTO-PAWMAR","description":"MOTO\u2011PAWMAR \u2013 Tw\u00f3j sklep z cz\u0119\u015bciami i akcesoriami do motocykli, skuter\u00f3w i quad\u00f3w.","publisher":{"@id":"https:\/\/moto-pawmar.pl\/#organization"},"potentialAction":[{"@type":"SearchAction","target":{"@type":"EntryPoint","urlTemplate":"https:\/\/moto-pawmar.pl\/?s={search_term_string}"},"query-input":{"@type":"PropertyValueSpecification","valueRequired":true,"valueName":"search_term_string"}}],"inLanguage":"pl-PL"},{"@type":"Organization","@id":"https:\/\/moto-pawmar.pl\/#organization","name":"MOTO-PAWMAR","url":"https:\/\/moto-pawmar.pl\/","logo":{"@type":"ImageObject","inLanguage":"pl-PL","@id":"https:\/\/moto-pawmar.pl\/#\/schema\/logo\/image\/","url":"https:\/\/moto-pawmar.pl\/wp-content\/uploads\/2025\/10\/LOGO-SKLEP.png","contentUrl":"https:\/\/moto-pawmar.pl\/wp-content\/uploads\/2025\/10\/LOGO-SKLEP.png","width":2480,"height":2053,"caption":"MOTO-PAWMAR"},"image":{"@id":"https:\/\/moto-pawmar.pl\/#\/schema\/logo\/image\/"},"sameAs":["https:\/\/www.facebook.com\/motopawmar\/?locale=pl_PL"]}]}},"_links":{"self":[{"href":"https:\/\/moto-pawmar.pl\/index.php?rest_route=\/wp\/v2\/product\/13351","targetHints":{"allow":["GET"]}}],"collection":[{"href":"https:\/\/moto-pawmar.pl\/index.php?rest_route=\/wp\/v2\/product"}],"about":[{"href":"https:\/\/moto-pawmar.pl\/index.php?rest_route=\/wp\/v2\/types\/product"}],"wp:featuredmedia":[{"embeddable":true,"href":"https:\/\/moto-pawmar.pl\/index.php?rest_route=\/wp\/v2\/media\/13350"}],"wp:attachment":[{"href":"https:\/\/moto-pawmar.pl\/index.php?rest_route=%2Fwp%2Fv2%2Fmedia&parent=13351"}],"wp:term":[{"taxonomy":"product_brand","embeddable":true,"href":"https:\/\/moto-pawmar.pl\/index.php?rest_route=%2Fwp%2Fv2%2Fproduct_brand&post=13351"},{"taxonomy":"product_cat","embeddable":true,"href":"https:\/\/moto-pawmar.pl\/index.php?rest_route=%2Fwp%2Fv2%2Fproduct_cat&post=13351"},{"taxonomy":"product_tag","embeddable":true,"href":"https:\/\/moto-pawmar.pl\/index.php?rest_route=%2Fwp%2Fv2%2Fproduct_tag&post=13351"}],"curies":[{"name":"wp","href":"https:\/\/api.w.org\/{rel}","templated":true}]}}