{"id":13325,"date":"2026-01-29T09:37:33","date_gmt":"2026-01-29T08:37:33","guid":{"rendered":"https:\/\/moto-pawmar.pl\/?product=podnozki-evo-sw-motech-triumph-tiger-660-21-black-2"},"modified":"2026-01-29T09:37:33","modified_gmt":"2026-01-29T08:37:33","slug":"podnozki-evo-sw-motech-triumph-tiger-660-21-black-2","status":"publish","type":"product","link":"https:\/\/moto-pawmar.pl\/?product=podnozki-evo-sw-motech-triumph-tiger-660-21-black-2","title":{"rendered":"PODN\u00d3\u017bKI EVO SW-MOTECH TRIUMPH TIGER 660 (21-) BLACK"},"content":{"rendered":"<p>Zestaw podn\u00f3\u017ck\u00f3w SW \u2013 Motech EVO<\/p>\n<p>Zestaw podn\u00f3\u017ck\u00f3w EVO od SW-MOTECH to zaawansowany system gwarantuj\u0105cy optymalny komfort i ustawienie podn\u00f3\u017ck\u00f3w. Sk\u0142adaj\u0105cy si\u0119 z obrotowych element\u00f3w 36 opcji ustawienia. Pozycja podn\u00f3\u017cka mo\u017ce by\u0107 regulowana tak, aby by\u0142a ni\u017csza lub przesuni\u0119ta do przodu lub do ty\u0142u, a tak\u017ce regulowana pod k\u0105tem, aby dostosowa\u0107 si\u0119 do indywidualnych potrzeb. Specyficzne dla motocykla adaptery przegubowe s\u0105 montowane na miejscach.<\/p>\n<p>&#xa0;<\/p>\n<p>&#8211; \u0141atwy monta\u017c na oryginalnym uchwycie podn\u00f3\u017cka<\/p>\n<p>&#8211; 36 opcji regulacji: w d\u00f3\u0142, do przodu i do ty\u0142u, a tak\u017ce regulacja k\u0105ta dzi\u0119ki obrotowym, zaz\u0119biaj\u0105cym si\u0119 elementom<\/p>\n<p>&#8211; Indywidualna regulacja wysoko\u015bci (najwy\u017csze ustawienie odpowiada oryginalnej pozycji, mo\u017cna obni\u017cy\u0107 maksymalnie o 15 mm)<\/p>\n<p>&#8211; Mocne trzymanie dzi\u0119ki zaz\u0119biaj\u0105cym si\u0119, przykr\u0119canym elementom<\/p>\n<p>&#8211; Oznaczenia u\u0142atwiaj\u0105 symetryczne ustawienie obu stron<\/p>\n<p>&#8211; Profil z zaokr\u0105glonymi kraw\u0119dziami chroni podeszwy but\u00f3w i jednocze\u015bnie zapewnia dodatkow\u0105 przyczepno\u015b\u0107<\/p>\n<p>&#8211; Zdejmowana, metalowo-wzmocniona gumowa podk\u0142adka z antypo\u015blizgow\u0105 powierzchni\u0105 i du\u017c\u0105 powierzchni\u0105 kontaktow\u0105 (ok. 8 x 5 cm) dla wi\u0119kszego komfortu i przyczepno\u015bci<\/p>\n<p>&#8211; Wykonane z elektropolerowanej, odpornej na korozj\u0119 stali nierdzewnej<\/p>\n<p>&#8211; Materia\u0142y monta\u017cowe w zestawie<\/p>\n<p>Zawarto\u015b\u0107 dostawy:<\/p>\n<p>&#8211; 2 x Zestaw podn\u00f3\u017ck\u00f3w EVO<\/p>\n<p>&#8211; 2 x Specyficzne dla motocykla adaptery przegubowe<\/p>\n<p>&#8211; Instrukcja monta\u017cu<\/p>\n<p>&#8211; Materia\u0142y monta\u017cowe<\/p>\n<p>Szczeg\u00f3\u0142y:<\/p>\n<p>&#8211; Materia\u0142: Stal nierdzewna \/ Guma<\/p>\n<p>&#8211; Kolor: srebrny \/ czarny<\/p>\n<p>&#8211; Ca\u0142kowita waga: ok. 1,4 kg&#xa0;<\/p>\n<p>&#xa0;<\/p>\n","protected":false},"excerpt":{"rendered":"<p>Zestaw podn\u00f3\u017ck\u00f3w SW \u2013 Motech EVO Zestaw podn\u00f3\u017ck\u00f3w EVO od SW-MOTECH to zaawansowany system gwarantuj\u0105cy optymalny komfort i ustawienie podn\u00f3\u017ck\u00f3w. Sk\u0142adaj\u0105cy si\u0119 z obrotowych element\u00f3w 36 opcji ustawienia. Pozycja podn\u00f3\u017cka mo\u017ce by\u0107 regulowana tak, aby by\u0142a ni\u017csza lub przesuni\u0119ta do przodu lub do ty\u0142u, a tak\u017ce regulowana pod k\u0105tem, aby dostosowa\u0107 si\u0119 do indywidualnych potrzeb. [&hellip;]<\/p>\n","protected":false},"featured_media":13324,"template":"","meta":[],"product_brand":[386],"product_cat":[390],"product_tag":[],"class_list":{"0":"post-13325","1":"product","2":"type-product","3":"status-publish","4":"has-post-thumbnail","6":"product_brand-sw-motech","7":"product_cat-akcesoria-sw-motech-2","9":"first","10":"onbackorder","11":"taxable","12":"shipping-taxable","13":"purchasable","14":"product-type-simple"},"yoast_head":"<!-- This site is optimized with the Yoast SEO plugin v26.9 - https:\/\/yoast.com\/product\/yoast-seo-wordpress\/ -->\n<title>PODN\u00d3\u017bKI EVO SW-MOTECH TRIUMPH TIGER 660 (21-) BLACK - MOTO-PAWMAR<\/title>\n<meta name=\"robots\" content=\"index, follow, max-snippet:-1, max-image-preview:large, max-video-preview:-1\" \/>\n<link rel=\"canonical\" href=\"https:\/\/moto-pawmar.pl\/?product=podnozki-evo-sw-motech-triumph-tiger-660-21-black-2\" \/>\n<meta property=\"og:locale\" content=\"pl_PL\" \/>\n<meta property=\"og:type\" content=\"article\" \/>\n<meta property=\"og:title\" content=\"PODN\u00d3\u017bKI EVO SW-MOTECH TRIUMPH TIGER 660 (21-) BLACK - MOTO-PAWMAR\" \/>\n<meta property=\"og:description\" content=\"Zestaw podn\u00f3\u017ck\u00f3w SW \u2013 Motech EVO Zestaw podn\u00f3\u017ck\u00f3w EVO od SW-MOTECH to zaawansowany system gwarantuj\u0105cy optymalny komfort i ustawienie podn\u00f3\u017ck\u00f3w. Sk\u0142adaj\u0105cy si\u0119 z obrotowych element\u00f3w 36 opcji ustawienia. Pozycja podn\u00f3\u017cka mo\u017ce by\u0107 regulowana tak, aby by\u0142a ni\u017csza lub przesuni\u0119ta do przodu lub do ty\u0142u, a tak\u017ce regulowana pod k\u0105tem, aby dostosowa\u0107 si\u0119 do indywidualnych potrzeb. [&hellip;]\" \/>\n<meta property=\"og:url\" content=\"https:\/\/moto-pawmar.pl\/?product=podnozki-evo-sw-motech-triumph-tiger-660-21-black-2\" \/>\n<meta property=\"og:site_name\" content=\"MOTO-PAWMAR\" \/>\n<meta property=\"article:publisher\" content=\"https:\/\/www.facebook.com\/motopawmar\/?locale=pl_PL\" \/>\n<meta name=\"twitter:card\" content=\"summary_large_image\" \/>\n<meta name=\"twitter:label1\" content=\"Szacowany czas czytania\" \/>\n\t<meta name=\"twitter:data1\" content=\"1 minuta\" \/>\n<script type=\"application\/ld+json\" class=\"yoast-schema-graph\">{\"@context\":\"https:\/\/schema.org\",\"@graph\":[{\"@type\":\"WebPage\",\"@id\":\"https:\/\/moto-pawmar.pl\/?product=podnozki-evo-sw-motech-triumph-tiger-660-21-black-2\",\"url\":\"https:\/\/moto-pawmar.pl\/?product=podnozki-evo-sw-motech-triumph-tiger-660-21-black-2\",\"name\":\"PODN\u00d3\u017bKI EVO SW-MOTECH TRIUMPH TIGER 660 (21-) BLACK - MOTO-PAWMAR\",\"isPartOf\":{\"@id\":\"https:\/\/moto-pawmar.pl\/#website\"},\"primaryImageOfPage\":{\"@id\":\"https:\/\/moto-pawmar.pl\/?product=podnozki-evo-sw-motech-triumph-tiger-660-21-black-2#primaryimage\"},\"image\":{\"@id\":\"https:\/\/moto-pawmar.pl\/?product=podnozki-evo-sw-motech-triumph-tiger-660-21-black-2#primaryimage\"},\"thumbnailUrl\":\"https:\/\/moto-pawmar.pl\/wp-content\/uploads\/2026\/01\/340246_ZAL768212.jpg\",\"datePublished\":\"2026-01-29T08:37:33+00:00\",\"breadcrumb\":{\"@id\":\"https:\/\/moto-pawmar.pl\/?product=podnozki-evo-sw-motech-triumph-tiger-660-21-black-2#breadcrumb\"},\"inLanguage\":\"pl-PL\",\"potentialAction\":[{\"@type\":\"ReadAction\",\"target\":[\"https:\/\/moto-pawmar.pl\/?product=podnozki-evo-sw-motech-triumph-tiger-660-21-black-2\"]}]},{\"@type\":\"ImageObject\",\"inLanguage\":\"pl-PL\",\"@id\":\"https:\/\/moto-pawmar.pl\/?product=podnozki-evo-sw-motech-triumph-tiger-660-21-black-2#primaryimage\",\"url\":\"https:\/\/moto-pawmar.pl\/wp-content\/uploads\/2026\/01\/340246_ZAL768212.jpg\",\"contentUrl\":\"https:\/\/moto-pawmar.pl\/wp-content\/uploads\/2026\/01\/340246_ZAL768212.jpg\",\"width\":600,\"height\":400},{\"@type\":\"BreadcrumbList\",\"@id\":\"https:\/\/moto-pawmar.pl\/?product=podnozki-evo-sw-motech-triumph-tiger-660-21-black-2#breadcrumb\",\"itemListElement\":[{\"@type\":\"ListItem\",\"position\":1,\"name\":\"Strona g\u0142\u00f3wna\",\"item\":\"https:\/\/moto-pawmar.pl\/\"},{\"@type\":\"ListItem\",\"position\":2,\"name\":\"Sklep Internetowy\",\"item\":\"https:\/\/moto-pawmar.pl\/?page_id=367\"},{\"@type\":\"ListItem\",\"position\":3,\"name\":\"PODN\u00d3\u017bKI EVO SW-MOTECH TRIUMPH TIGER 660 (21-) BLACK\"}]},{\"@type\":\"WebSite\",\"@id\":\"https:\/\/moto-pawmar.pl\/#website\",\"url\":\"https:\/\/moto-pawmar.pl\/\",\"name\":\"MOTO-PAWMAR\",\"description\":\"MOTO\u2011PAWMAR \u2013 Tw\u00f3j sklep z cz\u0119\u015bciami i akcesoriami do motocykli, skuter\u00f3w i quad\u00f3w.\",\"publisher\":{\"@id\":\"https:\/\/moto-pawmar.pl\/#organization\"},\"potentialAction\":[{\"@type\":\"SearchAction\",\"target\":{\"@type\":\"EntryPoint\",\"urlTemplate\":\"https:\/\/moto-pawmar.pl\/?s={search_term_string}\"},\"query-input\":{\"@type\":\"PropertyValueSpecification\",\"valueRequired\":true,\"valueName\":\"search_term_string\"}}],\"inLanguage\":\"pl-PL\"},{\"@type\":\"Organization\",\"@id\":\"https:\/\/moto-pawmar.pl\/#organization\",\"name\":\"MOTO-PAWMAR\",\"url\":\"https:\/\/moto-pawmar.pl\/\",\"logo\":{\"@type\":\"ImageObject\",\"inLanguage\":\"pl-PL\",\"@id\":\"https:\/\/moto-pawmar.pl\/#\/schema\/logo\/image\/\",\"url\":\"https:\/\/moto-pawmar.pl\/wp-content\/uploads\/2025\/10\/LOGO-SKLEP.png\",\"contentUrl\":\"https:\/\/moto-pawmar.pl\/wp-content\/uploads\/2025\/10\/LOGO-SKLEP.png\",\"width\":2480,\"height\":2053,\"caption\":\"MOTO-PAWMAR\"},\"image\":{\"@id\":\"https:\/\/moto-pawmar.pl\/#\/schema\/logo\/image\/\"},\"sameAs\":[\"https:\/\/www.facebook.com\/motopawmar\/?locale=pl_PL\"]}]}<\/script>\n<!-- \/ Yoast SEO plugin. -->","yoast_head_json":{"title":"PODN\u00d3\u017bKI EVO SW-MOTECH TRIUMPH TIGER 660 (21-) BLACK - MOTO-PAWMAR","robots":{"index":"index","follow":"follow","max-snippet":"max-snippet:-1","max-image-preview":"max-image-preview:large","max-video-preview":"max-video-preview:-1"},"canonical":"https:\/\/moto-pawmar.pl\/?product=podnozki-evo-sw-motech-triumph-tiger-660-21-black-2","og_locale":"pl_PL","og_type":"article","og_title":"PODN\u00d3\u017bKI EVO SW-MOTECH TRIUMPH TIGER 660 (21-) BLACK - MOTO-PAWMAR","og_description":"Zestaw podn\u00f3\u017ck\u00f3w SW \u2013 Motech EVO Zestaw podn\u00f3\u017ck\u00f3w EVO od SW-MOTECH to zaawansowany system gwarantuj\u0105cy optymalny komfort i ustawienie podn\u00f3\u017ck\u00f3w. Sk\u0142adaj\u0105cy si\u0119 z obrotowych element\u00f3w 36 opcji ustawienia. Pozycja podn\u00f3\u017cka mo\u017ce by\u0107 regulowana tak, aby by\u0142a ni\u017csza lub przesuni\u0119ta do przodu lub do ty\u0142u, a tak\u017ce regulowana pod k\u0105tem, aby dostosowa\u0107 si\u0119 do indywidualnych potrzeb. [&hellip;]","og_url":"https:\/\/moto-pawmar.pl\/?product=podnozki-evo-sw-motech-triumph-tiger-660-21-black-2","og_site_name":"MOTO-PAWMAR","article_publisher":"https:\/\/www.facebook.com\/motopawmar\/?locale=pl_PL","twitter_card":"summary_large_image","twitter_misc":{"Szacowany czas czytania":"1 minuta"},"schema":{"@context":"https:\/\/schema.org","@graph":[{"@type":"WebPage","@id":"https:\/\/moto-pawmar.pl\/?product=podnozki-evo-sw-motech-triumph-tiger-660-21-black-2","url":"https:\/\/moto-pawmar.pl\/?product=podnozki-evo-sw-motech-triumph-tiger-660-21-black-2","name":"PODN\u00d3\u017bKI EVO SW-MOTECH TRIUMPH TIGER 660 (21-) BLACK - MOTO-PAWMAR","isPartOf":{"@id":"https:\/\/moto-pawmar.pl\/#website"},"primaryImageOfPage":{"@id":"https:\/\/moto-pawmar.pl\/?product=podnozki-evo-sw-motech-triumph-tiger-660-21-black-2#primaryimage"},"image":{"@id":"https:\/\/moto-pawmar.pl\/?product=podnozki-evo-sw-motech-triumph-tiger-660-21-black-2#primaryimage"},"thumbnailUrl":"https:\/\/moto-pawmar.pl\/wp-content\/uploads\/2026\/01\/340246_ZAL768212.jpg","datePublished":"2026-01-29T08:37:33+00:00","breadcrumb":{"@id":"https:\/\/moto-pawmar.pl\/?product=podnozki-evo-sw-motech-triumph-tiger-660-21-black-2#breadcrumb"},"inLanguage":"pl-PL","potentialAction":[{"@type":"ReadAction","target":["https:\/\/moto-pawmar.pl\/?product=podnozki-evo-sw-motech-triumph-tiger-660-21-black-2"]}]},{"@type":"ImageObject","inLanguage":"pl-PL","@id":"https:\/\/moto-pawmar.pl\/?product=podnozki-evo-sw-motech-triumph-tiger-660-21-black-2#primaryimage","url":"https:\/\/moto-pawmar.pl\/wp-content\/uploads\/2026\/01\/340246_ZAL768212.jpg","contentUrl":"https:\/\/moto-pawmar.pl\/wp-content\/uploads\/2026\/01\/340246_ZAL768212.jpg","width":600,"height":400},{"@type":"BreadcrumbList","@id":"https:\/\/moto-pawmar.pl\/?product=podnozki-evo-sw-motech-triumph-tiger-660-21-black-2#breadcrumb","itemListElement":[{"@type":"ListItem","position":1,"name":"Strona g\u0142\u00f3wna","item":"https:\/\/moto-pawmar.pl\/"},{"@type":"ListItem","position":2,"name":"Sklep Internetowy","item":"https:\/\/moto-pawmar.pl\/?page_id=367"},{"@type":"ListItem","position":3,"name":"PODN\u00d3\u017bKI EVO SW-MOTECH TRIUMPH TIGER 660 (21-) BLACK"}]},{"@type":"WebSite","@id":"https:\/\/moto-pawmar.pl\/#website","url":"https:\/\/moto-pawmar.pl\/","name":"MOTO-PAWMAR","description":"MOTO\u2011PAWMAR \u2013 Tw\u00f3j sklep z cz\u0119\u015bciami i akcesoriami do motocykli, skuter\u00f3w i quad\u00f3w.","publisher":{"@id":"https:\/\/moto-pawmar.pl\/#organization"},"potentialAction":[{"@type":"SearchAction","target":{"@type":"EntryPoint","urlTemplate":"https:\/\/moto-pawmar.pl\/?s={search_term_string}"},"query-input":{"@type":"PropertyValueSpecification","valueRequired":true,"valueName":"search_term_string"}}],"inLanguage":"pl-PL"},{"@type":"Organization","@id":"https:\/\/moto-pawmar.pl\/#organization","name":"MOTO-PAWMAR","url":"https:\/\/moto-pawmar.pl\/","logo":{"@type":"ImageObject","inLanguage":"pl-PL","@id":"https:\/\/moto-pawmar.pl\/#\/schema\/logo\/image\/","url":"https:\/\/moto-pawmar.pl\/wp-content\/uploads\/2025\/10\/LOGO-SKLEP.png","contentUrl":"https:\/\/moto-pawmar.pl\/wp-content\/uploads\/2025\/10\/LOGO-SKLEP.png","width":2480,"height":2053,"caption":"MOTO-PAWMAR"},"image":{"@id":"https:\/\/moto-pawmar.pl\/#\/schema\/logo\/image\/"},"sameAs":["https:\/\/www.facebook.com\/motopawmar\/?locale=pl_PL"]}]}},"_links":{"self":[{"href":"https:\/\/moto-pawmar.pl\/index.php?rest_route=\/wp\/v2\/product\/13325","targetHints":{"allow":["GET"]}}],"collection":[{"href":"https:\/\/moto-pawmar.pl\/index.php?rest_route=\/wp\/v2\/product"}],"about":[{"href":"https:\/\/moto-pawmar.pl\/index.php?rest_route=\/wp\/v2\/types\/product"}],"wp:featuredmedia":[{"embeddable":true,"href":"https:\/\/moto-pawmar.pl\/index.php?rest_route=\/wp\/v2\/media\/13324"}],"wp:attachment":[{"href":"https:\/\/moto-pawmar.pl\/index.php?rest_route=%2Fwp%2Fv2%2Fmedia&parent=13325"}],"wp:term":[{"taxonomy":"product_brand","embeddable":true,"href":"https:\/\/moto-pawmar.pl\/index.php?rest_route=%2Fwp%2Fv2%2Fproduct_brand&post=13325"},{"taxonomy":"product_cat","embeddable":true,"href":"https:\/\/moto-pawmar.pl\/index.php?rest_route=%2Fwp%2Fv2%2Fproduct_cat&post=13325"},{"taxonomy":"product_tag","embeddable":true,"href":"https:\/\/moto-pawmar.pl\/index.php?rest_route=%2Fwp%2Fv2%2Fproduct_tag&post=13325"}],"curies":[{"name":"wp","href":"https:\/\/api.w.org\/{rel}","templated":true}]}}