{"id":12383,"date":"2026-01-29T09:34:11","date_gmt":"2026-01-29T08:34:11","guid":{"rendered":"https:\/\/moto-pawmar.pl\/?product=nerka-torba-sw-motech-leg-bag-wp-waterproof-black"},"modified":"2026-01-29T09:34:11","modified_gmt":"2026-01-29T08:34:11","slug":"nerka-torba-sw-motech-leg-bag-wp-waterproof-black","status":"publish","type":"product","link":"https:\/\/moto-pawmar.pl\/?product=nerka-torba-sw-motech-leg-bag-wp-waterproof-black","title":{"rendered":"NERKA\/TORBA SW-MOTECH LEG BAG WP WATERPROOF BLACK"},"content":{"rendered":"<p><strong>Wodoodporna torba na nog\u0119 SW-MOTECH Leg Bag WP<\/strong> jest stworzona w\u0142a\u015bnie dla Ciebie, je\u015bli chcesz mie\u0107 pod r\u0119k\u0105 wa\u017cne przedmioty podczas jazdy. Nie masz mo\u017cliwo\u015bci zamocowania tankbaga na swoim motocyklu? Torba na nog\u0119 WP mo\u017ce rozwi\u0105za\u0107 ten problem. Jest szczeg&oacute;lnie popularna w\u015br&oacute;d mi\u0142o\u015bnik&oacute;w motocykli retro i sprawdza si\u0119 zar&oacute;wno na kr&oacute;tkich, jak i d\u0142ugich trasach.<\/p>\n<p>Praktyczno\u015b\u0107 torby na nog\u0119 WP polega na tym, \u017ce noszona jest blisko cia\u0142a, co nie ogranicza swobody ruch&oacute;w. Dlatego cieszy si\u0119 r&oacute;wnie\u017c popularno\u015bci\u0105 w\u015br&oacute;d mi\u0142o\u015bnik&oacute;w sk&oacute;rzanych kombinezon&oacute;w bez kieszeni. Torba na nog\u0119 SW-MOTECH Leg Bag WP oferuje tak\u017ce indywidualne dopasowanie: uchwyt mo\u017cna dostosowa\u0107 do d\u0142ugo\u015bci nogi, a tak\u017ce do obwodu uda i biodra. Torba jest wyposa\u017cona we wszystko, co potrzebne, w tym wewn\u0119trzn\u0105 kiesze\u0144 siatkow\u0105 z elastycznym zamkni\u0119ciem.<\/p>\n<p><strong>Charakterystyka produktu:<\/strong><\/p>\n<ul>\n<li><strong>Materia\u0142:<\/strong> Wytrzyma\u0142e i odporne na \u015bcieranie TPU<\/li>\n<li><strong>Wodoodporny zamek<\/strong><\/li>\n<li>Prz&oacute;d: \u0141atka z 100% wodoodpornego materia\u0142u Hypalon<\/li>\n<li>Wewn\u0119trzna kiesze\u0144: Siatkowa z elastycznym zamkni\u0119ciem<\/li>\n<li>Sp&oacute;d: Materia\u0142 antypo\u015blizgowy<\/li>\n<\/ul>\n<p><strong>Zawarto\u015b\u0107 zestawu:<\/strong><\/p>\n<ul>\n<li>1 x Torba na Nog\u0119 SW-MOTECH Leg Bag WP<\/li>\n<li>Instrukcja monta\u017cu<\/li>\n<\/ul>\n<p><strong>Szczeg&oacute;\u0142y produktu:<\/strong><\/p>\n<ul>\n<li>Materia\u0142: TPU<\/li>\n<li>Kolor: Czarny<\/li>\n<li>Wymiary: 15,7 x 6,9 x 19,7 cm \/ 6.2 x 2.7 x 7.8 in<\/li>\n<li>Waga ca\u0142kowita: ok. 0,3 kg \/ ok. 0.7 lb<\/li>\n<\/ul>\n","protected":false},"excerpt":{"rendered":"<p>Wodoodporna torba na nog\u0119 SW-MOTECH Leg Bag WP jest stworzona w\u0142a\u015bnie dla Ciebie, je\u015bli chcesz mie\u0107 pod r\u0119k\u0105 wa\u017cne przedmioty podczas jazdy. Nie masz mo\u017cliwo\u015bci zamocowania tankbaga na swoim motocyklu? Torba na nog\u0119 WP mo\u017ce rozwi\u0105za\u0107 ten problem. Jest szczeg&oacute;lnie popularna w\u015br&oacute;d mi\u0142o\u015bnik&oacute;w motocykli retro i sprawdza si\u0119 zar&oacute;wno na kr&oacute;tkich, jak i d\u0142ugich trasach. [&hellip;]<\/p>\n","protected":false},"featured_media":12382,"template":"","meta":[],"product_brand":[386],"product_cat":[390],"product_tag":[],"class_list":{"0":"post-12383","1":"product","2":"type-product","3":"status-publish","4":"has-post-thumbnail","6":"product_brand-sw-motech","7":"product_cat-akcesoria-sw-motech-2","9":"first","10":"onbackorder","11":"taxable","12":"shipping-taxable","13":"purchasable","14":"product-type-simple"},"yoast_head":"<!-- This site is optimized with the Yoast SEO plugin v26.9 - https:\/\/yoast.com\/product\/yoast-seo-wordpress\/ -->\n<title>NERKA\/TORBA SW-MOTECH LEG BAG WP WATERPROOF BLACK - MOTO-PAWMAR<\/title>\n<meta name=\"robots\" content=\"index, follow, max-snippet:-1, max-image-preview:large, max-video-preview:-1\" \/>\n<link rel=\"canonical\" href=\"https:\/\/moto-pawmar.pl\/?product=nerka-torba-sw-motech-leg-bag-wp-waterproof-black\" \/>\n<meta property=\"og:locale\" content=\"pl_PL\" \/>\n<meta property=\"og:type\" content=\"article\" \/>\n<meta property=\"og:title\" content=\"NERKA\/TORBA SW-MOTECH LEG BAG WP WATERPROOF BLACK - MOTO-PAWMAR\" \/>\n<meta property=\"og:description\" content=\"Wodoodporna torba na nog\u0119 SW-MOTECH Leg Bag WP jest stworzona w\u0142a\u015bnie dla Ciebie, je\u015bli chcesz mie\u0107 pod r\u0119k\u0105 wa\u017cne przedmioty podczas jazdy. Nie masz mo\u017cliwo\u015bci zamocowania tankbaga na swoim motocyklu? Torba na nog\u0119 WP mo\u017ce rozwi\u0105za\u0107 ten problem. Jest szczeg&oacute;lnie popularna w\u015br&oacute;d mi\u0142o\u015bnik&oacute;w motocykli retro i sprawdza si\u0119 zar&oacute;wno na kr&oacute;tkich, jak i d\u0142ugich trasach. [&hellip;]\" \/>\n<meta property=\"og:url\" content=\"https:\/\/moto-pawmar.pl\/?product=nerka-torba-sw-motech-leg-bag-wp-waterproof-black\" \/>\n<meta property=\"og:site_name\" content=\"MOTO-PAWMAR\" \/>\n<meta property=\"article:publisher\" content=\"https:\/\/www.facebook.com\/motopawmar\/?locale=pl_PL\" \/>\n<meta name=\"twitter:card\" content=\"summary_large_image\" \/>\n<meta name=\"twitter:label1\" content=\"Szacowany czas czytania\" \/>\n\t<meta name=\"twitter:data1\" content=\"1 minuta\" \/>\n<script type=\"application\/ld+json\" class=\"yoast-schema-graph\">{\"@context\":\"https:\/\/schema.org\",\"@graph\":[{\"@type\":\"WebPage\",\"@id\":\"https:\/\/moto-pawmar.pl\/?product=nerka-torba-sw-motech-leg-bag-wp-waterproof-black\",\"url\":\"https:\/\/moto-pawmar.pl\/?product=nerka-torba-sw-motech-leg-bag-wp-waterproof-black\",\"name\":\"NERKA\/TORBA SW-MOTECH LEG BAG WP WATERPROOF BLACK - MOTO-PAWMAR\",\"isPartOf\":{\"@id\":\"https:\/\/moto-pawmar.pl\/#website\"},\"primaryImageOfPage\":{\"@id\":\"https:\/\/moto-pawmar.pl\/?product=nerka-torba-sw-motech-leg-bag-wp-waterproof-black#primaryimage\"},\"image\":{\"@id\":\"https:\/\/moto-pawmar.pl\/?product=nerka-torba-sw-motech-leg-bag-wp-waterproof-black#primaryimage\"},\"thumbnailUrl\":\"https:\/\/moto-pawmar.pl\/wp-content\/uploads\/2026\/01\/305951_ZAL682480.jpg\",\"datePublished\":\"2026-01-29T08:34:11+00:00\",\"breadcrumb\":{\"@id\":\"https:\/\/moto-pawmar.pl\/?product=nerka-torba-sw-motech-leg-bag-wp-waterproof-black#breadcrumb\"},\"inLanguage\":\"pl-PL\",\"potentialAction\":[{\"@type\":\"ReadAction\",\"target\":[\"https:\/\/moto-pawmar.pl\/?product=nerka-torba-sw-motech-leg-bag-wp-waterproof-black\"]}]},{\"@type\":\"ImageObject\",\"inLanguage\":\"pl-PL\",\"@id\":\"https:\/\/moto-pawmar.pl\/?product=nerka-torba-sw-motech-leg-bag-wp-waterproof-black#primaryimage\",\"url\":\"https:\/\/moto-pawmar.pl\/wp-content\/uploads\/2026\/01\/305951_ZAL682480.jpg\",\"contentUrl\":\"https:\/\/moto-pawmar.pl\/wp-content\/uploads\/2026\/01\/305951_ZAL682480.jpg\",\"width\":800,\"height\":533},{\"@type\":\"BreadcrumbList\",\"@id\":\"https:\/\/moto-pawmar.pl\/?product=nerka-torba-sw-motech-leg-bag-wp-waterproof-black#breadcrumb\",\"itemListElement\":[{\"@type\":\"ListItem\",\"position\":1,\"name\":\"Strona g\u0142\u00f3wna\",\"item\":\"https:\/\/moto-pawmar.pl\/\"},{\"@type\":\"ListItem\",\"position\":2,\"name\":\"Sklep Internetowy\",\"item\":\"https:\/\/moto-pawmar.pl\/?page_id=367\"},{\"@type\":\"ListItem\",\"position\":3,\"name\":\"NERKA\/TORBA SW-MOTECH LEG BAG WP WATERPROOF BLACK\"}]},{\"@type\":\"WebSite\",\"@id\":\"https:\/\/moto-pawmar.pl\/#website\",\"url\":\"https:\/\/moto-pawmar.pl\/\",\"name\":\"MOTO-PAWMAR\",\"description\":\"MOTO\u2011PAWMAR \u2013 Tw\u00f3j sklep z cz\u0119\u015bciami i akcesoriami do motocykli, skuter\u00f3w i quad\u00f3w.\",\"publisher\":{\"@id\":\"https:\/\/moto-pawmar.pl\/#organization\"},\"potentialAction\":[{\"@type\":\"SearchAction\",\"target\":{\"@type\":\"EntryPoint\",\"urlTemplate\":\"https:\/\/moto-pawmar.pl\/?s={search_term_string}\"},\"query-input\":{\"@type\":\"PropertyValueSpecification\",\"valueRequired\":true,\"valueName\":\"search_term_string\"}}],\"inLanguage\":\"pl-PL\"},{\"@type\":\"Organization\",\"@id\":\"https:\/\/moto-pawmar.pl\/#organization\",\"name\":\"MOTO-PAWMAR\",\"url\":\"https:\/\/moto-pawmar.pl\/\",\"logo\":{\"@type\":\"ImageObject\",\"inLanguage\":\"pl-PL\",\"@id\":\"https:\/\/moto-pawmar.pl\/#\/schema\/logo\/image\/\",\"url\":\"https:\/\/moto-pawmar.pl\/wp-content\/uploads\/2025\/10\/LOGO-SKLEP.png\",\"contentUrl\":\"https:\/\/moto-pawmar.pl\/wp-content\/uploads\/2025\/10\/LOGO-SKLEP.png\",\"width\":2480,\"height\":2053,\"caption\":\"MOTO-PAWMAR\"},\"image\":{\"@id\":\"https:\/\/moto-pawmar.pl\/#\/schema\/logo\/image\/\"},\"sameAs\":[\"https:\/\/www.facebook.com\/motopawmar\/?locale=pl_PL\"]}]}<\/script>\n<!-- \/ Yoast SEO plugin. -->","yoast_head_json":{"title":"NERKA\/TORBA SW-MOTECH LEG BAG WP WATERPROOF BLACK - MOTO-PAWMAR","robots":{"index":"index","follow":"follow","max-snippet":"max-snippet:-1","max-image-preview":"max-image-preview:large","max-video-preview":"max-video-preview:-1"},"canonical":"https:\/\/moto-pawmar.pl\/?product=nerka-torba-sw-motech-leg-bag-wp-waterproof-black","og_locale":"pl_PL","og_type":"article","og_title":"NERKA\/TORBA SW-MOTECH LEG BAG WP WATERPROOF BLACK - MOTO-PAWMAR","og_description":"Wodoodporna torba na nog\u0119 SW-MOTECH Leg Bag WP jest stworzona w\u0142a\u015bnie dla Ciebie, je\u015bli chcesz mie\u0107 pod r\u0119k\u0105 wa\u017cne przedmioty podczas jazdy. Nie masz mo\u017cliwo\u015bci zamocowania tankbaga na swoim motocyklu? Torba na nog\u0119 WP mo\u017ce rozwi\u0105za\u0107 ten problem. Jest szczeg&oacute;lnie popularna w\u015br&oacute;d mi\u0142o\u015bnik&oacute;w motocykli retro i sprawdza si\u0119 zar&oacute;wno na kr&oacute;tkich, jak i d\u0142ugich trasach. [&hellip;]","og_url":"https:\/\/moto-pawmar.pl\/?product=nerka-torba-sw-motech-leg-bag-wp-waterproof-black","og_site_name":"MOTO-PAWMAR","article_publisher":"https:\/\/www.facebook.com\/motopawmar\/?locale=pl_PL","twitter_card":"summary_large_image","twitter_misc":{"Szacowany czas czytania":"1 minuta"},"schema":{"@context":"https:\/\/schema.org","@graph":[{"@type":"WebPage","@id":"https:\/\/moto-pawmar.pl\/?product=nerka-torba-sw-motech-leg-bag-wp-waterproof-black","url":"https:\/\/moto-pawmar.pl\/?product=nerka-torba-sw-motech-leg-bag-wp-waterproof-black","name":"NERKA\/TORBA SW-MOTECH LEG BAG WP WATERPROOF BLACK - MOTO-PAWMAR","isPartOf":{"@id":"https:\/\/moto-pawmar.pl\/#website"},"primaryImageOfPage":{"@id":"https:\/\/moto-pawmar.pl\/?product=nerka-torba-sw-motech-leg-bag-wp-waterproof-black#primaryimage"},"image":{"@id":"https:\/\/moto-pawmar.pl\/?product=nerka-torba-sw-motech-leg-bag-wp-waterproof-black#primaryimage"},"thumbnailUrl":"https:\/\/moto-pawmar.pl\/wp-content\/uploads\/2026\/01\/305951_ZAL682480.jpg","datePublished":"2026-01-29T08:34:11+00:00","breadcrumb":{"@id":"https:\/\/moto-pawmar.pl\/?product=nerka-torba-sw-motech-leg-bag-wp-waterproof-black#breadcrumb"},"inLanguage":"pl-PL","potentialAction":[{"@type":"ReadAction","target":["https:\/\/moto-pawmar.pl\/?product=nerka-torba-sw-motech-leg-bag-wp-waterproof-black"]}]},{"@type":"ImageObject","inLanguage":"pl-PL","@id":"https:\/\/moto-pawmar.pl\/?product=nerka-torba-sw-motech-leg-bag-wp-waterproof-black#primaryimage","url":"https:\/\/moto-pawmar.pl\/wp-content\/uploads\/2026\/01\/305951_ZAL682480.jpg","contentUrl":"https:\/\/moto-pawmar.pl\/wp-content\/uploads\/2026\/01\/305951_ZAL682480.jpg","width":800,"height":533},{"@type":"BreadcrumbList","@id":"https:\/\/moto-pawmar.pl\/?product=nerka-torba-sw-motech-leg-bag-wp-waterproof-black#breadcrumb","itemListElement":[{"@type":"ListItem","position":1,"name":"Strona g\u0142\u00f3wna","item":"https:\/\/moto-pawmar.pl\/"},{"@type":"ListItem","position":2,"name":"Sklep Internetowy","item":"https:\/\/moto-pawmar.pl\/?page_id=367"},{"@type":"ListItem","position":3,"name":"NERKA\/TORBA SW-MOTECH LEG BAG WP WATERPROOF BLACK"}]},{"@type":"WebSite","@id":"https:\/\/moto-pawmar.pl\/#website","url":"https:\/\/moto-pawmar.pl\/","name":"MOTO-PAWMAR","description":"MOTO\u2011PAWMAR \u2013 Tw\u00f3j sklep z cz\u0119\u015bciami i akcesoriami do motocykli, skuter\u00f3w i quad\u00f3w.","publisher":{"@id":"https:\/\/moto-pawmar.pl\/#organization"},"potentialAction":[{"@type":"SearchAction","target":{"@type":"EntryPoint","urlTemplate":"https:\/\/moto-pawmar.pl\/?s={search_term_string}"},"query-input":{"@type":"PropertyValueSpecification","valueRequired":true,"valueName":"search_term_string"}}],"inLanguage":"pl-PL"},{"@type":"Organization","@id":"https:\/\/moto-pawmar.pl\/#organization","name":"MOTO-PAWMAR","url":"https:\/\/moto-pawmar.pl\/","logo":{"@type":"ImageObject","inLanguage":"pl-PL","@id":"https:\/\/moto-pawmar.pl\/#\/schema\/logo\/image\/","url":"https:\/\/moto-pawmar.pl\/wp-content\/uploads\/2025\/10\/LOGO-SKLEP.png","contentUrl":"https:\/\/moto-pawmar.pl\/wp-content\/uploads\/2025\/10\/LOGO-SKLEP.png","width":2480,"height":2053,"caption":"MOTO-PAWMAR"},"image":{"@id":"https:\/\/moto-pawmar.pl\/#\/schema\/logo\/image\/"},"sameAs":["https:\/\/www.facebook.com\/motopawmar\/?locale=pl_PL"]}]}},"_links":{"self":[{"href":"https:\/\/moto-pawmar.pl\/index.php?rest_route=\/wp\/v2\/product\/12383","targetHints":{"allow":["GET"]}}],"collection":[{"href":"https:\/\/moto-pawmar.pl\/index.php?rest_route=\/wp\/v2\/product"}],"about":[{"href":"https:\/\/moto-pawmar.pl\/index.php?rest_route=\/wp\/v2\/types\/product"}],"wp:featuredmedia":[{"embeddable":true,"href":"https:\/\/moto-pawmar.pl\/index.php?rest_route=\/wp\/v2\/media\/12382"}],"wp:attachment":[{"href":"https:\/\/moto-pawmar.pl\/index.php?rest_route=%2Fwp%2Fv2%2Fmedia&parent=12383"}],"wp:term":[{"taxonomy":"product_brand","embeddable":true,"href":"https:\/\/moto-pawmar.pl\/index.php?rest_route=%2Fwp%2Fv2%2Fproduct_brand&post=12383"},{"taxonomy":"product_cat","embeddable":true,"href":"https:\/\/moto-pawmar.pl\/index.php?rest_route=%2Fwp%2Fv2%2Fproduct_cat&post=12383"},{"taxonomy":"product_tag","embeddable":true,"href":"https:\/\/moto-pawmar.pl\/index.php?rest_route=%2Fwp%2Fv2%2Fproduct_tag&post=12383"}],"curies":[{"name":"wp","href":"https:\/\/api.w.org\/{rel}","templated":true}]}}