{"id":12191,"date":"2026-01-29T09:33:28","date_gmt":"2026-01-29T08:33:28","guid":{"rendered":"https:\/\/moto-pawmar.pl\/?product=przedluzenie-lusterka-sw-motech-m10-black"},"modified":"2026-01-29T09:33:28","modified_gmt":"2026-01-29T08:33:28","slug":"przedluzenie-lusterka-sw-motech-m10-black","status":"publish","type":"product","link":"https:\/\/moto-pawmar.pl\/?product=przedluzenie-lusterka-sw-motech-m10-black","title":{"rendered":"PRZED\u0141U\u017bENIE LUSTERKA SW-MOTECH M10 BLACK"},"content":{"rendered":"<p>SVL.00.503.11600\/B<\/p>\n<p>PRZED\u0141U\u017bENIE LUSTERKA SW-MOTECH M10 BLACK<\/p>\n<p>&#xa0;<\/p>\n<p>Adaptery przed\u0142u\u017caj\u0105ce przydadz\u0105 si\u0119, kiedy w lusterku widzisz g\u0142\u00f3wnie swoje ramiona. Trwa\u0142e, aluminiowe elementy poszerz\u0105 zakres lusterek dla poprawy twojego komfortu jazdy i bezpiecze\u0144stwa. Solidna konstrukcja zapewnia stabilno\u015b\u0107 nawet w czasie jazdy z du\u017c\u0105 pr\u0119dko\u015bci\u0105.&#xa0;<\/p>\n<p>&#xa0;<\/p>\n<p>&#xa0;<\/p>\n<p>&#xa0;<\/p>\n<p>CECHY PRODUKTU<\/p>\n<p>\t&#xa0;<\/p>\n<ul>\n<li>adaptery podnosz\u0105 lusterka o 4 cm i rozsuwaj\u0105 je do 4 cm, co poprawia widoczno\u015b\u0107<\/li>\n<li>prosty monta\u017c na oryginalnym mocowaniu lusterka<\/li>\n<\/ul>\n<p>&#xa0;<\/p>\n<p>ZAWARTO\u015a\u0106 ZESTAWU<\/p>\n<p>\t&#xa0;<\/p>\n<ul>\n<li>2 x przed\u0142u\u017cenie lusterek&#xa0;<\/li>\n<li>instrukcja monta\u017cu<\/li>\n<li>materia\u0142y do monta\u017cu<\/li>\n<\/ul>\n<p>&#xa0;<\/p>\n<p>MATERIA\u0141<\/p>\n<p>&#xa0;<\/p>\n<p>aluminium<\/p>\n<p>&#xa0;<\/p>\n","protected":false},"excerpt":{"rendered":"<p>SVL.00.503.11600\/B PRZED\u0141U\u017bENIE LUSTERKA SW-MOTECH M10 BLACK &#xa0; Adaptery przed\u0142u\u017caj\u0105ce przydadz\u0105 si\u0119, kiedy w lusterku widzisz g\u0142\u00f3wnie swoje ramiona. Trwa\u0142e, aluminiowe elementy poszerz\u0105 zakres lusterek dla poprawy twojego komfortu jazdy i bezpiecze\u0144stwa. Solidna konstrukcja zapewnia stabilno\u015b\u0107 nawet w czasie jazdy z du\u017c\u0105 pr\u0119dko\u015bci\u0105.&#xa0; &#xa0; &#xa0; &#xa0; CECHY PRODUKTU &#xa0; adaptery podnosz\u0105 lusterka o 4 cm i [&hellip;]<\/p>\n","protected":false},"featured_media":12190,"template":"","meta":[],"product_brand":[386],"product_cat":[390],"product_tag":[],"class_list":{"0":"post-12191","1":"product","2":"type-product","3":"status-publish","4":"has-post-thumbnail","6":"product_brand-sw-motech","7":"product_cat-akcesoria-sw-motech-2","9":"first","10":"onbackorder","11":"taxable","12":"shipping-taxable","13":"purchasable","14":"product-type-simple"},"yoast_head":"<!-- This site is optimized with the Yoast SEO plugin v26.9 - https:\/\/yoast.com\/product\/yoast-seo-wordpress\/ -->\n<title>PRZED\u0141U\u017bENIE LUSTERKA SW-MOTECH M10 BLACK - MOTO-PAWMAR<\/title>\n<meta name=\"robots\" content=\"index, follow, max-snippet:-1, max-image-preview:large, max-video-preview:-1\" \/>\n<link rel=\"canonical\" href=\"https:\/\/moto-pawmar.pl\/?product=przedluzenie-lusterka-sw-motech-m10-black\" \/>\n<meta property=\"og:locale\" content=\"pl_PL\" \/>\n<meta property=\"og:type\" content=\"article\" \/>\n<meta property=\"og:title\" content=\"PRZED\u0141U\u017bENIE LUSTERKA SW-MOTECH M10 BLACK - MOTO-PAWMAR\" \/>\n<meta property=\"og:description\" content=\"SVL.00.503.11600\/B PRZED\u0141U\u017bENIE LUSTERKA SW-MOTECH M10 BLACK &#xa0; Adaptery przed\u0142u\u017caj\u0105ce przydadz\u0105 si\u0119, kiedy w lusterku widzisz g\u0142\u00f3wnie swoje ramiona. Trwa\u0142e, aluminiowe elementy poszerz\u0105 zakres lusterek dla poprawy twojego komfortu jazdy i bezpiecze\u0144stwa. Solidna konstrukcja zapewnia stabilno\u015b\u0107 nawet w czasie jazdy z du\u017c\u0105 pr\u0119dko\u015bci\u0105.&#xa0; &#xa0; &#xa0; &#xa0; CECHY PRODUKTU &#xa0; adaptery podnosz\u0105 lusterka o 4 cm i [&hellip;]\" \/>\n<meta property=\"og:url\" content=\"https:\/\/moto-pawmar.pl\/?product=przedluzenie-lusterka-sw-motech-m10-black\" \/>\n<meta property=\"og:site_name\" content=\"MOTO-PAWMAR\" \/>\n<meta property=\"article:publisher\" content=\"https:\/\/www.facebook.com\/motopawmar\/?locale=pl_PL\" \/>\n<meta name=\"twitter:card\" content=\"summary_large_image\" \/>\n<meta name=\"twitter:label1\" content=\"Szacowany czas czytania\" \/>\n\t<meta name=\"twitter:data1\" content=\"1 minuta\" \/>\n<script type=\"application\/ld+json\" class=\"yoast-schema-graph\">{\"@context\":\"https:\/\/schema.org\",\"@graph\":[{\"@type\":\"WebPage\",\"@id\":\"https:\/\/moto-pawmar.pl\/?product=przedluzenie-lusterka-sw-motech-m10-black\",\"url\":\"https:\/\/moto-pawmar.pl\/?product=przedluzenie-lusterka-sw-motech-m10-black\",\"name\":\"PRZED\u0141U\u017bENIE LUSTERKA SW-MOTECH M10 BLACK - MOTO-PAWMAR\",\"isPartOf\":{\"@id\":\"https:\/\/moto-pawmar.pl\/#website\"},\"primaryImageOfPage\":{\"@id\":\"https:\/\/moto-pawmar.pl\/?product=przedluzenie-lusterka-sw-motech-m10-black#primaryimage\"},\"image\":{\"@id\":\"https:\/\/moto-pawmar.pl\/?product=przedluzenie-lusterka-sw-motech-m10-black#primaryimage\"},\"thumbnailUrl\":\"https:\/\/moto-pawmar.pl\/wp-content\/uploads\/2026\/01\/299452_ZAL642733.jpg\",\"datePublished\":\"2026-01-29T08:33:28+00:00\",\"breadcrumb\":{\"@id\":\"https:\/\/moto-pawmar.pl\/?product=przedluzenie-lusterka-sw-motech-m10-black#breadcrumb\"},\"inLanguage\":\"pl-PL\",\"potentialAction\":[{\"@type\":\"ReadAction\",\"target\":[\"https:\/\/moto-pawmar.pl\/?product=przedluzenie-lusterka-sw-motech-m10-black\"]}]},{\"@type\":\"ImageObject\",\"inLanguage\":\"pl-PL\",\"@id\":\"https:\/\/moto-pawmar.pl\/?product=przedluzenie-lusterka-sw-motech-m10-black#primaryimage\",\"url\":\"https:\/\/moto-pawmar.pl\/wp-content\/uploads\/2026\/01\/299452_ZAL642733.jpg\",\"contentUrl\":\"https:\/\/moto-pawmar.pl\/wp-content\/uploads\/2026\/01\/299452_ZAL642733.jpg\",\"width\":800,\"height\":533},{\"@type\":\"BreadcrumbList\",\"@id\":\"https:\/\/moto-pawmar.pl\/?product=przedluzenie-lusterka-sw-motech-m10-black#breadcrumb\",\"itemListElement\":[{\"@type\":\"ListItem\",\"position\":1,\"name\":\"Strona g\u0142\u00f3wna\",\"item\":\"https:\/\/moto-pawmar.pl\/\"},{\"@type\":\"ListItem\",\"position\":2,\"name\":\"Sklep Internetowy\",\"item\":\"https:\/\/moto-pawmar.pl\/?page_id=367\"},{\"@type\":\"ListItem\",\"position\":3,\"name\":\"PRZED\u0141U\u017bENIE LUSTERKA SW-MOTECH M10 BLACK\"}]},{\"@type\":\"WebSite\",\"@id\":\"https:\/\/moto-pawmar.pl\/#website\",\"url\":\"https:\/\/moto-pawmar.pl\/\",\"name\":\"MOTO-PAWMAR\",\"description\":\"MOTO\u2011PAWMAR \u2013 Tw\u00f3j sklep z cz\u0119\u015bciami i akcesoriami do motocykli, skuter\u00f3w i quad\u00f3w.\",\"publisher\":{\"@id\":\"https:\/\/moto-pawmar.pl\/#organization\"},\"potentialAction\":[{\"@type\":\"SearchAction\",\"target\":{\"@type\":\"EntryPoint\",\"urlTemplate\":\"https:\/\/moto-pawmar.pl\/?s={search_term_string}\"},\"query-input\":{\"@type\":\"PropertyValueSpecification\",\"valueRequired\":true,\"valueName\":\"search_term_string\"}}],\"inLanguage\":\"pl-PL\"},{\"@type\":\"Organization\",\"@id\":\"https:\/\/moto-pawmar.pl\/#organization\",\"name\":\"MOTO-PAWMAR\",\"url\":\"https:\/\/moto-pawmar.pl\/\",\"logo\":{\"@type\":\"ImageObject\",\"inLanguage\":\"pl-PL\",\"@id\":\"https:\/\/moto-pawmar.pl\/#\/schema\/logo\/image\/\",\"url\":\"https:\/\/moto-pawmar.pl\/wp-content\/uploads\/2025\/10\/LOGO-SKLEP.png\",\"contentUrl\":\"https:\/\/moto-pawmar.pl\/wp-content\/uploads\/2025\/10\/LOGO-SKLEP.png\",\"width\":2480,\"height\":2053,\"caption\":\"MOTO-PAWMAR\"},\"image\":{\"@id\":\"https:\/\/moto-pawmar.pl\/#\/schema\/logo\/image\/\"},\"sameAs\":[\"https:\/\/www.facebook.com\/motopawmar\/?locale=pl_PL\"]}]}<\/script>\n<!-- \/ Yoast SEO plugin. -->","yoast_head_json":{"title":"PRZED\u0141U\u017bENIE LUSTERKA SW-MOTECH M10 BLACK - MOTO-PAWMAR","robots":{"index":"index","follow":"follow","max-snippet":"max-snippet:-1","max-image-preview":"max-image-preview:large","max-video-preview":"max-video-preview:-1"},"canonical":"https:\/\/moto-pawmar.pl\/?product=przedluzenie-lusterka-sw-motech-m10-black","og_locale":"pl_PL","og_type":"article","og_title":"PRZED\u0141U\u017bENIE LUSTERKA SW-MOTECH M10 BLACK - MOTO-PAWMAR","og_description":"SVL.00.503.11600\/B PRZED\u0141U\u017bENIE LUSTERKA SW-MOTECH M10 BLACK &#xa0; Adaptery przed\u0142u\u017caj\u0105ce przydadz\u0105 si\u0119, kiedy w lusterku widzisz g\u0142\u00f3wnie swoje ramiona. Trwa\u0142e, aluminiowe elementy poszerz\u0105 zakres lusterek dla poprawy twojego komfortu jazdy i bezpiecze\u0144stwa. Solidna konstrukcja zapewnia stabilno\u015b\u0107 nawet w czasie jazdy z du\u017c\u0105 pr\u0119dko\u015bci\u0105.&#xa0; &#xa0; &#xa0; &#xa0; CECHY PRODUKTU &#xa0; adaptery podnosz\u0105 lusterka o 4 cm i [&hellip;]","og_url":"https:\/\/moto-pawmar.pl\/?product=przedluzenie-lusterka-sw-motech-m10-black","og_site_name":"MOTO-PAWMAR","article_publisher":"https:\/\/www.facebook.com\/motopawmar\/?locale=pl_PL","twitter_card":"summary_large_image","twitter_misc":{"Szacowany czas czytania":"1 minuta"},"schema":{"@context":"https:\/\/schema.org","@graph":[{"@type":"WebPage","@id":"https:\/\/moto-pawmar.pl\/?product=przedluzenie-lusterka-sw-motech-m10-black","url":"https:\/\/moto-pawmar.pl\/?product=przedluzenie-lusterka-sw-motech-m10-black","name":"PRZED\u0141U\u017bENIE LUSTERKA SW-MOTECH M10 BLACK - MOTO-PAWMAR","isPartOf":{"@id":"https:\/\/moto-pawmar.pl\/#website"},"primaryImageOfPage":{"@id":"https:\/\/moto-pawmar.pl\/?product=przedluzenie-lusterka-sw-motech-m10-black#primaryimage"},"image":{"@id":"https:\/\/moto-pawmar.pl\/?product=przedluzenie-lusterka-sw-motech-m10-black#primaryimage"},"thumbnailUrl":"https:\/\/moto-pawmar.pl\/wp-content\/uploads\/2026\/01\/299452_ZAL642733.jpg","datePublished":"2026-01-29T08:33:28+00:00","breadcrumb":{"@id":"https:\/\/moto-pawmar.pl\/?product=przedluzenie-lusterka-sw-motech-m10-black#breadcrumb"},"inLanguage":"pl-PL","potentialAction":[{"@type":"ReadAction","target":["https:\/\/moto-pawmar.pl\/?product=przedluzenie-lusterka-sw-motech-m10-black"]}]},{"@type":"ImageObject","inLanguage":"pl-PL","@id":"https:\/\/moto-pawmar.pl\/?product=przedluzenie-lusterka-sw-motech-m10-black#primaryimage","url":"https:\/\/moto-pawmar.pl\/wp-content\/uploads\/2026\/01\/299452_ZAL642733.jpg","contentUrl":"https:\/\/moto-pawmar.pl\/wp-content\/uploads\/2026\/01\/299452_ZAL642733.jpg","width":800,"height":533},{"@type":"BreadcrumbList","@id":"https:\/\/moto-pawmar.pl\/?product=przedluzenie-lusterka-sw-motech-m10-black#breadcrumb","itemListElement":[{"@type":"ListItem","position":1,"name":"Strona g\u0142\u00f3wna","item":"https:\/\/moto-pawmar.pl\/"},{"@type":"ListItem","position":2,"name":"Sklep Internetowy","item":"https:\/\/moto-pawmar.pl\/?page_id=367"},{"@type":"ListItem","position":3,"name":"PRZED\u0141U\u017bENIE LUSTERKA SW-MOTECH M10 BLACK"}]},{"@type":"WebSite","@id":"https:\/\/moto-pawmar.pl\/#website","url":"https:\/\/moto-pawmar.pl\/","name":"MOTO-PAWMAR","description":"MOTO\u2011PAWMAR \u2013 Tw\u00f3j sklep z cz\u0119\u015bciami i akcesoriami do motocykli, skuter\u00f3w i quad\u00f3w.","publisher":{"@id":"https:\/\/moto-pawmar.pl\/#organization"},"potentialAction":[{"@type":"SearchAction","target":{"@type":"EntryPoint","urlTemplate":"https:\/\/moto-pawmar.pl\/?s={search_term_string}"},"query-input":{"@type":"PropertyValueSpecification","valueRequired":true,"valueName":"search_term_string"}}],"inLanguage":"pl-PL"},{"@type":"Organization","@id":"https:\/\/moto-pawmar.pl\/#organization","name":"MOTO-PAWMAR","url":"https:\/\/moto-pawmar.pl\/","logo":{"@type":"ImageObject","inLanguage":"pl-PL","@id":"https:\/\/moto-pawmar.pl\/#\/schema\/logo\/image\/","url":"https:\/\/moto-pawmar.pl\/wp-content\/uploads\/2025\/10\/LOGO-SKLEP.png","contentUrl":"https:\/\/moto-pawmar.pl\/wp-content\/uploads\/2025\/10\/LOGO-SKLEP.png","width":2480,"height":2053,"caption":"MOTO-PAWMAR"},"image":{"@id":"https:\/\/moto-pawmar.pl\/#\/schema\/logo\/image\/"},"sameAs":["https:\/\/www.facebook.com\/motopawmar\/?locale=pl_PL"]}]}},"_links":{"self":[{"href":"https:\/\/moto-pawmar.pl\/index.php?rest_route=\/wp\/v2\/product\/12191","targetHints":{"allow":["GET"]}}],"collection":[{"href":"https:\/\/moto-pawmar.pl\/index.php?rest_route=\/wp\/v2\/product"}],"about":[{"href":"https:\/\/moto-pawmar.pl\/index.php?rest_route=\/wp\/v2\/types\/product"}],"wp:featuredmedia":[{"embeddable":true,"href":"https:\/\/moto-pawmar.pl\/index.php?rest_route=\/wp\/v2\/media\/12190"}],"wp:attachment":[{"href":"https:\/\/moto-pawmar.pl\/index.php?rest_route=%2Fwp%2Fv2%2Fmedia&parent=12191"}],"wp:term":[{"taxonomy":"product_brand","embeddable":true,"href":"https:\/\/moto-pawmar.pl\/index.php?rest_route=%2Fwp%2Fv2%2Fproduct_brand&post=12191"},{"taxonomy":"product_cat","embeddable":true,"href":"https:\/\/moto-pawmar.pl\/index.php?rest_route=%2Fwp%2Fv2%2Fproduct_cat&post=12191"},{"taxonomy":"product_tag","embeddable":true,"href":"https:\/\/moto-pawmar.pl\/index.php?rest_route=%2Fwp%2Fv2%2Fproduct_tag&post=12191"}],"curies":[{"name":"wp","href":"https:\/\/api.w.org\/{rel}","templated":true}]}}