{"id":10446,"date":"2026-01-29T09:27:10","date_gmt":"2026-01-29T08:27:10","guid":{"rendered":"https:\/\/moto-pawmar.pl\/?product=torba-tylna-sw-motech-pro-roadpack-black-anthracite-8-14l"},"modified":"2026-01-29T09:27:10","modified_gmt":"2026-01-29T08:27:10","slug":"torba-tylna-sw-motech-pro-roadpack-black-anthracite-8-14l","status":"publish","type":"product","link":"https:\/\/moto-pawmar.pl\/?product=torba-tylna-sw-motech-pro-roadpack-black-anthracite-8-14l","title":{"rendered":"TORBA TYLNA SW-MOTECH PRO ROADPACK BLACK\/ANTHRACITE 8-14L"},"content":{"rendered":"<p><strong>Torba tylna SW-Motech PRO Roadpack<\/strong> idealnie pasuje na ogon ma\u0142ych i sportowych motocykli. Pozwoli Ci zwi\u0119kszy\u0107 obj\u0119to\u015b\u0107 przewo\u017conego baga\u017cu nawet o 14 litr\u00f3w. <span>Wewn\u0119trzna kiesze\u0144 z zamkiem b\u0142yskawicznym w pokrywie zapewnia bezpieczne miejsce na klucze, portfel i inne drobne przedmioty, kt\u00f3re chcesz mie\u0107 zawsze przy sobie.<\/span> Dzi\u0119ki systemowi MOLLE mo\u017cesz zamocowa\u0107 na niej kolejne akcesoryjne torby SW-MOTECH.<\/p>\n<p><strong>Szczeg\u00f3\u0142y<\/strong><\/p>\n<ul>\n<li>Materia\u0142: Ballistic nylon 1680D<\/li>\n<li>Kolor: czarny \/ antracyt<\/li>\n<li>Wymiary: 36 x 28 x 15 cm<\/li>\n<li>Waga ca\u0142kowita: ok. 0,9 kg<\/li>\n<li>Pojemno\u015b\u0107 ca\u0142kowita: 8-14 l<\/li>\n<\/ul>\n<p><strong>Mocowanie<\/strong><\/p>\n<p><span>Opatentowane haki mocuj\u0105ce umo\u017cliwiaj\u0105 \u0142atwe i szybkie zamocowanie torby na ogonie motocykla.<\/span><span> Monta\u017c i odpowiednie napi\u0119cie pask\u00f3w wymagaj\u0105 tylko jednego kroku<\/span><span>.<\/span> <span>Aby zdj\u0105\u0107 torb\u0119, nale\u017cy zwolni\u0107 pasek z oczka mocuj\u0105cego jednym prostym ruchem, poci\u0105gaj\u0105c za sznurek.<\/span> <span>Nadmiern\u0105 d\u0142ugo\u015b\u0107 paska mo\u017cna zmniejszy\u0107 za pomoc\u0105 zapi\u0119cia na rzep Velcro\u00ae.<\/span> <span>Dzi\u0119ki temu torba mo\u017ce by\u0107 u\u017cywana na wielu modelach motocykli, a d\u0142ugo\u015b\u0107 paska mocuj\u0105cego wystarczy odpowiednio dopasowa\u0107.<\/span><\/p>\n<p><strong>Zalety<\/strong><\/p>\n<ul>\n<li><span> <\/span><span>Torba pasuje do prawie wszystkich modeli motocykli<\/span><\/li>\n<li><span> <\/span><span>Wierzch torby wykonany jest z laminowanego materia\u0142u EVA nadaj\u0105cego sztywno\u015bci pokrywie torby<\/span><\/li>\n<li><span> <\/span><span>Torba ma umieszczon\u0105 w pokrywie meshow\u0105 kiesze\u0144 na suwak<\/span><\/li>\n<li><span> <\/span><span>Istnieje mo\u017cliwo\u015b\u0107 zwi\u0119kszenia obj\u0119to\u015bci w g\u00f3rnej cz\u0119\u015bci z 8 do 14 litr\u00f3w<\/span><\/li>\n<li><span> <\/span><span>Sp\u00f3d torby zosta\u0142 wykonany z antypo\u015blizgowego materia\u0142u<\/span><\/li>\n<li><span> <\/span><span>Torba ma solidne 4-punktowe mocowania oraz mo\u017cliwo\u015b\u0107 monta\u017cu akcesoryjnych toreb z systemem MOLLE<\/span><\/li>\n<li><span> <\/span><span>Torba zosta\u0142a wykonana z wytrzyma\u0142ego i wysoce odpornego na promieniowanie UV nylonu Ballistic 1680D<\/span><\/li>\n<li><span> <\/span><span>Odblaskowe wstawki poprawiaj\u0105 widoczno\u015b\u0107 motocyklisty na drodze<\/span><\/li>\n<li><span> <\/span><span>Elastyczne p\u0119tle <\/span><span>zabezpieczaj\u0105 suwak zamka przed swobodnym poruszaniem si\u0119 podczas jazdy<\/span><\/li>\n<li><span> <\/span><span>Torba ma \u0142atwe i szybkie w obs\u0142udze mocowanie do motocykla za pomoc\u0105 pask\u00f3w p\u0119tlowych z opatentowanym hakiem mocuj\u0105cym<\/span><\/li>\n<li><span> <\/span><span>Wodoodporna torba wewn\u0119trzna w zestawie<\/span><\/li>\n<li><span> <\/span><span>Torba ma solidny uchwyt do przenoszenia<\/span><\/li>\n<\/ul>\n<p><strong>Zawarto\u015b\u0107 zestawu:<\/strong><\/p>\n<ul>\n<li><span> <\/span><span>1 x torba tylna PRO Roadpack<\/span><\/li>\n<li><span> <\/span><span>1x wodoodporna torba wewn\u0119trzna<\/span><\/li>\n<li><span> <\/span><span>4 x paski z haczykami do mocowania<\/span><\/li>\n<li><span> <\/span><span>1 x folia ochronna na lakier<\/span><\/li>\n<li><span>Instrukcja monta\u017cu<\/span><\/li>\n<\/ul>\n","protected":false},"excerpt":{"rendered":"<p>Torba tylna SW-Motech PRO Roadpack idealnie pasuje na ogon ma\u0142ych i sportowych motocykli. Pozwoli Ci zwi\u0119kszy\u0107 obj\u0119to\u015b\u0107 przewo\u017conego baga\u017cu nawet o 14 litr\u00f3w. Wewn\u0119trzna kiesze\u0144 z zamkiem b\u0142yskawicznym w pokrywie zapewnia bezpieczne miejsce na klucze, portfel i inne drobne przedmioty, kt\u00f3re chcesz mie\u0107 zawsze przy sobie. Dzi\u0119ki systemowi MOLLE mo\u017cesz zamocowa\u0107 na niej kolejne akcesoryjne [&hellip;]<\/p>\n","protected":false},"featured_media":10445,"template":"","meta":[],"product_brand":[386],"product_cat":[390],"product_tag":[],"class_list":{"0":"post-10446","1":"product","2":"type-product","3":"status-publish","4":"has-post-thumbnail","6":"product_brand-sw-motech","7":"product_cat-akcesoria-sw-motech-2","9":"first","10":"onbackorder","11":"taxable","12":"shipping-taxable","13":"purchasable","14":"product-type-simple"},"yoast_head":"<!-- This site is optimized with the Yoast SEO plugin v26.9 - https:\/\/yoast.com\/product\/yoast-seo-wordpress\/ -->\n<title>TORBA TYLNA SW-MOTECH PRO ROADPACK BLACK\/ANTHRACITE 8-14L - MOTO-PAWMAR<\/title>\n<meta name=\"robots\" content=\"index, follow, max-snippet:-1, max-image-preview:large, max-video-preview:-1\" \/>\n<link rel=\"canonical\" href=\"https:\/\/moto-pawmar.pl\/?product=torba-tylna-sw-motech-pro-roadpack-black-anthracite-8-14l\" \/>\n<meta property=\"og:locale\" content=\"pl_PL\" \/>\n<meta property=\"og:type\" content=\"article\" \/>\n<meta property=\"og:title\" content=\"TORBA TYLNA SW-MOTECH PRO ROADPACK BLACK\/ANTHRACITE 8-14L - MOTO-PAWMAR\" \/>\n<meta property=\"og:description\" content=\"Torba tylna SW-Motech PRO Roadpack idealnie pasuje na ogon ma\u0142ych i sportowych motocykli. Pozwoli Ci zwi\u0119kszy\u0107 obj\u0119to\u015b\u0107 przewo\u017conego baga\u017cu nawet o 14 litr\u00f3w. Wewn\u0119trzna kiesze\u0144 z zamkiem b\u0142yskawicznym w pokrywie zapewnia bezpieczne miejsce na klucze, portfel i inne drobne przedmioty, kt\u00f3re chcesz mie\u0107 zawsze przy sobie. Dzi\u0119ki systemowi MOLLE mo\u017cesz zamocowa\u0107 na niej kolejne akcesoryjne [&hellip;]\" \/>\n<meta property=\"og:url\" content=\"https:\/\/moto-pawmar.pl\/?product=torba-tylna-sw-motech-pro-roadpack-black-anthracite-8-14l\" \/>\n<meta property=\"og:site_name\" content=\"MOTO-PAWMAR\" \/>\n<meta property=\"article:publisher\" content=\"https:\/\/www.facebook.com\/motopawmar\/?locale=pl_PL\" \/>\n<meta name=\"twitter:card\" content=\"summary_large_image\" \/>\n<meta name=\"twitter:label1\" content=\"Szacowany czas czytania\" \/>\n\t<meta name=\"twitter:data1\" content=\"2 minuty\" \/>\n<script type=\"application\/ld+json\" class=\"yoast-schema-graph\">{\"@context\":\"https:\/\/schema.org\",\"@graph\":[{\"@type\":\"WebPage\",\"@id\":\"https:\/\/moto-pawmar.pl\/?product=torba-tylna-sw-motech-pro-roadpack-black-anthracite-8-14l\",\"url\":\"https:\/\/moto-pawmar.pl\/?product=torba-tylna-sw-motech-pro-roadpack-black-anthracite-8-14l\",\"name\":\"TORBA TYLNA SW-MOTECH PRO ROADPACK BLACK\/ANTHRACITE 8-14L - MOTO-PAWMAR\",\"isPartOf\":{\"@id\":\"https:\/\/moto-pawmar.pl\/#website\"},\"primaryImageOfPage\":{\"@id\":\"https:\/\/moto-pawmar.pl\/?product=torba-tylna-sw-motech-pro-roadpack-black-anthracite-8-14l#primaryimage\"},\"image\":{\"@id\":\"https:\/\/moto-pawmar.pl\/?product=torba-tylna-sw-motech-pro-roadpack-black-anthracite-8-14l#primaryimage\"},\"thumbnailUrl\":\"https:\/\/moto-pawmar.pl\/wp-content\/uploads\/2026\/01\/225094_ZAL391584.jpg\",\"datePublished\":\"2026-01-29T08:27:10+00:00\",\"breadcrumb\":{\"@id\":\"https:\/\/moto-pawmar.pl\/?product=torba-tylna-sw-motech-pro-roadpack-black-anthracite-8-14l#breadcrumb\"},\"inLanguage\":\"pl-PL\",\"potentialAction\":[{\"@type\":\"ReadAction\",\"target\":[\"https:\/\/moto-pawmar.pl\/?product=torba-tylna-sw-motech-pro-roadpack-black-anthracite-8-14l\"]}]},{\"@type\":\"ImageObject\",\"inLanguage\":\"pl-PL\",\"@id\":\"https:\/\/moto-pawmar.pl\/?product=torba-tylna-sw-motech-pro-roadpack-black-anthracite-8-14l#primaryimage\",\"url\":\"https:\/\/moto-pawmar.pl\/wp-content\/uploads\/2026\/01\/225094_ZAL391584.jpg\",\"contentUrl\":\"https:\/\/moto-pawmar.pl\/wp-content\/uploads\/2026\/01\/225094_ZAL391584.jpg\",\"width\":800,\"height\":533},{\"@type\":\"BreadcrumbList\",\"@id\":\"https:\/\/moto-pawmar.pl\/?product=torba-tylna-sw-motech-pro-roadpack-black-anthracite-8-14l#breadcrumb\",\"itemListElement\":[{\"@type\":\"ListItem\",\"position\":1,\"name\":\"Strona g\u0142\u00f3wna\",\"item\":\"https:\/\/moto-pawmar.pl\/\"},{\"@type\":\"ListItem\",\"position\":2,\"name\":\"Sklep Internetowy\",\"item\":\"https:\/\/moto-pawmar.pl\/?page_id=367\"},{\"@type\":\"ListItem\",\"position\":3,\"name\":\"TORBA TYLNA SW-MOTECH PRO ROADPACK BLACK\/ANTHRACITE 8-14L\"}]},{\"@type\":\"WebSite\",\"@id\":\"https:\/\/moto-pawmar.pl\/#website\",\"url\":\"https:\/\/moto-pawmar.pl\/\",\"name\":\"MOTO-PAWMAR\",\"description\":\"MOTO\u2011PAWMAR \u2013 Tw\u00f3j sklep z cz\u0119\u015bciami i akcesoriami do motocykli, skuter\u00f3w i quad\u00f3w.\",\"publisher\":{\"@id\":\"https:\/\/moto-pawmar.pl\/#organization\"},\"potentialAction\":[{\"@type\":\"SearchAction\",\"target\":{\"@type\":\"EntryPoint\",\"urlTemplate\":\"https:\/\/moto-pawmar.pl\/?s={search_term_string}\"},\"query-input\":{\"@type\":\"PropertyValueSpecification\",\"valueRequired\":true,\"valueName\":\"search_term_string\"}}],\"inLanguage\":\"pl-PL\"},{\"@type\":\"Organization\",\"@id\":\"https:\/\/moto-pawmar.pl\/#organization\",\"name\":\"MOTO-PAWMAR\",\"url\":\"https:\/\/moto-pawmar.pl\/\",\"logo\":{\"@type\":\"ImageObject\",\"inLanguage\":\"pl-PL\",\"@id\":\"https:\/\/moto-pawmar.pl\/#\/schema\/logo\/image\/\",\"url\":\"https:\/\/moto-pawmar.pl\/wp-content\/uploads\/2025\/10\/LOGO-SKLEP.png\",\"contentUrl\":\"https:\/\/moto-pawmar.pl\/wp-content\/uploads\/2025\/10\/LOGO-SKLEP.png\",\"width\":2480,\"height\":2053,\"caption\":\"MOTO-PAWMAR\"},\"image\":{\"@id\":\"https:\/\/moto-pawmar.pl\/#\/schema\/logo\/image\/\"},\"sameAs\":[\"https:\/\/www.facebook.com\/motopawmar\/?locale=pl_PL\"]}]}<\/script>\n<!-- \/ Yoast SEO plugin. -->","yoast_head_json":{"title":"TORBA TYLNA SW-MOTECH PRO ROADPACK BLACK\/ANTHRACITE 8-14L - MOTO-PAWMAR","robots":{"index":"index","follow":"follow","max-snippet":"max-snippet:-1","max-image-preview":"max-image-preview:large","max-video-preview":"max-video-preview:-1"},"canonical":"https:\/\/moto-pawmar.pl\/?product=torba-tylna-sw-motech-pro-roadpack-black-anthracite-8-14l","og_locale":"pl_PL","og_type":"article","og_title":"TORBA TYLNA SW-MOTECH PRO ROADPACK BLACK\/ANTHRACITE 8-14L - MOTO-PAWMAR","og_description":"Torba tylna SW-Motech PRO Roadpack idealnie pasuje na ogon ma\u0142ych i sportowych motocykli. Pozwoli Ci zwi\u0119kszy\u0107 obj\u0119to\u015b\u0107 przewo\u017conego baga\u017cu nawet o 14 litr\u00f3w. Wewn\u0119trzna kiesze\u0144 z zamkiem b\u0142yskawicznym w pokrywie zapewnia bezpieczne miejsce na klucze, portfel i inne drobne przedmioty, kt\u00f3re chcesz mie\u0107 zawsze przy sobie. Dzi\u0119ki systemowi MOLLE mo\u017cesz zamocowa\u0107 na niej kolejne akcesoryjne [&hellip;]","og_url":"https:\/\/moto-pawmar.pl\/?product=torba-tylna-sw-motech-pro-roadpack-black-anthracite-8-14l","og_site_name":"MOTO-PAWMAR","article_publisher":"https:\/\/www.facebook.com\/motopawmar\/?locale=pl_PL","twitter_card":"summary_large_image","twitter_misc":{"Szacowany czas czytania":"2 minuty"},"schema":{"@context":"https:\/\/schema.org","@graph":[{"@type":"WebPage","@id":"https:\/\/moto-pawmar.pl\/?product=torba-tylna-sw-motech-pro-roadpack-black-anthracite-8-14l","url":"https:\/\/moto-pawmar.pl\/?product=torba-tylna-sw-motech-pro-roadpack-black-anthracite-8-14l","name":"TORBA TYLNA SW-MOTECH PRO ROADPACK BLACK\/ANTHRACITE 8-14L - MOTO-PAWMAR","isPartOf":{"@id":"https:\/\/moto-pawmar.pl\/#website"},"primaryImageOfPage":{"@id":"https:\/\/moto-pawmar.pl\/?product=torba-tylna-sw-motech-pro-roadpack-black-anthracite-8-14l#primaryimage"},"image":{"@id":"https:\/\/moto-pawmar.pl\/?product=torba-tylna-sw-motech-pro-roadpack-black-anthracite-8-14l#primaryimage"},"thumbnailUrl":"https:\/\/moto-pawmar.pl\/wp-content\/uploads\/2026\/01\/225094_ZAL391584.jpg","datePublished":"2026-01-29T08:27:10+00:00","breadcrumb":{"@id":"https:\/\/moto-pawmar.pl\/?product=torba-tylna-sw-motech-pro-roadpack-black-anthracite-8-14l#breadcrumb"},"inLanguage":"pl-PL","potentialAction":[{"@type":"ReadAction","target":["https:\/\/moto-pawmar.pl\/?product=torba-tylna-sw-motech-pro-roadpack-black-anthracite-8-14l"]}]},{"@type":"ImageObject","inLanguage":"pl-PL","@id":"https:\/\/moto-pawmar.pl\/?product=torba-tylna-sw-motech-pro-roadpack-black-anthracite-8-14l#primaryimage","url":"https:\/\/moto-pawmar.pl\/wp-content\/uploads\/2026\/01\/225094_ZAL391584.jpg","contentUrl":"https:\/\/moto-pawmar.pl\/wp-content\/uploads\/2026\/01\/225094_ZAL391584.jpg","width":800,"height":533},{"@type":"BreadcrumbList","@id":"https:\/\/moto-pawmar.pl\/?product=torba-tylna-sw-motech-pro-roadpack-black-anthracite-8-14l#breadcrumb","itemListElement":[{"@type":"ListItem","position":1,"name":"Strona g\u0142\u00f3wna","item":"https:\/\/moto-pawmar.pl\/"},{"@type":"ListItem","position":2,"name":"Sklep Internetowy","item":"https:\/\/moto-pawmar.pl\/?page_id=367"},{"@type":"ListItem","position":3,"name":"TORBA TYLNA SW-MOTECH PRO ROADPACK BLACK\/ANTHRACITE 8-14L"}]},{"@type":"WebSite","@id":"https:\/\/moto-pawmar.pl\/#website","url":"https:\/\/moto-pawmar.pl\/","name":"MOTO-PAWMAR","description":"MOTO\u2011PAWMAR \u2013 Tw\u00f3j sklep z cz\u0119\u015bciami i akcesoriami do motocykli, skuter\u00f3w i quad\u00f3w.","publisher":{"@id":"https:\/\/moto-pawmar.pl\/#organization"},"potentialAction":[{"@type":"SearchAction","target":{"@type":"EntryPoint","urlTemplate":"https:\/\/moto-pawmar.pl\/?s={search_term_string}"},"query-input":{"@type":"PropertyValueSpecification","valueRequired":true,"valueName":"search_term_string"}}],"inLanguage":"pl-PL"},{"@type":"Organization","@id":"https:\/\/moto-pawmar.pl\/#organization","name":"MOTO-PAWMAR","url":"https:\/\/moto-pawmar.pl\/","logo":{"@type":"ImageObject","inLanguage":"pl-PL","@id":"https:\/\/moto-pawmar.pl\/#\/schema\/logo\/image\/","url":"https:\/\/moto-pawmar.pl\/wp-content\/uploads\/2025\/10\/LOGO-SKLEP.png","contentUrl":"https:\/\/moto-pawmar.pl\/wp-content\/uploads\/2025\/10\/LOGO-SKLEP.png","width":2480,"height":2053,"caption":"MOTO-PAWMAR"},"image":{"@id":"https:\/\/moto-pawmar.pl\/#\/schema\/logo\/image\/"},"sameAs":["https:\/\/www.facebook.com\/motopawmar\/?locale=pl_PL"]}]}},"_links":{"self":[{"href":"https:\/\/moto-pawmar.pl\/index.php?rest_route=\/wp\/v2\/product\/10446","targetHints":{"allow":["GET"]}}],"collection":[{"href":"https:\/\/moto-pawmar.pl\/index.php?rest_route=\/wp\/v2\/product"}],"about":[{"href":"https:\/\/moto-pawmar.pl\/index.php?rest_route=\/wp\/v2\/types\/product"}],"wp:featuredmedia":[{"embeddable":true,"href":"https:\/\/moto-pawmar.pl\/index.php?rest_route=\/wp\/v2\/media\/10445"}],"wp:attachment":[{"href":"https:\/\/moto-pawmar.pl\/index.php?rest_route=%2Fwp%2Fv2%2Fmedia&parent=10446"}],"wp:term":[{"taxonomy":"product_brand","embeddable":true,"href":"https:\/\/moto-pawmar.pl\/index.php?rest_route=%2Fwp%2Fv2%2Fproduct_brand&post=10446"},{"taxonomy":"product_cat","embeddable":true,"href":"https:\/\/moto-pawmar.pl\/index.php?rest_route=%2Fwp%2Fv2%2Fproduct_cat&post=10446"},{"taxonomy":"product_tag","embeddable":true,"href":"https:\/\/moto-pawmar.pl\/index.php?rest_route=%2Fwp%2Fv2%2Fproduct_tag&post=10446"}],"curies":[{"name":"wp","href":"https:\/\/api.w.org\/{rel}","templated":true}]}}